{"id":2344,"date":"2019-01-06T14:24:31","date_gmt":"2019-01-06T07:24:31","guid":{"rendered":"http:\/\/maudep.com.vn\/chuyengiadienmay\/?post_type=product&#038;p=2344"},"modified":"2021-10-18T17:41:27","modified_gmt":"2021-10-18T10:41:27","slug":"may-rua-bat-bosch-smi46ks01e","status":"publish","type":"product","link":"http:\/\/maudep.com.vn\/chuyengiadienmay\/?product=may-rua-bat-bosch-smi46ks01e","title":{"rendered":"M\u00e1y r\u1eeda b\u00e1t Bosch SMI46KS01E"},"content":{"rendered":"<h3 class=\"title\">T\u1ed5ng quan chung M\u00e1y r\u1eeda b\u00e1t Bosch SMI46KS01E<\/h3>\n<div class=\"article-content\">\n<div class=\"js-content\">\n<h2>Bosch l\u00e0 m\u1ed9t trong nh\u1eefng th\u01b0\u01a1ng hi\u1ec7u h\u00e0ng \u0111\u1ea7u ch\u00e2u \u00c2u v\u1ec1 m\u00e1y r\u1eeda b\u00e1t , h\u1ecd cho ra \u0111\u1eddi s\u1ea3n ph\u1ea9m chinh ph\u1ee5c nh\u1eefng kh\u00e1ch h\u00e0ng kh\u00f3 t\u00ednh nh\u1ea5t . M\u00e1y r\u1eeda b\u00e1t Bosch SMI46KS01E\u00a0l\u00e0 m\u1ed9t trong nh\u1eefng s\u1ea3n ph\u1ea9m th\u00e0nh c\u00f4ng nh\u1ea5t c\u1ee7a Bosch v\u1edbi nhi\u1ec1u \u01b0u \u0111i\u1ec3m c\u0169ng nh\u01b0 t\u00ednh n\u0103ng v\u01b0\u1ee3t tr\u1ed9i . B\u1ebfp V\u0169 S\u01a1n xin chia s\u1ebb m\u1ed9t s\u1ed1 th\u00f4ng tin gi\u00fap kh\u00e1ch h\u00e0ng\u00a0\u0111\u00e1nh gi\u00e1 chi ti\u1ebft nh\u1ea5t.<\/h2>\n<h3><strong>\u0110\u00e1nh gi\u00e1 m\u00e1y r\u1eeda ch\u00e9n Bosch SMI46KS01E<\/strong><\/h3>\n<p><strong>M\u00e1y r\u1eeda b\u00e1t Bosch SMI46KS01E<\/strong>\u00a0l\u00e0 m\u1ed9t s\u1ea3n ph\u1ea9m ch\u1ea5t l\u01b0\u1ee3ng l\u00e0 s\u1ea3n ph\u1ea9m \u0111\u01b0\u1ee3c s\u1ea3n xu\u1ea5t theo quy tr\u00ecnh kh\u1eaft khe b\u1edfi \u0111\u1ed9i ng\u0169 k\u1ef9 thu\u1eadt c\u00f3 chuy\u00ean m\u00f4n. Ch\u00e2u \u00c2u l\u00e0 m\u00f4i tr\u01b0\u1eddng t\u1ea1o ra nh\u1eefng s\u1ea3n ph\u1ea9m nh\u01b0 th\u1ebf v\u1edbi quy tr\u00ecnh s\u1ea3n xu\u1ea5t kh\u00e9p k\u00edn v\u1edbi nh\u1eefng k\u1ef9 s\u01b0 tay ngh\u1ec1 cao.<\/p>\n<p><img title=\"may-rua-bat-bosch-smi46ks01e\" src=\"https:\/\/bepvuson.vn\/Data\/upload\/images\/M%C3%A1y%20r%E1%BB%ADa%20b%C3%A1t\/may-rua-bat-bosch-SMI46IS03E%3D3(1).jpg\" alt=\"may-rua-bat-bosch-smi46ks01e\" \/><\/p>\n<ul>\n<li><em>S\u1ea3n ph\u1ea9m m\u00e1y r\u1eeda b\u00e1t Bosch \u0111\u01b0\u1ee3c l\u1eafp r\u00e1p tr\u00ean\u00a0<strong>d\u00e2y chuy\u1ec1n c\u00f4ng ngh\u1ec7 hi\u1ec7n \u0111\u1ea1i<\/strong>\u00a0c\u1ee7a\u00a0<strong>ch\u00e2u \u00c2u<\/strong>, s\u1eed d\u1ee5ng th\u00e9p ch\u1ed1ng g\u1ec9 l\u00e0m khung m\u00e1y. \u0110\u00e2y l\u00e0\u00a0<strong>ch\u1ea5t li\u1ec7u cao c\u1ea5p<\/strong>, kh\u00f4ng b\u00e1m v\u00e2n tay, kh\u00f4ng tr\u1ea7y x\u01b0\u1edbc n\u00ean b\u1ea1n\u00a0<strong>ho\u00e0n to\u00e0n y\u00ean t\u00e2m<\/strong>\u00a0v\u1ec1 t\u00ednh th\u1ea9m m\u1ef9 v\u00e0 \u0111\u1ed9 b\u1ec1n c\u1ee7a m\u00e1y.<\/em><\/li>\n<li><em>Gi\u00e1 x\u1ebfp b\u00e1t \u0111\u0129a c\u00f3 th\u1ec3\u00a0<strong>\u0111i\u1ec1u ch\u1ec9nh chi\u1ec1u cao<\/strong>\u00a0t\u1ea1o ra kh\u00f4ng gian t\u1ed1i \u01b0u.<\/em><\/li>\n<li><em>M\u00e1y r\u1eeda b\u00e1t Bosch SMI46KS01E\u00a0<strong>ch\u1ea1y si\u00eau \u00eam<\/strong>\u00a0v\u1edbi \u0111\u1ed9 \u1ed3n ch\u1ec9\u00a0<strong>44\u00a0Db<\/strong>\u00a0gi\u00fap gia \u0111\u00ecnh b\u1ea1n c\u1ea3m th\u1ea5y tho\u1ea3i m\u00e1i ngh\u1ec9 ng\u01a1i m\u00e0 kh\u00f4ng c\u00f3 ti\u1ebfng \u1ed3n khi m\u00e1y ho\u1ea1t \u0111\u1ed9ng.<\/em><\/li>\n<li><em><strong>Dung t\u00edch 13\u00a0b\u1ed9 b\u00e1t \u0111\u0129a<\/strong>\u00a0r\u1eeda \u0111\u01b0\u1ee3c c\u00e1c lo\u1ea1i xoong, n\u1ed3i, ch\u1ea3o, c\u00e1c lo\u1ea1i c\u1ed1c, ch\u00e9n th\u1ee7y tinh d\u1ec5 v\u1ee1&#8230; M\u00e1y r\u1eeda b\u00e1t Bosch\u00a0<strong>\u0111\u00e1p \u1ee9ng<\/strong>\u00a0g\u1ea7n nh\u01b0 \u0111\u1ea7y \u0111\u1ee7\u00a0<strong>nhu c\u1ea7u<\/strong>\u00a0c\u1ee7a ph\u1ea7n l\u1edbn c\u00e1c gia \u0111\u00ecnh.\u00a0<\/em><\/li>\n<li><em>K\u00edch th\u01b0\u1edbc m\u00e1y r\u1eeda b\u00e1t Bosch 815 x 600 x 600 mm<strong>\u00a0ph\u00f9 h\u1ee3p<\/strong>\u00a0v\u1edbi \u0111a s\u1ed1 kh\u00f4ng gian b\u1ebfp gia \u0111\u00ecnh Vi\u1ec7t.<\/em><\/li>\n<\/ul>\n<p><em>\u200b<img title=\"may-rua-bat-bosch-smi46ks01e-01\" src=\"https:\/\/bepvuson.vn\/Data\/upload\/images\/M%C3%A1y%20r%E1%BB%ADa%20b%C3%A1t\/150226457981_6521036.jpg\" alt=\"may-rua-bat-bosch-smi46ks01e-01\" \/><\/em><\/p>\n<h3><strong>\u01afu \u0111i\u1ec3m v\u01b0\u1ee3t tr\u1ed9i c\u1ee7a m\u00e1y r\u1eeda ch\u00e9n Bosch SMI46KS01E<\/strong><\/h3>\n<p><strong>M\u00e1y r\u1eeda b\u00e1t Bosch SMI46KS01E<\/strong>\u00a0g\u1ed3m 5 ch\u01b0\u01a1ng tr\u00ecnh r\u1eeda v\u00e0 3 ch\u1ee9c n\u0103ng r\u1eeda \u0111\u1eb7c bi\u1ec7t ti\u1ec7n d\u1ee5ng, t\u00f9y \u0111\u1ed9 b\u1ea9n c\u1ee7a b\u00e1t \u0111\u0129a \u0111\u1ec3 l\u1ef1a ch\u1ecdn ch\u01b0\u01a1ng tr\u00ecnh r\u1eeda ph\u00f9 h\u1ee3p \u0111\u1ea3m b\u1ea3o s\u1ea1ch ho\u00e0n h\u1ea3o nh\u1ea5t. M\u1ee9c n\u0103ng l\u01b0\u1ee3ng A++ ti\u1ebft ki\u1ec7m n\u0103ng l\u01b0\u1ee3ng t\u1ed1i \u01b0u nh\u1ea5t v\u1edbi l\u01b0\u1ee3ng n\u01b0\u1edbc ti\u00eau th\u1ee5 6,5l\u00edt.<\/p>\n<p><img title=\"may-rua-bat-bosch-smi46ks01e-02\" src=\"https:\/\/bepvuson.vn\/Data\/upload\/images\/M%C3%A1y%20r%E1%BB%ADa%20b%C3%A1t\/may-rua-bat-Bosch.jpg\" alt=\"may-rua-bat-bosch-smi46ks01e-02\" \/><\/p>\n<ul>\n<li><em><strong>C\u1ea3m bi\u1ebfn n\u01b0\u1edbc (AquaSensor)<\/strong>\u00a0trong m\u00e1y r\u1eeda b\u00e1t Bosch SMI46KS01E\u00a0gi\u00fap ki\u1ec3m tra li\u00ean t\u1ee5c ti\u1ebfn \u0111\u1ed9 r\u1eeda v\u00e0<strong>\u00a0\u0111i\u1ec1u ch\u1ec9nh ch\u01b0\u01a1ng tr\u00ecnh<\/strong>\u00a0cho ph\u00f9 h\u1ee3p v\u1edbi m\u1ee9c \u0111\u1ed9 b\u1ea9n. Ch\u1ec9 c\u1ea7n ch\u1ecdn ch\u01b0\u01a1ng tr\u00ecnh b\u1ea1n mu\u1ed1n v\u00e0 c\u1ea3m bi\u1ebfn n\u01b0\u1edbc s\u1ebd\u00a0<strong>x\u00e1c \u0111\u1ecbnh ch\u00ednh x\u00e1c nhi\u1ec7t \u0111\u1ed9<\/strong>\u00a0c\u1ea7n s\u1eed d\u1ee5ng, l\u01b0\u1ee3ng th\u1eddi gian c\u1ea7n \u0111\u1ec3 r\u1eeda v\u00e0 l\u01b0\u1ee3ng n\u01b0\u1edbc c\u1ea7n s\u1eed d\u1ee5ng trong chu k\u1ef3,\u00a0<strong>ti\u1ec7n l\u1ee3i cho ng\u01b0\u1eddi d\u00f9ng<\/strong>.<\/em><\/li>\n<li><em><strong>Ch\u1ee9c n\u0103ng EcoSilence Drive<\/strong>\u00a0l\u00e0 cu\u1ed9c c\u00e1ch m\u1ea1ng c\u00f4ng ngh\u1ec7 \u0111\u00e3 t\u1ea1o n\u00ean m\u1ed9t chi\u1ebfc m\u00e1y r\u1eeda b\u00e1t\u00a0m\u1ea1nh m\u1ebd h\u01a1n,<strong>\u00a0y\u00ean t\u0129nh h\u01a1n<\/strong>\u00a0v\u00e0\u00a0<strong>hi\u1ec7u qu\u1ea3<\/strong>\u00a0t\u1ea9y r\u1eeda cao h\u01a1n.<\/em><\/li>\n<li><em><strong>Ch\u1ee9c n\u0103ng c\u1ecd r\u1eeda IntensiveZone<\/strong>\u00a0c\u1ee7a m\u00e1y r\u1eeda b\u00e1t Bosch \u0111\u1eb7c bi\u1ec7t d\u00e0nh cho n\u1ed3i v\u00e0 ch\u1ea3o v\u1edbi \u00e1p l\u1ef1c n\u01b0\u1edbc phun m\u1ea1nh v\u00e0 nhi\u1ec7t \u0111\u1ed9\u00a0<strong>l\u00e0m s\u1ea1ch cao h\u01a1n<\/strong>.<\/em><\/li>\n<li><em><strong>H\u1ec7 th\u1ed1ng gi\u1ecf VarioFlex Pro<\/strong>\u00a0v\u1edbi ng\u0103n k\u00e9o Vario Pro th\u1ee9 3\u00a0<strong>linh ho\u1ea1t<\/strong>\u00a0\u0111\u1ef1ng \u0111\u01b0\u1ee3c nhi\u1ec1u h\u01a1n v\u00e0 s\u1eed d\u1ee5ng t\u1ed1t h\u01a1n trong m\u00e1y r\u1eeda b\u00e1t.<\/em><\/li>\n<\/ul>\n<p>S\u1ea3n ph\u1ea9m c\u00f3 gi\u00e1 c\u1ea3 kh\u00f4ng qu\u00e1 cao, ph\u00f9 h\u1ee3p v\u1edbi nhi\u1ec1u gia \u0111\u00ecnh Vi\u1ec7t. N\u1ebfu gia \u0111\u00ecnh c\u00f3 kh\u00f4ng gian b\u1ebfp r\u1ed9ng v\u00e0 nhu c\u1ea7u n\u1ea5u n\u01b0\u1edbng cao th\u00ec\u00a0<strong>m\u00e1y r\u1eeda b\u00e1t\u00a0<\/strong><strong>Bosch SMI46KS01E<\/strong>\u00a0x\u1ee9ng \u0111\u00e1ng l\u00e0 s\u1ef1 l\u1ef1a ch\u1ecdn ho\u00e0n h\u1ea3o.<\/p>\n<\/div>\n<\/div>\n","protected":false},"excerpt":{"rendered":"<p>T\u1ed5ng quan chung M\u00e1y r\u1eeda b\u00e1t Bosch SMI46KS01E Bosch l\u00e0 m\u1ed9t trong nh\u1eefng th\u01b0\u01a1ng hi\u1ec7u h\u00e0ng \u0111\u1ea7u ch\u00e2u \u00c2u v\u1ec1 &hellip; <a class=\"link-more\" href=\"http:\/\/maudep.com.vn\/chuyengiadienmay\/?product=may-rua-bat-bosch-smi46ks01e\" class=\"more-link\">\u0110\u1ecdc th\u00eam &raquo;<span class=\"screen-reader-text\"> &#8220;M\u00e1y r\u1eeda b\u00e1t Bosch SMI46KS01E&#8221;<\/span><\/a><\/p>\n","protected":false},"featured_media":2346,"comment_status":"open","ping_status":"closed","template":"","meta":[],"_links":{"self":[{"href":"http:\/\/maudep.com.vn\/chuyengiadienmay\/index.php?rest_route=\/wp\/v2\/product\/2344"}],"collection":[{"href":"http:\/\/maudep.com.vn\/chuyengiadienmay\/index.php?rest_route=\/wp\/v2\/product"}],"about":[{"href":"http:\/\/maudep.com.vn\/chuyengiadienmay\/index.php?rest_route=\/wp\/v2\/types\/product"}],"replies":[{"embeddable":true,"href":"http:\/\/maudep.com.vn\/chuyengiadienmay\/index.php?rest_route=%2Fwp%2Fv2%2Fcomments&post=2344"}],"wp:featuredmedia":[{"embeddable":true,"href":"http:\/\/maudep.com.vn\/chuyengiadienmay\/index.php?rest_route=\/wp\/v2\/media\/2346"}],"wp:attachment":[{"href":"http:\/\/maudep.com.vn\/chuyengiadienmay\/index.php?rest_route=%2Fwp%2Fv2%2Fmedia&parent=2344"}],"curies":[{"name":"wp","href":"https:\/\/api.w.org\/{rel}","templated":true}]}}