{"id":2350,"date":"2019-01-06T17:02:06","date_gmt":"2019-01-06T10:02:06","guid":{"rendered":"http:\/\/maudep.com.vn\/chuyengiadienmay\/?post_type=product&#038;p=2350"},"modified":"2019-01-06T17:02:07","modified_gmt":"2019-01-06T10:02:07","slug":"may-hut-mui-hafele-hh-bi90b","status":"publish","type":"product","link":"http:\/\/maudep.com.vn\/chuyengiadienmay\/?product=may-hut-mui-hafele-hh-bi90b","title":{"rendered":"M\u00e1y h\u00fat m\u00f9i Hafele HH-BI90B"},"content":{"rendered":"<h3 class=\"title\">T\u1ed5ng quan chung M\u00e1y h\u00fat m\u00f9i Hafele HH-BI90B<\/h3>\n<div class=\"article-content\">\n<div class=\"js-content\">\n<h2>Hafele l\u00e0 h\u00e3ng m\u00e1y h\u00fat m\u00f9i \u0111\u01b0\u1ee3c ng\u01b0\u1eddi ti\u00eau d\u00f9ng tin t\u01b0\u1edfng v\u00e0 ch\u1ecdn l\u1ef1a nhi\u1ec1u nh\u1ea5t tr\u00ean th\u1ecb tr\u01b0\u1eddng hi\u1ec7n nay,\u00a0kh\u00f4ng ch\u1ec9 \u0111\u01b0a ra nh\u1eefng s\u1ea3n ph\u1ea9m \u0111\u1eb9p m\u1eaft m\u00e0 c\u00f2n ch\u1ea5t l\u01b0\u1ee3ng, \u0111\u01b0\u1ee3c \u0111\u00e1nh gi\u00e1 cao trong d\u1ecbch v\u1ee5 kh\u00e1ch h\u00e0ng. M\u00e1y h\u00fat m\u00f9i Hafele\u00a0HH-BI90B l\u00e0 s\u1ea3n ph\u1ea9m mang phong c\u00e1ch c\u1ed5 \u0111i\u1ec3n v\u1edbi nh\u1eefng t\u00ednh n\u0103ng t\u1ed1i \u01b0u.<\/h2>\n<h3>Ma\u0301y hu\u0301t mu\u0300i HH-BI90B hu\u0301t sa\u0323ch, \u0111\u00f4\u0323 \u00f4\u0300n th\u00e2\u0301p<\/h3>\n<p>Ch\u1ea5t li\u1ec7u l\u00e0m b\u1eb1ng inox ch\u1ed1ng han r\u1ec9, c\u00f3 t\u00ednh ch\u1ecbu l\u1ef1c, ch\u1ecbu nhi\u1ec7t cao v\u00e0 t\u0103ng \u0111\u1ed9 an to\u00e0n cho kh\u00e1ch h\u00e0ng.\u00a0M\u00e1y h\u00fat m\u00f9i HAFELE HH-BI90B c\u00f3 k\u00edch th\u01b0\u1edbc 900 mm ph\u00f9 h\u1ee3p v\u1edbi nh\u1eefng kh\u00f4ng gian b\u1ebfp, m\u00e1y c\u00f2n c\u00f3 th\u1ec3 k\u1ebft h\u1ee3p d\u1ec5 d\u00e0ng v\u1edbi nhi\u1ec1u lo\u1ea1i c\u1ee1 b\u1ebfp c\u0103n b\u1ea3n hi\u1ec7n nay. V\u1eeba l\u00e0m t\u1ea1o \u0111\u01b0\u1ee3c s\u1ef1 h\u00e0i h\u00f2a cho kh\u00f4ng gian b\u1ebfp, v\u1eeba t\u0103ng hi\u1ec7u qu\u1ea3 b\u1ebfp cao.<\/p>\n<p><img title=\"may-hut-mui-hafele-hh-bi90b\" src=\"https:\/\/bepvuson.vn\/Data\/upload\/images\/may_hut_mui\/Hafele-HH-TI60C.jpg\" alt=\"may-hut-mui-hafele-hh-bi90b\" \/><\/p>\n<ul>\n<li>D\u00f9 tr\u00ean th\u1ecb tr\u01b0\u1eddng c\u00f3 r\u1ea5t nhi\u1ec1u m\u1eabu m\u00e3, ki\u1ec3u d\u00e1ng kh\u00e1c nhau nh\u01b0ng m\u00e1y h\u00fat m\u00f9i c\u1ed5 \u0111i\u1ec3n v\u1eabn \u0111\u01b0\u1ee3c ng\u01b0\u1eddi d\u00f9ng y\u00eau th\u00edch b\u1edfi \u0111\u1ed9 \u1ed3n th\u1ea5p. Khi b\u1eadt m\u1ee9c c\u00f4ng su\u1ea5t cao nh\u1ea5t, m\u00e1y c\u00f3 \u0111\u1ed9 \u1ed3n l\u00e0 58dB kh\u00f4ng \u1ea3nh h\u01b0\u1edfng \u0111\u1ebfn ng\u01b0\u1eddi n\u1ea5u. \u0110\u1ed9ng c\u01a1 ho\u1ea1t \u0111\u1ed9ng c\u1ee7a m\u00e1y g\u1ed3m 02 motor v\u1edbi c\u00f4ng su\u1ea5t ho\u1ea1t \u0111\u1ed9ng 170W n\u00ean m\u00e1y ch\u1ea1y r\u1ea5t kh\u1ecfe v\u00e0 d\u1ebbo dai.<\/li>\n<li>M\u00e1y h\u00fat m\u00f9i Hafele c\u00f3 3 t\u1ed1c \u0111\u1ed9 h\u00fat t\u1eeb th\u1ea5p \u0111\u1ebfn cao, ph\u00f9 h\u1ee3p v\u1edbi l\u01b0\u1ee3ng m\u00f9i v\u00e0 kh\u00f3i khi n\u1ea5u \u0103n \u0111\u1ec3 \u0111\u1ea3m b\u1ea3o s\u1ea1ch m\u00f9i cho kh\u00f4ng gian b\u1ebfp nh\u00e0 b\u1ea1n. Ph\u00edm \u0111i\u1ec1u khi\u1ec3n b\u1eb1ng n\u00fat \u1ea5n r\u1ea5t d\u1ec5 s\u1eed d\u1ee5ng, b\u1ea1n c\u00f3 th\u1ec3 \u0111i\u1ec1u ch\u1ec9nh t\u1ed1c \u0111\u1ed9 h\u00fat c\u1ee7a m\u00e1y t\u00f9y theo nhu c\u1ea7u ho\u1eb7c theo c\u00e1c m\u00f3n m\u00e0 b\u1ea1n \u0111ang n\u1ea5u. B\u1ea1n n\u00ean \u0111\u1ec3 m\u00e1y \u1edf ch\u1ebf \u0111\u1ed9 cao khi n\u1ea5u c\u00e1c m\u00f3n s\u1eed d\u1ee5ng d\u1ea7u m\u1ee1 nhi\u1ec1u.V\u00ec v\u1edbi c\u00e1c m\u00f3n n\u00e0y m\u00f9i s\u1ebd n\u1eb7ng h\u01a1n v\u00e0 d\u1ec5 \u00e1m m\u00f9i h\u01a1n so v\u1edbi c\u00e1c m\u00f3n lu\u1ed9c.<\/li>\n<\/ul>\n<p><img title=\"may-hut-mui-hafele-hh-bi90b-01\" src=\"https:\/\/bepvuson.vn\/Data\/upload\/images\/may_hut_mui\/hut-mui-hafele-hh-bi60b-kt.jpg\" alt=\"may-hut-mui-hafele-hh-bi90b-01\" \/><\/p>\n<ul>\n<li>L\u1ef1c h\u00fat c\u1ee7a HH-BI90B\u00a0l\u00ean \u0111\u1ebfn 600m3\/h n\u00ean b\u1ea1n c\u00f3 th\u1ec3 y\u00ean t\u00e2m r\u1eb1ng b\u1eefa c\u01a1m c\u1ee7a gia \u0111\u00ecnh lu\u00f4n \u0111\u01b0\u1ee3c b\u1ea3o v\u1ec7 b\u1edfi b\u1ea7u kh\u00f4ng kh\u00ed trong s\u1ea1ch.\u00a0 L\u01b0\u1edbi l\u1ecdc 5 l\u1edbp c\u00e1c t\u00e1c d\u1ee5ng b\u1ea3o v\u1ec7 \u0111\u1ed9ng c\u01a1 b\u00ean trong v\u00e0 gi\u1eef ch\u1ea5t b\u1ea9n, d\u1ea7u m\u1ee1 v\u00e0 m\u00e1y h\u00fat \u0111\u01b0\u1ee3c. B\u1edfi v\u1eady b\u1ea1n c\u1ea7n v\u1ec7 sinh l\u01b0\u1edbi l\u1ecdc th\u01b0\u1eddng xuy\u00ean.<\/li>\n<li>M\u00e1y h\u00fat m\u00f9i HAFELE HH-BI90B s\u1eed d\u1ee5ng t\u00ednh n\u0103ng h\u00fat v\u00e0 \u0111\u1ea9y m\u00f9i tr\u1ef1c ti\u1ebfp ra ngo\u00e0i tr\u1eddi th\u00f4ng qua \u0111\u01b0\u1eddng \u1ed1ng tho\u00e1t. C\u00f2n trong nh\u1eefng tr\u01b0\u1eddng h\u1ee3p kh\u00f4ng gian b\u1ebfp kh\u00f4ng th\u1ec3 \u0111\u0103t \u1ed1ng tho\u00e1t th\u00ec m\u00e1y s\u1ebd s\u1eed d\u1ee5ng than ho\u1ea1t t\u00ednh \u0111\u1ec3 kh\u1eed m\u00f9i t\u1ea1i ch\u1ed7.<\/li>\n<li>H\u1ec7 th\u1ed1ng \u0111\u00e8n chi\u1ebfu s\u00e1ng 2 x 40 W h\u1ed7 tr\u1ee3 n\u1ea5u n\u01b0\u1edbng. M\u00e1y hu\u0301t mu\u0300i\u00a0s\u1eed d\u1ee5ng ngu\u1ed3n \u0111i\u1ec7n 220V\/ 50Hz ph\u00f9 h\u1ee3p v\u1edbi \u0111i\u1ec7n l\u01b0\u1edbi Vi\u1ec7t Nam.<\/li>\n<\/ul>\n<p><img title=\"may-hut-mui-hafele-hh-bi90b-02\" src=\"https:\/\/bepvuson.vn\/Data\/upload\/images\/may_hut_mui\/may-hut-mui-hafele-hh-ti90c(1).jpg\" alt=\"may-hut-mui-hafele-hh-bi90b-02\" \/><\/p>\n<p>S\u1ea3n ph\u1ea9m c\u00f3 gi\u00e1 c\u1ea3 kh\u00f4ng qu\u00e1 cao, ph\u00f9 h\u1ee3p v\u1edbi nhi\u1ec1u gia \u0111\u00ecnh Vi\u00ea\u0323t. N\u1ebfu gia \u0111\u00ecnh c\u00f3 kh\u00f4ng gian b\u1ebfp r\u1ed9ng v\u00e0 nhu c\u1ea7u n\u1ea5u n\u01b0\u1edbng cao th\u00ec m\u00e1y h\u00fat m\u00f9i Hafele HH-BI90B\u00a0x\u1ee9ng \u0111\u00e1ng l\u00e0 s\u1ef1 l\u1ef1a ch\u1ecdn ho\u00e0n h\u1ea3o.<\/p>\n<\/div>\n<\/div>\n","protected":false},"excerpt":{"rendered":"<p>T\u1ed5ng quan chung M\u00e1y h\u00fat m\u00f9i Hafele HH-BI90B Hafele l\u00e0 h\u00e3ng m\u00e1y h\u00fat m\u00f9i \u0111\u01b0\u1ee3c ng\u01b0\u1eddi ti\u00eau d\u00f9ng tin t\u01b0\u1edfng &hellip; <a class=\"link-more\" href=\"http:\/\/maudep.com.vn\/chuyengiadienmay\/?product=may-hut-mui-hafele-hh-bi90b\" class=\"more-link\">\u0110\u1ecdc th\u00eam &raquo;<span class=\"screen-reader-text\"> &#8220;M\u00e1y h\u00fat m\u00f9i Hafele HH-BI90B&#8221;<\/span><\/a><\/p>\n","protected":false},"featured_media":2351,"comment_status":"open","ping_status":"closed","template":"","meta":[],"_links":{"self":[{"href":"http:\/\/maudep.com.vn\/chuyengiadienmay\/index.php?rest_route=\/wp\/v2\/product\/2350"}],"collection":[{"href":"http:\/\/maudep.com.vn\/chuyengiadienmay\/index.php?rest_route=\/wp\/v2\/product"}],"about":[{"href":"http:\/\/maudep.com.vn\/chuyengiadienmay\/index.php?rest_route=\/wp\/v2\/types\/product"}],"replies":[{"embeddable":true,"href":"http:\/\/maudep.com.vn\/chuyengiadienmay\/index.php?rest_route=%2Fwp%2Fv2%2Fcomments&post=2350"}],"wp:featuredmedia":[{"embeddable":true,"href":"http:\/\/maudep.com.vn\/chuyengiadienmay\/index.php?rest_route=\/wp\/v2\/media\/2351"}],"wp:attachment":[{"href":"http:\/\/maudep.com.vn\/chuyengiadienmay\/index.php?rest_route=%2Fwp%2Fv2%2Fmedia&parent=2350"}],"curies":[{"name":"wp","href":"https:\/\/api.w.org\/{rel}","templated":true}]}}