{"id":2353,"date":"2019-01-06T17:06:10","date_gmt":"2019-01-06T10:06:10","guid":{"rendered":"http:\/\/maudep.com.vn\/chuyengiadienmay\/?post_type=product&#038;p=2353"},"modified":"2019-01-06T17:12:25","modified_gmt":"2019-01-06T10:12:25","slug":"may-hut-mui-hafele-hh-bi70b","status":"publish","type":"product","link":"http:\/\/maudep.com.vn\/chuyengiadienmay\/?product=may-hut-mui-hafele-hh-bi70b","title":{"rendered":"M\u00e1y h\u00fat m\u00f9i Hafele HH-BI70B"},"content":{"rendered":"<h3 class=\"title\">T\u1ed5ng quan chung M\u00e1y h\u00fat m\u00f9i Hafele HH-BI70B<\/h3>\n<div class=\"article-content\">\n<div class=\"js-content\">\n<h2>M\u00e1y hu\u0301t mu\u0300i Hafele\u00a0HH-BI70B c\u00f3 l\u1ef1c h\u00fat 600m3\/h gi\u00fap h\u00fat s\u1ea1ch d\u1ea7u m\u1ee1, kh\u00ed gas \u0111\u1ed9c h\u1ea1i th\u1ea3i ra ng\u00f2ai theo \u0111\u01b0\u1eddng \u1ed1ng kh\u00f3i v\u00e0 tr\u1ea3 l\u1ea1i cho b\u1ea1n b\u1ea7u kh\u00f4ng kh\u00ed trong l\u00e0nh, t\u01b0\u01a1i m\u1edbi. Ngo\u00e0i ra, m\u00e1y c\u00f2n \u0111\u01b0\u1ee3c trang b\u1ecb b\u1ed9 l\u01b0\u1edbi l\u1ecdc nh\u00f4m, c\u00f3 th\u1ec3 th\u00e1o r\u1eddi v\u00e0 d\u1ec5 v\u1ec7 sinh khi s\u1eed d\u1ee5ng l\u00e2u ng\u00e0y,\u00a0c\u1ea7n c\u00e0i l\u01b0\u1edbi \u0111\u01b0\u1ee3c thi\u1ebft k\u1ebf b\u1eb1ng inox n\u00ean c\u00f3 \u0111\u1ed9 b\u1ec1n cao trong m\u00f4i tr\u01b0\u1eddng nhi\u1ec7t \u0111\u1ed9 cao.<\/h2>\n<h3>Hafele HH-BI70B phu\u0300 h\u01a1\u0323p v\u01a1\u0301i nhu c\u00e2\u0300u ng\u01b0\u01a1\u0300i s\u01b0\u0309 du\u0323ng<\/h3>\n<p>T\u1ea5t c\u1ea3 c\u00e1c t\u1ed1c \u0111\u1ed9 h\u00fat c\u1ee7a\u00a0m\u00e1y h\u00fat m\u00f9i Hafele HH-BI70B\u00a0th\u00ec ng\u01b0\u1eddi s\u1eed d\u1ee5ng c\u00f3 th\u1ec3 \u0111i\u1ec1u ch\u1ec9nh d\u1ec5 d\u00e0ng. Th\u00f4ng qua h\u1ec7 th\u1ed1ng \u0111i\u1ec1u khi\u1ec3n \u0111i\u1ec7n t\u1eed v\u00e0 m\u00e0n h\u00ecnh hi\u1ec3n th\u1ecb LCD ti\u1ec7n l\u1ee3i v\u1edbi \u0111\u1ed9 b\u1ec1n cao. V\u1edbi h\u1ec7 th\u1ed1ng h\u00fat v\u00e0 kh\u1eed m\u00f9i tu\u1ea7n ho\u00e0n hi\u1ec7u qu\u1ea3 kh\u1eed m\u00f9i \u0111\u1ea1t t\u1ed1i \u0111a.<\/p>\n<p><img title=\"may-hut-mui-hafele-hh-bi70b\" src=\"https:\/\/bepvuson.vn\/Data\/upload\/images\/may_hut_mui\/hut-mui-hafele-hh-bi70b-2.jpg\" alt=\"may-hut-mui-hafele-hh-bi70b\" \/><\/p>\n<ul>\n<li>B\u1ed9 \u0111i\u1ec1u khi\u1ec3n d\u1ec5 s\u1eed d\u1ee5ng ch\u1ea1m nh\u1eb9 tay l\u00e0 c\u00f3 th\u1ec3 ch\u1ecdn l\u1ef1a ch\u01b0\u01a1ng tr\u00ecnh ph\u00f9 h\u1ee3p. H\u01a1n n\u1eefa vi\u1ec7c v\u1ec7 sinh c\u0169ng tr\u1edf l\u00ean \u0111\u01a1n gi\u1ea3n, m\u1ed9t chi\u1ebfc kh\u0103n m\u1ec1m \u1ea9m l\u00e0 c\u00f3 th\u1ec3 l\u00e0m s\u1ea1ch b\u00e0n ph\u00edm. T\u1ea5m l\u1ecdc m\u1ee1 b\u1eb1ng th\u00e9p kh\u00f4ng g\u1ec9 5 l\u1edbp ng\u0103n d\u1ea7u m\u1ee1 hi\u1ec7u qu\u1ea3. Gi\u1eef cho \u0111\u1ed9ng c\u01a1 c\u1ee7a m\u00e1y lu\u00f4n s\u1ea1ch v\u00e0 ho\u1ea1t \u0111\u1ed9ng t\u1ed1t.<\/li>\n<li>M\u00e1y h\u00fat m\u00f9i HH-BI70B s\u1eed d\u1ee5ng k\u00ednh c\u01b0\u1eddng l\u1ef1c kh\u00e1 d\u00e0y. C\u00f3 kh\u1ea3 n\u0103ng ch\u1ed1ng ch\u1ecbu \u0111\u01b0\u1ee3c l\u1ef1c, nhi\u1ec7t cao cao. \u0110\u1ed9ng c\u01a1 \u0111\u01b0\u1ee3c h\u00e3ng thi\u1ebft k\u1ebf cho s\u1ea3n ph\u1ea9m n\u00e0y l\u00e0 m\u1ed9t \u0111\u1ed9ng c\u01a1 hai qu\u1ea1t \u00a0gi\u00f3. N\u00ean c\u00f4ng su\u1ea5t h\u00fat \u0111\u1ea1t 600m3\/h h\u00fat kh\u1ecfe. V\u1edbi \u0111\u1ed9ng c\u01a1 tubin \u0111\u00f4i c\u00f9ng v\u1edbi 3 t\u1ed1c \u0111\u1ed9 h\u00fat kh\u00e1c nhau. Gi\u00fap ng\u01b0\u1eddi s\u1eed d\u1ee5ng c\u00f3 th\u1ec3 l\u1ef1a ch\u1ecdn sao cho ph\u00f9 h\u1ee3p v\u1edbi m\u1ee5c \u0111\u00edch s\u1eed d\u1ee5ng c\u1ee7a ng\u01b0\u1eddi ti\u00eau d\u00f9ng.<\/li>\n<\/ul>\n<p><img title=\"may-hut-mui-hafele-hh-bi70b-01\" src=\"https:\/\/bepvuson.vn\/Data\/upload\/images\/may_hut_mui\/hut-mui-hafele-hh-bi60b-kt.jpg\" alt=\"may-hut-mui-hafele-hh-bi70b-01\" \/><\/p>\n<ul>\n<li>D\u00f9 tr\u00ean th\u1ecb tr\u01b0\u1eddng c\u00f3 r\u1ea5t nhi\u1ec1u m\u1eabu m\u00e3, ki\u1ec3u d\u00e1ng kh\u00e1c nhau nh\u01b0ng m\u00e1y h\u00fat m\u00f9i Hafele\u00a0v\u1eabn \u0111\u01b0\u1ee3c ng\u01b0\u1eddi d\u00f9ng y\u00eau th\u00edch b\u1edfi \u0111\u1ed9 \u1ed3n th\u1ea5p. Khi b\u1eadt m\u1ee9c c\u00f4ng su\u1ea5t cao nh\u1ea5t, m\u00e1y c\u00f3 \u0111\u1ed9 \u1ed3n l\u00e0 58dB kh\u00f4ng \u1ea3nh h\u01b0\u1edfng \u0111\u1ebfn ng\u01b0\u1eddi n\u1ea5u.<\/li>\n<li>M\u00e1y h\u00fat m\u00f9i Hafele s\u1eed d\u1ee5ng t\u00ednh n\u0103ng h\u00fat v\u00e0 \u0111\u1ea9y m\u00f9i tr\u1ef1c ti\u1ebfp ra ngo\u00e0i tr\u1eddi th\u00f4ng qua \u0111\u01b0\u1eddng \u1ed1ng tho\u00e1t. C\u00f2n trong nh\u1eefng tr\u01b0\u1eddng h\u1ee3p kh\u00f4ng gian b\u1ebfp kh\u00f4ng th\u1ec3 \u0111\u0103t \u1ed1ng tho\u00e1t th\u00ec m\u00e1y s\u1ebd s\u1eed d\u1ee5ng than ho\u1ea1t t\u00ednh \u0111\u1ec3 kh\u1eed m\u00f9i t\u1ea1i ch\u1ed7.<\/li>\n<li>M\u00e1y h\u00fat m\u00f9i HH-BI70B\u00a0c\u0169ng \u0111\u01b0\u1ee3c l\u1eafp \u0111\u00e8n led \u0111\u1ec3 chi\u1ebfu s\u00e1ng. V\u1edbi m\u1ee5c \u0111\u00edch \u0111\u1ec3 chi\u1ebfu s\u00e1ng trong khi b\u1ea1n n\u1ea5u \u0103n. \u00c1nh s\u00e1ng m\u00e0u v\u00e0ng d\u1ecbu nh\u1eb9, kh\u00f4ng l\u00e0m ng\u01b0\u1eddi n\u1ea5u kh\u00f3 ch\u1ecbu. D\u00f9 \u0111\u00e8n d\u00f9ng c\u00f4ng su\u1ea5t kh\u00f4ng cao nh\u01b0ng v\u1eabn \u0111\u1ee7 \u0111\u1ec3 chi\u1ebfu s\u00e1ng cho b\u1ea1n n\u1ea5u \u0103n.<\/li>\n<\/ul>\n<p><img title=\"may-hut-mui-hafele-hh-bi70b-02\" src=\"https:\/\/bepvuson.vn\/Data\/upload\/images\/may_hut_mui\/co-nen-su-dung-may-hut-mui-khong.jpg\" alt=\"may-hut-mui-hafele-hh-bi70b-02\" \/><\/p>\n<p>S\u1ea3n ph\u1ea9m c\u00f3 gi\u00e1 c\u1ea3 kh\u00f4ng qu\u00e1 cao, ph\u00f9 h\u1ee3p v\u1edbi nhi\u1ec1u gia \u0111\u00ecnh Vi\u00ea\u0323t. N\u1ebfu gia \u0111\u00ecnh c\u00f3 kh\u00f4ng gian b\u1ebfp r\u1ed9ng v\u00e0 nhu c\u1ea7u n\u1ea5u n\u01b0\u1edbng cao th\u00ec m\u00e1y h\u00fat m\u00f9i Hafele HH-BI70B\u00a0x\u1ee9ng \u0111\u00e1ng l\u00e0 s\u1ef1 l\u1ef1a ch\u1ecdn ho\u00e0n h\u1ea3o<\/p>\n<\/div>\n<\/div>\n","protected":false},"excerpt":{"rendered":"<p>T\u1ed5ng quan chung M\u00e1y h\u00fat m\u00f9i Hafele HH-BI70B M\u00e1y hu\u0301t mu\u0300i Hafele\u00a0HH-BI70B c\u00f3 l\u1ef1c h\u00fat 600m3\/h gi\u00fap h\u00fat s\u1ea1ch d\u1ea7u &hellip; <a class=\"link-more\" href=\"http:\/\/maudep.com.vn\/chuyengiadienmay\/?product=may-hut-mui-hafele-hh-bi70b\" class=\"more-link\">\u0110\u1ecdc th\u00eam &raquo;<span class=\"screen-reader-text\"> &#8220;M\u00e1y h\u00fat m\u00f9i Hafele HH-BI70B&#8221;<\/span><\/a><\/p>\n","protected":false},"featured_media":2351,"comment_status":"open","ping_status":"closed","template":"","meta":[],"_links":{"self":[{"href":"http:\/\/maudep.com.vn\/chuyengiadienmay\/index.php?rest_route=\/wp\/v2\/product\/2353"}],"collection":[{"href":"http:\/\/maudep.com.vn\/chuyengiadienmay\/index.php?rest_route=\/wp\/v2\/product"}],"about":[{"href":"http:\/\/maudep.com.vn\/chuyengiadienmay\/index.php?rest_route=\/wp\/v2\/types\/product"}],"replies":[{"embeddable":true,"href":"http:\/\/maudep.com.vn\/chuyengiadienmay\/index.php?rest_route=%2Fwp%2Fv2%2Fcomments&post=2353"}],"wp:featuredmedia":[{"embeddable":true,"href":"http:\/\/maudep.com.vn\/chuyengiadienmay\/index.php?rest_route=\/wp\/v2\/media\/2351"}],"wp:attachment":[{"href":"http:\/\/maudep.com.vn\/chuyengiadienmay\/index.php?rest_route=%2Fwp%2Fv2%2Fmedia&parent=2353"}],"curies":[{"name":"wp","href":"https:\/\/api.w.org\/{rel}","templated":true}]}}