{"id":2354,"date":"2019-01-06T17:11:15","date_gmt":"2019-01-06T10:11:15","guid":{"rendered":"http:\/\/maudep.com.vn\/chuyengiadienmay\/?post_type=product&#038;p=2354"},"modified":"2019-01-06T17:11:15","modified_gmt":"2019-01-06T10:11:15","slug":"may-hut-mui-hafele-hh-bi60b","status":"publish","type":"product","link":"http:\/\/maudep.com.vn\/chuyengiadienmay\/?product=may-hut-mui-hafele-hh-bi60b","title":{"rendered":"M\u00e1y h\u00fat m\u00f9i Hafele HH-BI60B"},"content":{"rendered":"<h3 class=\"title\">T\u1ed5ng quan chung M\u00e1y h\u00fat m\u00f9i Hafele HH-BI60B<\/h3>\n<div class=\"article-content\">\n<div class=\"js-content\">\n<h2>Ma\u0301y hu\u0301t mu\u0300i Hafele HH-BI60B\u00a0c\u00f3 k\u00edch th\u01b0\u1edbc 60\u00a0cm gi\u00fap ph\u00f9 h\u1ee3p v\u1edbi kh\u00f4ng gian b\u1ebfp r\u1ed9ng r\u00e3i mang phong c\u00e1ch Ch\u00e2u \u00c2u. Thi\u1ebft k\u1ebf \u0111\u1eb3ng c\u1ea5p v\u01b0\u1ee3t tr\u1ed9i, h\u1ec7 th\u1ed1ng c\u1ea3m bi\u1ebfn EcoSensor t\u1ef1 \u0111\u1ed9ng \u0111i\u1ec1u ch\u1ec9nh c\u00f4ng su\u1ea5t khai th\u00e1c, ki\u1ec3m tra c\u01b0\u1eddng \u0111\u1ed9 c\u1ee7a h\u01a1i n\u01b0\u1edbc t\u0103ng l\u00ean m\u1ed7i gi\u00e2y v\u00e0 \u0111i\u1ec1u ch\u1ec9nh m\u1ee9c c\u00f4ng su\u1ea5t h\u00fat m\u00f9i m\u1ed9t c\u00e1ch ch\u00ednh x\u00e1c v\u00e0 \u0111\u1ed9c l\u1eadp gi\u00fap b\u1ea1n r\u1ea3nh tay n\u1ea5u n\u01b0\u1edbng.<\/h2>\n<h3>HH-BI60B hu\u0301t xa\u0309 tu\u00e2\u0300n hoa\u0300n va\u0300 th\u00f4ng gio\u0301<\/h3>\n<p>M\u00e1y h\u00fat m\u00f9i Hafele HH-BI60B\u00a0\u0111\u01b0\u1ee3c l\u00e0m t\u1eeb c\u00e1c linh ki\u1ec7n cao c\u1ea5p c\u00f3 \u0111\u1ed9 b\u1ec1n l\u1edbn, tu\u1ed5i th\u1ecd l\u00e2u \u0111\u1eddi \u0111\u1ec3 t\u1ea1o l\u00ean m\u1ed9t thi\u1ebft b\u1ecb c\u00f3 ch\u1ea5t l\u01b0\u1ee3ng qu\u1ed1c t\u1ebf. V\u1ecf s\u1ea3n ph\u1ea9m th\u01b0\u1eddng \u0111\u01b0\u1ee3c l\u00e0m t\u1eeb lo\u1ea1i inox c\u00f3 kh\u1ea3 n\u0103ng ch\u1ed1ng \u0111\u1ec3 l\u1ea1i v\u1ebft b\u00e1m lu\u00f4ng s\u00e1ng b\u00f3ng.<\/p>\n<p><img title=\"may-hut-mui-hafele-hh-bi60b\" src=\"https:\/\/bepvuson.vn\/Data\/upload\/images\/may_hut_mui\/hut-mui-hafele-hh-bi70b-2.jpg\" alt=\"may-hut-mui-hafele-hh-bi60b\" \/><\/p>\n<ul>\n<li>N\u1ebfu b\u1ea1n mu\u1ed1n l\u1ef1a ch\u1ecdn m\u1ed9t m\u00e1y c\u00f3 c\u00f4ng su\u1ea5t h\u00fat l\u1edbn th\u00ec \u0111\u00e2y ch\u00ednh l\u00e0 s\u1ea3n ph\u1ea9m d\u00e0nh cho b\u1ea1n. M\u00e1y h\u00fat m\u00f9i Hafele\u00a0v\u1edbi c\u00f4ng su\u1ea5t h\u00fat l\u00ean t\u1edbi 600m3\/h v\u00e0 kh\u1ea3 n\u0103ng th\u00f4ng gi\u00f3 m\u1ea1nh m\u1ebd gi\u00fap lo\u1ea1i b\u1ecf h\u01a1i n\u01b0\u1edbc, m\u00f9i, d\u1ea7u m\u1ee1 v\u00e0 kh\u00f3i m\u1ed9t c\u00e1ch nhanh ch\u00f3ng nh\u1ea5t.<\/li>\n<li>M\u1ee9c \u0111i\u1ec1u ch\u1ec9nh cu\u0309a ma\u0301y hu\u0301t mu\u0300i t\u1eeb 3 t\u00f4\u0301c \u0111\u00f4\u0323\u00a0c\u00f4ng su\u1ea5t kh\u00e1c nhau. K\u1ebft h\u1ee3p v\u1edbi nh\u1eefng t\u00ednh n\u0103ng c\u1ea3m bi\u1ebfn khi c\u00f3 kh\u00f3i, m\u00f9i th\u1ee9c \u0103n t\u1ef1 \u0111\u1ed9ng h\u00fat s\u1ebd l\u00e0 m\u1ed9t \u0111i\u1ec1u \u0111\u00e1ng quan t\u00e2m.<\/li>\n<li>V\u1edbi m\u1eb7t ph\u1eb3ng ho\u00e0n to\u00e0n, b\u1ed9 l\u1ecdc c\u1ee7a\u00a0m\u00e1y h\u00fat m\u00f9i Hafele HH-BI60B\u00a0kh\u00f4ng ch\u1ec9 tr\u00f4ng r\u1ea5t th\u00f4ng minh m\u00e0 c\u00f2n c\u00f3 th\u1ec3 \u0111\u01b0\u1ee3c l\u00e0m s\u1ea1ch m\u1ed9t c\u00e1ch d\u1ec5 d\u00e0ng b\u1eb1ng tay ho\u1eb7c trong m\u00e1y r\u1eeda ch\u00e9n. Ngo\u00e0i ra, b\u1ed9 l\u1ecdc chi\u1ebft su\u1ea5t c\u1ee7a Hafele\u00a0c\u00f3 m\u1ee9c t\u00e1ch m\u1ee1 80-92% (t\u00f9y thu\u1ed9c v\u00e0o \u0111\u00e1nh gi\u00e1 \u0111\u1ed9ng c\u01a1), l\u00e0m cho n\u00f3 hi\u1ec7u qu\u1ea3 v\u00e0 m\u1ea1nh m\u1ebd.<\/li>\n<\/ul>\n<p><img title=\"may-hut-mui-hafele-hh-bi60b-01\" src=\"https:\/\/bepvuson.vn\/Data\/upload\/images\/may_hut_mui\/large_05_2017_6358_may-hut-mui-hafele-hh-ti90d.jpg\" alt=\"may-hut-mui-hafele-hh-bi60b-01\" \/><\/p>\n<ul>\n<li>\u0110\u01b0\u1ee3c thi\u1ebft k\u1ebf v\u1edbi \u0111\u1ed9ng c\u01a1 turbin \u0111\u00f4i, m\u00e1y h\u00fat m\u00f9i c\u00f3 c\u00f4ng su\u1ea5t h\u00fat l\u1edbn, gi\u00fap lo\u1ea1i b\u1ecf ho\u00e0n to\u00e0n m\u00f9i kh\u00f3i, d\u1ea7u m\u1ee1, mang l\u1ea1i kh\u00f4ng gian t\u01b0\u01a1i m\u1edbi cho ph\u00f2ng b\u1ebfp. M\u00e1y h\u00fat m\u00f9i \u0111\u01b0\u1ee3c thi\u1ebft k\u1ebf ki\u1ec3u d\u00e1ng b\u1eaft m\u1eaft v\u1edbi s\u1ef1 k\u1ebft h\u1ee3p c\u1ee7a inoxcao c\u1ea5p v\u00e0 k\u00ednh gi\u00fap t\u0103ng ph\u1ea7n sang tr\u1ecdng cho m\u1ecdi kh\u00f4ng gian nh\u00e0 b\u1ebfp.<\/li>\n<li>C\u00f3 nhi\u1ec1u ng\u01b0\u1eddi ti\u00eau d\u00f9ng lo li\u1ec7u r\u1eb1ng m\u00e1y s\u1ebd t\u1ed1n \u0111i\u1ec7n nhi\u1ec1u b\u1edfi c\u00f4ng su\u1ea5t h\u00fat l\u1edbn. Tuy nhi\u00ean m\u00e1y h\u00fat m\u00f9i Hafele\u00a0l\u00e0 d\u00f2ng m\u00e1y h\u00fat m\u00f9i cao c\u1ea5p, hi\u1ec7n \u0111\u1ea1i c\u00f3 chung m\u1ed9t nguy\u00ean l\u00fd ho\u1ea1t \u0111\u1ed9ng \u0111\u01a1n gi\u1ea3n, n\u00ean kh\u00f4ng h\u1ec1 t\u1ed1n \u0111i\u1ec7n, k\u00e8m v\u1edbi s\u1eed d\u1ee5ng h\u1ec7 th\u1ed1ng chi\u1ebfu s\u00e1ng b\u1eb1ng \u0111\u00e8n LED cung c\u1ea5p \u00e1nh s\u00e1ng hi\u1ec7u qu\u1ea3 v\u00e0 ti\u1ebft ki\u1ec7m \u0111i\u1ec7n n\u0103ng t\u1ed1i \u0111a.<\/li>\n<\/ul>\n<p><img title=\"may-hut-mui-hafele-hh-bi60b-02\" src=\"https:\/\/bepvuson.vn\/Data\/upload\/images\/may_hut_mui\/hut-mui-hafele-hh-bi60b-kt.jpg\" alt=\"may-hut-mui-hafele-hh-bi60b-02\" \/><\/p>\n<p>S\u1ea3n ph\u1ea9m c\u00f3 gi\u00e1 c\u1ea3 kh\u00f4ng qu\u00e1 cao, ph\u00f9 h\u1ee3p v\u1edbi nhi\u1ec1u gia \u0111\u00ecnh Vi\u00ea\u0323t. N\u1ebfu gia \u0111\u00ecnh c\u00f3 kh\u00f4ng gian b\u1ebfp r\u1ed9ng v\u00e0 nhu c\u1ea7u n\u1ea5u n\u01b0\u1edbng cao th\u00ec m\u00e1y h\u00fat m\u00f9i Hafele HH-BI60B\u00a0x\u1ee9ng \u0111\u00e1ng l\u00e0 s\u1ef1 l\u1ef1a ch\u1ecdn ho\u00e0n h\u1ea3o.<\/p>\n<\/div>\n<\/div>\n","protected":false},"excerpt":{"rendered":"<p>T\u1ed5ng quan chung M\u00e1y h\u00fat m\u00f9i Hafele HH-BI60B Ma\u0301y hu\u0301t mu\u0300i Hafele HH-BI60B\u00a0c\u00f3 k\u00edch th\u01b0\u1edbc 60\u00a0cm gi\u00fap ph\u00f9 h\u1ee3p v\u1edbi &hellip; <a class=\"link-more\" href=\"http:\/\/maudep.com.vn\/chuyengiadienmay\/?product=may-hut-mui-hafele-hh-bi60b\" class=\"more-link\">\u0110\u1ecdc th\u00eam &raquo;<span class=\"screen-reader-text\"> &#8220;M\u00e1y h\u00fat m\u00f9i Hafele HH-BI60B&#8221;<\/span><\/a><\/p>\n","protected":false},"featured_media":2351,"comment_status":"open","ping_status":"closed","template":"","meta":[],"_links":{"self":[{"href":"http:\/\/maudep.com.vn\/chuyengiadienmay\/index.php?rest_route=\/wp\/v2\/product\/2354"}],"collection":[{"href":"http:\/\/maudep.com.vn\/chuyengiadienmay\/index.php?rest_route=\/wp\/v2\/product"}],"about":[{"href":"http:\/\/maudep.com.vn\/chuyengiadienmay\/index.php?rest_route=\/wp\/v2\/types\/product"}],"replies":[{"embeddable":true,"href":"http:\/\/maudep.com.vn\/chuyengiadienmay\/index.php?rest_route=%2Fwp%2Fv2%2Fcomments&post=2354"}],"wp:featuredmedia":[{"embeddable":true,"href":"http:\/\/maudep.com.vn\/chuyengiadienmay\/index.php?rest_route=\/wp\/v2\/media\/2351"}],"wp:attachment":[{"href":"http:\/\/maudep.com.vn\/chuyengiadienmay\/index.php?rest_route=%2Fwp%2Fv2%2Fmedia&parent=2354"}],"curies":[{"name":"wp","href":"https:\/\/api.w.org\/{rel}","templated":true}]}}