{"id":2355,"date":"2019-01-06T17:16:35","date_gmt":"2019-01-06T10:16:35","guid":{"rendered":"http:\/\/maudep.com.vn\/chuyengiadienmay\/?post_type=product&#038;p=2355"},"modified":"2019-01-06T17:16:35","modified_gmt":"2019-01-06T10:16:35","slug":"may-hut-mui-bosch-dhu635gza","status":"publish","type":"product","link":"http:\/\/maudep.com.vn\/chuyengiadienmay\/?product=may-hut-mui-bosch-dhu635gza","title":{"rendered":"M\u00e1y h\u00fat m\u00f9i BOSCH DHU635GZA"},"content":{"rendered":"<h3 class=\"title\">T\u1ed5ng quan chung M\u00e1y h\u00fat m\u00f9i BOSCH DHU635GZA<\/h3>\n<div class=\"article-content\">\n<div class=\"js-content\">\n<h2>M\u00e1y h\u00fat m\u00f9i\u00a0Bosch DHU635GZA l\u00e0 d\u00f2ng m\u00e1y h\u00fat m\u00f9i \u0111\u01b0\u1ee3c nh\u1eadp nguy\u00ean chi\u1ebfc t\u1eeb \u0110\u1ee9c, m\u00e1y \u0111\u01b0\u1ee3c s\u1ea3n xu\u1ea5t tr\u00ean d\u00e2y chuy\u1ec1n c\u00f4ng ngh\u1ec7 hi\u1ec7n \u0111\u1ea1i c\u1ee7a Ch\u00e2u \u00c2u n\u00ean \u0111\u00e1p \u1ee9ng \u0111\u01b0\u1ee3c \u0111\u1ea7y \u0111\u1ee7 nh\u1eefng y\u00eau c\u1ea7u v\u1ec1 ch\u1ea5t l\u01b0\u1ee3ng v\u00e0 t\u00ednh n\u0103ng s\u1ea3n ph\u1ea9m. Ma\u0301y hu\u0301t mu\u0300i c\u00f4\u0309 \u0111i\u00ea\u0309n na\u0300y thu hu\u0301t \u0111\u01b0\u01a1\u0323c l\u01b0\u01a1\u0323ng kha\u0301ch ha\u0300ng ti\u0300m ki\u00ea\u0301m kh\u00f4ng nho\u0309 v\u01a1\u0301i ca\u0301c ti\u0301nh n\u0103ng hi\u00ea\u0323n \u0111a\u0323i va\u0300 gia\u0301 ca\u0309 pha\u0309i ch\u0103ng.<\/h2>\n<h3>Ma\u0301y hu\u0301t mu\u0300i c\u00f4\u0309 \u0111i\u00ea\u0309n thi\u00ea\u0301t k\u00ea\u0301 tr\u00ean c\u00f4ng ngh\u00ea\u0323 hi\u00ea\u0323n \u0111a\u0323i<\/h3>\n<p>M\u00e1y h\u00fat m\u00f9i\u00a0<strong>Bosch DHU635GZA\u00a0<\/strong>cao c\u1ea5p s\u1eed d\u1ee5ng ch\u1ea5t li\u1ec7u ch\u00ednh l\u00e0 Inox to\u00e0n ph\u1ea7n m\u00e0u s\u00e1ng ch\u1ed1ng b\u00e1m b\u1ea9n v\u00e0 d\u1ec5 d\u00e0ng v\u1ec7 sinh. So v\u1edbi c\u00e1c lo\u1ea1i m\u00e1y h\u00fat m\u00f9i c\u1ed5 \u0111i\u1ec3n kh\u00e1c th\u00ec m\u00e1y h\u00fat m\u00f9i c\u1ed5 \u0111i\u1ec3n na\u0300y \u0111\u01b0\u1ee3c thi\u1ebft k\u1ebf ph\u00f9 h\u1ee3p v\u1edbi nh\u1eefng kh\u00f4ng gian b\u1ebfp r\u1ed9ng v\u00e0 ph\u00f9 h\u1ee3p v\u1edbi phong c\u00e1ch \u0111un n\u1ea5u \u1edf\u00a0<strong>Ch\u00e2u \u00c2u<\/strong>.\u00a0Do \u0111\u00f3 v\u1edbi nh\u1eefng gia \u0111\u00ecnh c\u00f3 kh\u00f4ng gian b\u1ebfp nh\u1ecf v\u00e0 kh\u00f4ng th\u00f4ng tho\u00e1ng th\u00ec m\u00e1y h\u00fat m\u00f9i\u00a0<strong>Bosch DHU635GZA<\/strong>\u00a0kh\u00f4ng ph\u1ea3i l\u1ef1a ch\u1ecdn t\u1ed1t nh\u1ea5t.<\/p>\n<p><img title=\"may-hut-mui-bosch-dhu635gza\" src=\"https:\/\/bepvuson.vn\/Data\/upload\/images\/M%C3%A1y%20h%C3%BAt%20m%C3%B9i\/may-hut-mui1.jpeg\" alt=\"may-hut-mui-bosch-dhu635gza\" \/><\/p>\n<ul>\n<li><em>S\u1ea3n ph\u1ea9m \u0111\u01b0\u1ee3c thi\u1ebft k\u1ebf v\u1edbi \u0111\u1ed9ng c\u01a1 motor \u0111\u00f4i n\u00ean c\u00f3 \u0111\u1ed9 \u1ed3n th\u1ea5p, c\u00f4ng su\u1ea5t h\u00fat cao nh\u1ea5t c\u1ee7a m\u00e1y l\u00e0 480 m3\/h.<\/em><\/li>\n<li><em>M\u00e1y h\u00fat m\u00f9i\u00a0<strong>Bosch DHU635GZA\u00a0<\/strong>c\u00f3 3 t\u1ed1c \u0111\u1ed9 h\u00fat kh\u00e1c nhau gi\u00fap b\u1ea1n c\u00f3 th\u1ec3 l\u1ef1a ch\u1ecdn ph\u00f9 h\u1ee3p v\u1edbi t\u1eebng m\u00f3n n\u1ea5u v\u00e0 ch\u1ebf \u0111\u1ed9 h\u00fat kh\u1eed kh\u00e1c nhau.<\/em><\/li>\n<li><em>M\u1eb7t d\u01b0\u1edbi c\u1ee7a s\u1ea3n ph\u1ea9m \u0111\u01b0\u1ee3c thi\u1ebft k\u1ebf v\u1edbi 1 t\u1ea5m l\u01b0\u1edbi l\u1ecdc nh\u00f4m d\u00e0y 4 l\u1edbp c\u00f3 t\u00e1c d\u1ee5ng ng\u0103n d\u1ea7u m\u1ee1 b\u00e1m v\u00e0o \u0111\u1ed9ng c\u01a1 gi\u00fap cho \u0111\u1ed9ng c\u01a1 b\u00ean trong ho\u1ea1t \u0111\u1ed9ng v\u1edbi hi\u1ec7u qu\u1ea3 cao nh\u1ea5t.<\/em><br \/>\nSau khi \u0111un n\u1ea5u b\u1ea1n ch\u1ec9 c\u1ea7n d\u00f9ng kh\u0103n \u1ea9m v\u1ec7 sinh th\u00e2n m\u00e1y v\u00e0 th\u00e1o 2 t\u1ea5m l\u1ecdc b\u1eb1ng h\u1ee3p kim \u1edf d\u01b0\u1edbi ng\u00e2m v\u00e0o n\u01b0\u1edbc \u1ea5m kho\u1ea3ng 5 \u0111\u1ebfn 10 ph\u00fat \u0111\u1ec3 t\u1ea9y c\u00e1c v\u1ebft b\u1ea9n m\u00e0 kh\u00f4ng c\u1ea7n \u0111\u1ebfn ch\u1ea5t t\u1ea5y r\u1eeda m\u1ea1nh n\u00e0o.<\/li>\n<li><em>M\u00e1y h\u00fat m\u00f9i\u00a0<strong>Bosch<\/strong><strong>DHU635GZA<\/strong>\u00a0\u0111\u01b0\u1ee3c thi\u1ebft k\u1ebf v\u1edbi 2 \u0111\u00e8n chi\u1ebfu s\u00e1ng hallogen ti\u1ebft ki\u1ec7m \u0111i\u1ec7n, \u0111\u1ea3m b\u1ea3o \u0111\u1ee7 \u00e1nh s\u00e1ng.<\/em><\/li>\n<\/ul>\n<p><img title=\"may-hut-mui-bosch-dhu635gza\" src=\"https:\/\/bepvuson.vn\/Data\/upload\/images\/M%C3%A1y%20h%C3%BAt%20m%C3%B9i\/may-hut-mui.jpg\" alt=\"may-hut-mui-bosch-dhu635gza\" \/><\/p>\n<h3>Ch\u00ea\u0301 \u0111\u00f4\u0323 kh\u01b0\u0309 mu\u0300i linh hoa\u0323t<\/h3>\n<p><strong>M\u00e1y h\u00fat m\u00f9i Bosch DHU635GZA<\/strong>\u00a0c\u00f4\u0309 \u0111i\u00ea\u0309n c\u00f3 2 ch\u1ebf \u0111\u1ed9 kh\u1eed m\u00f9i l\u00e0 ch\u1ebf \u0111\u1ed9 kh\u1eed m\u00f9i b\u1eb1ng than ho\u1ea1t t\u00ednh v\u00e0 ch\u1ebf \u0111\u1ed9 \u0111\u1ea9y \u1ed1ng ra ngo\u00e0i cho ba\u0323n nhi\u00ea\u0300u l\u01b0\u0323a cho\u0323n.<\/p>\n<ul>\n<li><em>Trong tr\u01b0\u1eddng h\u1ee3p kh\u00f4ng gian b\u1ebfp kh\u00f4ng th\u1ec3 l\u1eafp \u0111\u01b0\u1ee3c \u0111\u01b0\u1eddng \u1ed1ng th\u1ea3i ra ngo\u00e0i b\u1ea1n c\u00f3 th\u1ec3 \u0111\u1ec3 m\u00e1y h\u00fat kh\u1eed tr\u1ef1c ti\u1ebfp b\u1eb1ng hai t\u1ea5m than ho\u1ea1t t\u00ednh b\u00ean trong m\u00e1y.<\/em><\/li>\n<\/ul>\n<p><img title=\"may-hut-mui-bosch-dhu635gza\" src=\"https:\/\/bepvuson.vn\/Data\/upload\/images\/M%C3%A1y%20h%C3%BAt%20m%C3%B9i\/may-hut.jpg\" alt=\"may-hut-mui-bosch-dhu635gza\" \/><\/p>\n<ul>\n<li><em>C\u00f2n trong tr\u01b0\u1eddng h\u1ee3p kh\u00f4ng gian b\u1ebfp c\u00f3 th\u1ec3 l\u1eafp \u0111\u01b0\u1ee3c \u0111\u01b0\u1eddng \u1ed1ng \u0111\u1ea9y ra ngo\u00e0i th\u00ec b\u1ea1n c\u00f3 th\u1ec3 th\u00e1o than ho\u1ea1t t\u00ednh ra\u00a0v\u00e0 l\u1eafp \u0111\u01b0\u1eddng \u1ed1ng th\u1ea3i v\u1edbi k\u00edch th\u01b0\u1edbc t\u1eeb 90 mm \u0111\u1ebfn 110 mm cho\u00a0m\u00e1y h\u00fat m\u00f9i\u00a0<strong>Bosch DHU635GZA.<\/strong><\/em><br \/>\nL\u01b0u \u00fd r\u1eb1ng khi b\u1ea1n d\u00f9ng than th\u00ec ph\u1ea3i thay than \u0111\u00ecnh k\u1ef3 t\u00f9y theo t\u1ea7n su\u1ea5t \u0111un n\u1ea5u nhi\u1ec1u hay \u00edt c\u1ee7a m\u1ed7i gia \u0111\u00ecnh c\u00f2n khi s\u1eed d\u1ee5ng \u1ed1ng th\u1ea3i ra ngo\u00e0i th\u00ec b\u1ea1n kh\u00f4ng ph\u1ea3i m\u1ea5t m\u1ed9t kho\u1ea3n chi ph\u00ed thay than \u0111\u1ecbnh k\u1ef3.<\/li>\n<\/ul>\n<\/div>\n<\/div>\n","protected":false},"excerpt":{"rendered":"<p>T\u1ed5ng quan chung M\u00e1y h\u00fat m\u00f9i BOSCH DHU635GZA M\u00e1y h\u00fat m\u00f9i\u00a0Bosch DHU635GZA l\u00e0 d\u00f2ng m\u00e1y h\u00fat m\u00f9i \u0111\u01b0\u1ee3c nh\u1eadp nguy\u00ean &hellip; <a class=\"link-more\" href=\"http:\/\/maudep.com.vn\/chuyengiadienmay\/?product=may-hut-mui-bosch-dhu635gza\" class=\"more-link\">\u0110\u1ecdc th\u00eam &raquo;<span class=\"screen-reader-text\"> &#8220;M\u00e1y h\u00fat m\u00f9i BOSCH DHU635GZA&#8221;<\/span><\/a><\/p>\n","protected":false},"featured_media":2356,"comment_status":"open","ping_status":"closed","template":"","meta":[],"_links":{"self":[{"href":"http:\/\/maudep.com.vn\/chuyengiadienmay\/index.php?rest_route=\/wp\/v2\/product\/2355"}],"collection":[{"href":"http:\/\/maudep.com.vn\/chuyengiadienmay\/index.php?rest_route=\/wp\/v2\/product"}],"about":[{"href":"http:\/\/maudep.com.vn\/chuyengiadienmay\/index.php?rest_route=\/wp\/v2\/types\/product"}],"replies":[{"embeddable":true,"href":"http:\/\/maudep.com.vn\/chuyengiadienmay\/index.php?rest_route=%2Fwp%2Fv2%2Fcomments&post=2355"}],"wp:featuredmedia":[{"embeddable":true,"href":"http:\/\/maudep.com.vn\/chuyengiadienmay\/index.php?rest_route=\/wp\/v2\/media\/2356"}],"wp:attachment":[{"href":"http:\/\/maudep.com.vn\/chuyengiadienmay\/index.php?rest_route=%2Fwp%2Fv2%2Fmedia&parent=2355"}],"curies":[{"name":"wp","href":"https:\/\/api.w.org\/{rel}","templated":true}]}}