{"id":2380,"date":"2019-01-06T18:24:45","date_gmt":"2019-01-06T11:24:45","guid":{"rendered":"http:\/\/maudep.com.vn\/chuyengiadienmay\/?post_type=product&#038;p=2380"},"modified":"2019-01-06T18:24:45","modified_gmt":"2019-01-06T11:24:45","slug":"may-hut-mui-elica-concorde-90-inox","status":"publish","type":"product","link":"http:\/\/maudep.com.vn\/chuyengiadienmay\/?product=may-hut-mui-elica-concorde-90-inox","title":{"rendered":"M\u00e1y h\u00fat m\u00f9i ELICA CONCORDE 90 ( inox )"},"content":{"rendered":"<h3 class=\"title\">T\u1ed5ng quan chung M\u00e1y h\u00fat m\u00f9i ELICA CONCORDE 90 ( inox )<\/h3>\n<div class=\"article-content\">\n<div class=\"js-content\">\n<p>\u00a0Nh\u1eb1m \u0111\u00e1p \u1ee9ng nhu c\u1ea7u s\u1eed d\u1ee5ng c\u1ee7a ng\u01b0\u1eddi d\u00f9ng nh\u1ea5t l\u00e0 nh\u1eefng h\u1ed9 gia \u0111\u00ecnh c\u00f3 gian b\u1ebfp h\u1eb9p, Elica th\u01b0\u01a1ng hi\u1ec7u thi\u1ebft b\u1ecb nh\u00e0 b\u1ebfp cao c\u1ea5p \u0111\u00e3 cho ra m\u00e1y h\u00fat m\u00f9i Elica Concorde \u0111en 90cm. V\u1edbi thi\u1ebft k\u1ebf nh\u1ecf g\u1ecdn m\u00e1y ph\u00f9 h\u1ee3p v\u1edbi h\u1ea7u h\u1ebft c\u00e1c gian b\u1ebfp hi\u1ec7n \u0111\u1ea1i.<\/p>\n<p>S\u1ea3n xu\u1ea5t tr\u00ean d\u00e2y truy\u1ec1n ti\u00ean ti\u1ebfn nh\u1ea5t t\u1ea1i Italy, m\u00e1y \u0111\u1ea1t \u0111\u1ea7y \u0111\u1ee7 c\u00e1c ti\u00eau chu\u1ea9n Ch\u00e2u \u00c2u b\u1edfi c\u00e1c chuy\u00ean gia h\u00e0ng \u0111\u1ea7u ki\u1ec3m \u0111\u1ecbnh tr\u01b0\u1edbc khi \u0111\u01b0\u1ee3c \u0111\u01b0a ra th\u1ecb tr\u01b0\u1eddng.<br \/>\nS\u1eed d\u1ee5ng \u0111\u1ed9ng c\u01a1 c\u00e1nh qu\u1ea1t m\u00e1y \u0111\u1ea1t \u0111\u01b0\u1ee3c c\u00f4ng su\u1ea5t h\u00fat l\u00e0 200-400m3\/h m\u00e0 \u0111\u1ed9 \u1ed3n d\u1eebng l\u1ea1i t\u1ea1i m\u1ee9c 53-66dB, kh\u00f4ng g\u00e2y \u1ea3nh h\u01b0\u1edfng \u0111\u1ebfn ng\u01b0\u1eddi s\u1eed d\u1ee5ng trong c\u1ea3 qu\u00e1 tr\u00ecnh.<br \/>\nB\u1ea1n c\u00f3 th\u1ec3 ch\u1ecdn 1 trong 2 ch\u1ebf \u0111\u1ed9 h\u00fat c\u1ee7a m\u00e1y h\u00fat m\u00f9i nh\u00e0 b\u1ebfp Elica Concorde \u0111en 90cm l\u1ea7n l\u01b0\u1ee3t nh\u01b0 sau cho ph\u00f9 h\u1ee3p v\u1edbi thi\u1ebft k\u1ebf gian b\u1ebfp c\u1ee7a gia \u0111\u00ecnh m\u00ecnh :<\/p>\n<p>&#8211; H\u00fat kh\u1eed b\u1eb1ng than ho\u1ea1t t\u00ednh s\u1eed d\u1ee5ng cho c\u00e1c gia \u0111\u00ecnh kh\u00f4ng c\u00f3 l\u1ed1i tho\u00e1t : kh\u00f4ng kh\u00ed \u00e1m m\u00f9i trong gian b\u1ebfp s\u1ebd \u0111\u01b0\u1ee3c l\u1ecdc qua than, lo\u1ea1i b\u1ecf m\u00f9i kh\u00f3 ch\u1ecbu, l\u01b0\u1ee3ng l\u1edbn b\u1ee5i b\u1ea9n v\u00e0 d\u1ea7u m\u1ee1 sau \u0111\u00f3 tr\u1ea3 l\u1ea1i kh\u00f4ng kh\u00ed trong l\u00e0nh cho gian b\u1ebfp. S\u1eed d\u1ee5ng ch\u1ebf \u0111\u1ed9 n\u00e0y b\u1ea1n c\u1ea7n thay than sau 5-6 th\u00e1ng \u0111\u1ec3 tranh c\u00f4ng su\u1ea5t m\u00e1y b\u1ecb gi\u1ea3m xu\u1ed1ng.<br \/>\n&#8211; \u0110\u1ed1i v\u1edbi ch\u1ebf \u0111\u1ed9 h\u00fat \u0111\u1ea9y tr\u1ef1c ti\u1ebfp ra b\u00ean ngo\u00e0i b\u1ea1n \u00e1p d\u1ee5ng cho gian b\u1ebfp c\u00f3 l\u1ed1i tho\u00e1t : kh\u00f4ng kh\u00ed \u0111i ra ngo\u00e0i theo \u0111\u01b0\u1eddng \u1ed1ng. Tr\u1ef1c ti\u1ebfp lo\u1ea1i b\u1ecf 1 ph\u1ea7n \u0111\u1ed9 \u1ed3n, l\u01b0\u1ee3ng l\u1edbn b\u1ee5i b\u1ea9n, d\u1ea7u m\u1ee1 c\u00f3 trong kh\u00f4ng gian b\u1ebfp. S\u1eed d\u1ee5ng ch\u1ebf \u0111\u1ed9 n\u00e0y b\u1ea1n c\u00f3 th\u1ec3 \u0111\u1ea9y c\u00f4ng su\u1ea5t h\u00fat c\u1ee7a m\u00e1y l\u00ean t\u1ed1i \u0111a, gi\u00fap ti\u1ebft ki\u1ec7m chi ph\u00ed thay than v\u00e0 gi\u1ea3m thi\u1ec3u \u0111\u1ed9 \u1ed3n.<\/p>\n<p>Th\u00e2n v\u1ecf m\u00e1y s\u1eed d\u1ee5ng ch\u1ea5t li\u1ec7u inox ph\u1ee7 men \u0111en cao c\u1ea5p, b\u1ea3ng \u0111i\u1ec1u khi\u1ec3n d\u1ea1ng ph\u00edm b\u1ea5m c\u01a1 gi\u00fap b\u1ea1n d\u1ec5 d\u00e0ng t\u00f9y ch\u1ec9nh c\u00e1c c\u1ea5p \u0111\u1ed9 h\u00fat c\u1ee7a m\u00e1y theo th\u1ef1c \u0111\u01a1n n\u1ea5u c\u1ee7a gia \u0111\u00ecnh b\u1ea1n.<br \/>\n\u0110\u00e8n halogen m\u00e1y trang b\u1ecb gi\u00fap v\u00f9ng n\u1ea5u c\u1ee7a b\u1ea1n lu\u00f4n \u0111\u1ea3m b\u1ea3o \u0111\u1ed9 s\u00e1ng trong c\u1ea3 qu\u00e1 tr\u00ecnh s\u1eed d\u1ee5ng.<\/p>\n<p>2 t\u1ea5m l\u1ecdc b\u00ean d\u01b0\u1edbi m\u00e1y c\u00f3 th\u1ec3 th\u00e1o l\u1eafp v\u1ec7 sinh m\u1ed9t c\u00e1ch d\u1ec5 d\u00e0ng. B\u1ea1n c\u1ea7n ng\u00e2m n\u01b0\u1edbc n\u00f3ng tr\u01b0\u1edbc cho tan b\u1edbt d\u1ea7u m\u1ee1 b\u00e1m d\u00ednh tr\u00ean l\u01b0\u1edbi sau \u0111\u00f3 b\u1ea1n c\u00f3 th\u1ec3 v\u1ec7 sinh b\u1eb1ng c\u00e1c ch\u1ea5t t\u1ea9y r\u1eeda th\u00f4ng th\u01b0\u1eddng.<\/p>\n<\/div>\n<div class=\"show-more\"><\/div>\n<\/div>\n","protected":false},"excerpt":{"rendered":"<p>T\u1ed5ng quan chung M\u00e1y h\u00fat m\u00f9i ELICA CONCORDE 90 ( inox ) \u00a0Nh\u1eb1m \u0111\u00e1p \u1ee9ng nhu c\u1ea7u s\u1eed d\u1ee5ng c\u1ee7a &hellip; <a class=\"link-more\" href=\"http:\/\/maudep.com.vn\/chuyengiadienmay\/?product=may-hut-mui-elica-concorde-90-inox\" class=\"more-link\">\u0110\u1ecdc th\u00eam &raquo;<span class=\"screen-reader-text\"> &#8220;M\u00e1y h\u00fat m\u00f9i ELICA CONCORDE 90 ( inox )&#8221;<\/span><\/a><\/p>\n","protected":false},"featured_media":2381,"comment_status":"open","ping_status":"closed","template":"","meta":[],"_links":{"self":[{"href":"http:\/\/maudep.com.vn\/chuyengiadienmay\/index.php?rest_route=\/wp\/v2\/product\/2380"}],"collection":[{"href":"http:\/\/maudep.com.vn\/chuyengiadienmay\/index.php?rest_route=\/wp\/v2\/product"}],"about":[{"href":"http:\/\/maudep.com.vn\/chuyengiadienmay\/index.php?rest_route=\/wp\/v2\/types\/product"}],"replies":[{"embeddable":true,"href":"http:\/\/maudep.com.vn\/chuyengiadienmay\/index.php?rest_route=%2Fwp%2Fv2%2Fcomments&post=2380"}],"wp:featuredmedia":[{"embeddable":true,"href":"http:\/\/maudep.com.vn\/chuyengiadienmay\/index.php?rest_route=\/wp\/v2\/media\/2381"}],"wp:attachment":[{"href":"http:\/\/maudep.com.vn\/chuyengiadienmay\/index.php?rest_route=%2Fwp%2Fv2%2Fmedia&parent=2380"}],"curies":[{"name":"wp","href":"https:\/\/api.w.org\/{rel}","templated":true}]}}