{"id":2385,"date":"2019-01-06T18:34:42","date_gmt":"2019-01-06T11:34:42","guid":{"rendered":"http:\/\/maudep.com.vn\/chuyengiadienmay\/?post_type=product&#038;p=2385"},"modified":"2019-01-06T18:35:23","modified_gmt":"2019-01-06T11:35:23","slug":"may-hut-mui-elica-ciak","status":"publish","type":"product","link":"http:\/\/maudep.com.vn\/chuyengiadienmay\/?product=may-hut-mui-elica-ciak","title":{"rendered":"M\u00e1y h\u00fat m\u00f9i ELICA CIAK"},"content":{"rendered":"<h3 class=\"title\">T\u1ed5ng quan chung M\u00e1y h\u00fat m\u00f9i ELICA CIAK<\/h3>\n<div class=\"article-content\">\n<div class=\"js-content\">\n<p>\u00a0Mang \u0111\u1ebfn cho ng\u01b0\u1eddi d\u00f9ng kh\u00f4ng gian b\u1ebfp r\u1ed9ng v\u00e0 tr\u1edf n\u00ean tho\u00e1ng \u0111\u00e3ng h\u01a1n bao gi\u1edd h\u1ebft, m\u00e1y h\u00fat kh\u1eed m\u00f9i Elica Ciak l\u00e0 l\u1ef1a ch\u1ecdn h\u00e0ng \u0111\u1ea7u cho c\u00e1c h\u1ed9 gia \u0111\u00ecnh c\u00f3 c\u0103n b\u1ebfp h\u1eb9p.<br \/>\n\u0110\u01b0\u1ee3c l\u1eafp r\u00e1p tr\u00ean d\u00e2y truy\u1ec1n c\u00f4ng ngh\u1ec7 cao v\u00e0 nh\u1eadp kh\u1ea9u nguy\u00ean chi\u1ebfc t\u1eeb Italy, tr\u01b0\u1edbc khi \u0111\u01b0\u1ee3c tung ra th\u1ecb tr\u01b0\u1eddng m\u1ed7i m\u1ed9t s\u1ea3n ph\u1ea9m \u0111\u1ec1u \u0111\u00e3 \u0111\u01b0\u1ee3c ki\u1ec3m \u0111\u1ecbnh v\u1ec1 \u0111\u1ed9 an to\u00e0n c\u0169ng nh\u01b0 ch\u1ea5t l\u01b0\u1ee3ng.<\/p>\n<p>M\u00e1y c\u00f3 k\u00edch th\u01b0\u1edbc 90cm, \u0111\u01b0\u1ee3c t\u1ea1o th\u00e0nh b\u1edfi ch\u1ea5t li\u1ec7u inox cao c\u1ea5p, thi\u1ebft k\u1ebf l\u1eafp \u00e2m trong t\u1ee7.<br \/>\nS\u1eed d\u1ee5ng \u0111\u1ed9ng c\u01a1 c\u00e1nh qu\u1ea1t \u0111\u1ea9y c\u00f4ng su\u1ea5t m\u00e1y l\u00ean 250-550dB m\u00e0 \u0111\u1ed9 \u1ed3n ch\u1ec9 d\u1eebng \u1edf m\u1ee9c 53-65dB kh\u00f4ng g\u00e2y \u1ed3n \u0111\u1ebfn ng\u01b0\u1eddi d\u00f9ng trong to\u00e0n b\u1ed9 qu\u00e1 tr\u00ecnh.<\/p>\n<p>M\u00e1y \u0111\u01b0\u1ee3c trang b\u1ecb 2 \u0111\u00e8n halogen gi\u00fap \u0111\u1ea3m b\u1ea3o \u0111\u1ed9 s\u00e1ng cho khu v\u1ef1c n\u1ea5u. B\u1ea3ng \u0111i\u1ec1u khi\u1ec3n m\u00e1y h\u00fat m\u00f9i Elica ch\u00ednh h\u00e3ng model Elica Ciak d\u1ea1ng n\u00fat g\u1ea1t d\u1ec5 d\u00e0ng t\u00f9y ch\u1ec9nh 3 c\u1ea5p \u0111\u1ed9 h\u00fat cho ph\u00f9 h\u1ee3p v\u1edbi th\u1ef1c \u0111\u01a1n c\u1ee7a gia \u0111\u00ecnh b\u1ea1n.<br \/>\n2 t\u1ea5m l\u01b0\u1edbi inox b\u00ean d\u01b0\u1edbi d\u1ec5 d\u00e0ng th\u00e1o l\u1eafp gi\u00fap vi\u1ec7c v\u1ec7 sinh tr\u1edf n\u00ean \u0111\u01a1n gi\u1ea3n h\u01a1n. Tuy nhi\u00ean \u0111\u1ec3 nhanh ch\u00f3ng v\u00e0 hi\u1ec7u qu\u1ea3 nh\u1ea5t b\u1ea1n n\u00ean ng\u00e2m n\u01b0\u1edbc n\u00f3ng cho tan b\u1edbt d\u1ea7u m\u1ee1 r\u1ed3i m\u1edbi v\u1ec7 sinnh b\u1eb1ng c\u00e1c ch\u1ea5t t\u1ea9y r\u1eeda th\u00f4ng th\u01b0\u1eddng.<\/p>\n<p>M\u00e1y c\u00f3 2 ch\u1ebf \u0111\u1ed9 h\u00fat : kh\u1eed tr\u1ef1c ti\u1ebfp ho\u1eb7c h\u00fat \u0111\u1ea9y ra b\u00ean ngo\u00e0i<br \/>\nC\u00e1c gian b\u1ebfp c\u00f3 chu\u1ea9n b\u1ecb \u0111\u01b0\u1eddng tho\u00e1t hay c\u00f3 h\u1ed9p k\u1ef9 thu\u1eadt b\u1ea1n c\u00f3 th\u1ec3 \u00e1p d\u1ee5ng ch\u1ebf \u0111\u1ed9 h\u00fat \u0111\u1ea9y ra b\u00ean ngo\u00e0i, \u0111\u01b0a kh\u00f4ng kh \u00edc\u00f3 \u00e1m m\u00f9i qua \u0111\u01b0\u1eddng \u1ed1ng ra ngo\u00e0i. \u00c1p d\u1ee5ng ch\u1ebf \u0111\u1ed9 n\u00e0y b\u1ea1n ti\u1ebft ki\u1ec7m \u0111\u01b0\u1ee3c chi ph\u00ed thay than \u0111\u1ed3ng th\u1eddi t\u0103ng c\u00f4ng su\u1ea5t h\u00fat c\u1ee7a m\u00e1y l\u00ean t\u1ed1i \u0111a, gi\u1ea3m \u0111\u1ed9 \u1ed3n v\u00e0 lo\u1ea1i b\u1ecf tri\u1ec7t \u0111\u1ec3 m\u00f9i kh\u00f3 ch\u1ecbu trong gian b\u1ebfp.<br \/>\n\u0110\u1ed1i v\u1edbi ch\u1ebf \u0111\u1ed9 h\u00fat kh\u1eed b\u1eb1ng than ho\u1ea1t t\u00ednh b\u1ea1n kh\u00f4ng c\u1ea7n thi\u1ebft k\u1ebf \u0111\u01b0\u1eddng tho\u00e1t m\u00e0 s\u1ebd x\u1eed l\u00fd kh\u00f4ng kh\u00ed \u00e1m m\u00f9i qua than ho\u1ea1t t\u00ednh. Ch\u1ebf \u0111\u1ed9 n\u00e0y b\u1ea1n c\u1ea7n thay than sau 5-6 th\u00e1ng \u0111\u1ec3 tr\u00e1nh b\u1ee5i b\u1ea9n d\u1ea7u m\u1ee1 l\u00e0m c\u00f4ng su\u1ea5t h\u00fat c\u1ee7a m\u00e1y gi\u1ea3m xu\u1ed1ng.<br \/>\nT\u00f9y v\u00e0o thi\u1ebft k\u1ebf gian b\u1ebfp m\u00e0 b\u1ea1n c\u00f3 th\u1ec3 l\u1ef1a ch\u1ecdn ch\u1ebf \u0111\u1ed9 h\u00fat cho ph\u00f9 h\u1ee3p.<\/p>\n<\/div>\n<\/div>\n","protected":false},"excerpt":{"rendered":"<p>T\u1ed5ng quan chung M\u00e1y h\u00fat m\u00f9i ELICA CIAK \u00a0Mang \u0111\u1ebfn cho ng\u01b0\u1eddi d\u00f9ng kh\u00f4ng gian b\u1ebfp r\u1ed9ng v\u00e0 tr\u1edf n\u00ean &hellip; <a class=\"link-more\" href=\"http:\/\/maudep.com.vn\/chuyengiadienmay\/?product=may-hut-mui-elica-ciak\" class=\"more-link\">\u0110\u1ecdc th\u00eam &raquo;<span class=\"screen-reader-text\"> &#8220;M\u00e1y h\u00fat m\u00f9i ELICA CIAK&#8221;<\/span><\/a><\/p>\n","protected":false},"featured_media":2384,"comment_status":"open","ping_status":"closed","template":"","meta":[],"_links":{"self":[{"href":"http:\/\/maudep.com.vn\/chuyengiadienmay\/index.php?rest_route=\/wp\/v2\/product\/2385"}],"collection":[{"href":"http:\/\/maudep.com.vn\/chuyengiadienmay\/index.php?rest_route=\/wp\/v2\/product"}],"about":[{"href":"http:\/\/maudep.com.vn\/chuyengiadienmay\/index.php?rest_route=\/wp\/v2\/types\/product"}],"replies":[{"embeddable":true,"href":"http:\/\/maudep.com.vn\/chuyengiadienmay\/index.php?rest_route=%2Fwp%2Fv2%2Fcomments&post=2385"}],"wp:featuredmedia":[{"embeddable":true,"href":"http:\/\/maudep.com.vn\/chuyengiadienmay\/index.php?rest_route=\/wp\/v2\/media\/2384"}],"wp:attachment":[{"href":"http:\/\/maudep.com.vn\/chuyengiadienmay\/index.php?rest_route=%2Fwp%2Fv2%2Fmedia&parent=2385"}],"curies":[{"name":"wp","href":"https:\/\/api.w.org\/{rel}","templated":true}]}}