{"id":2388,"date":"2019-01-06T18:44:35","date_gmt":"2019-01-06T11:44:35","guid":{"rendered":"http:\/\/maudep.com.vn\/chuyengiadienmay\/?post_type=product&#038;p=2388"},"modified":"2019-01-06T18:44:35","modified_gmt":"2019-01-06T11:44:35","slug":"may-hut-mui-elica-concorde-70-den","status":"publish","type":"product","link":"http:\/\/maudep.com.vn\/chuyengiadienmay\/?product=may-hut-mui-elica-concorde-70-den","title":{"rendered":"M\u00e1y h\u00fat m\u00f9i ELICA CONCORDE 70 ( \u0111en)"},"content":{"rendered":"<h3 class=\"title\">T\u1ed5ng quan chung M\u00e1y h\u00fat m\u00f9i ELICA CONCORDE 70 ( \u0111en)<\/h3>\n<div class=\"article-content\">\n<div class=\"js-content\">\n<p>\u00a0V\u1edbi thi\u1ebft k\u1ebf nh\u1ecf g\u1ecdn m\u00e1y h\u00fat kh\u1eed m\u00f9i Elica Concorde \u0111en 70cm hi\u1ec7n \u0111ang l\u00e0 l\u1ef1a ch\u1ecdn h\u00e0ng \u0111\u1ea7u c\u1ee7a c\u00e1c gian b\u1ebfp c\u00f3 di\u1ec7n t\u00edch ch\u1eadt h\u1eb9p. S\u1edf h\u1eefu m\u00e1y gi\u00fap kh\u00f4ng gian b\u1ebfp tr\u1edf n\u00ean hi\u1ec7n \u0111\u1ea1i h\u01a1n khi\u1ebfn kh\u00f4ng kh\u00ed t\u1ea1i c\u0103n b\u1ebfp kh\u00f4ng c\u00f2n \u00e1m m\u00f9i kh\u00f3 ch\u1ecbu.<\/p>\n<p>V\u1edbi k\u00edch th\u01b0\u1edbc 70cm m\u00e1y ph\u00f9 h\u1ee3p v\u1edbi h\u1ea7u h\u1ebft c\u00e1c gian b\u1ebfp hi\u1ec7n \u0111\u1ea1i, \u0111\u01b0\u1ee3c t\u1ea1o n\u00ean b\u1edfi ch\u1ea5t li\u1ec7u inox cao c\u1ea5p gi\u00fap vi\u1ec7c v\u1ec7 sinh m\u00e1y tr\u1edf n\u00ean \u0111\u01a1n gi\u1ea3n v\u00e0 d\u1ec5 d\u00e0ng h\u01a1n.<\/p>\n<p>M\u00e1y s\u1eed d\u1ee5ng \u0111\u1ed9ng c\u01a1 c\u00e1nh qu\u1ea1t \u0111\u1ea9y c\u00f4ng su\u1ea5t c\u1ee7a m\u00e1y \u0111\u1ea1t 200-400m3\/h m\u00e0 \u0111\u1ed9 \u1ed3n ch\u1ec9 d\u1eebng l\u1ea1i \u1edf m\u1ee9c 53-66dB gi\u00fap b\u1ea1n lo\u1ea1i b\u1ecf m\u00f9i th\u1ee9c \u0103n sau \u0111un n\u1ea5u.<br \/>\nS\u1eed d\u1ee5ng ch\u1ebf \u0111\u1ed9 h\u00fat kh\u1eed hay ch\u1ebf \u0111\u1ed9 h\u00fat \u0111\u1ea9y ra b\u00ean ngo\u00e0i c\u1ee7a m\u00e1y h\u00fat m\u00f9i Elica ch\u00ednh h\u00e3ng model Concorde \u0111en 70cm l\u00e0 t\u00f9y thu\u1ed9c v\u00e0o thi\u1ebft k\u1ebf gian b\u1ebfp c\u1ee7a gia \u0111\u00ecnh b\u1ea1n.<br \/>\n+ \u0110\u1ed1i v\u1edbi ch\u1ebf \u0111\u1ed9 h\u00fat kh\u1eed b\u1eb1ng than ho\u1ea1t t\u00ednh b\u1ea1n \u00e1p d\u1ee5ng cho c\u00e1c gian b\u1ebfp kh\u00f4ng thi\u1ebft k\u1ebf \u0111\u01b0\u1eddng tho\u00e1t. Kh\u00f4ng kh\u00ed khi \u0111i qua than ho\u1ea1t t\u00ednh s\u1ebd \u0111\u01b0\u1ee3c l\u1ecdc ph\u1ea7n l\u1edbn\u00a0 b\u1ee5i b\u1ea9n d\u1ea7u m\u1ee1 r\u1ed3i tr\u1ea3 l\u1ea1i kh\u00f4ng kh\u00ed trong l\u00e0nh cho gian b\u1ebfp. S\u1eed d\u1ee5ng ch\u1ebf \u0111\u1ed9 n\u00e0y b\u1ea1n c\u1ea7n thay than sau 5-6 th\u00e1ng \u0111\u1ec3 tr\u00e1nh c\u00f4ng su\u1ea5t c\u1ee7a m\u00e1y b\u1ecb gi\u1ea3m b\u1edfi b\u1ee5i b\u1ea9n, d\u1ea7u m\u1ee1 b\u00e1m t\u1ea1i than.<br \/>\n+ C\u00f2n ch\u1ebf \u0111\u1ed9 h\u00fat \u0111\u1ea9y tr\u1ef1c ti\u1ebfp ra b\u00ean ngo\u00e0i b\u1ea1n d\u00f9ng cho c\u00e1c gian b\u1ebfp c\u00f3 thi\u1ebft k\u1ebf \u0111\u01b0\u1eddng tho\u00e1t hay c\u00f3 h\u1ed9p k\u1ef9 thu\u1eadt. S\u1eed d\u1ee5ng ch\u1ebf \u0111\u1ed9 n\u00e0y b\u1ea1n c\u00f3 th\u1ec3 ti\u1ebft ki\u1ec7m chi ph\u00ed \u0111\u1ed3ng th\u1eddi gi\u00fap lo\u1ea1i b\u1ecf tri\u1ec7t \u0111\u1ec3 m\u00f9i kh\u00f3 ch\u1ecbu, gi\u1ea3m \u0111\u1ed9 \u1ed3n, \u0111\u1ea9y c\u00f4ng su\u1ea5t h\u00fat l\u00ean m\u1ee9c t\u1ed1i \u0111a.<\/p>\n<p>B\u1ea3ng \u0111i\u1ec1u khi\u1ec3n d\u1ea1ng g\u1ea1t c\u1ee7a m\u00e1y h\u00fat m\u00f9i Elica ch\u00ednh h\u00e3ng gi\u00fap b\u1ea1n d\u1ec5 d\u00e0ng t\u00f9y ch\u1ec9nh m\u1ee9c \u0111\u1ed9 h\u00fat cho ph\u00f9 h\u1ee3p v\u1edbi th\u1ef1c \u0111\u01a1n c\u1ee7a gia \u0111\u00ecnh. Ngo\u00e0i ra m\u00e1y c\u00f2n \u0111\u01b0\u1ee3c trang b\u1ecb th\u00eam \u0111\u00e8n halogen, \u0111\u1ea3m b\u1ea3o cho \u0111\u1ed9 s\u00e1ng t\u1ea1i khu v\u1ef1c n\u1ea5u trong c\u1ea3 qu\u00e1 tr\u00ecnh n\u1ea5u.<\/p>\n<p>T\u1ea5m l\u01b0\u1edbi l\u1ecdc b\u1eb1ng nh\u00f4m \u1edf ph\u00eda d\u01b0\u1edbi m\u00e1y b\u1ea1n mu\u1ed1n v\u1ec7 sinh d\u1ec5 d\u00e0ng c\u1ea7n ng\u00e2m n\u01b0\u1edbc n\u00f3ng cho tan b\u1edbt d\u1ea7u m\u1ee1 r\u1ed3i m\u1edbi \u0111\u00e1nh r\u1eeda b\u1eb1ng ch\u1ea5t t\u1ea9y th\u00f4ng d\u1ee5ng.<\/p>\n<\/div>\n<\/div>\n","protected":false},"excerpt":{"rendered":"<p>T\u1ed5ng quan chung M\u00e1y h\u00fat m\u00f9i ELICA CONCORDE 70 ( \u0111en) \u00a0V\u1edbi thi\u1ebft k\u1ebf nh\u1ecf g\u1ecdn m\u00e1y h\u00fat kh\u1eed m\u00f9i &hellip; <a class=\"link-more\" href=\"http:\/\/maudep.com.vn\/chuyengiadienmay\/?product=may-hut-mui-elica-concorde-70-den\" class=\"more-link\">\u0110\u1ecdc th\u00eam &raquo;<span class=\"screen-reader-text\"> &#8220;M\u00e1y h\u00fat m\u00f9i ELICA CONCORDE 70 ( \u0111en)&#8221;<\/span><\/a><\/p>\n","protected":false},"featured_media":2387,"comment_status":"open","ping_status":"closed","template":"","meta":[],"_links":{"self":[{"href":"http:\/\/maudep.com.vn\/chuyengiadienmay\/index.php?rest_route=\/wp\/v2\/product\/2388"}],"collection":[{"href":"http:\/\/maudep.com.vn\/chuyengiadienmay\/index.php?rest_route=\/wp\/v2\/product"}],"about":[{"href":"http:\/\/maudep.com.vn\/chuyengiadienmay\/index.php?rest_route=\/wp\/v2\/types\/product"}],"replies":[{"embeddable":true,"href":"http:\/\/maudep.com.vn\/chuyengiadienmay\/index.php?rest_route=%2Fwp%2Fv2%2Fcomments&post=2388"}],"wp:featuredmedia":[{"embeddable":true,"href":"http:\/\/maudep.com.vn\/chuyengiadienmay\/index.php?rest_route=\/wp\/v2\/media\/2387"}],"wp:attachment":[{"href":"http:\/\/maudep.com.vn\/chuyengiadienmay\/index.php?rest_route=%2Fwp%2Fv2%2Fmedia&parent=2388"}],"curies":[{"name":"wp","href":"https:\/\/api.w.org\/{rel}","templated":true}]}}