{"id":2389,"date":"2019-01-06T18:48:28","date_gmt":"2019-01-06T11:48:28","guid":{"rendered":"http:\/\/maudep.com.vn\/chuyengiadienmay\/?post_type=product&#038;p=2389"},"modified":"2019-01-06T18:49:15","modified_gmt":"2019-01-06T11:49:15","slug":"may-hut-mui-elica-concorde-60den","status":"publish","type":"product","link":"http:\/\/maudep.com.vn\/chuyengiadienmay\/?product=may-hut-mui-elica-concorde-60den","title":{"rendered":"M\u00e1y h\u00fat m\u00f9i ELICA CONCORDE 60(\u0111en)"},"content":{"rendered":"<h3 class=\"title\">T\u1ed5ng quan chung M\u00e1y h\u00fat m\u00f9i ELICA CONCORDE 60(\u0111en)<\/h3>\n<div class=\"article-content\">\n<div class=\"js-content\">\n<p>\u00a0Nh\u1eadp kh\u1ea9u nguy\u00ean chi\u1ebfc t\u1ea1i Italy, m\u00e1y h\u00fat m\u00f9i Elica Concorde \u0111en 60cm \u0111\u1ea1t \u0111\u1ea7y \u0111\u1ee7 c\u00e1c ti\u00eau chu\u1ea9n Ch\u00e2u \u00c2u v\u1ec1 \u0111\u1ed9 an to\u00e0n, k\u1ef9 thu\u1eadt hay ch\u1ea5t l\u01b0\u1ee3ng b\u1edfi c\u00e1c chuy\u00ean gia h\u00e0ng \u0111\u1ea7u tr\u01b0\u1edbc khi \u0111\u01b0\u1ee3c \u0111\u01b0a ra th\u1ecb tr\u01b0\u1eddng.C\u00f3 k\u00edch th\u01b0\u1edbc 60cm v\u00f4 c\u00f9ng nh\u1ecf g\u1ecdn, m\u00e1y l\u00e0 l\u1ef1a ch\u1ecdn h\u00e0ng \u0111\u1ea7u cho c\u00e1c gian b\u1ebfp c\u00f3 di\u1ec7n t\u00edch nh\u1ecf h\u1eb9p.<\/p>\n<p>Ch\u1ea5t li\u1ec7u inox ph\u1ee7 men \u0111en cao c\u1ea5p t\u1ea1o n\u00ean th\u00e2n v\u1ecf m\u00e1y khi\u1ebfn s\u1ea3n ph\u1ea9m c\u00f3 thi\u1ebft k\u1ebf \u0111\u01a1n gi\u1ea3n n\u00e0y tr\u1edf n\u00ean sang tr\u1ecdng v\u00e0 tinh t\u1ebf h\u01a1n.<br \/>\nS\u1eed d\u1ee5ng \u0111\u1ed9ng c\u01a1 c\u00e1nh qu\u1ea1t gi\u00fap m\u00e1y h\u00fat m\u00f9i nh\u00e0 b\u1ebfp Elica Concorde \u0111en 60cm \u0111\u1ea1t \u0111\u01b0\u1ee3c c\u00f4ng su\u1ea5t h\u00fat l\u00e0 200-400m3\/h m\u00e0 \u0111\u1ed9 \u1ed3n d\u1eebng l\u1ea1i t\u1ea1i m\u1ee9c 53-66dB, kh\u00f4ng g\u00e2y \u1ea3nh h\u01b0\u1edfng \u0111\u1ebfn ng\u01b0\u1eddi s\u1eed d\u1ee5ng trong c\u1ea3 qu\u00e1 tr\u00ecnh.<br \/>\nB\u1ea1n c\u00f3 th\u1ec3 ch\u1ecdn 1 trong 2 ch\u1ebf \u0111\u1ed9 h\u00fat sau nh\u1eb1m ph\u00f9 h\u1ee3p v\u1edbi thi\u1ebft k\u1ebf gian b\u1ebfp c\u1ee7a gia \u0111\u00ecnh :<br \/>\n&#8211; H\u00fat kh\u1eed b\u1eb1ng than ho\u1ea1t t\u00ednh : kh\u00f4ng kh\u00ed \u0111i qua than \u0111\u01b0\u1ee3c than x\u1eed l\u00fd v\u00e0 lo\u1ea1i b\u1ecf l\u01b0\u1ee3ng l\u1edbn m\u00f9i kh\u00f3 ch\u1ecbu, b\u1ee5i b\u1ea9n v\u00e0 d\u1ea7u m\u1ee1 sau \u0111\u00f3 tr\u1ea3 l\u1ea1i kh\u00f4ng kh\u00ed trong l\u00e0nh cho gian b\u1ebfp. S\u1eed d\u1ee5ng ch\u1ebf \u0111\u1ed9 n\u00e0y b\u1ea1n c\u1ea7n thay than sau 5-6 th\u00e1ng \u0111\u1ec3 tranh c\u00f4ng su\u1ea5t m\u00e1y b\u1ecb gi\u1ea3m xu\u1ed1ng.<br \/>\n&#8211; H\u00fat \u0111\u1ea9y tr\u1ef1c ti\u1ebfp ra b\u00ean ngo\u00e0i : kh\u00f4ng kh\u00ed \u0111i ra ngo\u00e0i theo \u0111\u01b0\u1eddng \u1ed1ng. Tr\u1ef1c ti\u1ebfp lo\u1ea1i b\u1ecf 1 ph\u1ea7n \u0111\u1ed9 \u1ed3n, l\u01b0\u1ee3ng l\u1edbn b\u1ee5i b\u1ea9n, d\u1ea7u m\u1ee1 c\u00f3 trong kh\u00f4ng gian b\u1ebfp. S\u1eed d\u1ee5ng ch\u1ebf \u0111\u1ed9 n\u00e0y b\u1ea1n c\u00f3 th\u1ec3 \u0111\u1ea9y c\u00f4ng su\u1ea5t h\u00fat c\u1ee7a m\u00e1y l\u00ean cao h\u01a1n, ti\u1ebft ki\u1ec7m chi ph\u00ed thay than, gi\u1ea3m thi\u1ec3u \u0111\u1ed9 \u1ed3n.<\/p>\n<p>B\u1ea3ng \u0111i\u1ec1u khi\u1ec3n c\u1ee7a m\u00e1y b\u1eb1ng d\u1ea1ng ph\u00edm b\u1ea5m c\u01a1 d\u1ec5 d\u00e0ng t\u00f9y ch\u1ec9nh c\u00e1c c\u1ea5p \u0111\u1ed9 h\u00fat cho ph\u00f9 h\u1ee3p v\u1edbi c\u00e1c m\u00f3n n\u1ea5y c\u1ee7a gia \u0111\u00ecnh b\u1ea1n. 2 b\u00f3ng \u0111\u00e8n halogen m\u00e0 m\u00e1y \u0111\u01b0\u1ee3c trang b\u1ecb gi\u00fap \u0111\u1ed9 s\u00e1ng t\u1ea1i v\u00f9ng n\u1ea5u \u0111\u01b0\u1ee3c \u0111\u1ea3m b\u1ea3o trong to\u00e0n b\u1ed9 qu\u00e1 tr\u00ecnh s\u1eed d\u1ee5ng.<\/p>\n<p>T\u1ea5m l\u01b0\u1edbi l\u1ecdc b\u00ean d\u01b0\u1edbi m\u00e1y c\u00f3 th\u1ec3 th\u00e1o l\u1eafp m\u1ed9t c\u00e1ch \u0111\u01a1n gi\u1ea3n. Ng\u00e2m n\u01b0\u1edbc n\u00f3n cho tan b\u1edbt l\u01b0\u1ee3ng l\u1edbn b\u1ee5i b\u1ea9n, d\u1ea7u m\u1ee1 tr\u00ean l\u01b0\u1edbi l\u1ecdc sau \u0111\u00f3 b\u1ea1n v\u1ec7 sinh m\u00e1y b\u1eb1ng c\u00e1c dung d\u1ecbch t\u1ea9y r\u1eeda th\u00f4ng th\u01b0\u1eddng.<\/p>\n<\/div>\n<div class=\"show-more\"><\/div>\n<\/div>\n","protected":false},"excerpt":{"rendered":"<p>T\u1ed5ng quan chung M\u00e1y h\u00fat m\u00f9i ELICA CONCORDE 60(\u0111en) \u00a0Nh\u1eadp kh\u1ea9u nguy\u00ean chi\u1ebfc t\u1ea1i Italy, m\u00e1y h\u00fat m\u00f9i Elica Concorde &hellip; <a class=\"link-more\" href=\"http:\/\/maudep.com.vn\/chuyengiadienmay\/?product=may-hut-mui-elica-concorde-60den\" class=\"more-link\">\u0110\u1ecdc th\u00eam &raquo;<span class=\"screen-reader-text\"> &#8220;M\u00e1y h\u00fat m\u00f9i ELICA CONCORDE 60(\u0111en)&#8221;<\/span><\/a><\/p>\n","protected":false},"featured_media":2387,"comment_status":"open","ping_status":"closed","template":"","meta":[],"_links":{"self":[{"href":"http:\/\/maudep.com.vn\/chuyengiadienmay\/index.php?rest_route=\/wp\/v2\/product\/2389"}],"collection":[{"href":"http:\/\/maudep.com.vn\/chuyengiadienmay\/index.php?rest_route=\/wp\/v2\/product"}],"about":[{"href":"http:\/\/maudep.com.vn\/chuyengiadienmay\/index.php?rest_route=\/wp\/v2\/types\/product"}],"replies":[{"embeddable":true,"href":"http:\/\/maudep.com.vn\/chuyengiadienmay\/index.php?rest_route=%2Fwp%2Fv2%2Fcomments&post=2389"}],"wp:featuredmedia":[{"embeddable":true,"href":"http:\/\/maudep.com.vn\/chuyengiadienmay\/index.php?rest_route=\/wp\/v2\/media\/2387"}],"wp:attachment":[{"href":"http:\/\/maudep.com.vn\/chuyengiadienmay\/index.php?rest_route=%2Fwp%2Fv2%2Fmedia&parent=2389"}],"curies":[{"name":"wp","href":"https:\/\/api.w.org\/{rel}","templated":true}]}}