{"id":2393,"date":"2019-01-07T10:35:50","date_gmt":"2019-01-07T03:35:50","guid":{"rendered":"http:\/\/maudep.com.vn\/chuyengiadienmay\/?post_type=product&#038;p=2393"},"modified":"2019-01-07T10:35:51","modified_gmt":"2019-01-07T03:35:51","slug":"may-hut-mui-bosch-hmh-dfs067j50b","status":"publish","type":"product","link":"http:\/\/maudep.com.vn\/chuyengiadienmay\/?product=may-hut-mui-bosch-hmh-dfs067j50b","title":{"rendered":"M\u00e1y H\u00fat M\u00f9i BOSCH HMH DFS067J50B"},"content":{"rendered":"<h3 class=\"title\">T\u1ed5ng quan chung M\u00e1y H\u00fat M\u00f9i BOSCH HMH DFS067J50B<\/h3>\n<div class=\"article-content\">\n<div class=\"js-content\">\n<h2>M\u00e1y H\u00fat M\u00f9i BOSCH HMH DFS067J50B do\u0300ng sa\u0309n ph\u00e2\u0309m th\u00f4ng du\u0323ng \u0111\u01b0\u01a1\u0323c bi\u00ea\u0301t \u0111\u00ea\u0301n la\u0300 thi\u1ebft b\u1ecb h\u1eefu \u00edch l\u1ecdc b\u1ee5i b\u1ea9n c\u00f4ng ngh\u1ec7 hi\u1ec7n \u0111\u1ea1i. Sa\u0309n ph\u00e2\u0309m th\u01b0\u01a1ng hi\u00ea\u0323u Ch\u00e2u \u00c2u na\u0300y \u0111ang \u0111\u01b0\u01a1\u0323c ca\u0301c ba\u0300 n\u00f4\u0323i tr\u01a1\u0323 tin du\u0300ng l\u01b0\u0323a cho\u0323n cho gian b\u00ea\u0301p cu\u0309a mi\u0300nh.<\/h2>\n<h3>\u0110\u1eb7c \u0111i\u1ec3m n\u1ed5i b\u1eadt M\u00e1y H\u00fat Kh\u00f3i Kh\u1eed M\u00f9i Bosch DFS097J50B<\/h3>\n<p><strong><a title=\"Ma\u0301y hu\u0301t mu\u0300i\" href=\"https:\/\/bepvuson.vn\/may-hut-mui.html\" target=\"_blank\" rel=\"noopener\">M\u00e1y h\u00fat m\u00f9i<\/a>\u00a0BOSCH HMH DFS067J50B<\/strong>\u00a0thi\u1ebft l\u1eadp m\u1ee9c c\u00f4ng su\u1ea5t ch\u00ednh x\u00e1c v\u1edbi m\u1ed9t l\u1ea7n ch\u1ea1m duy nh\u1ea5t nh\u1edd\u00a0<strong>TouchControl v\u00e0 DirectSelect.<\/strong><\/p>\n<p><img title=\"may-hut-mui-bosch-hmh-dfs067j50b\" src=\"https:\/\/bepvuson.vn\/Data\/upload\/images\/M%C3%A1y%20h%C3%BAt%20m%C3%B9i\/may-hut-mui1.jpeg\" alt=\"may-hut-mui-bosch-hmh-dfs067j50b\" \/><\/p>\n<ul>\n<li>N\u1eafp \u0111\u1eady m\u00e1y h\u00fat m\u00f9i\u00a0<strong>BOSCH HMH DFS067J50B<\/strong>\u00a0 v\u1edbi m\u00f4 \u0111un\u00a0<strong>CleanAir<\/strong>\u00a0t\u1ea1o ra\u00a0<strong>ti\u1ebfng \u1ed3n \u00edt h\u01a1n 3 dB<\/strong>\u00a0(A) c\u01b0\u0323c \u00eam a\u0301i.<\/li>\n<li><strong>B\u1ed9 l\u1ecdc m\u1ee1 b\u1eb1ng kim lo\u1ea1i<\/strong>\u00a0gi\u00fap l\u1ecdc d\u1ea7u m\u1ee1 v\u00e0 c\u00e1c h\u1ea1t r\u1eafn kh\u00e1c ra kh\u1ecfi kh\u00f4ng kh\u00ed.<\/li>\n<li><strong>C\u00f4ng su\u1ea5t h\u00fat m\u1ea1nh m\u1ebd<\/strong>: 700 m3 \/ h gi\u00fap lo\u1ea1i b\u1ecf m\u1ecdi m\u00f9i kh\u00f3 ch\u1ecbu cho c\u0103n b\u1ebfp c\u1ee7a b\u1ea1n trong th\u1eddi gian ng\u1eafn.<\/li>\n<li>\u0110\u00e8n LED c\u00f3 t\u00ednh n\u0103ng\u00a0<strong>ti\u1ebft ki\u1ec7m n\u0103ng l\u01b0\u1ee3ng<\/strong>\u00a0cao v\u00e0 cung c\u1ea5p \u00e1nh s\u00e1ng cho khu v\u1ef1c n\u1ea5u.<\/li>\n<li>M\u00e1y h\u00fat m\u00f9i\u00a0<strong>BOSCH HMH DFS067J50B<\/strong>\u00a0v\u01a1\u0301i\u00a0<strong>3 m\u1ee9c c\u00f4ng su\u1ea5t<\/strong>\u00a0v\u00e0\u00a0<strong>2 thi\u1ebft l\u1eadp chuy\u00ean s\u00e2u<\/strong>\u00a0ti\u00ea\u0323n du\u0323ng.<\/li>\n<\/ul>\n<p><img title=\"may-hut-mui-bosch-hmh-dfs067j50b\" src=\"https:\/\/bepvuson.vn\/Data\/upload\/images\/M%C3%A1y%20h%C3%BAt%20m%C3%B9i\/mayhutmuiamtu.jpg\" alt=\"may-hut-mui-bosch-hmh-dfs067j50b\" \/><\/p>\n<ul>\n<li>C\u00e1c ch\u1ee9c n\u0103ng c\u1ee7a m\u00e1y \u0111\u01b0\u1ee3c thi\u1ebft l\u1eadp\u00a0<strong>kh\u00f3a tr\u1ebb em<\/strong>,\u00a0<strong>t\u1ef1 \u0111\u1ed9ng t\u1eaft khi tr\u01b0\u1ee3t v\u00e0o,<\/strong>\u00a0nh\u1eb1m \u0111\u1ea3m b\u1ea3o s\u1ef1 an to\u00e0n cao cho ng\u01b0\u01a1\u0300i ti\u00eau d\u00f9ng.<\/li>\n<li><strong>Hi\u1ec7u qu\u1ea3 n\u0103ng l\u01b0\u1ee3ng: A+<\/strong>\u00a0, Ch\u1ec9 th\u1ecb b\u00e3o h\u00f2a cho b\u1ed9 l\u1ecdc.<\/li>\n<li><strong>\u0110\u1eb7c bi\u1ec7t y\u00ean t\u0129nh<\/strong>: M\u00e1y h\u00fat m\u00f9i\u00a0<strong>BOSCH HMH DFS067J50B\u00a0<\/strong>hi\u1ec7u su\u1ea5t cao ch\u1ec9 v\u1edbi 54 dB\u00a0kh\u00f4ng t\u1ea1o c\u1ea3m gi\u00e1c kh\u00f3 ch\u1ecbu cho ng\u01b0\u1eddi s\u1eed d\u1ee5ng.<\/li>\n<li>Thi\u1ebft l\u1eadp t\u1ed1c \u0111\u1ed9 nhanh v\u1edbi vi\u1ec7c ho\u00e0n nguy\u00ean cho ph\u00e9p b\u1ea1n nhanh ch\u00f3ng t\u1eadp trung 6 ph\u00fat v\u1ee1 ra \u0111\u1ec3 l\u00e0m sa\u0323ch mu\u0300i\u00a0m\u1ea1nh m\u1ebd v\u00e0 sau \u0111\u00f3 quay tr\u1edf l\u1ea1i tr\u1ea1ng th\u00e1i b\u00ecnh th\u01b0\u1eddng.<\/li>\n<li>Ch\u00e2\u0301t li\u00ea\u0323u c\u00e2\u0301u tha\u0300nh n\u00ean ma\u0301y la\u0300 th\u00e9p kh\u00f4ng r\u1ec9 v\u00e0 b\u1ea3ng \u0111en m\u1edd v\u1edbi bi\u1ec3u tr\u01b0ng c\u1ee7a Bosch,\u00a0V\u1ecf l\u1ecdc b\u1eb1ng th\u00e9p tha\u0301ch th\u01b0\u0301c th\u01a1\u0300i gian.<\/li>\n<\/ul>\n<h3>Th\u00f4ng s\u1ed1 k\u0129 thu\u1eadt M\u00e1y H\u00fat Kh\u00f3i Kh\u1eed M\u00f9i Bosch DFS097J50B<\/h3>\n<p><strong><a title=\"Ma\u0301y hu\u0301t mu\u0300i Bosch\" href=\"https:\/\/bepvuson.vn\/may-hut-mui-bosch.html\" target=\"_blank\" rel=\"noopener\">Ma\u0301y hu\u0301t mu\u0300i\u00a0BOSCH<\/a>\u00a0HMH DFS067J50B<\/strong>\u00a0c\u00f3 thi\u1ebft k\u1ebf \u00e2m t\u1ee7 nh\u1ecf g\u1ecdn, tinh t\u1ebf, \u0111em l\u1ea1i kh\u00f4ng gian sang tr\u1ecdng cho c\u0103n b\u1ebfp hi\u1ec7n \u0111\u1ea1i.\u00a0Ma\u0301y co\u0301 K\u00edch th\u01b0\u1edbc (HxWxD): 426 x 598 x 290 mm; \u1ed0ng h\u00fat kh\u00f3i \u0111\u01b0\u1eddng k\u00ednh \u00d8 150 mm (\u00d8 120 mm k\u00e8m theo).<\/p>\n<p><img title=\"may-hut-mui-bosch-hmh-dfs067j50b\" src=\"https:\/\/bepvuson.vn\/Data\/upload\/images\/M%C3%A1y%20h%C3%BAt%20m%C3%B9i\/may-hut-mui-am.jpg\" alt=\"may-hut-mui-bosch-hmh-dfs067j50b\" \/><\/p>\n<p>L\u01b0u y\u0301: N\u00ean l\u1eafp \u0111\u1eb7t m\u00e1y h\u00fat m\u00f9i\u00a0<strong>BOSCH HMH DFS067J50B\u00a0<\/strong>\u1edf n\u01a1i kh\u00f4 r\u00e1o, tho\u00e1ng m\u00e1t, d\u1ec5 t\u1ea3n nhi\u1ec7t, tr\u00e1nh nh\u1eefng n\u01a1i qua\u0301 g\u1ea7n b\u1ebfp ho\u1eb7c g\u1ea7n b\u1ed3n \u0111\u1ef1ng n\u01b0\u1edbc\u00a0s\u1ebd gi\u00fap b\u1ea1n s\u1eed d\u1ee5ng s\u1ea3n ph\u1ea9m \u0111\u01b0\u1ee3c l\u00e2u d\u00e0i, \u00edt h\u01b0 h\u1ecfng.<\/p>\n<\/div>\n<\/div>\n","protected":false},"excerpt":{"rendered":"<p>T\u1ed5ng quan chung M\u00e1y H\u00fat M\u00f9i BOSCH HMH DFS067J50B M\u00e1y H\u00fat M\u00f9i BOSCH HMH DFS067J50B do\u0300ng sa\u0309n ph\u00e2\u0309m th\u00f4ng du\u0323ng &hellip; <a class=\"link-more\" href=\"http:\/\/maudep.com.vn\/chuyengiadienmay\/?product=may-hut-mui-bosch-hmh-dfs067j50b\" class=\"more-link\">\u0110\u1ecdc th\u00eam &raquo;<span class=\"screen-reader-text\"> &#8220;M\u00e1y H\u00fat M\u00f9i BOSCH HMH DFS067J50B&#8221;<\/span><\/a><\/p>\n","protected":false},"featured_media":2394,"comment_status":"open","ping_status":"closed","template":"","meta":[],"_links":{"self":[{"href":"http:\/\/maudep.com.vn\/chuyengiadienmay\/index.php?rest_route=\/wp\/v2\/product\/2393"}],"collection":[{"href":"http:\/\/maudep.com.vn\/chuyengiadienmay\/index.php?rest_route=\/wp\/v2\/product"}],"about":[{"href":"http:\/\/maudep.com.vn\/chuyengiadienmay\/index.php?rest_route=\/wp\/v2\/types\/product"}],"replies":[{"embeddable":true,"href":"http:\/\/maudep.com.vn\/chuyengiadienmay\/index.php?rest_route=%2Fwp%2Fv2%2Fcomments&post=2393"}],"wp:featuredmedia":[{"embeddable":true,"href":"http:\/\/maudep.com.vn\/chuyengiadienmay\/index.php?rest_route=\/wp\/v2\/media\/2394"}],"wp:attachment":[{"href":"http:\/\/maudep.com.vn\/chuyengiadienmay\/index.php?rest_route=%2Fwp%2Fv2%2Fmedia&parent=2393"}],"curies":[{"name":"wp","href":"https:\/\/api.w.org\/{rel}","templated":true}]}}