{"id":2395,"date":"2019-01-07T10:41:17","date_gmt":"2019-01-07T03:41:17","guid":{"rendered":"http:\/\/maudep.com.vn\/chuyengiadienmay\/?post_type=product&#038;p=2395"},"modified":"2019-01-07T10:41:17","modified_gmt":"2019-01-07T03:41:17","slug":"may-hut-mui-chefs-eh-905e7","status":"publish","type":"product","link":"http:\/\/maudep.com.vn\/chuyengiadienmay\/?product=may-hut-mui-chefs-eh-905e7","title":{"rendered":"M\u00e1y h\u00fat m\u00f9i Chefs EH-905E7"},"content":{"rendered":"<h3 class=\"title\">T\u1ed5ng quan chung M\u00e1y h\u00fat m\u00f9i Chefs EH-905E7<\/h3>\n<div class=\"article-content\">\n<div class=\"js-content\">\n<h2>M\u00e1y h\u00fat m\u00f9i Chefs EH-905E7\u00a0&#8211;\u00a0S\u1ef1 k\u1ebft h\u1ee3p gi\u1eefa ch\u1ea5t l\u01b0\u1ee3ng cao v\u00e0 t\u00ednh th\u1ea9m m\u0129 la\u0300m ha\u0300i lo\u0300ng nh\u01b0\u0303ng kha\u0301ch ha\u0300ng kho\u0301 ti\u0301nh nh\u00e2\u0301t. Chefs EH-905E7 v\u01a1\u0301i thi\u1ebft k\u1ebf \u00e2m t\u1ee7 \u0111\u1ed9c \u0111\u00e1o \u0111i\u1ec1u khi\u1ec3n b\u1eb1ng ph\u00edm c\u00f4ng t\u1eafc b\u1ea5m kh\u00f4ng ch\u1ec9 d\u1ec5 d\u00e0ng s\u1eed d\u1ee5ng m\u00e0 c\u00f2n t\u1ea1o n\u00ean phong c\u00e1ch\u00a0\u0111\u1eb3ng c\u1ea5p cho c\u0103n b\u1ebfp c\u1ee7a gia \u0111\u00ecnh.<\/h2>\n<h3><strong>Ma\u0301y hu\u0301t mu\u0300i EH-905E7\u00a0ki\u1ec3u d\u00e1ng sang tr\u1ecdng, thi\u1ebft k\u1ebf hi\u1ec7n \u0111\u1ea1i, tinh t\u1ebf<\/strong><\/h3>\n<p><strong>M\u00e1y h\u00fat m\u00f9i Chefs\u00a0EH-905E7<\/strong>\u00a0ngo\u00e0i ch\u1ee9c n\u0103ng kh\u1eed m\u00f9i d\u1ea7u m\u1ee1 m\u1eafm mu\u1ed1i trong qu\u00e1 tr\u00ecnh \u0111un n\u1ea5u co\u0300n tr\u1ea3 l\u1ea1i kh\u00f4ng kh\u00ed s\u1ea1ch cho ph\u00f2ng b\u1ebfp la\u0300 sa\u0309n ph\u00e2\u0309m \u0111\u01b0\u01a1\u0323c ca\u0301c chi\u0323 em tin du\u0300ng hi\u00ea\u0323n nay.<\/p>\n<p><img title=\"may-hut-mui-chefs-eh-905e7\" src=\"https:\/\/bepvuson.vn\/Data\/upload\/images\/M%C3%A1y%20h%C3%BAt%20m%C3%B9i\/002.jpg\" alt=\"may-hut-mui-chefs-eh-905e7\" \/><\/p>\n<ul>\n<li><em>V\u1edbi th\u00e2n m\u00e1y \u0111c la\u0300m b\u1eb1ng ch\u1ea5t li\u1ec7u Inox cao c\u1ea5p 430\u00a0l\u00e0 ch\u1ea5t li\u1ec7u si\u00eau b\u1ec1n\u00a0m\u00e1y h\u00fat m\u00f9i\u00a0<strong>Chefs EH-905E7<\/strong>\u00a0d\u1ec5 lau ch\u00f9i, v\u1ec7 sinh, kh\u00f4ng s\u1ee3 b\u1ecb hoen g\u1ec9.<\/em><\/li>\n<li><em>Thi\u1ebft k\u1ebf v\u1edbi t\u1ea5m l\u1ecdc h\u1ee3p kim nh\u00f4m d\u00e0y 5 l\u1edbp\u00a0c\u00f3 kh\u1ea3 n\u0103ng ng\u0103n ch\u1eb7n d\u1ea7u m\u1ee1 b\u00e1m v\u00e0o \u0111\u1ed9ng c\u01a1, gi\u00fap cho \u0111\u1ed9ng c\u01a1 lu\u00f4n \u0111\u01b0\u1ee3c s\u1ea1ch s\u1ebd, \u0111\u1ea3m b\u1ea3o tu\u1ed5i th\u1ecd cho m\u00e1y.<\/em><\/li>\n<\/ul>\n<h3>Ti\u0301nh n\u0103ng v\u01b0\u01a1\u0323t tr\u00f4\u0323i cu\u0309a ma\u0301y hu\u0301t mu\u0300i EH-905E7<\/h3>\n<p>La\u0300 m\u1ed9t trong c\u00e1c sa\u0309n ph\u00e2\u0309m m\u00e1y h\u00fat m\u00f9i m\u01a1\u0301i nh\u00e2\u0301t v\u1edbi h\u1ec7 th\u1ed1ng b\u1ea3ng \u0111i\u1ec1u khi\u1ec3n c\u1ea3m \u1ee9ng hi\u1ec7n \u0111\u1ea1i hi\u1ec7n nay &#8211;\u00a0M\u00e1y h\u00fat m\u00f9i Chefs\u00a0<strong>EH-905E7<\/strong>\u00a0d\u00e2\u0303n \u0111\u00e2\u0300u c\u00f4ng ngh\u00ea\u0323 trong do\u0300ng ma\u0301y hu\u0301t mu\u0300i,\u00a0m\u00e1y c\u00f3 th\u1ec3 \u0111\u1eb7t ngay t\u1ea1i nh\u1eefng kh\u00f4ng gian b\u1ebfp ch\u1eadt h\u1eb9p m\u00e0 v\u1eabn kh\u00f4ng \u1ea3nh h\u01b0\u1edfng t\u1edbi ng\u01b0\u1eddi s\u1eed d\u1ee5ng.<\/p>\n<p><img title=\"may-hut-mui-chefs-eh-905e7\" src=\"https:\/\/bepvuson.vn\/Data\/upload\/images\/M%C3%A1y%20h%C3%BAt%20m%C3%B9i\/may-hut-chefs.jpg\" alt=\"may-hut-mui-chefs-eh-905e7\" \/><\/p>\n<ul>\n<li><strong>C\u00f4ng su\u1ea5t h\u00fat cao nh\u1ea5t c\u1ee7a m\u00e1y l\u00e0<\/strong>\u00a0: 380 m3\/h v\u1edbi 3 t\u1ed1c \u0111\u1ed9 h\u00fat kh\u00e1c nhau b\u1ea1n c\u00f3 th\u1ec3 t\u00f9y ch\u1ecdn cho ph\u00f9 h\u1ee3p v\u1edbi nh\u1eefng m\u00f3n n\u1ea5u kh\u00e1c nhau. M\u00e1y h\u00fat m\u00f9i Chefs EH-905E7 mang l\u1ea1i hi\u1ec7u qu\u1ea3 h\u00fat m\u00f9i tuy\u1ec7t \u0111\u1ed1i nh\u01b0ng ma\u0301y\u00a0l\u1ea1i c\u00f3 \u0111\u1ed9 \u1ed3n t\u01b0\u01a1ng \u0111\u1ed1i th\u1ea5p nh\u1ecf h\u01a1n 56dB ho\u00e0n to\u00e0n kh\u00f4ng \u1ea3nh h\u01b0\u1edfng t\u1edbi ng\u01b0\u1eddi s\u1eed d\u1ee5ng.<\/li>\n<li><strong>Ma\u0301y hu\u0301t mu\u0300i\u00a0v\u1edbi thi\u1ebft k\u1ebf \u0111\u1ed9ng c\u01a1 h\u1ed9p k\u00edn<\/strong>\u00a0si\u00eau b\u1ec1n b\u00e2\u0301p ch\u00e2\u0301p th\u01a1\u0300i gian, ti\u00ea\u0301t ki\u00ea\u0323m \u0111i\u00ea\u0323n n\u0103ng tuy\u00ea\u0323t \u0111\u00f4\u0301i.<\/li>\n<li><strong>M\u00e1y h\u00fat m\u00f9i Chefs EH-905E7<\/strong>\u00a0\u0111\u01b0\u1ee3c trang b\u1ecb 2 \u0111\u00e8n chi\u1ebfu s\u00e1ng hallogen ti\u1ebft ki\u1ec7m \u0111i\u1ec7n \u0111\u1ea3m b\u1ea3o \u0111\u1ee7 \u00e1nh s\u00e1ng khi \u0111un n\u1ea5u\u00a0c\u00f9ng c\u00f4ng su\u1ea5t ho\u1ea1t \u0111\u1ed9ng c\u1ee7a b\u00f3ng \u0111\u00e8n l\u00e0 2W \/ 1 b\u00f3ng.<br \/>\n<strong>Hai \u0111\u00e8n<\/strong>\u00a0gi\u00fap chi\u1ebfu s\u00e1ng v\u00f9ng n\u1ea5u khi tr\u1eddi t\u1ed1i ho\u1eb7c thi\u1ebfu s\u00e1ng vi\u1ec7c n\u1ea5u n\u01b0\u1edbng c\u1ee7a b\u1ea1n s\u1ebd l\u00e0 m\u1ed9t tr\u1ea3i nghi\u1ec7m th\u00fa v\u1ecb.<\/li>\n<li><strong>M\u00e1y h\u00fat m\u00f9i \u00e2m t\u1ee7 Chefs EH-905E7\u00a0c\u00f3 2 ch\u1ebf \u0111\u1ed9 h\u00fat kh\u1eed m\u00f9i kh\u00e1c nhau \u0111\u00f3 l\u00e0<\/strong>\u00a0: ch\u1ebf \u0111\u1ed9 kh\u1eed m\u00f9i b\u1eb1ng than ho\u1ea1t t\u00ednh v\u00e0 ch\u1ebf \u0111\u1ed9 h\u00fat \u0111\u1ea9y qua h\u1ec7 th\u1ed1ng \u1ed1ng d\u1eabn, v\u1edbi c\u1ea3 2 ch\u1ebf \u0111\u1ed9 h\u00fat n\u00e0y th\u00ec m\u00e1y \u0111\u1ec1u \u0111\u1ea3m b\u1ea3o c\u00f3 c\u00f4ng su\u1ea5t h\u00fat l\u1edbn v\u00e0 hi\u1ec7u su\u1ea5t s\u1eed d\u1ee5ng cao.<\/li>\n<\/ul>\n<p><img title=\"may-hut-mui-chefs-eh-905e7-02\" src=\"https:\/\/bepvuson.vn\/Data\/upload\/images\/ma%CC%81y%20hu%CC%81t%20mu%CC%80i%20chefs\/may-hut-mui-chefs-905e7-1.jpg\" alt=\"may-hut-mui-chefs-eh-905e7-02\" \/><\/p>\n<\/div>\n<\/div>\n","protected":false},"excerpt":{"rendered":"<p>T\u1ed5ng quan chung M\u00e1y h\u00fat m\u00f9i Chefs EH-905E7 M\u00e1y h\u00fat m\u00f9i Chefs EH-905E7\u00a0&#8211;\u00a0S\u1ef1 k\u1ebft h\u1ee3p gi\u1eefa ch\u1ea5t l\u01b0\u1ee3ng cao v\u00e0 &hellip; <a class=\"link-more\" href=\"http:\/\/maudep.com.vn\/chuyengiadienmay\/?product=may-hut-mui-chefs-eh-905e7\" class=\"more-link\">\u0110\u1ecdc th\u00eam &raquo;<span class=\"screen-reader-text\"> &#8220;M\u00e1y h\u00fat m\u00f9i Chefs EH-905E7&#8221;<\/span><\/a><\/p>\n","protected":false},"featured_media":2396,"comment_status":"open","ping_status":"closed","template":"","meta":[],"_links":{"self":[{"href":"http:\/\/maudep.com.vn\/chuyengiadienmay\/index.php?rest_route=\/wp\/v2\/product\/2395"}],"collection":[{"href":"http:\/\/maudep.com.vn\/chuyengiadienmay\/index.php?rest_route=\/wp\/v2\/product"}],"about":[{"href":"http:\/\/maudep.com.vn\/chuyengiadienmay\/index.php?rest_route=\/wp\/v2\/types\/product"}],"replies":[{"embeddable":true,"href":"http:\/\/maudep.com.vn\/chuyengiadienmay\/index.php?rest_route=%2Fwp%2Fv2%2Fcomments&post=2395"}],"wp:featuredmedia":[{"embeddable":true,"href":"http:\/\/maudep.com.vn\/chuyengiadienmay\/index.php?rest_route=\/wp\/v2\/media\/2396"}],"wp:attachment":[{"href":"http:\/\/maudep.com.vn\/chuyengiadienmay\/index.php?rest_route=%2Fwp%2Fv2%2Fmedia&parent=2395"}],"curies":[{"name":"wp","href":"https:\/\/api.w.org\/{rel}","templated":true}]}}