{"id":2397,"date":"2019-01-07T10:44:46","date_gmt":"2019-01-07T03:44:46","guid":{"rendered":"http:\/\/maudep.com.vn\/chuyengiadienmay\/?post_type=product&#038;p=2397"},"modified":"2019-01-07T10:44:46","modified_gmt":"2019-01-07T03:44:46","slug":"may-hut-mui-chefs-eh-906e6","status":"publish","type":"product","link":"http:\/\/maudep.com.vn\/chuyengiadienmay\/?product=may-hut-mui-chefs-eh-906e6","title":{"rendered":"M\u00e1y h\u00fat m\u00f9i Chefs EH-906E6"},"content":{"rendered":"<h3 class=\"title\">T\u1ed5ng quan chung M\u00e1y h\u00fat m\u00f9i Chefs EH-906E6<\/h3>\n<div class=\"article-content\">\n<div class=\"js-content\">\n<h2>Ma\u0301y hu\u0301t mu\u0300i Chefs EH-906E6 ngo\u00e0i ch\u1ee9c n\u0103ng kh\u1eed m\u00f9i d\u1ea7u m\u1ee1 m\u1eafm mu\u1ed1i trong qu\u00e1 tr\u00ecnh \u0111un n\u1ea5u co\u0300n tr\u1ea3 l\u1ea1i kh\u00f4ng kh\u00ed s\u1ea1ch cho ph\u00f2ng b\u1ebfp la\u0300 sa\u0309n ph\u00e2\u0309m \u0111\u01b0\u01a1\u0323c ca\u0301c chi\u0323 em tin du\u0300ng hi\u00ea\u0323n nay. B\u00ea\u0301p Vu\u0303 S\u01a1n m\u00f4\u0323t \u0111\u01a1n vi\u0323 ha\u0300ng \u0111\u00e2\u0300u cung c\u00e2\u0301p sa\u0309n ph\u00e2\u0309m ma\u0301y hu\u0301t mu\u0300i chi\u0301nh ha\u0303ng v\u01a1\u0301i gia\u0301 re\u0309 nh\u00e2\u0301t tr\u00ean thi\u0323 tr\u01b0\u01a1\u0300ng.<\/h2>\n<h3><strong>Chefs\u00a0EH-906E6 v\u1edbi ki\u1ec3u d\u00e1ng sang tr\u1ecdng, thi\u1ebft k\u1ebf hi\u1ec7n \u0111\u1ea1i, tinh t\u1ebf<\/strong><\/h3>\n<p><strong>M\u00e1y h\u00fat m\u00f9i Chefs\u00a0EH-906E6\u00a0<\/strong>l\u00e0 m\u1ed9t trong c\u00e1c sa\u0309n ph\u00e2\u0309m m\u00e1y h\u00fat m\u00f9i m\u01a1\u0301i nh\u00e2\u0301t v\u1edbi h\u1ec7 th\u1ed1ng b\u1ea3ng \u0111i\u1ec1u khi\u1ec3n c\u1ea3m \u1ee9ng hi\u1ec7n \u0111\u1ea1i hi\u1ec7n nay.<\/p>\n<p><img title=\"may-hut-mui-chefs-eh-906e6\" src=\"https:\/\/bepvuson.vn\/Data\/upload\/images\/ma%CC%81y%20hu%CC%81t%20mu%CC%80i%20chefs\/large_05_2018_7159_May-hut-mui-Chefs-EH-R506E7.png\" alt=\"may-hut-mui-chefs-eh-906e6\" \/><\/p>\n<ul>\n<li><em>H\u00fat kh\u1eed m\u00f9i Chefs EH-906E6\u00a0v\u1edbi th\u00e2n m\u00e1y \u0111c la\u0300m b\u1eb1ng ch\u1ea5t li\u1ec7u Inox cao c\u1ea5p 430. C\u00f9ng k\u00edch th\u01b0\u1edbc m\u00e1y la\u0300 600 x 185(470) x 200mm.<\/em><\/li>\n<li><em>H\u00fat m\u00f9i Chefs EH-906E6 v\u1edbi thi\u1ebft k\u1ebf \u0111\u1ed9ng c\u01a1 h\u1ed9p k\u00edn si\u00eau b\u1ec1n b\u00e2\u0301p ch\u00e2\u0301p th\u01a1\u0300i gian.<\/em><\/li>\n<\/ul>\n<h3><strong>Ti\u0301nh n\u0103ng v\u01b0\u01a1\u0323t tr\u00f4\u0323i cu\u0309a do\u0300ng\u00a0Chefs EH-906E6<\/strong><\/h3>\n<p><strong>M\u00e1y h\u00fat m\u00f9i Chefs EH-906E6<\/strong>\u00a0\u0111\u01b0\u1ee3c thi\u1ebft k\u1ebf v\u1edbi 2 ch\u1ebf \u0111\u1ed9 h\u00fat : \u00a0h\u00fat kh\u1eed tr\u1ef1c ti\u1ebfp b\u1eb1ng than ho\u1ea1t t\u00ednh v\u00e0 h\u00fat \u0111\u1ea9y tr\u1ef1c ti\u1ebfp ra b\u00ean ngo\u00e0i theo \u0111\u01b0\u1eddng \u1ed1ng.<\/p>\n<p><img title=\"may-hut-mui-chefs-eh-906e6-01\" src=\"https:\/\/bepvuson.vn\/Data\/upload\/images\/ma%CC%81y%20hu%CC%81t%20mu%CC%80i%20chefs\/large_05_2018_7159_May-hut-mui-Chefs-EH-R506E7(1).png\" alt=\"may-hut-mui-chefs-eh-906e6-01\" \/><\/p>\n<p><strong>H\u00fat \u0111\u1ea9y ra ngo\u00e0i qua \u0111\u01b0\u1eddng \u1ed1ng :<\/strong><\/p>\n<ul>\n<li><em>V\u1edbi ph\u01b0\u01a1ng ph\u00e1p n\u00e0y cu\u0309a ma\u0301y hu\u0301t mu\u0300i Chefs\u00a0th\u00ec qu\u00e1 tr\u00ecnh h\u00fat kh\u1eed mu\u0300i s\u1ebd \u0111\u01b0\u1ee3c tri\u1ec7t \u0111\u00ea\u0309, m\u00f9i th\u1ee9c \u0103n trong qu\u00e1 tr\u00ecnh n\u1ea5u s\u1ebd \u0111\u01b0\u1ee3c \u0111\u1ea9y to\u00e0n b\u1ed9 ra b\u00ean ngo\u00e0i theo \u0111\u01b0\u1eddng \u1ed1ng tho\u00e1t. Trong pho\u0300ng se\u0303 kh\u00f4ng co\u0300n mu\u0300i th\u01b0\u0301c \u0103n n\u01b0\u0303a mang l\u1ea1i c\u1ea3m gi\u00e1c tho\u1ea3i m\u00e1i cho mo\u0323i ng\u01b0\u01a1\u0300i. \u0110\u1eb7c bi\u1ec7t s\u1eed d\u1ee5ng ph\u01b0\u01a1ng pha\u0301p na\u0300y qu\u00fd kh\u00e1ch kh\u00f4ng ph\u1ea3i m\u1ea5t chi ph\u00ed va\u0300 th\u01a1\u0300i gian \u0111\u00ea\u0309 thay than.<\/em><\/li>\n<\/ul>\n<p><strong>Kh\u1eed m\u00f9i tr\u1ef1c ti\u1ebfp b\u1eb1ng than ho\u1ea1t t\u00ednh :<\/strong><\/p>\n<ul>\n<li><em>V\u1edbi ch\u1ebf \u0111\u1ed9 h\u00fat n\u00e0y m\u00e1y s\u1ebd ho\u1ea1t \u0111\u1ed9ng kh\u1eed m\u00f9i tr\u1ef1c ti\u1ebfp b\u1eb1ng than ho\u1ea1t t\u00ednh v\u00e0 tr\u1ea3 l\u1ea1i kh\u00f4ng kh\u00ed s\u1ea1ch, kh\u00f4ng co\u0300n m\u00f9i th\u1ee9c \u0103n cho kh\u00f4ng gian b\u1ebfp. Nh\u01b0ng v\u1edbi ch\u1ebf \u0111\u1ed9 h\u00fat n\u00e0y cu\u0309a ma\u0301y hu\u0301t mu\u0300i Chefs\u00a0ch\u00fang ta ph\u1ea3i th\u01b0\u1eddng xuy\u00ean thay than \u0111\u1ec3 \u0111\u1ea3m b\u1ea3o m\u00f9i \u0111\u01b0\u1ee3c kh\u1eed tri\u1ec7t \u0111\u1ec3, th\u00f4ng th\u01b0\u1eddng th\u1eddi gian thay than t\u1eeb 6-8 th\u00e1ng. Ch\u1ebf \u0111\u1ed9 h\u00fat n\u00e0y ch\u1ec9 s\u1eed d\u1ee5ng cho kh\u00f4ng gian b\u1ebfp kh\u00f4ng ch\u1ea1y \u0111\u01b0\u1ee3c \u0111\u01b0\u1eddng \u1ed1ng ra b\u00ean ngo\u00e0i.<\/em><\/li>\n<\/ul>\n<p><img title=\"may-hut-mui-chefs-eh-906e6-02\" src=\"https:\/\/bepvuson.vn\/Data\/upload\/images\/ma%CC%81y%20hu%CC%81t%20mu%CC%80i%20chefs\/mat-kinh-bep-tu-chefs-EH-DIH366-750x516(11).jpg\" alt=\"may-hut-mui-chefs-eh-906e6-02\" \/><\/p>\n<ul>\n<li><em>C\u00f4ng su\u1ea5t h\u00fat c\u1ee7a m\u00e1y h\u00fat kh\u1eed m\u00f9i\u00a0<strong>Chefs EH-906E6<\/strong>\u00a0l\u00e0 380m3\/h v\u00e0 \u0111\u1ed9 \u1ed3n t\u1ed1i \u0111a &lt;56db hoa\u0323t \u0111\u00f4\u0323ng c\u01b0\u0323c \u00eam a\u0301i.<\/em><\/li>\n<li><em>M\u00e1y hu\u0301t mu\u0300i Chefs\u00a0v\u01a1\u0301i h\u1ec7 th\u1ed1ng \u0111\u00e8n Halogen\u00a0s\u00e1ng \u1ea5m c\u00f9ng c\u00f4ng su\u1ea5t ho\u1ea1t \u0111\u1ed9ng c\u1ee7a b\u00f3ng \u0111\u00e8n l\u00e0 2W \/ 1 b\u00f3ng ,ti\u1ebft ki\u1ec7m \u0111i\u1ec7n \u0111\u1ea3m b\u1ea3o \u0111\u1ee7 \u00e1nh s\u00e1ng khi \u0111un n\u1ea5u.<\/em><\/li>\n<li><em>M\u00e1y s\u1eed d\u1ee5ng l\u01b0\u1edbi l\u1ecdc m\u1ee1 h\u01a1\u0323p kim 5\u00a0l\u1edbp gi\u00fap l\u1ecdc kh\u00ed v\u00f4 c\u00f9ng hi\u1ec7u qu\u1ea3 d\u00ea\u0303 da\u0300ng v\u00ea\u0323 sinh + \u0111\u00f4\u0323 b\u00ea\u0300n cao.<\/em><\/li>\n<\/ul>\n<\/div>\n<\/div>\n","protected":false},"excerpt":{"rendered":"<p>T\u1ed5ng quan chung M\u00e1y h\u00fat m\u00f9i Chefs EH-906E6 Ma\u0301y hu\u0301t mu\u0300i Chefs EH-906E6 ngo\u00e0i ch\u1ee9c n\u0103ng kh\u1eed m\u00f9i d\u1ea7u m\u1ee1 &hellip; <a class=\"link-more\" href=\"http:\/\/maudep.com.vn\/chuyengiadienmay\/?product=may-hut-mui-chefs-eh-906e6\" class=\"more-link\">\u0110\u1ecdc th\u00eam &raquo;<span class=\"screen-reader-text\"> &#8220;M\u00e1y h\u00fat m\u00f9i Chefs EH-906E6&#8221;<\/span><\/a><\/p>\n","protected":false},"featured_media":2398,"comment_status":"open","ping_status":"closed","template":"","meta":[],"_links":{"self":[{"href":"http:\/\/maudep.com.vn\/chuyengiadienmay\/index.php?rest_route=\/wp\/v2\/product\/2397"}],"collection":[{"href":"http:\/\/maudep.com.vn\/chuyengiadienmay\/index.php?rest_route=\/wp\/v2\/product"}],"about":[{"href":"http:\/\/maudep.com.vn\/chuyengiadienmay\/index.php?rest_route=\/wp\/v2\/types\/product"}],"replies":[{"embeddable":true,"href":"http:\/\/maudep.com.vn\/chuyengiadienmay\/index.php?rest_route=%2Fwp%2Fv2%2Fcomments&post=2397"}],"wp:featuredmedia":[{"embeddable":true,"href":"http:\/\/maudep.com.vn\/chuyengiadienmay\/index.php?rest_route=\/wp\/v2\/media\/2398"}],"wp:attachment":[{"href":"http:\/\/maudep.com.vn\/chuyengiadienmay\/index.php?rest_route=%2Fwp%2Fv2%2Fmedia&parent=2397"}],"curies":[{"name":"wp","href":"https:\/\/api.w.org\/{rel}","templated":true}]}}