{"id":2399,"date":"2019-01-07T10:48:29","date_gmt":"2019-01-07T03:48:29","guid":{"rendered":"http:\/\/maudep.com.vn\/chuyengiadienmay\/?post_type=product&#038;p=2399"},"modified":"2019-01-07T10:48:29","modified_gmt":"2019-01-07T03:48:29","slug":"may-hut-mui-hafele-hh-tg90e","status":"publish","type":"product","link":"http:\/\/maudep.com.vn\/chuyengiadienmay\/?product=may-hut-mui-hafele-hh-tg90e","title":{"rendered":"M\u00e1y h\u00fat m\u00f9i Hafele HH-TG90E"},"content":{"rendered":"<h3 class=\"title\">T\u1ed5ng quan chung M\u00e1y h\u00fat m\u00f9i Hafele HH-TG90E<\/h3>\n<div class=\"article-content\">\n<div class=\"js-content\">\n<h2>L\u00e0 ng\u01b0\u1eddi Vi\u1ec7t ch\u1eafc b\u1ea1n ch\u1ea3 c\u00f2n l\u1ea1 l\u1eabm v\u1edbi th\u01b0\u01a1ng hi\u1ec7u \u0111\u1ed3 gia d\u1ee5ng Hafele. \u0110\u01b0\u1ee3c thi\u1ebft k\u1ebf d\u1ef1a tr\u00ean th\u00f3i quen n\u1ea5u n\u01b0\u1edbng th\u01b0\u1eddng xuy\u00ean c\u1ee7a ng\u01b0\u1eddi Ch\u00e2u \u00c1, Hafele\u00a0cho ra m\u1eaft m\u1eabu m\u00e1y h\u00fat m\u00f9i Hafele-TG90E\u00a0model m\u1edbi nh\u1ea5t n\u0103m 2018, \u0111a\u0309m ba\u0309o loa\u0323i bo\u0309 kho\u0301i mu\u0300i kho\u0301 chi\u0323u.<\/h2>\n<h3>\u0110\u0103\u0323c \u0111i\u00ea\u0309m c\u01a1 ba\u0309n cu\u0309a ma\u0301y hu\u0301t mu\u0300i TG90E<\/h3>\n<p>M\u00e1y h\u00fat m\u00f9i Hafele HH-TG90E\u00a0v\u1edbi l\u1ef1c h\u00fat m\u1ea1nh, \u0111\u1ed9 \u1ed3n th\u1ea5p c\u00f9ng thi\u1ebft k\u1ebf v\u1ecf b\u1eb1ng inox s\u00e1ng b\u00f3ng, sang tr\u1ecdng &amp; d\u1ec5 d\u00e0ng v\u1ec7 sinh \u0111\u1ed3ng th\u1eddi 2 \u0111\u00e8n Led 5W si\u00eau s\u00e1ng gi\u00fap c\u00e1c ch\u1ecb em n\u1ed9i tr\u1ee3 n\u1ea5u \u0103n thu\u1eadn ti\u1ec7n.<\/p>\n<p><img title=\"may-hut-mui-hafele-hh-tg90e\" src=\"https:\/\/bepvuson.vn\/Data\/upload\/images\/may_hut_mui\/may-hut-mui-am-tu-dang-keo-90cm-hafele-hh-tg90e-539-81-0753.jpg\" alt=\"may-hut-mui-hafele-hh-tg90e\" \/><\/p>\n<ul>\n<li>Khi b\u1ea1n s\u1edf h\u1eefu d\u00f2ng s\u1ea3n ph\u1ea9m m\u00e1y h\u00fat m\u00f9i Hafele HH-TG90E\u00a0b\u1ea1n s\u1ebd kh\u00f4ng c\u1ea7n ph\u1ea3i b\u01b0\u1edbc ra ngo\u00e0i \u0111\u1ec3 c\u00f3 kh\u00f4ng kh\u00ed trong l\u00e0nh. M\u00e1y ho\u1ea1t \u0111\u1ed9ng \u0111\u1ea1t hi\u1ec7u qu\u1ea3, th\u00f4ng gi\u00f3 t\u1ed1t, b\u1ea1n c\u00f3 th\u1ec3 l\u00e0m s\u1ea1ch kh\u00f4ng kh\u00ed m\u1ed9t c\u00e1ch nhanh ch\u00f3ng. M\u00e1y h\u00fat m\u00f9i c\u00f3 kh\u1ea3 n\u0103ng h\u00fat x\u1ea3 l\u00ean \u0111\u1ebfn 722 m3\/h, ch\u00fang s\u1ebd nhanh ch\u00f3ng lo\u1ea1i b\u1ecf h\u01a1i n\u01b0\u1edbc, m\u00f9i h\u00f4i, d\u1ea7u m\u1ee1 v\u00e0 kh\u00f3i t\u1ea1o ra trong khi n\u1ea5u n\u01b0\u1edbng.<\/li>\n<li>M\u00e1y h\u00fat m\u00f9i Hafele c\u00f3 th\u1ec3 s\u1eed d\u1ee5ng hai t\u00ednh n\u0103ng kh\u1eed m\u00f9i, \u0111\u00f3 l\u00e0 kh\u1eed m\u00f9i tr\u1ef1c ti\u1ebfp v\u00e0 kh\u1eed m\u00f9i tu\u1ea7n ho\u00e0n. T\u00f9y t\u1eebng kh\u00f4ng gian b\u1ebfp m\u00e0 b\u1ea1n c\u00f3 th\u1ec3 ch\u1ecdn t\u00ednh n\u0103ng kh\u1eed m\u00f9i th\u00edch h\u1ee3p cho b\u1ebfp.<\/li>\n<li>S\u1ea3n ph\u1ea9m m\u00e1y h\u00fat m\u00f9i HH-TG90E\u00a0c\u00f3 \u0111\u1ed9 \u1ed3n l\u00e0 61db n\u00ean th\u00e2n thi\u1ec7n v\u1edbi ng\u01b0\u1eddi s\u1eed d\u1ee5ng, v\u00ec v\u1eady khi m\u00e1y ho\u1ea1t \u0111\u1ed9ng \u0111\u1ed9 \u1ed3n c\u1ee7a m\u00e1y kh\u00f4ng l\u00e0m \u1ea3nh h\u01b0\u1edfng \u0111\u1ebfn sinh ho\u1ea1t c\u1ee7a gia \u0111\u00ecnh.<\/li>\n<\/ul>\n<p><img title=\"may-hut-mui-hafele-hh-tg90e-01\" src=\"https:\/\/bepvuson.vn\/Data\/upload\/images\/may_hut_mui\/hut-mui-hafele-hh-bi60b-kt.jpg\" alt=\"may-hut-mui-hafele-hh-tg90e-01\" \/><\/p>\n<ul>\n<li>L\u01b0\u1edbi l\u1ecdc h\u1ee3p kim nh\u00f4m 5 l\u1edbp d\u1ec5 d\u00e0ng v\u1ec7 sinh, ti\u1ebft ki\u1ec7m th\u1eddi gian c\u00f4ng s\u1ee9c cho ng\u01b0\u1eddi n\u1ed9i tr\u1ee3 gi\u00fap kh\u00f3i m\u00f9i th\u1ee9c \u0103n nhanh ch\u00f3ng \u0111\u01b0\u1ee3c tho\u00e1t qua t\u1ea5m l\u1ecdc n\u00e0y v\u00e0 \u0111\u1eb7c bi\u1ec7t c\u00f3 th\u1ec3 th\u00e1o r\u1eddi v\u00e0 d\u1ec5 d\u00e0ng v\u1ec7 sinh.<\/li>\n<li>T\u1ea5m l\u01b0\u1edbi l\u1ecdc c\u1ee7a m\u00e1y h\u00fat m\u00f9i Hafele\u00a0n\u00e0y \u0111\u01b0\u1ee3c l\u00e0m b\u1eb1ng nh\u00f4m Aluminum g\u1ed3m 3 l\u1edbp b\u1ea3o v\u1ec7 \u0111\u1ed9ng c\u01a1 b\u00ean trong ng\u0103n kh\u00f4ng cho d\u1ea7u m\u1ee1 \u0111i v\u00e0o v\u00e0 c\u00f3 th\u1ec3 th\u00e1o r\u1eddi l\u00e0m s\u1ea1ch d\u1ec5 d\u00e0ng \u0111\u1ea3m b\u1ea3o kh\u1ea3 n\u0103ng h\u00fat hi\u1ec7u qu\u1ea3 nh\u1ea5t.<\/li>\n<\/ul>\n<p><img title=\"may-hut-mui-hafele-hh-tg90e-02\" src=\"https:\/\/bepvuson.vn\/Data\/upload\/images\/may_hut_mui\/anh-may-hut-mui-hafele-HH-TG90E.jpg\" alt=\"may-hut-mui-hafele-hh-tg90e-02\" \/><\/p>\n<p>S\u1ea3n ph\u1ea9m c\u00f3 gi\u00e1 c\u1ea3 kh\u00f4ng qu\u00e1 cao, ph\u00f9 h\u1ee3p v\u1edbi nhi\u1ec1u gia \u0111\u00ecnh Vi\u00ea\u0323t. N\u1ebfu gia \u0111\u00ecnh c\u00f3 kh\u00f4ng gian b\u1ebfp r\u1ed9ng v\u00e0 nhu c\u1ea7u n\u1ea5u n\u01b0\u1edbng cao th\u00ec m\u00e1y h\u00fat m\u00f9i Hafele HH-TG90E\u00a0x\u1ee9ng \u0111\u00e1ng l\u00e0 s\u1ef1 l\u1ef1a ch\u1ecdn ho\u00e0n h\u1ea3o.<\/p>\n<\/div>\n<\/div>\n","protected":false},"excerpt":{"rendered":"<p>T\u1ed5ng quan chung M\u00e1y h\u00fat m\u00f9i Hafele HH-TG90E L\u00e0 ng\u01b0\u1eddi Vi\u1ec7t ch\u1eafc b\u1ea1n ch\u1ea3 c\u00f2n l\u1ea1 l\u1eabm v\u1edbi th\u01b0\u01a1ng hi\u1ec7u &hellip; <a class=\"link-more\" href=\"http:\/\/maudep.com.vn\/chuyengiadienmay\/?product=may-hut-mui-hafele-hh-tg90e\" class=\"more-link\">\u0110\u1ecdc th\u00eam &raquo;<span class=\"screen-reader-text\"> &#8220;M\u00e1y h\u00fat m\u00f9i Hafele HH-TG90E&#8221;<\/span><\/a><\/p>\n","protected":false},"featured_media":2400,"comment_status":"open","ping_status":"closed","template":"","meta":[],"_links":{"self":[{"href":"http:\/\/maudep.com.vn\/chuyengiadienmay\/index.php?rest_route=\/wp\/v2\/product\/2399"}],"collection":[{"href":"http:\/\/maudep.com.vn\/chuyengiadienmay\/index.php?rest_route=\/wp\/v2\/product"}],"about":[{"href":"http:\/\/maudep.com.vn\/chuyengiadienmay\/index.php?rest_route=\/wp\/v2\/types\/product"}],"replies":[{"embeddable":true,"href":"http:\/\/maudep.com.vn\/chuyengiadienmay\/index.php?rest_route=%2Fwp%2Fv2%2Fcomments&post=2399"}],"wp:featuredmedia":[{"embeddable":true,"href":"http:\/\/maudep.com.vn\/chuyengiadienmay\/index.php?rest_route=\/wp\/v2\/media\/2400"}],"wp:attachment":[{"href":"http:\/\/maudep.com.vn\/chuyengiadienmay\/index.php?rest_route=%2Fwp%2Fv2%2Fmedia&parent=2399"}],"curies":[{"name":"wp","href":"https:\/\/api.w.org\/{rel}","templated":true}]}}