{"id":2401,"date":"2019-01-07T10:51:34","date_gmt":"2019-01-07T03:51:34","guid":{"rendered":"http:\/\/maudep.com.vn\/chuyengiadienmay\/?post_type=product&#038;p=2401"},"modified":"2019-01-07T10:51:34","modified_gmt":"2019-01-07T03:51:34","slug":"may-hut-mui-hafele-hh-tg60e","status":"publish","type":"product","link":"http:\/\/maudep.com.vn\/chuyengiadienmay\/?product=may-hut-mui-hafele-hh-tg60e","title":{"rendered":"M\u00e1y h\u00fat m\u00f9i Hafele HH-TG60E"},"content":{"rendered":"<h3 class=\"title\">T\u1ed5ng quan chung M\u00e1y h\u00fat m\u00f9i Hafele HH-TG60E<\/h3>\n<div class=\"article-content\">\n<div class=\"js-content\">\n<h2>M\u00e1y h\u00fat m\u00f9i Hafele HH-TG60E (539.81.073) l\u00e0 gi\u1ea3i ph\u00e1p \u0111\u01a1n gi\u1ea3n \u0111\u1ec3 b\u1ea1n lo\u1ea1i b\u1ecf nh\u1eefng m\u00f9i h\u00f4i kh\u00f3 ch\u1ecbu trong nh\u00e0 b\u1ebfp m\u1ed9t c\u00e1ch nhanh ch\u00f3ng. Kh\u00f4ng nh\u1eefng th\u1ebf s\u1ea3n ph\u1ea9m m\u00e1y h\u00fat m\u00f9i Hafele c\u00f2n chinh ph\u1ee5c kh\u00e1ch h\u00e0ng b\u1eb1ng thi\u1ebft k\u1ebf \u0111\u1eb9p m\u1eaft v\u00e0 sang trong t\u00f4n l\u00ean v\u1ebb \u0111\u1eb9p ri\u00eang cho c\u0103n b\u1ebfp c\u1ee7a gia \u0111\u00ecnh b\u1ea1n.<\/h2>\n<h3>Hafele HH-TG60E kh\u01b0\u0309 mu\u0300i nhanh cho\u0301ng, hi\u00ea\u0323u qua\u0309<\/h3>\n<p>L\u01b0\u1edbi l\u1ecdc h\u1ee3p kim nh\u00f4m 5 l\u1edbp cu\u0309a\u00a0m\u00e1y h\u00fat m\u00f9i Hafele HH-TG60E\u00a0d\u1ec5 d\u00e0ng v\u1ec7 sinh, ti\u1ebft ki\u1ec7m th\u1eddi gian c\u00f4ng s\u1ee9c cho ng\u01b0\u1eddi n\u1ed9i tr\u1ee3 gi\u00fap kh\u00f3i m\u00f9i th\u1ee9c \u0103n nhanh ch\u00f3ng \u0111\u01b0\u1ee3c tho\u00e1t qua t\u1ea5m l\u1ecdc n\u00e0y.<\/p>\n<p><img title=\"may-hut-mui-hafele-hh-tg60e\" src=\"https:\/\/bepvuson.vn\/Data\/upload\/images\/may_hut_mui\/Picture51.jpg\" alt=\"may-hut-mui-hafele-hh-tg60e\" \/><\/p>\n<ul>\n<li>M\u00e1y h\u00fat m\u00f9i Hafele\u00a0ch\u00ednh h\u00e3ng c\u00f3 c\u00f4ng su\u1ea5t h\u00fat t\u1ed1i \u0111a \u0111\u1ea1t 581\u00a0m3\/h n\u00ean \u0111\u01b0\u1ee3c \u0111\u00e1nh gi\u00e1 l\u00e0 m\u00e1y h\u00fat m\u00f9i c\u00f3 c\u00f4ng su\u1ea5t kh\u1ecfe, mang l\u1ea1i kh\u00f4ng gian b\u1ebfp trong l\u00e0nh cho c\u0103n b\u1ebfp gia \u0111\u00ecnh.<\/li>\n<li>H\u1ec7 th\u1ed1ng h\u00fat x\u1ea3 tu\u1ea7n ho\u00e0n ho\u1eb7c th\u00f4ng gi\u00f3, c\u00f3 ph\u1ee5 ki\u1ec7n \u0111i k\u00e8m l\u00e0 than ho\u1ea1t t\u00ednh v\u1eeba c\u00f3 th\u1ec3 h\u00fat, \u0111\u1ea9y m\u00f9i ra ngo\u00e0i v\u1eeba c\u00f3 th\u1ec3 linh ho\u1ea1t s\u1eed d\u1ee5ng than ho\u1ea1t t\u00ednh \u0111\u1ec3 kh\u1eed m\u00f9i t\u1ea1i ch\u1ed7.<\/li>\n<li>S\u1ea3n ph\u1ea9m\u00a0m\u00e1y h\u00fat m\u00f9i Hafele hh-TG60E c\u00f3 \u0111\u1ed9 \u1ed3n l\u00e0 62db n\u00ean th\u00e2n thi\u1ec7n v\u1edbi ng\u01b0\u1eddi s\u1eed d\u1ee5ng, v\u00ec v\u1eady khi m\u00e1y ho\u1ea1t \u0111\u1ed9ng \u0111\u1ed9 \u1ed3n c\u1ee7a m\u00e1y kh\u00f4ng l\u00e0m \u1ea3nh h\u01b0\u1edfng \u0111\u1ebfn sinh ho\u1ea1t c\u1ee7a gia \u0111\u00ecnh.<\/li>\n<li>Thi\u1ebft k\u1ebf v\u1edbi m\u00e0u inox s\u00e1ng b\u00f3ng c\u00e0ng l\u00e0m cho gian b\u1ebfp th\u00eam s\u1ea1ch s\u1ebd.<\/li>\n<\/ul>\n<p><img title=\"may-hut-mui-hafele-hh-tg60e-01\" src=\"https:\/\/bepvuson.vn\/Data\/upload\/images\/may_hut_mui\/kich-thuoc-May-hut-mui-Hafele-HH-TG60E.jpg\" alt=\"may-hut-mui-hafele-hh-tg60e-01\" \/><\/p>\n<ul>\n<li>Ch\u1ea5t li\u1ec7u ch\u00ednh c\u1ee7a m\u00e1y l\u00e0 inox 430 kh\u00f4ng han g\u1ec9, b\u1ec1n b\u1ec9 v\u00e0 d\u1ec5 d\u00e0ng v\u1ec7 sinh.<\/li>\n<li>L\u01b0\u1edbi l\u1ecdc ki\u1ec3u baffle inox ng\u0103n ng\u1eeba d\u1ea7u m\u1ee1 b\u00e1m b\u1ea9n v\u00e0o \u0111\u1ed9ng c\u01a1 b\u00ean trong v\u00e0 d\u1ec5 v\u1ec7 sinh.<\/li>\n<li>B\u1ea3ng \u0111i\u1ec1u khi\u1ec3n c\u00f3 thi\u1ebft k\u1ebf d\u1ea1ng b\u1ea5m popup \u0111i\u00ea\u0300u khi\u00ea\u0309n 3 t\u00f4\u0301c \u0111\u00f4\u0323 d\u00ea\u0303 da\u0300ng s\u01b0\u0309 du\u0323ng<\/li>\n<li>H\u01a1n th\u1ebf n\u1eefa m\u00e1y hu\u0301t mu\u0300i Hafele\u00a0c\u00f2n \u0111\u01b0\u1ee3c trang b\u1ecb l\u1eaby c\u00e0i inox ch\u1ed1ng ch\u00e1y \u0111\u1ea3m b\u1ea3o an to\u00e0n cho ng\u01b0\u1eddi s\u1eed d\u1ee5ng.<\/li>\n<li>Khi b\u1ea1n s\u1edf h\u1eefu d\u00f2ng s\u1ea3n ph\u1ea9m m\u00e1y h\u00fat m\u00f9i Hafale b\u1ea1n s\u1ebd kh\u00f4ng c\u1ea7n ph\u1ea3i b\u01b0\u1edbc ra ngo\u00e0i \u0111\u1ec3 c\u00f3 kh\u00f4ng kh\u00ed trong l\u00e0nh. M\u00e1y ho\u1ea1t \u0111\u1ed9ng \u0111\u1ea1t hi\u1ec7u qu\u1ea3, th\u00f4ng gi\u00f3 t\u1ed1t, b\u1ea1n c\u00f3 th\u1ec3 l\u00e0m s\u1ea1ch kh\u00f4ng kh\u00ed m\u1ed9t c\u00e1ch nhanh ch\u00f3ng.<\/li>\n<\/ul>\n<p><img title=\"may-hut-mui-hafele-hh-tg60e-02\" src=\"https:\/\/bepvuson.vn\/Data\/upload\/images\/may_hut_mui\/57(1).jpg\" alt=\"may-hut-mui-hafele-hh-tg60e-02\" \/><\/p>\n<p>S\u1ea3n ph\u1ea9m c\u00f3 gi\u00e1 c\u1ea3 kh\u00f4ng qu\u00e1 cao, ph\u00f9 h\u1ee3p v\u1edbi nhi\u1ec1u gia \u0111\u00ecnh Vi\u00ea\u0323t. N\u1ebfu gia \u0111\u00ecnh c\u00f3 kh\u00f4ng gian b\u1ebfp r\u1ed9ng v\u00e0 nhu c\u1ea7u n\u1ea5u n\u01b0\u1edbng cao th\u00ec m\u00e1y h\u00fat m\u00f9i Hafele HH-TG60E\u00a0x\u1ee9ng \u0111\u00e1ng l\u00e0 s\u1ef1 l\u1ef1a ch\u1ecdn ho\u00e0n h\u1ea3o.<\/p>\n<\/div>\n<\/div>\n","protected":false},"excerpt":{"rendered":"<p>T\u1ed5ng quan chung M\u00e1y h\u00fat m\u00f9i Hafele HH-TG60E M\u00e1y h\u00fat m\u00f9i Hafele HH-TG60E (539.81.073) l\u00e0 gi\u1ea3i ph\u00e1p \u0111\u01a1n gi\u1ea3n \u0111\u1ec3 &hellip; <a class=\"link-more\" href=\"http:\/\/maudep.com.vn\/chuyengiadienmay\/?product=may-hut-mui-hafele-hh-tg60e\" class=\"more-link\">\u0110\u1ecdc th\u00eam &raquo;<span class=\"screen-reader-text\"> &#8220;M\u00e1y h\u00fat m\u00f9i Hafele HH-TG60E&#8221;<\/span><\/a><\/p>\n","protected":false},"featured_media":2400,"comment_status":"open","ping_status":"closed","template":"","meta":[],"_links":{"self":[{"href":"http:\/\/maudep.com.vn\/chuyengiadienmay\/index.php?rest_route=\/wp\/v2\/product\/2401"}],"collection":[{"href":"http:\/\/maudep.com.vn\/chuyengiadienmay\/index.php?rest_route=\/wp\/v2\/product"}],"about":[{"href":"http:\/\/maudep.com.vn\/chuyengiadienmay\/index.php?rest_route=\/wp\/v2\/types\/product"}],"replies":[{"embeddable":true,"href":"http:\/\/maudep.com.vn\/chuyengiadienmay\/index.php?rest_route=%2Fwp%2Fv2%2Fcomments&post=2401"}],"wp:featuredmedia":[{"embeddable":true,"href":"http:\/\/maudep.com.vn\/chuyengiadienmay\/index.php?rest_route=\/wp\/v2\/media\/2400"}],"wp:attachment":[{"href":"http:\/\/maudep.com.vn\/chuyengiadienmay\/index.php?rest_route=%2Fwp%2Fv2%2Fmedia&parent=2401"}],"curies":[{"name":"wp","href":"https:\/\/api.w.org\/{rel}","templated":true}]}}