{"id":2402,"date":"2019-01-07T10:55:48","date_gmt":"2019-01-07T03:55:48","guid":{"rendered":"http:\/\/maudep.com.vn\/chuyengiadienmay\/?post_type=product&#038;p=2402"},"modified":"2019-01-07T10:55:48","modified_gmt":"2019-01-07T03:55:48","slug":"may-hut-mui-hafele-hh-ti90d","status":"publish","type":"product","link":"http:\/\/maudep.com.vn\/chuyengiadienmay\/?product=may-hut-mui-hafele-hh-ti90d","title":{"rendered":"M\u00e1y h\u00fat m\u00f9i Hafele HH-TI90D"},"content":{"rendered":"<h3 class=\"title\">T\u1ed5ng quan chung M\u00e1y h\u00fat m\u00f9i Hafele HH-TI90D<\/h3>\n<div class=\"article-content\">\n<div class=\"js-content\">\n<h2>L\u00e0 m\u1ed9t trong nh\u1eefng m\u00e1y h\u00fat m\u00f9i d\u1ea1ng \u00e2m tu\u0309\u00a0ti\u00eau bi\u1ec3u c\u1ee7a Hafele- ma\u0301y hu\u0301t mu\u0300i Hafele HH-TI90D\u00a0s\u1ea3n xu\u1ea5t tr\u00ean d\u00e2y chuy\u1ec1n \u0111\u1ea1t ti\u00eau chu\u1ea9n Ch\u00e2u \u00c2u. To\u00e0n b\u1ed9 m\u00e1y \u0111\u01b0\u1ee3c l\u00e0m b\u1eb1ng ch\u1ea5t li\u1ec7u inox cao c\u1ea5p s\u00e1ng b\u00f3ng, ph\u00f9 h\u1ee3p cho m\u1ecdi kh\u00f4ng gian b\u1ebfp hi\u1ec7n \u0111\u1ea1i, sang tr\u1ecdng.<\/h2>\n<h3>Hafele HH-TI90D phu\u0300 h\u01a1\u0323p v\u01a1\u0301i mo\u0323i nha\u0300<\/h3>\n<p>M\u00e1y h\u00fat m\u00f9i Hafele HH-TI90D la\u0300m b\u0103\u0300ng\u00a0ch\u1ea5t li\u1ec7u inox v\u00e0 k\u00ednh cao c\u1ea5p, l\u01b0\u1edbi l\u1ecdc nh\u00f4m Aluminum 3 l\u1edbp v\u1edbi c\u01a1 ch\u1ebf kh\u1eed m\u00f9i b\u1eb1ng than ho\u1ea1t t\u00ednh v\u00e0 \u1ed1ng tho\u00e1t ra ngo\u00e0i, \u0111i\u1ec1u khi\u1ec3n ph\u00edm nh\u1ea5n.<\/p>\n<p><img title=\"may-hut-mui-hafele-hh-ti90d\" src=\"https:\/\/bepvuson.vn\/Data\/upload\/images\/may_hut_mui\/hafele_hhti90d.jpg\" alt=\"may-hut-mui-hafele-hh-ti90d\" \/><\/p>\n<ul>\n<li>Khi b\u1ea1n s\u1edf h\u1eefu d\u00f2ng s\u1ea3n ph\u1ea9m\u00a0m\u00e1y h\u00fat m\u00f9i Hafele b\u1ea1n s\u1ebd kh\u00f4ng c\u1ea7n ph\u1ea3i b\u01b0\u1edbc ra ngo\u00e0i \u0111\u1ec3 c\u00f3 kh\u00f4ng kh\u00ed trong l\u00e0nh. M\u00e1y ho\u1ea1t \u0111\u1ed9ng \u0111\u1ea1t hi\u1ec7u qu\u1ea3, th\u00f4ng gi\u00f3 t\u1ed1t, b\u1ea1n c\u00f3 th\u1ec3 l\u00e0m s\u1ea1ch kh\u00f4ng kh\u00ed m\u1ed9t c\u00e1ch nhanh ch\u00f3ng.<\/li>\n<li>Ch\u1ebf \u0111\u1ed9 kh\u1eed m\u00f9i b\u1eb1ng than ho\u1ea1t t\u00ednh s\u1ebd gi\u00fap kh\u00f4ng kh\u00f4ng kh\u00ed \u0111\u01b0\u1ee3c l\u1ecdc s\u1ea1ch h\u01a1n, m\u00e1t h\u01a1n khi \u0111i ng\u01b0\u1ee3c ra b\u00ean ngo\u00e0i. Ngo\u00e0i ra, c\u00f3 ch\u1ebf \u0111\u1ed9 kh\u1eed tr\u1ef1c ti\u1ebfp ra b\u00ean ngo\u00e0i, r\u1ea5t thu\u1eadn ti\u1ec7n n\u1ebfu gia \u0111\u00ecnh b\u1ea1n c\u00f3 l\u1ed1i d\u1eabn \u0111\u01b0\u1eddng \u1ed1ng.<\/li>\n<li>Ma\u0301y hu\u0301t mu\u0300i \u00e2m tu\u0309 da\u0323ng Hafele HH-TI90D 539.81.085 v\u1edbi c\u00f4ng su\u1ea5t h\u00fat theo ti\u00eau chu\u1ea9n Ch\u00e2u \u00c2u DIN\/EN 61591: 722 m\u00b3\/h m\u00e0 \u0111\u1ed9 \u1ed3n ch\u1ec9 d\u1eebng l\u1ea1i \u1edf m\u1ee9c 43 \u2013 52 dB gi\u00fap kh\u1eed s\u1ea1ch m\u00f9i th\u1ef1c ph\u1ea9m, d\u1ea7u m\u1ee1 kh\u00f3 ch\u1ecbu m\u00e0 kh\u00f4ng g\u00e2y ti\u1ebfng \u1ed3n l\u1edbn, mang \u0111\u1ebfn kh\u00f4ng gian tho\u00e1ng \u0111\u00e3ng v\u00e0 s\u1ea1ch s\u1ebd cho gian b\u1ebfp c\u1ee7a gia \u0111\u00ecnh b\u1ea1n.<\/li>\n<\/ul>\n<p><img title=\"may-hut-mui-hafele-hh-ti90d-01\" src=\"https:\/\/bepvuson.vn\/Data\/upload\/images\/may_hut_mui\/image(1).jpg\" alt=\"may-hut-mui-hafele-hh-ti90d-01\" \/><\/p>\n<ul>\n<li>Ma\u0301y hu\u0301t mu\u0300i Hafele\u00a0s\u1eed d\u1ee5ng \u0111\u1ed9ng c\u01a1 turbin \u0111\u00f4i n\u00ean c\u00f3 c\u00f4ng su\u1ea5t h\u00fat cao, c\u00f4ng su\u1ea5t h\u00fat cao nh\u1ea5t c\u1ee7a m\u00e1y l\u00e0 722\u00a0m3\/h v\u1edbi 3 t\u1ed1c \u0111\u1ed9 h\u00fat kh\u00e1c nhau gi\u00fap h\u00fat m\u00f9i tri\u1ec7t \u0111\u1ec3., nhanh ch\u00f3ng mang l\u1ea1i kh\u00f4ng kh\u00ed tho\u00e1ng m\u00e1t cho ph\u00f2ng b\u1ebfp.<\/li>\n<li>M\u00e1y \u0111\u01b0\u1ee3c thi\u1ebft k\u1ebf th\u00eam \u0111\u00e8n chi\u1ebfu s\u00e1ng halogen thu\u1eadn ti\u1ec7n cho vi\u1ec7c n\u1ea5u \u0103n khi tr\u1eddi t\u1ed1i, v\u00ec \u00e1nh \u0111i\u1ec7n ngo\u00e0i kh\u00f4ng th\u1ec3 chi\u1ebfu s\u00e1ng tr\u1ef1c ti\u1ebfp v\u00e0o th\u1ee9c \u0103n khi \u0111ang n\u1ea5u.<\/li>\n<li>H\u01a1n th\u1ebf n\u1eefa m\u00e1y hu\u0301t mu\u0300i Hafele\u00a0c\u00f2n \u0111\u01b0\u1ee3c trang b\u1ecb l\u1eaby c\u00e0i inox ch\u1ed1ng ch\u00e1y \u0111\u1ea3m b\u1ea3o an to\u00e0n cho ng\u01b0\u1eddi s\u1eed d\u1ee5ng.<\/li>\n<li>H\u1ec7 th\u1ed1ng h\u00fat x\u1ea3 tu\u1ea7n ho\u00e0n ho\u1eb7c th\u00f4ng gi\u00f3, c\u00f3 ph\u1ee5 ki\u1ec7n \u0111i k\u00e8m l\u00e0 than ho\u1ea1t t\u00ednh v\u1eeba c\u00f3 th\u1ec3 h\u00fat, \u0111\u1ea9y m\u00f9i ra ngo\u00e0i v\u1eeba c\u00f3 th\u1ec3 linh ho\u1ea1t s\u1eed d\u1ee5ng than ho\u1ea1t t\u00ednh \u0111\u1ec3 kh\u1eed m\u00f9i t\u1ea1i ch\u1ed7.<\/li>\n<\/ul>\n<p><img title=\"may-hut-mui-hafele-hh-ti90d-02\" src=\"https:\/\/bepvuson.vn\/Data\/upload\/images\/may_hut_mui\/may-hut-mui-tg60d.jpg\" alt=\"may-hut-mui-hafele-hh-ti90d-02\" \/><\/p>\n<p>S\u1ea3n ph\u1ea9m c\u00f3 gi\u00e1 c\u1ea3 kh\u00f4ng qu\u00e1 cao, ph\u00f9 h\u1ee3p v\u1edbi nhi\u1ec1u gia \u0111\u00ecnh Vi\u00ea\u0323t. N\u1ebfu gia \u0111\u00ecnh c\u00f3 kh\u00f4ng gian b\u1ebfp r\u1ed9ng v\u00e0 nhu c\u1ea7u n\u1ea5u n\u01b0\u1edbng cao th\u00ec m\u00e1y h\u00fat m\u00f9i Hafele HH-TI90D\u00a0x\u1ee9ng \u0111\u00e1ng l\u00e0 s\u1ef1 l\u1ef1a ch\u1ecdn ho\u00e0n h\u1ea3o.<\/p>\n<\/div>\n<\/div>\n","protected":false},"excerpt":{"rendered":"<p>T\u1ed5ng quan chung M\u00e1y h\u00fat m\u00f9i Hafele HH-TI90D L\u00e0 m\u1ed9t trong nh\u1eefng m\u00e1y h\u00fat m\u00f9i d\u1ea1ng \u00e2m tu\u0309\u00a0ti\u00eau bi\u1ec3u c\u1ee7a &hellip; <a class=\"link-more\" href=\"http:\/\/maudep.com.vn\/chuyengiadienmay\/?product=may-hut-mui-hafele-hh-ti90d\" class=\"more-link\">\u0110\u1ecdc th\u00eam &raquo;<span class=\"screen-reader-text\"> &#8220;M\u00e1y h\u00fat m\u00f9i Hafele HH-TI90D&#8221;<\/span><\/a><\/p>\n","protected":false},"featured_media":2403,"comment_status":"open","ping_status":"closed","template":"","meta":[],"_links":{"self":[{"href":"http:\/\/maudep.com.vn\/chuyengiadienmay\/index.php?rest_route=\/wp\/v2\/product\/2402"}],"collection":[{"href":"http:\/\/maudep.com.vn\/chuyengiadienmay\/index.php?rest_route=\/wp\/v2\/product"}],"about":[{"href":"http:\/\/maudep.com.vn\/chuyengiadienmay\/index.php?rest_route=\/wp\/v2\/types\/product"}],"replies":[{"embeddable":true,"href":"http:\/\/maudep.com.vn\/chuyengiadienmay\/index.php?rest_route=%2Fwp%2Fv2%2Fcomments&post=2402"}],"wp:featuredmedia":[{"embeddable":true,"href":"http:\/\/maudep.com.vn\/chuyengiadienmay\/index.php?rest_route=\/wp\/v2\/media\/2403"}],"wp:attachment":[{"href":"http:\/\/maudep.com.vn\/chuyengiadienmay\/index.php?rest_route=%2Fwp%2Fv2%2Fmedia&parent=2402"}],"curies":[{"name":"wp","href":"https:\/\/api.w.org\/{rel}","templated":true}]}}