{"id":2404,"date":"2019-01-07T10:59:33","date_gmt":"2019-01-07T03:59:33","guid":{"rendered":"http:\/\/maudep.com.vn\/chuyengiadienmay\/?post_type=product&#038;p=2404"},"modified":"2019-01-07T10:59:33","modified_gmt":"2019-01-07T03:59:33","slug":"may-hut-mui-hafele-hh-ti60d","status":"publish","type":"product","link":"http:\/\/maudep.com.vn\/chuyengiadienmay\/?product=may-hut-mui-hafele-hh-ti60d","title":{"rendered":"M\u00e1y h\u00fat m\u00f9i Hafele HH-TI60D"},"content":{"rendered":"<h3 class=\"title\">T\u1ed5ng quan chung M\u00e1y h\u00fat m\u00f9i Hafele HH-TI60D<\/h3>\n<div class=\"article-content\">\n<div class=\"js-content\">\n<h2>M\u00e1y h\u00fat m\u00f9i Hafele HH-TI60D (539.81.083) l\u00e0 gi\u1ea3i ph\u00e1p \u0111\u01a1n gi\u1ea3n \u0111\u1ec3 b\u1ea1n lo\u1ea1i b\u1ecf nh\u1eefng m\u00f9i h\u00f4i kh\u00f3 ch\u1ecbu trong nh\u00e0 b\u1ebfp m\u1ed9t c\u00e1ch nhanh ch\u00f3ng. Kh\u00f4ng nh\u1eefng th\u1ebf s\u1ea3n ph\u1ea9m m\u00e1y h\u00fat m\u00f9i Hafele c\u00f2n chinh ph\u1ee5c kh\u00e1ch h\u00e0ng b\u1eb1ng thi\u1ebft k\u1ebf \u0111\u1eb9p m\u1eaft v\u00e0 sang trong t\u00f4n l\u00ean v\u1ebb \u0111\u1eb9p ri\u00eang cho c\u0103n b\u1ebfp c\u1ee7a gia \u0111\u00ecnh b\u1ea1n.<\/h2>\n<h3>HH-TI60D thi\u00ea\u0301t k\u00ea\u0301 ri\u00eang cho thi\u0323 tr\u01b0\u01a1\u0300ng Ch\u00e2u A\u0301<\/h3>\n<p>L\u01b0\u1edbi l\u1ecdc h\u1ee3p kim nh\u00f4m 5 l\u1edbp cu\u0309a\u00a0m\u00e1y h\u00fat m\u00f9i Hafele HH-TI60D d\u1ec5 d\u00e0ng v\u1ec7 sinh, ti\u1ebft ki\u1ec7m th\u1eddi gian c\u00f4ng s\u1ee9c cho ng\u01b0\u1eddi n\u1ed9i tr\u1ee3 gi\u00fap kh\u00f3i m\u00f9i th\u1ee9c \u0103n nhanh ch\u00f3ng \u0111\u01b0\u1ee3c tho\u00e1t qua t\u1ea5m l\u1ecdc n\u00e0y v\u00e0 \u0111\u1eb7c bi\u1ec7t c\u00f3 th\u1ec3 th\u00e1o r\u1eddi v\u00e0 d\u1ec5 d\u00e0ng v\u1ec7 sinh.<\/p>\n<p><img title=\"may-hut-mui-hafele-hh-ti60d\" src=\"https:\/\/bepvuson.vn\/Data\/upload\/images\/may_hut_mui\/Hafele-HH-TI60C.jpg\" alt=\"may-hut-mui-hafele-hh-ti60d\" \/><\/p>\n<ul>\n<li>M\u00e1y h\u00fat m\u00f9i Hafele\u00a0ch\u00ednh h\u00e3ng mang \u0111\u1ebfn kh\u00f4ng gian n\u1ed5i b\u1eadt cho c\u0103n b\u1ebfp v\u1edbi thi\u1ebft k\u1ebf sang tr\u1ecdng, ch\u1ea5t li\u1ec7u th\u00e9p kh\u00f4ng g\u1ec9 s\u00e1ng b\u00f3ng ch\u1ed1ng b\u00e1m d\u1ea5u v\u00e2n tay hi\u1ec7u qu\u1ea3, d\u1ec5 d\u00e0ng l\u00e0m s\u1ea1ch nhanh ch\u00f3ng. L\u1edbp s\u01a1n t\u0129nh \u0111i\u1ec7n ph\u1ee7 b\u00ean ngo\u00e0i \u0111\u1ea3m b\u1ea3o \u0111\u1ed9 an to\u00e0n cao khi s\u1eed d\u1ee5ng.<\/li>\n<li>B\u1ea3ng \u0111i\u1ec1u khi\u1ec3n c\u1ea3m \u1ee9ng cu\u0309a M\u00e1y h\u00fat m\u00f9i Hafele th\u00f4ng minh, si\u00eau nh\u1ea1y, thi\u1ebft k\u1ebf d\u1ea1ng ph\u1eb3ng d\u1ec5 d\u00e0ng l\u1ef1a ch\u1ecdn m\u1ee9c c\u00f4ng su\u1ea5t h\u00fat m\u00f9i ph\u00f9 h\u1ee3p v\u1edbi t\u1eebng n\u1ed3ng \u0111\u1ed9 m\u00f9i kh\u00e1c nhau trong nh\u00e0 b\u1ebfp.<\/li>\n<li>Thi\u1ebft b\u1ecb t\u00edch h\u1ee3p h\u1ec7 th\u1ed1ng \u0111\u00e8n chi\u1ebfu s\u00e1ng ti\u1ec7n l\u1ee3i, cung c\u1ea5p \u00e1nh s\u00e1ng cho b\u1ea1n s\u1ef1 tho\u1ea3i m\u00e1i t\u1ed1i \u0111a khi di chuy\u1ec3n t\u1eeb v\u00f9ng t\u1ed1i sang v\u00f9ng s\u00e1ng xung quanh. \u0110\u1eb7c bi\u1ec7t, c\u01b0\u1eddng \u0111\u1ed9 \u00e1nh s\u00e1ng c\u00f3 th\u1ec3 \u0111i\u1ec1u ch\u1ec9nh \u0111\u1ec3 ch\u1ec9 chi\u1ebfu s\u00e1ng trang tr\u00ed nh\u1eb9 cho m\u00e1y h\u00fat m\u00f9i kh\u00f3i ho\u1eb7c \u0111\u1ec3 th\u1eafp s\u00e1ng khu v\u1ef1c n\u1ea5u \u0103n, t\u00f9y theo s\u1ef1 l\u1ef1a ch\u1ecdn c\u1ee7a b\u1ea1n.<\/li>\n<\/ul>\n<p><img title=\"may-hut-mui-hafele-hh-ti60d-01\" src=\"https:\/\/bepvuson.vn\/Data\/upload\/images\/may_hut_mui\/image(1).jpg\" alt=\"may-hut-mui-hafele-hh-ti60d-01\" \/><\/p>\n<ul>\n<li>Ch\u1ebf \u0111\u1ed9 kh\u1eed m\u00f9i b\u1eb1ng than ho\u1ea1t t\u00ednh s\u1ebd gi\u00fap kh\u00f4ng kh\u00f4ng kh\u00ed \u0111\u01b0\u1ee3c l\u1ecdc s\u1ea1ch h\u01a1n, m\u00e1t h\u01a1n khi \u0111i ng\u01b0\u1ee3c ra b\u00ean ngo\u00e0i. Ngo\u00e0i ra, c\u00f3 ch\u1ebf \u0111\u1ed9 kh\u1eed tr\u1ef1c ti\u1ebfp ra b\u00ean ngo\u00e0i, r\u1ea5t thu\u1eadn ti\u1ec7n n\u1ebfu gia \u0111\u00ecnh b\u1ea1n c\u00f3 l\u1ed1i d\u1eabn \u0111\u01b0\u1eddng \u1ed1ng.<\/li>\n<li>H\u1ec7 th\u1ed1ng l\u00e0m s\u1ea1ch kh\u00f4ng kh\u00ed trong th\u1eddi gian ng\u1eafn, h\u00fat si\u00eau \u00eam, c\u00f4ng su\u1ea5t t\u1ed1i \u0111a c\u00f3 th\u1ec3 l\u00ean \u0111\u1ebfn 722m3\/h. \u00a0T\u00ednh n\u0103ng \u0111i\u1ec1u ch\u1ec9nh c\u00f4ng su\u1ea5t linh ho\u1ea1t cho ph\u00e9p gi\u1ea3m ho\u1eb7c t\u0103ng c\u01b0\u1eddng c\u00f4ng su\u1ea5t h\u00fat, gi\u00fap t\u0103ng th\u00eam hi\u1ec7u su\u1ea5t c\u1ee7a m\u00e1y h\u00fat m\u00f9i khi c\u1ea7n thi\u1ebft.<\/li>\n<\/ul>\n<p><img title=\"may-hut-mui-hafele-hh-ti60d-02\" src=\"https:\/\/bepvuson.vn\/Data\/upload\/images\/may_hut_mui\/kh%C3%B4ng-gian-b%E1%BA%BFp-%C4%91%E1%BA%B9p-1.jpg\" alt=\"may-hut-mui-hafele-hh-ti60d-02\" \/><\/p>\n<p>S\u1ea3n ph\u1ea9m c\u00f3 gi\u00e1 c\u1ea3 kh\u00f4ng qu\u00e1 cao, ph\u00f9 h\u1ee3p v\u1edbi nhi\u1ec1u gia \u0111\u00ecnh Vi\u00ea\u0323t. N\u1ebfu gia \u0111\u00ecnh c\u00f3 kh\u00f4ng gian b\u1ebfp r\u1ed9ng v\u00e0 nhu c\u1ea7u n\u1ea5u n\u01b0\u1edbng cao th\u00ec m\u00e1y h\u00fat m\u00f9i Hafele HH-TI60D\u00a0x\u1ee9ng \u0111\u00e1ng l\u00e0 s\u1ef1 l\u1ef1a ch\u1ecdn ho\u00e0n h\u1ea3o.<\/p>\n<\/div>\n<\/div>\n","protected":false},"excerpt":{"rendered":"<p>T\u1ed5ng quan chung M\u00e1y h\u00fat m\u00f9i Hafele HH-TI60D M\u00e1y h\u00fat m\u00f9i Hafele HH-TI60D (539.81.083) l\u00e0 gi\u1ea3i ph\u00e1p \u0111\u01a1n gi\u1ea3n \u0111\u1ec3 &hellip; <a class=\"link-more\" href=\"http:\/\/maudep.com.vn\/chuyengiadienmay\/?product=may-hut-mui-hafele-hh-ti60d\" class=\"more-link\">\u0110\u1ecdc th\u00eam &raquo;<span class=\"screen-reader-text\"> &#8220;M\u00e1y h\u00fat m\u00f9i Hafele HH-TI60D&#8221;<\/span><\/a><\/p>\n","protected":false},"featured_media":2403,"comment_status":"open","ping_status":"closed","template":"","meta":[],"_links":{"self":[{"href":"http:\/\/maudep.com.vn\/chuyengiadienmay\/index.php?rest_route=\/wp\/v2\/product\/2404"}],"collection":[{"href":"http:\/\/maudep.com.vn\/chuyengiadienmay\/index.php?rest_route=\/wp\/v2\/product"}],"about":[{"href":"http:\/\/maudep.com.vn\/chuyengiadienmay\/index.php?rest_route=\/wp\/v2\/types\/product"}],"replies":[{"embeddable":true,"href":"http:\/\/maudep.com.vn\/chuyengiadienmay\/index.php?rest_route=%2Fwp%2Fv2%2Fcomments&post=2404"}],"wp:featuredmedia":[{"embeddable":true,"href":"http:\/\/maudep.com.vn\/chuyengiadienmay\/index.php?rest_route=\/wp\/v2\/media\/2403"}],"wp:attachment":[{"href":"http:\/\/maudep.com.vn\/chuyengiadienmay\/index.php?rest_route=%2Fwp%2Fv2%2Fmedia&parent=2404"}],"curies":[{"name":"wp","href":"https:\/\/api.w.org\/{rel}","templated":true}]}}