{"id":2405,"date":"2019-01-07T11:06:45","date_gmt":"2019-01-07T04:06:45","guid":{"rendered":"http:\/\/maudep.com.vn\/chuyengiadienmay\/?post_type=product&#038;p=2405"},"modified":"2019-01-07T11:06:46","modified_gmt":"2019-01-07T04:06:46","slug":"may-hut-mui-hafele-hh-bi70a","status":"publish","type":"product","link":"http:\/\/maudep.com.vn\/chuyengiadienmay\/?product=may-hut-mui-hafele-hh-bi70a","title":{"rendered":"M\u00e1y h\u00fat m\u00f9i Hafele HH-BI70A"},"content":{"rendered":"<h3 class=\"title\">T\u1ed5ng quan chung M\u00e1y h\u00fat m\u00f9i Hafele HH-BI70A<\/h3>\n<div class=\"article-content\">\n<div class=\"js-content\">\n<h2>Ma\u0301y hu\u0301t mu\u0300i Hafele HH-BI70A &#8211;\u00a0\u0110\u00e2y \u0111\u01b0\u1ee3c \u0111\u00e1nh gi\u00e1 l\u00e0 m\u1ed9t trong nh\u1eefng thi\u1ebft k\u1ebf hi\u1ec7n \u0111\u1ea1i nh\u1ea5t hi\u1ec7n nay c\u1ee7a d\u00f2ng m\u00e1y h\u00fat m\u00f9i, m\u00e1y \u0111\u01b0\u1ee3c thi\u1ebft k\u1ebf d\u1ea1ng m\u00e0n h\u00ecnh ph\u1eb3ng nh\u00ecn xa tr\u00f4ng c\u00f3 v\u1ebb gi\u1ed1ng nh\u01b0 m\u1ed9t chi\u1ebfc tivi, gi\u00fap t\u00f4n n\u00ean v\u1ebb \u0111\u1eb9p cho gian b\u1ebfp gia \u0111\u00ecnh b\u1ea1n.<\/h2>\n<h3>Hafele HH-BI70A giu\u0301p hu\u0301t sa\u0323ch mu\u0300i d\u00e2\u0300u m\u01a1\u0303 kho\u0301 chi\u0323u<\/h3>\n<p>N\u1ebfu nh\u01b0 ng\u01b0\u1eddi ti\u00eau d\u00f9ng n\u00e0o \u0111\u00e3 t\u1eebng nghe th\u1eed m\u00e1y ho\u1ea1t \u0111\u1ed9ng th\u00ec h\u1ea7u nh\u01b0 \u0111\u1ec1u b\u1ecb m\u00ea ho\u1eb7c b\u1edfi d\u00f2ng m\u00e1y h\u00fat m\u00f9i\u00a0Hafele HH-BI70A\u00a0n\u00e0y. S\u1edf h\u1eefu c\u00f4ng su\u1ea5t 640m3\/h trong khi \u0111\u00f3 \u0111\u1ed9 \u1ed3n t\u1ed1i \u0111a l\u00e0 69db, m\u00e1y ho\u1ea1t \u0111\u1ed9ng v\u00f4 c\u00f9ng \u00eam, kh\u00f4ng g\u00e2y c\u1ea3m gi\u00e1c kh\u00f3 ch\u1ecbu cho ng\u01b0\u1eddi s\u1eed d\u1ee5ng.<\/p>\n<p><img title=\"may-hut-mui-hafele-hh-bi70a\" src=\"https:\/\/bepvuson.vn\/Data\/upload\/images\/may_hut_mui\/538_84_007.png\" alt=\"may-hut-mui-hafele-hh-bi70a\" \/><\/p>\n<ul>\n<li>B\u1ea3ng \u0111i\u1ec1u khi\u1ec3n c\u1ea3m \u1ee9ng cu\u0309a ma\u0301y hu\u0301t mu\u0300i Hafele th\u00f4ng minh, si\u00eau nh\u1ea1y, thi\u1ebft k\u1ebf d\u1ea1ng ph\u1eb3ng d\u1ec5 d\u00e0ng l\u1ef1a ch\u1ecdn m\u1ee9c c\u00f4ng su\u1ea5t h\u00fat m\u00f9i ph\u00f9 h\u1ee3p v\u1edbi t\u1eebng n\u1ed3ng \u0111\u1ed9 m\u00f9i kh\u00e1c nhau trong nh\u00e0 b\u1ebfp.<\/li>\n<li>Thi\u1ebft b\u1ecb t\u00edch h\u1ee3p h\u1ec7 th\u1ed1ng \u0111\u00e8n chi\u1ebfu s\u00e1ng ti\u1ec7n l\u1ee3i, cung c\u1ea5p \u00e1nh s\u00e1ng cho b\u1ea1n s\u1ef1 tho\u1ea3i m\u00e1i t\u1ed1i \u0111a khi di chuy\u1ec3n t\u1eeb v\u00f9ng t\u1ed1i sang v\u00f9ng s\u00e1ng xung quanh. \u0110\u1eb7c bi\u1ec7t, c\u01b0\u1eddng \u0111\u1ed9 \u00e1nh s\u00e1ng c\u00f3 th\u1ec3 \u0111i\u1ec1u ch\u1ec9nh \u0111\u1ec3 ch\u1ec9 chi\u1ebfu s\u00e1ng trang tr\u00ed nh\u1eb9 cho m\u00e1y h\u00fat m\u00f9i kh\u00f3i ho\u1eb7c \u0111\u1ec3 th\u1eafp s\u00e1ng khu v\u1ef1c n\u1ea5u \u0103n, t\u00f9y theo s\u1ef1 l\u1ef1a ch\u1ecdn c\u1ee7a b\u1ea1n.<\/li>\n<li>M\u00e1y h\u00fat m\u00f9i Hafele ch\u00ednh h\u00e3ng mang \u0111\u1ebfn kh\u00f4ng gian n\u1ed5i b\u1eadt cho c\u0103n b\u1ebfp v\u1edbi thi\u1ebft k\u1ebf sang tr\u1ecdng, ch\u1ea5t li\u1ec7u th\u00e9p kh\u00f4ng g\u1ec9 s\u00e1ng b\u00f3ng ch\u1ed1ng b\u00e1m d\u1ea5u v\u00e2n tay hi\u1ec7u qu\u1ea3, d\u1ec5 d\u00e0ng l\u00e0m s\u1ea1ch nhanh ch\u00f3ng. L\u1edbp s\u01a1n t\u0129nh \u0111i\u1ec7n ph\u1ee7 b\u00ean ngo\u00e0i \u0111\u1ea3m b\u1ea3o \u0111\u1ed9 an to\u00e0n cao khi s\u1eed d\u1ee5ng.<\/li>\n<\/ul>\n<p><img title=\"may-hut-mui-hafele-hh-bi70a-01\" src=\"https:\/\/bepvuson.vn\/Data\/upload\/images\/may_hut_mui\/539_81_075-may-hut-mui-am-tu-dang-truot-Hafele-HH-TG90E.jpg\" alt=\"may-hut-mui-hafele-hh-bi70a-01\" \/><\/p>\n<ul>\n<li>H\u1ec7 th\u1ed1ng l\u00e0m s\u1ea1ch kh\u00f4ng kh\u00ed trong th\u1eddi gian ng\u1eafn, h\u00fat si\u00eau \u00eam, c\u00f4ng su\u1ea5t t\u1ed1i \u0111a c\u00f3 th\u1ec3 l\u00ean \u0111\u1ebfn 640m3\/h. \u00a0T\u00ednh n\u0103ng \u0111i\u1ec1u ch\u1ec9nh c\u00f4ng su\u1ea5t linh ho\u1ea1t cho ph\u00e9p gi\u1ea3m ho\u1eb7c t\u0103ng c\u01b0\u1eddng c\u00f4ng su\u1ea5t h\u00fat, gi\u00fap t\u0103ng th\u00eam hi\u1ec7u su\u1ea5t c\u1ee7a m\u00e1y h\u00fat m\u00f9i khi c\u1ea7n thi\u1ebft.<\/li>\n<li>Khi b\u1ea1n s\u1edf h\u1eefu d\u00f2ng s\u1ea3n ph\u1ea9m m\u00e1y h\u00fat m\u00f9i Hafale b\u1ea1n s\u1ebd kh\u00f4ng c\u1ea7n ph\u1ea3i b\u01b0\u1edbc ra ngo\u00e0i \u0111\u1ec3 c\u00f3 kh\u00f4ng kh\u00ed trong l\u00e0nh. M\u00e1y ho\u1ea1t \u0111\u1ed9ng \u0111\u1ea1t hi\u1ec7u qu\u1ea3, th\u00f4ng gi\u00f3 t\u1ed1t, b\u1ea1n c\u00f3 th\u1ec3 l\u00e0m s\u1ea1ch kh\u00f4ng kh\u00ed m\u1ed9t c\u00e1ch nhanh ch\u00f3ng.<\/li>\n<\/ul>\n<p><img title=\"may-hut-mui-hafele-hh-bi70a-02\" src=\"https:\/\/bepvuson.vn\/Data\/upload\/images\/may_hut_mui\/cach-lap-dat-may-hut-mui-nhap-khau-02.jpg\" alt=\"may-hut-mui-hafele-hh-bi70a-02\" \/><\/p>\n<p>S\u1ea3n ph\u1ea9m c\u00f3 gi\u00e1 c\u1ea3 kh\u00f4ng qu\u00e1 cao, ph\u00f9 h\u1ee3p v\u1edbi nhi\u1ec1u gia \u0111\u00ecnh Vi\u00ea\u0323t. N\u1ebfu gia \u0111\u00ecnh c\u00f3 kh\u00f4ng gian b\u1ebfp r\u1ed9ng v\u00e0 nhu c\u1ea7u n\u1ea5u n\u01b0\u1edbng cao th\u00ec m\u00e1y h\u00fat m\u00f9i Hafele HH-BI70A\u00a0x\u1ee9ng \u0111\u00e1ng l\u00e0 s\u1ef1 l\u1ef1a ch\u1ecdn ho\u00e0n h\u1ea3o.<\/p>\n<\/div>\n<\/div>\n","protected":false},"excerpt":{"rendered":"<p>T\u1ed5ng quan chung M\u00e1y h\u00fat m\u00f9i Hafele HH-BI70A Ma\u0301y hu\u0301t mu\u0300i Hafele HH-BI70A &#8211;\u00a0\u0110\u00e2y \u0111\u01b0\u1ee3c \u0111\u00e1nh gi\u00e1 l\u00e0 m\u1ed9t trong &hellip; <a class=\"link-more\" href=\"http:\/\/maudep.com.vn\/chuyengiadienmay\/?product=may-hut-mui-hafele-hh-bi70a\" class=\"more-link\">\u0110\u1ecdc th\u00eam &raquo;<span class=\"screen-reader-text\"> &#8220;M\u00e1y h\u00fat m\u00f9i Hafele HH-BI70A&#8221;<\/span><\/a><\/p>\n","protected":false},"featured_media":2406,"comment_status":"open","ping_status":"closed","template":"","meta":[],"_links":{"self":[{"href":"http:\/\/maudep.com.vn\/chuyengiadienmay\/index.php?rest_route=\/wp\/v2\/product\/2405"}],"collection":[{"href":"http:\/\/maudep.com.vn\/chuyengiadienmay\/index.php?rest_route=\/wp\/v2\/product"}],"about":[{"href":"http:\/\/maudep.com.vn\/chuyengiadienmay\/index.php?rest_route=\/wp\/v2\/types\/product"}],"replies":[{"embeddable":true,"href":"http:\/\/maudep.com.vn\/chuyengiadienmay\/index.php?rest_route=%2Fwp%2Fv2%2Fcomments&post=2405"}],"wp:featuredmedia":[{"embeddable":true,"href":"http:\/\/maudep.com.vn\/chuyengiadienmay\/index.php?rest_route=\/wp\/v2\/media\/2406"}],"wp:attachment":[{"href":"http:\/\/maudep.com.vn\/chuyengiadienmay\/index.php?rest_route=%2Fwp%2Fv2%2Fmedia&parent=2405"}],"curies":[{"name":"wp","href":"https:\/\/api.w.org\/{rel}","templated":true}]}}