{"id":2407,"date":"2019-01-07T11:34:39","date_gmt":"2019-01-07T04:34:39","guid":{"rendered":"http:\/\/maudep.com.vn\/chuyengiadienmay\/?post_type=product&#038;p=2407"},"modified":"2019-01-07T11:34:39","modified_gmt":"2019-01-07T04:34:39","slug":"may-hut-mui-hafele-hh-tg90d","status":"publish","type":"product","link":"http:\/\/maudep.com.vn\/chuyengiadienmay\/?product=may-hut-mui-hafele-hh-tg90d","title":{"rendered":"M\u00e1y h\u00fat m\u00f9i Hafele HH-TG90D"},"content":{"rendered":"<h3 class=\"title\">T\u1ed5ng quan chung M\u00e1y h\u00fat m\u00f9i Hafele HH-TG90D<\/h3>\n<div class=\"article-content\">\n<div class=\"js-content\">\n<h2>M\u00e1y h\u00fat m\u00f9i Hafele HH-TG90D (593.82.443) &#8211; M\u00e1yHafele HH-TG90D c\u00f3 l\u1ef1c h\u00fat 800m3\/h gi\u00fap h\u00fat s\u1ea1ch d\u1ea7u m\u1ee1, kh\u00ed gas \u0111\u1ed9c h\u1ea1i th\u1ea3i ra ng\u00f2ai theo \u0111\u01b0\u1eddng \u1ed1ng kh\u00f3i v\u00e0 tr\u1ea3 l\u1ea1i cho b\u1ea1n b\u1ea7u kh\u00f4ng kh\u00ed trong l\u00e0nh, t\u01b0\u01a1i m\u1edbi. Ngo\u00e0i ra, m\u00e1y c\u00f2n \u0111\u01b0\u1ee3c trang b\u1ecb b\u1ed9 l\u01b0\u1edbi l\u1ecdc nh\u00f4m, c\u00f3 th\u1ec3 th\u00e1o r\u1eddi v\u00e0 d\u1ec5 v\u1ec7 sinh khi s\u1eed d\u1ee5ng l\u00e2u ng\u00e0y.<\/h2>\n<h3>Ma\u0301y hu\u0301t mu\u0300i HH-TG90D hu\u0301t si\u00eau kho\u0309e, ti\u00ea\u0301t ki\u00ea\u0323m \u0111i\u00ea\u0323n n\u0103ng<\/h3>\n<p>D\u00f2ng s\u1ea3n ph\u1ea9m m\u00e1y h\u00fat m\u00f9i Hafele HH-TG90Dnh\u1eadp kh\u1ea9u \u0111\u1ec1u \u0111\u01b0\u1ee3c c\u00e0i \u0111\u1eb7t s\u1eb5n 2 ch\u1ebf \u0111\u1ed9 kh\u1eed m\u00f9i l\u00e0 h\u00fat tr\u1ef1c ti\u1ebfp qua \u1ed1ng x\u1ea3 v\u00e0 qua b\u1ed9 l\u1ecdc tu\u1ea7n ho\u00e0n. Trong tr\u01b0\u1eddng h\u1ee3p kh\u00f4ng th\u1ec3 l\u1eafp \u0111\u1eb7t thi\u1ebft b\u1ecb x\u1ea3 ra b\u00ean ngo\u00e0i th\u00ec b\u1ed9 ph\u1eadn x\u1ea3 kh\u00f3i c\u00f3 th\u1ec3 \u0111\u01b0\u1ee3c thi\u1ebft l\u1eadp \u0111\u1ec3 ho\u1ea1t \u0111\u1ed9ng tu\u1ea7n ho\u00e0n kh\u00e9p k\u00edn.<\/p>\n<p><img title=\"may-hut-mui-hafele-hh-tg90d\" src=\"https:\/\/bepvuson.vn\/Data\/upload\/images\/may_hut_mui\/hut-mui-hafele-hh-TG90D-2.jpg\" alt=\"may-hut-mui-hafele-hh-tg90d\" \/><\/p>\n<ul>\n<li>Ch\u1ebf \u0111\u1ed9 h\u00fat x\u1ea3 qua \u1ed1ng tho\u00e1t: \u0110\u00e2y \u0111\u01b0\u1ee3c c\u00f4ng nh\u1eadn l\u00e0 ph\u01b0\u01a1ng ph\u00e1p kh\u1eed m\u00f9i hi\u1ec7u qu\u1ea3 v\u00e0 nhanh ch\u00f3ng nh\u1ea5t, l\u1eafp \u0111\u1eb7t tr\u1ef1c ti\u1ebfp m\u00e1y h\u00fat m\u00f9i Hafele\u00a0l\u00ean v\u00e1ch t\u01b0\u1eddng ti\u1ebfp x\u00fac v\u1edbi b\u00ean ngo\u00e0i, ho\u1eb7c b\u1ed1 tr\u00ed h\u1ec7 th\u1ed1ng \u1ed1ng d\u1eabn ra ngo\u00e0i.<\/li>\n<li>Ch\u1ebf \u0111\u1ed9 kh\u1eed m\u00f9i tu\u1ea7n ho\u00e0n qua than ho\u1ea1t t\u00ednh : T\u1ea5t c\u1ea3 c\u00e1c d\u00f2ng s\u1ea3n ph\u1ea9m m\u00e1y h\u00fat m\u00f9i Hafele\u00a0nh\u1eadp kh\u1ea9u \u0111\u1ec1u \u0111\u01b0\u1ee3c c\u00e0i \u0111\u1eb7t s\u1eb5n 2 ch\u1ebf \u0111\u1ed9 kh\u1eed m\u00f9i l\u00e0 h\u00fat tr\u1ef1c ti\u1ebfp qua \u1ed1ng x\u1ea3 v\u00e0 qua b\u1ed9 l\u1ecdc tu\u1ea7n ho\u00e0n. Trong tr\u01b0\u1eddng h\u1ee3p kh\u00f4ng th\u1ec3 l\u1eafp \u0111\u1eb7t thi\u1ebft b\u1ecb x\u1ea3 ra b\u00ean ngo\u00e0i th\u00ec b\u1ed9 ph\u1eadn x\u1ea3 kh\u00f3i c\u00f3 th\u1ec3 \u0111\u01b0\u1ee3c thi\u1ebft l\u1eadp \u0111\u1ec3 ho\u1ea1t \u0111\u1ed9ng tu\u1ea7n ho\u00e0n kh\u00e9p k\u00edn. Kh\u00f4ng kh\u00ed s\u1ebd \u0111\u01b0\u1ee3c h\u00fat v\u00e0o b\u1ed9 l\u1ecdc \u0111\u1ec3 trung h\u00f2a m\u00f9i h\u00f4i v\u00e0 lo\u1ea1i b\u1ecf d\u1ea7u m\u1ee1, mang l\u1ea1i b\u1ea7u kh\u00f4ng kh\u00ed trong l\u00e0nh trong gian b\u1ebfp.<\/li>\n<\/ul>\n<p>Ti\u0301ch h\u01a1\u0323p nhi\u00ea\u0300u ti\u0301nh n\u0103ng\u00a0m\u00e1y h\u00fat m\u00f9i Hafele HH-TG90D\u00a0ph\u00f9 h\u1ee3p v\u1edbi kh\u00f4ng gian b\u1ebfp r\u1ed9ng, h\u1ee9a h\u1eb9n mang l\u1ea1i s\u1ef1 ti\u1ec7n nghi, sang tr\u1ecdng, hi\u1ec7n \u0111\u1ea1i cho kh\u00f4ng gian b\u1ebfp.<\/p>\n<p><img title=\"may-hut-mui-hafele-hh-tg90d-01\" src=\"https:\/\/bepvuson.vn\/Data\/upload\/images\/may_hut_mui\/large_05_2017_6358_may-hut-mui-hafele-hh-ti90d.jpg\" alt=\"may-hut-mui-hafele-hh-tg90d-01\" \/><\/p>\n<ul>\n<li>H\u1ec7 th\u1ed1ng l\u00e0m s\u1ea1ch kh\u00f4ng kh\u00ed trong th\u1eddi gian ng\u1eafn, h\u00fat si\u00eau \u00eam, c\u00f4ng su\u1ea5t t\u1ed1i \u0111a c\u00f3 th\u1ec3 l\u00ean \u0111\u1ebfn 722\/h. T\u00ednh n\u0103ng \u0111i\u1ec1u ch\u1ec9nh c\u00f4ng su\u1ea5t linh ho\u1ea1t cho ph\u00e9p gi\u1ea3m ho\u1eb7c t\u0103ng c\u01b0\u1eddng c\u00f4ng su\u1ea5t h\u00fat, gi\u00fap t\u0103ng th\u00eam hi\u1ec7u su\u1ea5t c\u1ee7a m\u00e1y h\u00fat m\u00f9i khi c\u1ea7n thi\u1ebft.<\/li>\n<li>Khi b\u1ea1n s\u1edf h\u1eefu d\u00f2ng s\u1ea3n ph\u1ea9m m\u00e1y h\u00fat m\u00f9i Hafale b\u1ea1n s\u1ebd kh\u00f4ng c\u1ea7n ph\u1ea3i b\u01b0\u1edbc ra ngo\u00e0i \u0111\u1ec3 c\u00f3 kh\u00f4ng kh\u00ed trong l\u00e0nh. M\u00e1y ho\u1ea1t \u0111\u1ed9ng \u0111\u1ea1t hi\u1ec7u qu\u1ea3, th\u00f4ng gi\u00f3 t\u1ed1t, b\u1ea1n c\u00f3 th\u1ec3 l\u00e0m s\u1ea1ch kh\u00f4ng kh\u00ed m\u1ed9t c\u00e1ch nhanh ch\u00f3ng.<\/li>\n<\/ul>\n<p><img title=\"may-hut-mui-hafele-hh-tg90d-02\" src=\"https:\/\/bepvuson.vn\/Data\/upload\/images\/may_hut_mui\/may-hut-mui-hafele-hh-ti90c.jpg\" alt=\"may-hut-mui-hafele-hh-tg90d-02\" \/><\/p>\n<p>S\u1ea3n ph\u1ea9m c\u00f3 gi\u00e1 c\u1ea3 kh\u00f4ng qu\u00e1 cao, ph\u00f9 h\u1ee3p v\u1edbi nhi\u1ec1u gia \u0111\u00ecnh Vi\u00ea\u0323t. N\u1ebfu gia \u0111\u00ecnh c\u00f3 kh\u00f4ng gian b\u1ebfp r\u1ed9ng v\u00e0 nhu c\u1ea7u n\u1ea5u n\u01b0\u1edbng cao th\u00ec m\u00e1y h\u00fat m\u00f9i Hafele HH-TG90D\u00a0x\u1ee9ng \u0111\u00e1ng l\u00e0 s\u1ef1 l\u1ef1a ch\u1ecdn ho\u00e0n h\u1ea3o<\/p>\n<\/div>\n<\/div>\n","protected":false},"excerpt":{"rendered":"<p>T\u1ed5ng quan chung M\u00e1y h\u00fat m\u00f9i Hafele HH-TG90D M\u00e1y h\u00fat m\u00f9i Hafele HH-TG90D (593.82.443) &#8211; M\u00e1yHafele HH-TG90D c\u00f3 l\u1ef1c h\u00fat &hellip; <a class=\"link-more\" href=\"http:\/\/maudep.com.vn\/chuyengiadienmay\/?product=may-hut-mui-hafele-hh-tg90d\" class=\"more-link\">\u0110\u1ecdc th\u00eam &raquo;<span class=\"screen-reader-text\"> &#8220;M\u00e1y h\u00fat m\u00f9i Hafele HH-TG90D&#8221;<\/span><\/a><\/p>\n","protected":false},"featured_media":2408,"comment_status":"open","ping_status":"closed","template":"","meta":[],"_links":{"self":[{"href":"http:\/\/maudep.com.vn\/chuyengiadienmay\/index.php?rest_route=\/wp\/v2\/product\/2407"}],"collection":[{"href":"http:\/\/maudep.com.vn\/chuyengiadienmay\/index.php?rest_route=\/wp\/v2\/product"}],"about":[{"href":"http:\/\/maudep.com.vn\/chuyengiadienmay\/index.php?rest_route=\/wp\/v2\/types\/product"}],"replies":[{"embeddable":true,"href":"http:\/\/maudep.com.vn\/chuyengiadienmay\/index.php?rest_route=%2Fwp%2Fv2%2Fcomments&post=2407"}],"wp:featuredmedia":[{"embeddable":true,"href":"http:\/\/maudep.com.vn\/chuyengiadienmay\/index.php?rest_route=\/wp\/v2\/media\/2408"}],"wp:attachment":[{"href":"http:\/\/maudep.com.vn\/chuyengiadienmay\/index.php?rest_route=%2Fwp%2Fv2%2Fmedia&parent=2407"}],"curies":[{"name":"wp","href":"https:\/\/api.w.org\/{rel}","templated":true}]}}