{"id":2409,"date":"2019-01-07T11:38:13","date_gmt":"2019-01-07T04:38:13","guid":{"rendered":"http:\/\/maudep.com.vn\/chuyengiadienmay\/?post_type=product&#038;p=2409"},"modified":"2019-01-07T11:38:13","modified_gmt":"2019-01-07T04:38:13","slug":"may-hut-mui-hafele-hh-tg60d","status":"publish","type":"product","link":"http:\/\/maudep.com.vn\/chuyengiadienmay\/?product=may-hut-mui-hafele-hh-tg60d","title":{"rendered":"M\u00e1y h\u00fat m\u00f9i Hafele HH-TG60D"},"content":{"rendered":"<h3 class=\"title\">T\u1ed5ng quan chung M\u00e1y h\u00fat m\u00f9i Hafele HH-TG60D<\/h3>\n<div class=\"article-content\">\n<div class=\"js-content\">\n<h2>M\u00e1y h\u00fat m\u00f9i Hafele HH-TG60D (539.82.441) &#8211; sa\u0309n ph\u00e2\u0309m co\u0301\u00a0h\u1ec7 th\u1ed1ng l\u00e0m s\u1ea1ch kh\u00f4ng kh\u00ed trong th\u1eddi gian ng\u1eafn, h\u00fat si\u00eau \u00eam, c\u00f4ng su\u1ea5t t\u1ed1i \u0111a c\u00f3 th\u1ec3 l\u00ean \u0111\u1ebfn 722 m3\/h. \u00a0T\u00ednh n\u0103ng \u0111i\u1ec1u ch\u1ec9nh c\u00f4ng su\u1ea5t linh ho\u1ea1t cho ph\u00e9p gi\u1ea3m ho\u1eb7c t\u0103ng c\u01b0\u1eddng c\u00f4ng su\u1ea5t h\u00fat, gi\u00fap t\u0103ng th\u00eam hi\u1ec7u su\u1ea5t c\u1ee7a m\u00e1y h\u00fat m\u00f9i khi c\u1ea7n thi\u1ebft.<\/h2>\n<h3>Ma\u0301y hu\u0301t mu\u0300i HH-TG60D th\u00e2n thi\u00ea\u0323n v\u01a1\u0301i m\u00f4i tr\u01b0\u01a1\u0300ng<\/h3>\n<p>M\u00e1y h\u00fat m\u00f9i Hafele HH-TG60D\u00a0s\u1eed d\u1ee5ng h\u1ec7 th\u1ed1ng b\u1ea3ng \u0111i\u1ec1u khi\u1ec3n c\u1ea3m \u1ee9ng si\u00eau nh\u1ea1y , k\u1ebft h\u1ee3p ch\u1ee9c n\u0103ng h\u1eb9n th\u1eddi gian r\u1ea5t ti\u1ec7n l\u1ee3i cho ng\u01b0\u1eddi s\u1eed d\u1ee5ng, v\u1edbi ch\u1ee9c n\u0103ng n\u00e0y b\u1ea1n ch\u1ec9 c\u1ea7n nh\u1ea5n ph\u00edm v\u00e0 h\u1eb9n th\u1eddi gian, khi k\u1ebft th\u00fac qu\u00e1 tr\u00ecnh ho\u1ea1t \u0111\u1ed9ng m\u00e1y s\u1ebd t\u1ef1 \u0111\u1ed9ng t\u1eaft.<\/p>\n<p><img title=\"may-hut-mui-hafele-hh-tg60d\" src=\"https:\/\/bepvuson.vn\/Data\/upload\/images\/may_hut_mui\/may-hut-mui-hafele-hh-ti90c(1).jpg\" alt=\"may-hut-mui-hafele-hh-tg60d\" \/><\/p>\n<ul>\n<li>M\u00e1y h\u00fat m\u00f9i Hafele\u00a0ch\u00ednh h\u00e3ng c\u00f3 c\u00f4ng su\u1ea5t h\u00fat t\u1ed1i \u0111a \u0111\u1ea1t 722\u00a0m3\/h n\u00ean \u0111\u01b0\u1ee3c \u0111\u00e1nh gi\u00e1 l\u00e0 m\u00e1y h\u00fat m\u00f9i c\u00f3 c\u00f4ng su\u1ea5t kh\u1ecfe, mang l\u1ea1i kh\u00f4ng gian b\u1ebfp trong l\u00e0nh cho c\u0103n b\u1ebfp gia \u0111\u00ecnh.<\/li>\n<li>H\u1ec7 th\u1ed1ng h\u00fat x\u1ea3 tu\u1ea7n ho\u00e0n ho\u1eb7c th\u00f4ng gi\u00f3, c\u00f3 ph\u1ee5 ki\u1ec7n \u0111i k\u00e8m l\u00e0 than ho\u1ea1t t\u00ednh v\u1eeba c\u00f3 th\u1ec3 h\u00fat, \u0111\u1ea9y m\u00f9i ra ngo\u00e0i v\u1eeba c\u00f3 th\u1ec3 linh ho\u1ea1t s\u1eed d\u1ee5ng than ho\u1ea1t t\u00ednh \u0111\u1ec3 kh\u1eed m\u00f9i t\u1ea1i ch\u1ed7.<\/li>\n<li>S\u1ea3n ph\u1ea9m\u00a0m\u00e1y h\u00fat m\u00f9i Hafele c\u00f3 \u0111\u1ed9 \u1ed3n l\u00e0 54 db n\u00ean th\u00e2n thi\u1ec7n v\u1edbi ng\u01b0\u1eddi s\u1eed d\u1ee5ng, v\u00ec v\u1eady khi m\u00e1y ho\u1ea1t \u0111\u1ed9ng \u0111\u1ed9 \u1ed3n c\u1ee7a m\u00e1y kh\u00f4ng l\u00e0m \u1ea3nh h\u01b0\u1edfng \u0111\u1ebfn sinh ho\u1ea1t c\u1ee7a gia \u0111\u00ecnh.<\/li>\n<\/ul>\n<p><img title=\"may-hut-mui-hafele-hh-tg60d-01\" src=\"https:\/\/bepvuson.vn\/Data\/upload\/images\/may_hut_mui\/large_05_2017_6358_may-hut-mui-hafele-hh-ti90d.jpg\" alt=\"may-hut-mui-hafele-hh-tg60d-01\" \/><\/p>\n<ul>\n<li>L\u01b0\u1edbi l\u1ecdc h\u1ee3p kim nh\u00f4m \u0111a\u00a0l\u1edbp d\u1ec5 d\u00e0ng v\u1ec7 sinh, ti\u1ebft ki\u1ec7m th\u1eddi gian c\u00f4ng s\u1ee9c cho ng\u01b0\u1eddi n\u1ed9i tr\u1ee3 gi\u00fap kh\u00f3i m\u00f9i th\u1ee9c \u0103n nhanh ch\u00f3ng \u0111\u01b0\u1ee3c tho\u00e1t qua t\u1ea5m l\u1ecdc n\u00e0y v\u00e0 \u0111\u1eb7c bi\u1ec7t c\u00f3 th\u1ec3 th\u00e1o r\u1eddi v\u00e0 d\u1ec5 d\u00e0ng v\u1ec7 sinh.<\/li>\n<li>Khi b\u1ea1n s\u1edf h\u1eefu d\u00f2ng s\u1ea3n ph\u1ea9m m\u00e1y h\u00fat m\u00f9i Hafale b\u1ea1n s\u1ebd kh\u00f4ng c\u1ea7n ph\u1ea3i b\u01b0\u1edbc ra ngo\u00e0i \u0111\u1ec3 c\u00f3 kh\u00f4ng kh\u00ed trong l\u00e0nh. M\u00e1y ho\u1ea1t \u0111\u1ed9ng \u0111\u1ea1t hi\u1ec7u qu\u1ea3, th\u00f4ng gi\u00f3 t\u1ed1t, b\u1ea1n c\u00f3 th\u1ec3 l\u00e0m s\u1ea1ch kh\u00f4ng kh\u00ed m\u1ed9t c\u00e1ch nhanh ch\u00f3ng.<\/li>\n<li>Ch\u1ebf \u0111\u1ed9 kh\u1eed m\u00f9i b\u1eb1ng than ho\u1ea1t t\u00ednh s\u1ebd gi\u00fap kh\u00f4ng kh\u00f4ng kh\u00ed \u0111\u01b0\u1ee3c l\u1ecdc s\u1ea1ch h\u01a1n, m\u00e1t h\u01a1n khi \u0111i ng\u01b0\u1ee3c ra b\u00ean ngo\u00e0i. Ngo\u00e0i ra, c\u00f3 ch\u1ebf \u0111\u1ed9 kh\u1eed tr\u1ef1c ti\u1ebfp ra b\u00ean ngo\u00e0i, r\u1ea5t thu\u1eadn ti\u1ec7n n\u1ebfu gia \u0111\u00ecnh b\u1ea1n c\u00f3 l\u1ed1i d\u1eabn \u0111\u01b0\u1eddng \u1ed1ng.<\/li>\n<\/ul>\n<p><img title=\"may-hut-mui-hafele-hh-tg60d-02\" src=\"https:\/\/bepvuson.vn\/Data\/upload\/images\/may_hut_mui\/image(1).jpg\" alt=\"may-hut-mui-hafele-hh-tg60d-02\" \/><\/p>\n<p>S\u1ea3n ph\u1ea9m c\u00f3 gi\u00e1 c\u1ea3 kh\u00f4ng qu\u00e1 cao, ph\u00f9 h\u1ee3p v\u1edbi nhi\u1ec1u gia \u0111\u00ecnh Vi\u00ea\u0323t. N\u1ebfu gia \u0111\u00ecnh c\u00f3 kh\u00f4ng gian b\u1ebfp r\u1ed9ng v\u00e0 nhu c\u1ea7u n\u1ea5u n\u01b0\u1edbng cao th\u00ec m\u00e1y h\u00fat m\u00f9i Hafele HH-TG60D\u00a0x\u1ee9ng \u0111\u00e1ng l\u00e0 s\u1ef1 l\u1ef1a ch\u1ecdn ho\u00e0n h\u1ea3o.<\/p>\n<\/div>\n<\/div>\n","protected":false},"excerpt":{"rendered":"<p>T\u1ed5ng quan chung M\u00e1y h\u00fat m\u00f9i Hafele HH-TG60D M\u00e1y h\u00fat m\u00f9i Hafele HH-TG60D (539.82.441) &#8211; sa\u0309n ph\u00e2\u0309m co\u0301\u00a0h\u1ec7 th\u1ed1ng l\u00e0m &hellip; <a class=\"link-more\" href=\"http:\/\/maudep.com.vn\/chuyengiadienmay\/?product=may-hut-mui-hafele-hh-tg60d\" class=\"more-link\">\u0110\u1ecdc th\u00eam &raquo;<span class=\"screen-reader-text\"> &#8220;M\u00e1y h\u00fat m\u00f9i Hafele HH-TG60D&#8221;<\/span><\/a><\/p>\n","protected":false},"featured_media":2408,"comment_status":"open","ping_status":"closed","template":"","meta":[],"_links":{"self":[{"href":"http:\/\/maudep.com.vn\/chuyengiadienmay\/index.php?rest_route=\/wp\/v2\/product\/2409"}],"collection":[{"href":"http:\/\/maudep.com.vn\/chuyengiadienmay\/index.php?rest_route=\/wp\/v2\/product"}],"about":[{"href":"http:\/\/maudep.com.vn\/chuyengiadienmay\/index.php?rest_route=\/wp\/v2\/types\/product"}],"replies":[{"embeddable":true,"href":"http:\/\/maudep.com.vn\/chuyengiadienmay\/index.php?rest_route=%2Fwp%2Fv2%2Fcomments&post=2409"}],"wp:featuredmedia":[{"embeddable":true,"href":"http:\/\/maudep.com.vn\/chuyengiadienmay\/index.php?rest_route=\/wp\/v2\/media\/2408"}],"wp:attachment":[{"href":"http:\/\/maudep.com.vn\/chuyengiadienmay\/index.php?rest_route=%2Fwp%2Fv2%2Fmedia&parent=2409"}],"curies":[{"name":"wp","href":"https:\/\/api.w.org\/{rel}","templated":true}]}}