{"id":2410,"date":"2019-01-07T11:43:07","date_gmt":"2019-01-07T04:43:07","guid":{"rendered":"http:\/\/maudep.com.vn\/chuyengiadienmay\/?post_type=product&#038;p=2410"},"modified":"2019-01-07T11:43:07","modified_gmt":"2019-01-07T04:43:07","slug":"may-hut-mui-hafele-hh-ti60c","status":"publish","type":"product","link":"http:\/\/maudep.com.vn\/chuyengiadienmay\/?product=may-hut-mui-hafele-hh-ti60c","title":{"rendered":"M\u00e1y h\u00fat m\u00f9i Hafele HH-TI60C"},"content":{"rendered":"<h3 class=\"title\">T\u1ed5ng quan chung M\u00e1y h\u00fat m\u00f9i Hafele HH-TI60C<\/h3>\n<div class=\"article-content\">\n<div class=\"js-content\">\n<h2>M\u00e1y h\u00fat m\u00f9i Hafele HH-TI60C (539.82.142) nh\u1eadp kh\u1ea9u nguy\u00ean chi\u1ebfc t\u1eeb Italy v\u1edbi ki\u1ec3u d\u00e1ng hi\u1ec7n \u0111\u1ea1i, thi\u1ebft k\u1ebf sang tr\u1ecdng, v\u00e0 t\u00ednh n\u0103ng hi\u1ec7n \u0111\u1ea1i, mang \u0111\u1ebfn cho gia \u0111\u00ecnh b\u1ea1n s\u1ef1 hi\u1ec7n \u0111\u1ea1i trong s\u1eed d\u1ee5ng &amp; sang tr\u1ecdng trong kh\u00f4ng gian b\u1ebfp. M\u00e1y h\u00fat c\u00f3 k\u00edch th\u01b0\u1edbc nh\u1ecf g\u1ecdn d\u1ec5 l\u1eafp \u0111\u1eb7t r\u1ea5t ph\u00f9 h\u1ee3p v\u1edbi nh\u1eefng gia \u0111\u00ecnh c\u00f3 di\u1ec7n t\u00edch nh\u00e0 b\u1ebfp nh\u1ecf h\u1eb9p.<\/h2>\n<h3>Hafele HH-TI60C sa\u0309n ph\u00e2\u0309m xanh &#8211; th\u00e2n thi\u00ea\u0323n v\u01a1\u0301i m\u00f4i tr\u01b0\u01a1\u0300ng<\/h3>\n<p>Hi\u1ec7n nay c\u00f3 r\u1ea5t nhi\u1ec1u lo\u1ea1i\u00a0m\u00e1y h\u00fat m\u00f9i tr\u00ean th\u1ecb tr\u01b0\u1eddng v\u00e0 kh\u00f4ng ph\u1ea3i lo\u1ea1i m\u00e1y n\u00e0o c\u0169ng \u0111\u01b0\u1ee3c trang b\u1ecb l\u1edbp l\u1ecdc kh\u00ed c\u00f3 ch\u01b0a than ho\u1ea1t t\u00ednh. Tuy nhi\u00ean do\u0300ng ma\u0301y hu\u0301t mu\u0300i Hafele HH-TI60C\u00a0c\u00f3 kh\u1ea3 n\u0103ng l\u1ecdc kh\u00f4ng kh\u00ed, di\u1ec7t vi khu\u1ea9n tr\u1ea3 l\u1ea1i kh\u00f4ng gian s\u1ea1ch, trong l\u00e0nh v\u1edbi l\u1edbp than ho\u1ea1t t\u00ednh.<\/p>\n<p><img title=\"may-hut-mui-hafele-hh-ti60c\" src=\"https:\/\/bepvuson.vn\/Data\/upload\/images\/may_hut_mui\/large_05_2017_6358_may-hut-mui-hafele-hh-ti90d.jpg\" alt=\"may-hut-mui-hafele-hh-ti60c\" \/><\/p>\n<ul>\n<li>M\u00e1y h\u00fat m\u00f9i Hafele ti\u00ean ti\u1ebfn h\u01a1n s\u1eed d\u1ee5ng h\u1ec7 th\u1ed1ng \u0111i\u1ec1u khi\u1ec3n c\u1ea3m \u1ee9ng, c\u00f3 c\u1ea3m bi\u1ebfn nhi\u1ec7t \u0111\u1ed9 t\u1ef1 \u0111\u1ed9ng b\u1eadt qu\u1ea1t n\u1ebfu nhi\u1ec7t \u0111\u1ed9 tr\u00ean m\u1eb7t b\u1ebfp qu\u00e1 cao v\u00e0 t\u1ef1 \u0111\u1ed9ng ng\u1eaft m\u00e1y n\u1ebfu nhi\u1ec7t \u0111\u1ed9 tr\u1edf l\u1ea1i tr\u1ea1ng th\u00e1i b\u00ecnh th\u01b0\u1eddng, t\u00e1i t\u1ea1o \u00f4-xy, b\u1ed5 sung \u00f4-xy cho ph\u00f2ng b\u1ebfp, h\u1eb9n gi\u1edd (qu\u00e1 th\u1eddi gian h\u1eb9n, m\u00e1y s\u1ebd t\u1ef1 \u0111\u1ed9ng ng\u1eebng ho\u1ea1t \u0111\u1ed9ng)<\/li>\n<li>Thi\u1ebft b\u1ecb ma\u0301y hu\u0301t mu\u0300i Hafele\u00a0t\u00edch h\u1ee3p h\u1ec7 th\u1ed1ng \u0111\u00e8n chi\u1ebfu s\u00e1ng ti\u1ec7n l\u1ee3i, cung c\u1ea5p \u00e1nh s\u00e1ng cho b\u1ea1n s\u1ef1 tho\u1ea3i m\u00e1i t\u1ed1i \u0111a khi di chuy\u1ec3n t\u1eeb v\u00f9ng t\u1ed1i sang v\u00f9ng s\u00e1ng xung quanh. \u0110\u1eb7c bi\u1ec7t, c\u01b0\u1eddng \u0111\u1ed9 \u00e1nh s\u00e1ng c\u00f3 th\u1ec3 \u0111i\u1ec1u ch\u1ec9nh \u0111\u1ec3 ch\u1ec9 chi\u1ebfu s\u00e1ng trang tr\u00ed nh\u1eb9 cho m\u00e1y h\u00fat m\u00f9i kh\u00f3i ho\u1eb7c \u0111\u1ec3 th\u1eafp s\u00e1ng khu v\u1ef1c n\u1ea5u \u0103n, t\u00f9y theo s\u1ef1 l\u1ef1a ch\u1ecdn c\u1ee7a b\u1ea1n.<\/li>\n<\/ul>\n<p><img title=\"may-hut-mui-hafele-hh-ti60c-01\" src=\"https:\/\/bepvuson.vn\/Data\/upload\/images\/may_hut_mui\/hut-mui-hafele-hh-TG90D-2.jpg\" alt=\"may-hut-mui-hafele-hh-ti60c-01\" \/><\/p>\n<ul>\n<li>B\u1ea3ng \u0111i\u1ec1u khi\u1ec3n c\u1ea3m \u1ee9ng cu\u0309a ma\u0301y hu\u0301t mu\u0300i Hafele th\u00f4ng minh, si\u00eau nh\u1ea1y, thi\u1ebft k\u1ebf d\u1ea1ng ph\u1eb3ng d\u1ec5 d\u00e0ng l\u1ef1a ch\u1ecdn m\u1ee9c c\u00f4ng su\u1ea5t h\u00fat m\u00f9i ph\u00f9 h\u1ee3p v\u1edbi t\u1eebng n\u1ed3ng \u0111\u1ed9 m\u00f9i kh\u00e1c nhau trong nh\u00e0 b\u1ebfp.<\/li>\n<li>M\u00e1y h\u00fat m\u00f9i Hafele HH-TI60C ch\u00ednh h\u00e3ng mang \u0111\u1ebfn kh\u00f4ng gian n\u1ed5i b\u1eadt cho c\u0103n b\u1ebfp v\u1edbi thi\u1ebft k\u1ebf sang tr\u1ecdng, ch\u1ea5t li\u1ec7u th\u00e9p kh\u00f4ng g\u1ec9 s\u00e1ng b\u00f3ng ch\u1ed1ng b\u00e1m d\u1ea5u v\u00e2n tay hi\u1ec7u qu\u1ea3, d\u1ec5 d\u00e0ng l\u00e0m s\u1ea1ch nhanh ch\u00f3ng. L\u1edbp s\u01a1n t\u0129nh \u0111i\u1ec7n ph\u1ee7 b\u00ean ngo\u00e0i \u0111\u1ea3m b\u1ea3o \u0111\u1ed9 an to\u00e0n cao khi s\u1eed d\u1ee5ng.<\/li>\n<\/ul>\n<p><img title=\"may-hut-mui-hafele-hh-ti60c-02\" src=\"https:\/\/bepvuson.vn\/Data\/upload\/images\/may_hut_mui\/image(1).jpg\" alt=\"may-hut-mui-hafele-hh-ti60c-02\" \/><\/p>\n<p>S\u1ea3n ph\u1ea9m c\u00f3 gi\u00e1 c\u1ea3 kh\u00f4ng qu\u00e1 cao, ph\u00f9 h\u1ee3p v\u1edbi nhi\u1ec1u gia \u0111\u00ecnh Vi\u00ea\u0323t. N\u1ebfu gia \u0111\u00ecnh c\u00f3 kh\u00f4ng gian b\u1ebfp r\u1ed9ng v\u00e0 nhu c\u1ea7u n\u1ea5u n\u01b0\u1edbng cao th\u00ec m\u00e1y h\u00fat m\u00f9i Hafele HH-TI60C\u00a0x\u1ee9ng \u0111\u00e1ng l\u00e0 s\u1ef1 l\u1ef1a ch\u1ecdn ho\u00e0n h\u1ea3o.<\/p>\n<\/div>\n<\/div>\n","protected":false},"excerpt":{"rendered":"<p>T\u1ed5ng quan chung M\u00e1y h\u00fat m\u00f9i Hafele HH-TI60C M\u00e1y h\u00fat m\u00f9i Hafele HH-TI60C (539.82.142) nh\u1eadp kh\u1ea9u nguy\u00ean chi\u1ebfc t\u1eeb Italy &hellip; <a class=\"link-more\" href=\"http:\/\/maudep.com.vn\/chuyengiadienmay\/?product=may-hut-mui-hafele-hh-ti60c\" class=\"more-link\">\u0110\u1ecdc th\u00eam &raquo;<span class=\"screen-reader-text\"> &#8220;M\u00e1y h\u00fat m\u00f9i Hafele HH-TI60C&#8221;<\/span><\/a><\/p>\n","protected":false},"featured_media":2411,"comment_status":"open","ping_status":"closed","template":"","meta":[],"_links":{"self":[{"href":"http:\/\/maudep.com.vn\/chuyengiadienmay\/index.php?rest_route=\/wp\/v2\/product\/2410"}],"collection":[{"href":"http:\/\/maudep.com.vn\/chuyengiadienmay\/index.php?rest_route=\/wp\/v2\/product"}],"about":[{"href":"http:\/\/maudep.com.vn\/chuyengiadienmay\/index.php?rest_route=\/wp\/v2\/types\/product"}],"replies":[{"embeddable":true,"href":"http:\/\/maudep.com.vn\/chuyengiadienmay\/index.php?rest_route=%2Fwp%2Fv2%2Fcomments&post=2410"}],"wp:featuredmedia":[{"embeddable":true,"href":"http:\/\/maudep.com.vn\/chuyengiadienmay\/index.php?rest_route=\/wp\/v2\/media\/2411"}],"wp:attachment":[{"href":"http:\/\/maudep.com.vn\/chuyengiadienmay\/index.php?rest_route=%2Fwp%2Fv2%2Fmedia&parent=2410"}],"curies":[{"name":"wp","href":"https:\/\/api.w.org\/{rel}","templated":true}]}}