{"id":2415,"date":"2019-01-07T11:56:02","date_gmt":"2019-01-07T04:56:02","guid":{"rendered":"http:\/\/maudep.com.vn\/chuyengiadienmay\/?post_type=product&#038;p=2415"},"modified":"2019-01-07T11:56:02","modified_gmt":"2019-01-07T04:56:02","slug":"may-hut-mui-hafele-hh-tvg90a","status":"publish","type":"product","link":"http:\/\/maudep.com.vn\/chuyengiadienmay\/?product=may-hut-mui-hafele-hh-tvg90a","title":{"rendered":"M\u00e1y h\u00fat m\u00f9i Hafele HH-TVG90A"},"content":{"rendered":"<h3 class=\"title\">T\u1ed5ng quan chung M\u00e1y h\u00fat m\u00f9i Hafele HH-TVG90A<\/h3>\n<div class=\"article-content\">\n<div class=\"js-content\">\n<h2>M\u00e1y h\u00fat m\u00f9i Hafele HH-TVG90A (539.81.065) \u0111\u01b0\u1ee3c thi\u1ebft k\u1ebf m\u00e0n h\u00ecnh c\u1ea3m \u1ee9ng hi\u1ec7n \u0111\u1ea1i, v\u1edbi m\u00e0u \u0111en phong c\u00e1ch t\u1ea1o n\u00ean v\u1ebb sang tr\u1ecdng v\u00e0 s\u1ea1ch s\u1ebd trong nh\u00e0 b\u1ebfp. M\u00e1y ho\u1ea1t \u0111\u1ed9ng v\u1edbi c\u00f4ng su\u1ea5t t\u1ed1i \u0111a 1100 m3 \/h s\u1ebd nhanh ch\u00f3ng kh\u1eed h\u1ebft c\u00e1c m\u00f9i kh\u00f3 ch\u1ecbu trong b\u1ebfp v\u00e0 gi\u1eef cho kh\u00f4ng kh\u00ed lu\u00f4n trong l\u00e0nh, d\u1ec5 ch\u1ecbu, cho b\u1eefa \u0103n c\u1ee7a gia \u0111\u00ecnh th\u00eam ngon mi\u1ec7ng h\u01a1n.<\/h2>\n<h3>HH-TVG90A \u0111a\u0309m ba\u0309o sa\u0323ch mu\u0300i hi\u00ea\u0323u qua\u0309<\/h3>\n<p>V\u1edbi k\u00edch th\u01b0\u1edbc 875R x 120S x 742-1042C mm\u00a0d\u1ea1ng k\u00ednh cong \u0111\u01b0\u1ee3c l\u1eafp \u00e1p t\u01b0\u1eddng\u00a0m\u00e1y h\u00fat m\u00f9i Hafele HH-TVG90A\u00a0kh\u00f4ng nh\u1eefng h\u00fat s\u1ea1ch m\u00f9i hi\u1ec7u qu\u1ea3 m\u00e0 c\u00f2n t\u00f4n l\u00ean s\u1ef1 sang tr\u1ecdng cho kh\u00f4ng gian b\u1ebfp nh\u00e0 b\u1ea1n. V\u01a1\u0301i 2 ki\u00ea\u0309u kh\u01b0\u0309 mu\u0300i :<\/p>\n<p><img title=\"may-hut-mui-hafele-hh-tvg90a\" src=\"https:\/\/bepvuson.vn\/Data\/upload\/images\/may_hut_mui\/image.jpg\" alt=\"may-hut-mui-hafele-hh-tvg90a\" \/><\/p>\n<ul>\n<li>Kh\u1eed m\u00f9i tr\u1ef1c ti\u1ebfp : Ma\u0301y hu\u0301t mu\u0300i Hafele S\u1ebd h\u00fat v\u00e0 \u0111\u1ea9y th\u1eb3ng m\u00f9i ra ngo\u00e0i qua \u0111\u01b0\u1eddng \u1ed1ng tho\u00e1t, v\u1edbi lo\u1ea1i n\u00e0y ch\u1ec9 ph\u00ec h\u1ee3p nh\u00e0 c\u00f3 \u0111\u01b0\u1eddng \u1ed1ng tho\u00e1t<\/li>\n<li>Kh\u01b0\u0309 mu\u0300i tu\u1ea7n ho\u00e0n : \u0110\u00e2y l\u00e0 lo\u1ea1i m\u00e1y h\u00fat m\u00f9i d\u00f9ng than ho\u1ea1t t\u00ednh, m\u00f9i s\u1ebd \u0111\u01b0\u1ee3c h\u00fat v\u00e0o m\u00e1y sau \u0111\u00f3 s\u1ebd \u0111\u01b0\u1ee3c x\u1eed l\u00fd qua b\u1ed9 l\u1ecdc than ho\u1ea1t t\u00ednh v\u00e0 \u0111\u1ea9y kh\u00f4ng kh\u00ed l\u1ea1i ph\u00f2ng.<\/li>\n<\/ul>\n<p>Ma\u0301y hu\u0301t mu\u0300i HH-TVG90A\u00a0c\u00f2n \u0111\u01b0\u1ee3c trang b\u1ecb ch\u1ebf \u0111\u1ed9 h\u1eb9n gi\u1edd t\u1ef1 \u0111\u1ed9ng gi\u00fap b\u1ea1n ch\u1ee7 \u0111\u1ed9ng \u0111\u01b0\u1ee3c th\u1eddi gian h\u00fat m\u00f9i \u1edf b\u1ebfp, ti\u1ebft ki\u1ec7m, r\u1ea5t ti\u1ec7n d\u1ee5ng cho b\u1ea1n khi \u0111ang v\u1eadn h\u00e0nh m\u00e1y m\u00e0 c\u00f3 vi\u1ec7c b\u1eadn ho\u1eb7c ph\u1ea3i \u0111i ra ngo\u00e0i.<\/p>\n<p><img title=\"may-hut-mui-hafele-hh-tvg90a-01\" src=\"https:\/\/bepvuson.vn\/Data\/upload\/images\/may_hut_mui\/may-hut-mui-Hafele-HH-TVG90A.jpg\" alt=\"may-hut-mui-hafele-hh-tvg90a-01\" \/><\/p>\n<ul>\n<li>M\u00e1y h\u00fat m\u00f9i Hafele c\u00f3 th\u1ec3 s\u1eed d\u1ee5ng hai t\u00ednh n\u0103ng kh\u1eed m\u00f9i, \u0111\u00f3 l\u00e0 kh\u1eed m\u00f9i tr\u1ef1c ti\u1ebfp v\u00e0 kh\u1eed m\u00f9i tu\u1ea7n ho\u00e0n. T\u00f9y t\u1eebng kh\u00f4ng gian b\u1ebfp m\u00e0 b\u1ea1n c\u00f3 th\u1ec3 ch\u1ecdn t\u00ednh n\u0103ng kh\u1eed m\u00f9i th\u00edch h\u1ee3p cho b\u1ebfp.<\/li>\n<li>T\u1ef1 \u0111\u1ed9ng th\u00f4ng b\u00e1o th\u1eddi gian l\u00e0m l\u00e0m s\u1ea1ch t\u1ea5m l\u1ecdc 30 gi\u1edd v\u00e0 thay than ho\u1ea1t t\u00ednh 300 gi\u1edd<\/li>\n<li>Khi b\u1ea1n s\u1edf h\u1eefu d\u00f2ng s\u1ea3n ph\u1ea9m m\u00e1y h\u00fat m\u00f9i Hafele HH-TVG90A\u00a0b\u1ea1n s\u1ebd kh\u00f4ng c\u1ea7n ph\u1ea3i b\u01b0\u1edbc ra ngo\u00e0i \u0111\u1ec3 c\u00f3 kh\u00f4ng kh\u00ed trong l\u00e0nh. M\u00e1y ho\u1ea1t \u0111\u1ed9ng \u0111\u1ea1t hi\u1ec7u qu\u1ea3, th\u00f4ng gi\u00f3 t\u1ed1t, b\u1ea1n c\u00f3 th\u1ec3 l\u00e0m s\u1ea1ch kh\u00f4ng kh\u00ed m\u1ed9t c\u00e1ch nhanh ch\u00f3ng. M\u00e1y h\u00fat m\u00f9i c\u00f3 kh\u1ea3 n\u0103ng h\u00fat x\u1ea3 l\u00ean \u0111\u1ebfn 1100 m3\/h, ch\u00fang s\u1ebd nhanh ch\u00f3ng lo\u1ea1i b\u1ecf h\u01a1i n\u01b0\u1edbc, m\u00f9i h\u00f4i, d\u1ea7u m\u1ee1 v\u00e0 kh\u00f3i t\u1ea1o ra trong khi n\u1ea5u n\u01b0\u1edbng.<\/li>\n<\/ul>\n<p><img title=\"may-hut-mui-hafele-hh-tvg90a-02\" src=\"https:\/\/bepvuson.vn\/Data\/upload\/images\/may_hut_mui\/may-hut-mui-539(1).jpg\" alt=\"may-hut-mui-hafele-hh-tvg90a-02\" \/><\/p>\n<ul>\n<li>M\u00e1y h\u00fat m\u00f9i Hafele\u00a0v\u1edbi giao di\u1ec7n thi\u1ebft k\u1ebf m\u1edbi c\u00f3 b\u1ea3ng \u0111i\u1ec1u khi\u1ec3n c\u1ea3m \u1ee9ng d\u1ec5 d\u00e0ng s\u1eed d\u1ee5ng, thu\u1eadn ti\u1ec7n cho \u0111i\u1ec1u ch\u1ec9nh, \u0111\u1ed9 b\u1ec1 cao. B\u1ea3ng \u0111i\u1ec1u khi\u1ec3n b\u1ec1 m\u1eb7t ph\u1eb3ng gi\u00fap lau ch\u00f9i d\u1ec5 d\u00e0ng h\u01a1n. Nh\u1edd ch\u1ee9c n\u0103ng \u0111i\u1ec1u ch\u1ec9nh \u0111\u1ed9 s\u00e1ng, b\u1ea1n c\u00f3 th\u1ec3 \u0111i\u1ec1u ch\u1ec9nh \u0111\u1ed9 s\u00e1ng c\u1ee7a m\u00e1y h\u00fat m\u00f9i \u0111\u1ec3 cung c\u1ea5p \u00e1nh s\u00e1ng cho nh\u00e0 b\u1ebfp.<\/li>\n<\/ul>\n<p>S\u1ea3n ph\u1ea9m c\u00f3 gi\u00e1 c\u1ea3 kh\u00f4ng qu\u00e1 cao, ph\u00f9 h\u1ee3p v\u1edbi nhi\u1ec1u gia \u0111\u00ecnh Vi\u00ea\u0323t. N\u1ebfu gia \u0111\u00ecnh c\u00f3 kh\u00f4ng gian b\u1ebfp r\u1ed9ng v\u00e0 nhu c\u1ea7u n\u1ea5u n\u01b0\u1edbng cao th\u00ec m\u00e1y h\u00fat m\u00f9i Hafele HH-TVG90A\u00a0x\u1ee9ng \u0111\u00e1ng l\u00e0 s\u1ef1 l\u1ef1a ch\u1ecdn ho\u00e0n h\u1ea3o.<\/p>\n<\/div>\n<\/div>\n","protected":false},"excerpt":{"rendered":"<p>T\u1ed5ng quan chung M\u00e1y h\u00fat m\u00f9i Hafele HH-TVG90A M\u00e1y h\u00fat m\u00f9i Hafele HH-TVG90A (539.81.065) \u0111\u01b0\u1ee3c thi\u1ebft k\u1ebf m\u00e0n h\u00ecnh c\u1ea3m &hellip; <a class=\"link-more\" href=\"http:\/\/maudep.com.vn\/chuyengiadienmay\/?product=may-hut-mui-hafele-hh-tvg90a\" class=\"more-link\">\u0110\u1ecdc th\u00eam &raquo;<span class=\"screen-reader-text\"> &#8220;M\u00e1y h\u00fat m\u00f9i Hafele HH-TVG90A&#8221;<\/span><\/a><\/p>\n","protected":false},"featured_media":2416,"comment_status":"open","ping_status":"closed","template":"","meta":[],"_links":{"self":[{"href":"http:\/\/maudep.com.vn\/chuyengiadienmay\/index.php?rest_route=\/wp\/v2\/product\/2415"}],"collection":[{"href":"http:\/\/maudep.com.vn\/chuyengiadienmay\/index.php?rest_route=\/wp\/v2\/product"}],"about":[{"href":"http:\/\/maudep.com.vn\/chuyengiadienmay\/index.php?rest_route=\/wp\/v2\/types\/product"}],"replies":[{"embeddable":true,"href":"http:\/\/maudep.com.vn\/chuyengiadienmay\/index.php?rest_route=%2Fwp%2Fv2%2Fcomments&post=2415"}],"wp:featuredmedia":[{"embeddable":true,"href":"http:\/\/maudep.com.vn\/chuyengiadienmay\/index.php?rest_route=\/wp\/v2\/media\/2416"}],"wp:attachment":[{"href":"http:\/\/maudep.com.vn\/chuyengiadienmay\/index.php?rest_route=%2Fwp%2Fv2%2Fmedia&parent=2415"}],"curies":[{"name":"wp","href":"https:\/\/api.w.org\/{rel}","templated":true}]}}