{"id":2426,"date":"2019-01-07T12:49:46","date_gmt":"2019-01-07T05:49:46","guid":{"rendered":"http:\/\/maudep.com.vn\/chuyengiadienmay\/?post_type=product&#038;p=2426"},"modified":"2019-01-07T12:49:46","modified_gmt":"2019-01-07T05:49:46","slug":"may-hut-mui-elica-elite-grvt-60","status":"publish","type":"product","link":"http:\/\/maudep.com.vn\/chuyengiadienmay\/?product=may-hut-mui-elica-elite-grvt-60","title":{"rendered":"M\u00e1y h\u00fat m\u00f9i ELICA ELITE GRVT 60"},"content":{"rendered":"<h3 class=\"title\">T\u1ed5ng quan chung M\u00e1y h\u00fat m\u00f9i ELICA ELITE GRVT 60<\/h3>\n<div class=\"article-content\">\n<div class=\"js-content\">\n<div>\n<p>\u00a0Elica l\u00e0 m\u1ed9t t\u1eadp \u0111o\u00e0n \u0111\u1ee9ng \u0111\u1ea7u th\u1ebf gi\u1edbi v\u1ec1 s\u1ea3n xu\u1ea5t \u2013 thi\u1ebft k\u1ebf m\u00e1y h\u00fat kh\u00f3i \u2013 kh\u1eed m\u00f9i. Th\u00e0nh l\u1eadp t\u1eeb nh\u1eefng n\u0103m 70 v\u00e0 cho \u0111\u1ebfn nay Elica lu\u00f4n ti\u00ean v\u1ec1 c\u00f4ng ngh\u1ec7, v\u1edbi m\u1ee5c ti\u00eau duy nh\u1ea5t mang \u0111\u1ebfn b\u1ea7u kh\u00f4ng kh\u00ed trong l\u00e0nh cho c\u0103n b\u1ebfp v\u00e0 ng\u00f4i nh\u00e0, \u0111\u1ea3m b\u1ea3o s\u1ee9c kh\u1ecfe cho c\u00e1c gia \u0111\u00ecnh tr\u00ean to\u00e0n th\u1ebf gi\u1edbi.<\/p>\n<p>Ho\u1ea1t \u0111\u1ed9ng theo 2 ch\u1ebf \u0111\u1ed9 t\u00f9y ch\u1ecdn:<\/p>\n<p>\u2022 H\u00fat \u0111\u1ea9y tr\u1ef1c ti\u1ebfp ra ngo\u00e0i theo \u1ed1ng d\u1eabn; ho\u1eb7c<br \/>\n\u2022 H\u00fat &#8211; kh\u1eed m\u00f9i tu\u1ea7n ho\u00e0n qua l\u01b0\u1edbi l\u1ecdc nh\u00f4m v\u00e0 b\u1ed9 l\u1ecdc than ho\u1ea1t t\u00ednh.<\/p>\n<p>Th\u00f4ng s\u1ed1 k\u1ef9 thu\u1eadt:<br \/>\n\u2022 B\u1ea3ng \u0111i\u1ec1u khi\u1ec3n: \u0110i\u1ec1u khi\u1ec3n n\u00fat nh\u1ea5n<br \/>\n\u2022 \u0110\u00e8n: \u0110\u00e8n halogen 2x28W<br \/>\n\u2022 L\u1ef1c h\u00fat: 300-500 (m3 \/ h)<br \/>\n\u2022 \u0110\u1ed9 \u1ed3n: 53-62 dB (A)<br \/>\n\u2022 \u00c1p su\u1ea5t: 290 Pa<br \/>\n\u2022 T\u1ed5ng s\u1ed1 h\u1ea5p th\u1ee5: 170 W<br \/>\n\u2022 K\u00edch th\u01b0\u1edbc \u1ed1ng d\u1eabn: 120 mm<br \/>\n* K\u00edch th\u01b0\u1edbc : 60 cm<\/p>\n<p>Ki\u1ec3u d\u00e1ng sang tr\u1ecdng, thi\u1ebft k\u1ebf hi\u1ec7n \u0111\u1ea1i, m\u00e1y h\u00fat kh\u00f3i &#8211; kh\u1eed m\u00f9i Elica s\u1ebd t\u00f4n l\u00ean n\u00e9t sang tr\u1ecdng, thanh l\u1ecbch cho c\u0103n b\u1ebfp nh\u00e0 b\u1ea1n.<\/p>\n<\/div>\n<\/div>\n<\/div>\n","protected":false},"excerpt":{"rendered":"<p>T\u1ed5ng quan chung M\u00e1y h\u00fat m\u00f9i ELICA ELITE GRVT 60 \u00a0Elica l\u00e0 m\u1ed9t t\u1eadp \u0111o\u00e0n \u0111\u1ee9ng \u0111\u1ea7u th\u1ebf gi\u1edbi v\u1ec1 &hellip; <a class=\"link-more\" href=\"http:\/\/maudep.com.vn\/chuyengiadienmay\/?product=may-hut-mui-elica-elite-grvt-60\" class=\"more-link\">\u0110\u1ecdc th\u00eam &raquo;<span class=\"screen-reader-text\"> &#8220;M\u00e1y h\u00fat m\u00f9i ELICA ELITE GRVT 60&#8221;<\/span><\/a><\/p>\n","protected":false},"featured_media":2429,"comment_status":"open","ping_status":"closed","template":"","meta":[],"_links":{"self":[{"href":"http:\/\/maudep.com.vn\/chuyengiadienmay\/index.php?rest_route=\/wp\/v2\/product\/2426"}],"collection":[{"href":"http:\/\/maudep.com.vn\/chuyengiadienmay\/index.php?rest_route=\/wp\/v2\/product"}],"about":[{"href":"http:\/\/maudep.com.vn\/chuyengiadienmay\/index.php?rest_route=\/wp\/v2\/types\/product"}],"replies":[{"embeddable":true,"href":"http:\/\/maudep.com.vn\/chuyengiadienmay\/index.php?rest_route=%2Fwp%2Fv2%2Fcomments&post=2426"}],"wp:featuredmedia":[{"embeddable":true,"href":"http:\/\/maudep.com.vn\/chuyengiadienmay\/index.php?rest_route=\/wp\/v2\/media\/2429"}],"wp:attachment":[{"href":"http:\/\/maudep.com.vn\/chuyengiadienmay\/index.php?rest_route=%2Fwp%2Fv2%2Fmedia&parent=2426"}],"curies":[{"name":"wp","href":"https:\/\/api.w.org\/{rel}","templated":true}]}}