{"id":2430,"date":"2019-01-07T12:54:52","date_gmt":"2019-01-07T05:54:52","guid":{"rendered":"http:\/\/maudep.com.vn\/chuyengiadienmay\/?post_type=product&#038;p=2430"},"modified":"2019-01-07T12:54:52","modified_gmt":"2019-01-07T05:54:52","slug":"may-hut-mui-elica-arch-2h-ix-a-90","status":"publish","type":"product","link":"http:\/\/maudep.com.vn\/chuyengiadienmay\/?product=may-hut-mui-elica-arch-2h-ix-a-90","title":{"rendered":"M\u00e1y h\u00fat m\u00f9i ELICA ARCH 2H IX\/A\/90"},"content":{"rendered":"<h3 class=\"title\">T\u1ed5ng quan chung M\u00e1y h\u00fat m\u00f9i ELICA ARCH 2H IX\/A\/90<\/h3>\n<div class=\"article-content\">\n<div class=\"js-content\">\n<p>M\u00e1y h\u00fat kh\u00f3i &#8211; kh\u1eed m\u00f9i Elica ARCH 2H IX\/A\/90 l\u00e0 s\u1ea3n ph\u1ea9m s\u1eed d\u1ee5ng to\u00e0n b\u1ed9 linh ki\u1ec7n c\u1ee7a Italia v\u00e0 \u0111\u01b0\u1ee3c nh\u1eadp kh\u1ea9u nguy\u00ean chi\u1ebfc n\u00ean ch\u1ea5t l\u01b0\u1ee3ng c\u1ef1c t\u1ed1t m\u00e0 gi\u00e1 th\u00e0nh l\u1ea1i ph\u1ea3i ch\u1eb3ng. Hi\u1ec7n d\u00f2ng m\u00e1y h\u00fat m\u00f9i ELICA cho ra \u0111\u1eddi d\u00f2ng s\u1ea3n ph\u1ea9m v\u1edbi nhi\u1ec1u thi\u1ebft k\u1ebf m\u1edbi, \u0111\u1eb9p m\u1eaft h\u01a1n, sang tr\u1ecdng h\u01a1n \u0111\u1eb7c bi\u1ec7t l\u00e0 t\u00ednh n\u0103ng v\u01b0\u1ee3t tr\u1ed9i h\u01a1n so v\u1edbi nh\u1eefng d\u00f2ng s\u1ea3n ph\u1ea9m tr\u01b0\u1edbc kia. M\u00e1y h\u00fat kh\u00f3i &#8211; kh\u1eed m\u00f9i Elica ARCH 2H IX\/A\/90 l\u00e0 m\u1ed9t s\u1ea3n ph\u1ea9m ti\u00eau bi\u1ec3u cho s\u1ef1 c\u00e1ch t\u00e2n c\u1ee7a d\u00f2ng M\u00e1y h\u00fat kh\u00f3i &#8211; kh\u1eed m\u00f9i ELICA.<br \/>\nCh\u1eafc r\u1eb1ng b\u1ea1n \u0111\u00e3 r\u1ea5t quen thu\u1ed9c v\u1edbi nh\u1eefng ki\u1ec3u d\u00e1ng m\u00e1y h\u00fat m\u00f9i c\u1ed5 \u0111i\u1ec3n, m\u00e1y h\u00fat m\u00f9i k\u00ednh cong, m\u00e1y h\u00fat m\u00f9i \u0111\u1ed9c l\u1eadp c\u00f2n m\u00e1y h\u00fat m\u00f9i k\u00ednh v\u00e1t ch\u1eafc v\u1eabn c\u00f2n xa l\u1ea1 v\u1edbi nhi\u1ec1u ng\u01b0\u1eddi. B\u1edbi thi\u1ebft k\u1ebf c\u1ee7a\u00a0 M\u00e1y h\u00fat kh\u00f3i &#8211; kh\u1eed m\u00f9i Elica ARCH 2H IX\/A\/90 gi\u1ed1ng nh\u01b0 m\u1ed9t m\u00e0n h\u00ecnh ph\u1eb3ng t\u1ea1o s\u1ef1 sang tr\u1ecdng v\u00e0 \u0111\u1eb3ng c\u1ea5p cho c\u0103n b\u1ebfp c\u1ee7a b\u1ea1n. K\u00edch th\u01b0\u1edbc c\u1ee7a m\u00e1y l\u00e0 900mm ph\u00f9 h\u1ee3p v\u1edbi kh\u00f4ng gian b\u1ebfp r\u1ed9ng. Ph\u00edm \u0111i\u1ec1u khi\u1ec3n c\u1ee7a m\u00e1y \u0111\u01b0\u1ee3c thi\u1ebft k\u1ebf c\u1ea3m \u1ee9ng hi\u1ec7n \u0111\u1ea1i<br \/>\nd\u1ec5 s\u1eed d\u1ee5ng v\u1edbi 03 c\u1ea5p \u0111\u1ed9 kh\u00e1ch nhau b\u1ea1n c\u00f3 th\u1ec3 \u0111i\u1ec1u ch\u1ec9nh t\u00f9y \u00fd M\u00e1y h\u00fat kh\u00f3i &#8211; kh\u1eed m\u00f9i Elica ARCH 2H IX\/A\/90 c\u00f2n c\u00f3 h\u1ec7 th\u1ed1ng \u0111i\u1ec1u khi\u1ec3n t\u1eeb xa n\u00ean ti\u1ec7n l\u1ee3i, b\u1ea1n c\u00f3 th\u1ec3 \u0111\u1ee9ng \u1edf m\u1ecdi v\u1ecb tr\u00ed trong ph\u00f2ng v\u1eabn c\u00f3 th\u1ec3 \u0111i\u1ec1u ch\u1ec9nh \u0111\u01b0\u1ee3c c\u1ea5p \u0111\u1ed9 m\u00e1y. C\u00f4ng su\u1ea5t h\u00fat c\u1ee7a m\u00e1y l\u00e0 900m3\/h nh\u01b0ng \u0111\u1ed9 \u1ed3n ch\u1ec9 d\u01b0\u1edbi 48db. M\u00e1y h\u00fat kh\u00f3i &#8211; kh\u1eed m\u00f9i Elica ARCH 2H IX\/A\/90 c\u00f3 thi\u1ebft k\u1ebf l\u01b0\u1edbi l\u1ecdc h\u1ee3p kim g\u1ed3m nhi\u1ec1u l\u1edbp n\u00ean m\u00e1y c\u00f3 th\u1ec3 l\u1ecdc tri\u1ec7t \u0111\u1ec3 m\u1ee1 v\u00e0 b\u1ea3o v\u1ec7 \u0111\u1ed9ng c\u01a1 b\u00ean trong m\u1ed9t c\u00e1ch tuy\u1ec7t \u0111\u1ed1i.<\/p>\n<\/div>\n<\/div>\n","protected":false},"excerpt":{"rendered":"<p>T\u1ed5ng quan chung M\u00e1y h\u00fat m\u00f9i ELICA ARCH 2H IX\/A\/90 M\u00e1y h\u00fat kh\u00f3i &#8211; kh\u1eed m\u00f9i Elica ARCH 2H IX\/A\/90 &hellip; <a class=\"link-more\" href=\"http:\/\/maudep.com.vn\/chuyengiadienmay\/?product=may-hut-mui-elica-arch-2h-ix-a-90\" class=\"more-link\">\u0110\u1ecdc th\u00eam &raquo;<span class=\"screen-reader-text\"> &#8220;M\u00e1y h\u00fat m\u00f9i ELICA ARCH 2H IX\/A\/90&#8221;<\/span><\/a><\/p>\n","protected":false},"featured_media":2431,"comment_status":"open","ping_status":"closed","template":"","meta":[],"_links":{"self":[{"href":"http:\/\/maudep.com.vn\/chuyengiadienmay\/index.php?rest_route=\/wp\/v2\/product\/2430"}],"collection":[{"href":"http:\/\/maudep.com.vn\/chuyengiadienmay\/index.php?rest_route=\/wp\/v2\/product"}],"about":[{"href":"http:\/\/maudep.com.vn\/chuyengiadienmay\/index.php?rest_route=\/wp\/v2\/types\/product"}],"replies":[{"embeddable":true,"href":"http:\/\/maudep.com.vn\/chuyengiadienmay\/index.php?rest_route=%2Fwp%2Fv2%2Fcomments&post=2430"}],"wp:featuredmedia":[{"embeddable":true,"href":"http:\/\/maudep.com.vn\/chuyengiadienmay\/index.php?rest_route=\/wp\/v2\/media\/2431"}],"wp:attachment":[{"href":"http:\/\/maudep.com.vn\/chuyengiadienmay\/index.php?rest_route=%2Fwp%2Fv2%2Fmedia&parent=2430"}],"curies":[{"name":"wp","href":"https:\/\/api.w.org\/{rel}","templated":true}]}}