{"id":2438,"date":"2019-01-07T13:17:37","date_gmt":"2019-01-07T06:17:37","guid":{"rendered":"http:\/\/maudep.com.vn\/chuyengiadienmay\/?post_type=product&#038;p=2438"},"modified":"2019-01-07T13:17:37","modified_gmt":"2019-01-07T06:17:37","slug":"may-hut-mui-bosch-hmh-dfl064w53b","status":"publish","type":"product","link":"http:\/\/maudep.com.vn\/chuyengiadienmay\/?product=may-hut-mui-bosch-hmh-dfl064w53b","title":{"rendered":"M\u00e1y H\u00fat M\u00f9i BOSCH HMH DFL064W53B"},"content":{"rendered":"<h3 class=\"title\">T\u1ed5ng quan chung M\u00e1y H\u00fat M\u00f9i BOSCH HMH DFL064W53B<\/h3>\n<div class=\"article-content\">\n<div class=\"js-content\">\n<h2>M\u00e1y H\u00fat M\u00f9i BOSCH HMH DFL064W53B\u00a0\u00a0k\u00edch th\u01b0\u1edbc 60cm g\u1ecdn nh\u1eb9 thi\u00ea\u0301t k\u00ea\u0301 ph\u00f9 h\u1ee3p v\u1edbi m\u1ecdi kh\u00f4ng gian b\u1ebfp kh\u00e1c nhau v\u01a1\u0301i\u00a03 m\u1ee9c t\u1ed1c \u0111\u1ed9 h\u00fat \u0111\u1ea3m b\u1ea3o kh\u1eed s\u1ea1ch m\u00f9i trong kh\u00f4ng khi\u0301 nhanh ch\u00f3ng. S\u01b0\u0309 du\u0323ng ma\u0301y hu\u0301t mu\u0300i Bosch\u00a0ch\u00ednh h\u00e3ng \u00e2m t\u1ee7 v\u01b0\u0300a ti\u1ebft ki\u1ec7m di\u1ec7n t\u00edch v\u01b0\u0300a l\u00e0m \u0111\u1eb9p cho kh\u00f4ng gian s\u1ed1ng c\u1ee7a gia \u0111\u00ecnh b\u1ea1n.<\/h2>\n<p><b>Ma\u0301y hu\u0301t mu\u0300i Bosch an toa\u0300n, ti\u00ea\u0323n du\u0323ng<\/b><\/p>\n<p>C\u00e1c ch\u1ee9c n\u0103ng c\u1ee7a\u00a0<strong>m\u00e1y h\u00fat m\u00f9i\u00a0<\/strong><strong>BOSCH HMH DFL064W53B<\/strong>\u00a0nh\u1eadp kh\u1ea9u nguy\u00ean chi\u1ebfc t\u1eeb\u00a0<strong>Ch\u00e2u \u00c2u<\/strong>\u00a0\u0111\u01b0\u1ee3c thi\u1ebft l\u1eadp\u00a0<strong>kh\u00f3a tr\u1ebb em<\/strong>,\u00a0<strong>t\u1ef1 \u0111\u1ed9ng t\u1eaft khi tr\u01b0\u1ee3t v\u00e0o\u00a0<\/strong>nh\u1eb1m \u0111\u1ea3m b\u1ea3o s\u1ef1 an to\u00e0n cao cho ng\u01b0\u01a1\u0300i ti\u00eau d\u00f9ng.<\/p>\n<p><img title=\"may-hut-mui-bosch-hmh-dfl064w53b\" src=\"https:\/\/bepvuson.vn\/Data\/upload\/images\/M%C3%A1y%20h%C3%BAt%20m%C3%B9i\/may-hut-mui1.jpeg\" alt=\"may-hut-mui-bosch-hmh-dfl064w53b\" \/><\/p>\n<ul>\n<li>C\u00f4ng su\u1ea5t h\u00fat t\u1ed1i \u0111a theo\u00a0<strong>ti\u00eau chu\u1ea9n Ch\u00e2u \u00c2u<\/strong>\u00a0DIN\/EN 61591: 400 m3 \/h\u00a0gi\u00fap lo\u1ea1i b\u1ecf m\u1ecdi m\u00f9i kh\u00f3 ch\u1ecbu cho c\u0103n b\u1ebfp c\u1ee7a b\u1ea1n trong th\u1eddi gian ng\u1eafn.<\/li>\n<li>M\u00e1y h\u00fat m\u00f9i\u00a0<strong>BOSCH HMH DFL064W53B\u00a0\u00a0<\/strong>c\u00f3 3 ch\u1ebf \u0111\u1ed9 h\u00fat + 2 ch\u1ebf \u0111\u1ed9 chuy\u00ean s\u00e2u cho ng\u01b0\u01a1\u0300i du\u0300ng nhi\u00ea\u0300u l\u01b0\u0323a cho\u0323n ti\u00ea\u0323n l\u01a1\u0323i.<\/li>\n<li>Ba\u0309ng \u0111i\u1ec1u khi\u1ec3n b\u1eb1ng n\u00fat nh\u1ea5n giu\u0301p thao ta\u0301c d\u00ea\u0303 da\u0300ng khi s\u01b0\u0309 du\u0323ng.<\/li>\n<li><strong>B\u1ed9 l\u1ecdc m\u1ee1 b\u1eb1ng kim lo\u1ea1i<\/strong>\u00a0gi\u00fap l\u1ecdc d\u1ea7u m\u1ee1 v\u00e0 c\u00e1c h\u1ea1t r\u1eafn kh\u00e1c ra kh\u1ecfi kh\u00f4ng kh\u00ed. \u0110\u0103\u0323c bi\u00ea\u0323t\u00a0t\u1ea5m l\u01b0\u1edbi l\u1ecdc c\u00f3 th\u1ec3 tha\u0301o ra d\u00ea\u0303 da\u0300ng va\u0300 co\u0301 th\u00ea\u0309\u00a0r\u1eeda b\u1eb1ng m\u00e1y r\u1eeda ch\u00e9n ti\u00ea\u0323n du\u0323ng.<\/li>\n<li>M\u00e1y h\u00fat m\u00f9i\u00a0<strong>BOSCH HMH DFL064W53B\u00a0\u00a0<\/strong>\u0111\u01b0\u1ee3c trang b\u1ecb 2 \u0111\u00e8n chi\u1ebfu s\u00e1ng hallogen ti\u1ebft ki\u1ec7m \u0111i\u1ec7n \u0111\u1ea3m b\u1ea3o \u0111\u1ee7 \u00e1nh s\u00e1ng khi \u0111un n\u1ea5u\u00a0c\u00f9ng c\u00f4ng su\u1ea5t ho\u1ea1t \u0111\u1ed9ng c\u1ee7a b\u00f3ng \u0111\u00e8n l\u00e0\u00a02 x 20 W.<\/li>\n<\/ul>\n<p><img title=\"may-hut-mui-bosch-hmh-dfl064w53b\" src=\"https:\/\/bepvuson.vn\/Data\/upload\/images\/M%C3%A1y%20h%C3%BAt%20m%C3%B9i\/hai-den-may-hut-mui-bosch.jpg\" alt=\"may-hut-mui-bosch-hmh-dfl064w53b\" \/><br \/>\nHai \u0111\u00e8n gi\u00fap chi\u1ebfu s\u00e1ng v\u00f9ng n\u1ea5u khi tr\u1eddi t\u1ed1i ho\u1eb7c thi\u1ebfu s\u00e1ng vi\u1ec7c n\u1ea5u n\u01b0\u1edbng c\u1ee7a b\u1ea1n s\u1ebd l\u00e0 m\u1ed9t tr\u1ea3i nghi\u1ec7m th\u00fa v\u1ecb.<\/p>\n<ul>\n<li>Mang l\u1ea1i hi\u1ec7u qu\u1ea3 h\u00fat m\u00f9i tuy\u1ec7t \u0111\u1ed1i nh\u01b0ng ma\u0301y\u00a0h\u00fat m\u00f9i\u00a0<strong>BOSCH HMH DFL064W53B\u00a0<\/strong>\u00a0l\u1ea1i c\u00f3 \u0111\u1ed9 \u1ed3n t\u01b0\u01a1ng \u0111\u1ed1i th\u1ea5p nh\u1ecf h\u01a1n 68 dB ho\u00e0n to\u00e0n kh\u00f4ng g\u00e2y \u1ea3nh h\u01b0\u1edfng \u0111\u1ebfn xung quanh v\u00e0 c\u00e1c ho\u1ea1t \u0111\u1ed9ng sinh ho\u1ea1t chung trong gia \u0111\u00ecnh.<\/li>\n<\/ul>\n<h3>Ma\u0301y hu\u0301t mu\u0300i thi\u00ea\u0301t k\u00ea\u0301 hi\u00ea\u0323n \u0111a\u0323i<\/h3>\n<p>V\u1edbi th\u00e2n m\u00e1y \u0111c la\u0300m b\u1eb1ng ch\u1ea5t li\u1ec7u\u00a0<strong>Inox cao c\u1ea5p 430<\/strong>\u00a0l\u00e0 ch\u1ea5t li\u1ec7u si\u00eau b\u1ec1n,\u00a0<strong>M\u00e1y h\u00fat m\u00f9i Bosch HMH DFL064W53B\u00a0<\/strong>d\u1ec5 lau ch\u00f9i, kh\u00f4ng s\u1ee3 b\u1ecb hoen g\u1ec9, ch\u00f4\u0301ng ba\u0301m di\u0301nh t\u00f4\u0301t\u00a0mang t\u1edbi s\u1ef1 ti\u1ec7n d\u1ee5ng v\u00e0 ti\u1ebft ki\u1ec7m th\u1eddi gian n\u1ed9i tr\u1ee3 cho ng\u01b0\u1eddi ph\u1ee5 n\u1eef hi\u1ec7n \u0111\u1ea1i.<\/p>\n<p><img title=\"may-hut-mui-bosch-hmh-dfl064w53b\" src=\"https:\/\/bepvuson.vn\/Data\/upload\/images\/M%C3%A1y%20h%C3%BAt%20m%C3%B9i\/kich-thuoc-may-hut-am.jpg\" alt=\"may-hut-mui-bosch-hmh-dfl064w53b\" \/><\/p>\n<ul>\n<li>K\u00edch th\u01b0\u1edbc s\u1ea3n ph\u1ea9m:\u00a0<strong>598R x 290S x 179C\u00a0<\/strong>mm\u00a0d\u1ec5 d\u00e0ng l\u1eafp \u0111\u1eb7t c\u0169ng nh\u01b0 gi\u00fap kh\u00f4ng gian b\u1ebfp gia \u0111\u00ecnh nh\u00e0 b\u1ea1n tr\u1edf n\u00ean r\u1ed9ng tho\u00e1ng h\u01a1n r\u1ea5t nhi\u1ec1u.<\/li>\n<li>Thi\u1ebft k\u1ebf \u0111\u1ed9ng c\u01a1\u00a0si\u00eau b\u1ec1n b\u00e2\u0301p ch\u00e2\u0301p th\u01a1\u0300i gian, t\u1ed5ng c\u00f4ng su\u1ea5t: 145 W\u00a0<strong>ti\u00ea\u0301t ki\u00ea\u0323m \u0111i\u00ea\u0323n n\u0103ng<\/strong>\u00a0tuy\u00ea\u0323t \u0111\u00f4\u0301i s\u01b0\u0309 du\u0323ng ma\u0301y hu\u0301t mu\u0300i\u00a0<strong>BOSCH HMH DFL064W53B\u00a0<\/strong>kh\u00f4ng h\u00ea\u0300 t\u00f4\u0301n \u0111i\u00ea\u0323n nh\u01b0 ba\u0323n v\u00e2\u0303n nghi\u0303.<\/li>\n<li>M\u00e0u kim lo\u1ea1i b\u1ea1c t\u1ea1o n\u00ean t\u00ednh th\u1ea9m m\u1ef9 n\u1ed5i b\u1eadt k\u1ebft h\u1ee3p n\u1ed9i th\u1ea5t \u0111\u01b0\u1ee3c b\u1ea3o v\u1ec7 an to\u00e0n v\u00e0 d\u1ec5 d\u00e0ng v\u1ec7 sinh.<\/li>\n<\/ul>\n<p>Ngo\u00e0i ch\u1ee9c n\u0103ng kh\u1eed m\u00f9i d\u1ea7u m\u1ee1 m\u1eafm mu\u1ed1i trong qu\u00e1 tr\u00ecnh \u0111un n\u1ea5u ma\u0301y hu\u0301t mu\u0300i\u00a0<strong>BOSCH HMH DFL064W53B<\/strong>\u00a0co\u0300n tr\u1ea3 l\u1ea1i kh\u00f4ng kh\u00ed s\u1ea1ch cho ph\u00f2ng b\u1ebfp la\u0300 sa\u0309n ph\u00e2\u0309m \u0111\u01b0\u01a1\u0323c ca\u0301c chi\u0323 em tin du\u0300ng hi\u00ea\u0323n nay.<\/p>\n<\/div>\n<\/div>\n","protected":false},"excerpt":{"rendered":"<p>T\u1ed5ng quan chung M\u00e1y H\u00fat M\u00f9i BOSCH HMH DFL064W53B M\u00e1y H\u00fat M\u00f9i BOSCH HMH DFL064W53B\u00a0\u00a0k\u00edch th\u01b0\u1edbc 60cm g\u1ecdn nh\u1eb9 thi\u00ea\u0301t &hellip; <a class=\"link-more\" href=\"http:\/\/maudep.com.vn\/chuyengiadienmay\/?product=may-hut-mui-bosch-hmh-dfl064w53b\" class=\"more-link\">\u0110\u1ecdc th\u00eam &raquo;<span class=\"screen-reader-text\"> &#8220;M\u00e1y H\u00fat M\u00f9i BOSCH HMH DFL064W53B&#8221;<\/span><\/a><\/p>\n","protected":false},"featured_media":2439,"comment_status":"open","ping_status":"closed","template":"","meta":[],"_links":{"self":[{"href":"http:\/\/maudep.com.vn\/chuyengiadienmay\/index.php?rest_route=\/wp\/v2\/product\/2438"}],"collection":[{"href":"http:\/\/maudep.com.vn\/chuyengiadienmay\/index.php?rest_route=\/wp\/v2\/product"}],"about":[{"href":"http:\/\/maudep.com.vn\/chuyengiadienmay\/index.php?rest_route=\/wp\/v2\/types\/product"}],"replies":[{"embeddable":true,"href":"http:\/\/maudep.com.vn\/chuyengiadienmay\/index.php?rest_route=%2Fwp%2Fv2%2Fcomments&post=2438"}],"wp:featuredmedia":[{"embeddable":true,"href":"http:\/\/maudep.com.vn\/chuyengiadienmay\/index.php?rest_route=\/wp\/v2\/media\/2439"}],"wp:attachment":[{"href":"http:\/\/maudep.com.vn\/chuyengiadienmay\/index.php?rest_route=%2Fwp%2Fv2%2Fmedia&parent=2438"}],"curies":[{"name":"wp","href":"https:\/\/api.w.org\/{rel}","templated":true}]}}