{"id":2440,"date":"2019-01-07T13:38:08","date_gmt":"2019-01-07T06:38:08","guid":{"rendered":"http:\/\/maudep.com.vn\/chuyengiadienmay\/?post_type=product&#038;p=2440"},"modified":"2019-01-07T13:38:08","modified_gmt":"2019-01-07T06:38:08","slug":"may-hut-mui-bosch-dft63ac50","status":"publish","type":"product","link":"http:\/\/maudep.com.vn\/chuyengiadienmay\/?product=may-hut-mui-bosch-dft63ac50","title":{"rendered":"M\u00e1y h\u00fat m\u00f9i Bosch DFT63AC50"},"content":{"rendered":"<h3 class=\"title\">T\u1ed5ng quan chung M\u00e1y h\u00fat m\u00f9i Bosch DFT63AC50<\/h3>\n<div class=\"article-content\">\n<div class=\"js-content\">\n<h2>M\u00e1y h\u00fat m\u00f9i Bosch DFT63AC50\u00a0ti\u00ea\u0301t ki\u00ea\u0323m \u0111i\u00ea\u0323n n\u0103ng tuy\u00ea\u0323t \u0111\u00f4\u0301i \u0111\u01b0\u1ee3c nh\u1eadp kh\u00e2\u0309u nguy\u00ean chi\u1ebfc t\u1eeb Ch\u00e2u \u00c2u. Ma\u0301y hu\u0301t mu\u0300i \u00e2m tu\u0309 thi\u1ebft k\u1ebf ki\u1ec3u d\u00e1ng hi\u1ec7n \u0111\u1ea1i v\u1edbi m\u00e0u x\u00e1m nh\u1eb9 nh\u00e0ng c\u00f9ng nhi\u1ec1u t\u00ednh n\u0103ng \u01b0u Vi\u1ec7t\u00a0la\u0300 l\u01b0\u0323a cho\u0323n hoa\u0300n ha\u0309o\u00a0cho gian b\u00ea\u0301p cu\u0309a ba\u0323n.<\/h2>\n<h3>Ma\u0301y hu\u0301t mu\u0300i s\u1edf h\u1eefu thi\u1ebft k\u1ebf thanh tho\u00e1t<\/h3>\n<p>Thu\u1ed9c d\u00f2ng\u00a0<strong>series 4<\/strong>\u00a0c\u1ee7a Bosch,\u00a0m\u00e1y h\u00fat m\u00f9i\u00a0<strong>Bosch DFT63AC50<\/strong>\u00a0thi\u00ea\u0301t k\u00ea\u0301 \u00e2m tu\u0309 v\u1edbi chi\u1ec1u d\u00e0i 60cm, k\u00edch th\u01b0\u1edbc l\u00fd t\u01b0\u1edfng cho nh\u1eefng c\u0103n b\u1ebfp di\u1ec7n t\u00edch nh\u1ecf h\u1eb9p d\u01b0\u1edbi 15m2. B\u00ean c\u1ea1nh ki\u1ec3u d\u00e1ng thanh l\u1ecbch,\u00a0<strong>DFT63AC50<\/strong>\u00a0c\u00f3 kh\u1ea3 n\u0103ng t\u0103ng ti\u1ebft di\u1ec7n h\u00fat l\u00ean g\u1ea5p \u0111\u00f4i nh\u1edd thi\u1ebft k\u1ebf k\u00e9o r\u00fat g\u1ecdn nh\u1eb9.<\/p>\n<p><img title=\"may-hut-mui-bosch-dft63ac50\" src=\"https:\/\/bepvuson.vn\/Data\/upload\/images\/M%C3%A1y%20h%C3%BAt%20m%C3%B9i\/may-hut-mui-am-tu.jpg\" alt=\"may-hut-mui-bosch-dft63ac50\" \/><\/p>\n<ul>\n<li>M\u00e1y h\u00fat m\u00f9i\u00a0<strong>Bosch DFT63AC50\u00a0<\/strong>v\u1edbi c\u00f4ng su\u00e2\u0301t\u00a0l\u1edbn nh\u1ea5t 360 m\u00b3\/h, v\u1edbi \u0111\u1ed9 \u1ed3n 68 dB\u00a0<strong>kh\u00f4ng g\u00e2y ti\u1ebfng \u1ed3n<\/strong>\u1ea3nh h\u01b0\u1edfng \u0111\u1ebfn xung quanh.<br \/>\nTh\u01b0\u1eddng th\u00ec c\u00f4ng su\u1ea5t h\u00fat l\u1edbn s\u1ebd li\u00ean quan \u0111\u1ebfn \u0111\u1ed9 \u1ed3n, nh\u01b0ng nh\u00e0 s\u1ea3n xu\u1ea5t \u0111\u00e3 l\u00e0m kh\u00e1 t\u1ed1t \u0111i\u1ec1u n\u00e0y khi v\u1eeba \u0111\u1ea3m b\u1ea3o m\u1ee9c c\u00f4ng su\u1ea5t t\u1ed1i \u01b0u m\u00e0 \u0111\u1ed9 \u1ed3n v\u1eabn \u0111\u1ea1t \u1edf m\u1ee9c cho ph\u00e9p.\u00a0B\u1ea1n c\u00f3 th\u1ec3 ho\u00e0n to\u00e0n y\u00ean t\u00e2m v\u00ec d\u00f2ng ma\u0301y h\u00fat m\u00f9i\u00a0<strong>Bosch DFT63AC50<\/strong>\u00a0r\u1ea5t kh\u1ecfe, v\u1eadn h\u00e0nh \u00eam \u00e1i, v\u00e0 c\u00f3\u00a0<strong>\u0111\u1ed9 b\u1ec1n cao<\/strong>.<\/li>\n<li><strong>\u0110\u00e8n LED\u00a0<\/strong>c\u00f3 t\u00ednh n\u0103ng\u00a0<strong>ti\u1ebft ki\u1ec7m n\u0103ng l\u01b0\u1ee3ng<\/strong>\u00a0cao v\u00e0 cung c\u1ea5p \u00e1nh s\u00e1ng h\u1ea5p d\u1eabn, tr\u1eafng v\u00e0 th\u1eadm ch\u00ed c\u1ea3 \u00e1nh s\u00e1ng cho khu v\u1ef1c b\u1ebfp n\u1ea5u.<\/li>\n<\/ul>\n<p><img title=\"may-hut-mui-bosch-dft63ac50\" src=\"https:\/\/bepvuson.vn\/Data\/upload\/images\/M%C3%A1y%20h%C3%BAt%20m%C3%B9i\/hai-den-may-hut-mui-bosch.jpg\" alt=\"may-hut-mui-bosch-dft63ac50\" \/><\/p>\n<ul>\n<li>M\u00e1y h\u00fat m\u00f9i\u00a0<strong>Bosch DFT63AC50\u00a0<\/strong>b\u1ed9 l\u1ecdc m\u1ee1 b\u1eb1ng kim lo\u1ea1i gi\u00fap l\u1ecdc d\u1ea7u m\u1ee1 v\u00e0 c\u00e1c h\u1ea1t r\u1eafn kh\u00e1c ra kh\u1ecfi kh\u00f4ng kh\u00ed\u00a0v\u00e0 \u0111\u1eb7c bi\u1ec7t c\u00f3 th\u1ec3 th\u00e1o r\u1eddi v\u00e0 d\u1ec5 d\u00e0ng v\u1ec7 sinh.<\/li>\n<li><strong>B\u00e0n ph\u00edm b\u1ea5m<\/strong>\u00a0tr\u1ef1c quan g\u1ed3m 3 t\u1ed1c \u0111\u1ed9 h\u00fat l\u1ef1a ch\u1ecdn m\u1ee9c \u0111\u1ed9 h\u00fat ph\u00f9 h\u1ee3p v\u1edbi l\u01b0\u1ee3ng m\u00f9i v\u00e0 kh\u00f3i khi n\u1ea5u \u0103n \u0111\u1ec3 \u0111\u1ea3m b\u1ea3o s\u1ea1ch m\u00f9i cho kh\u00f4ng gian b\u1ebfp nh\u00e0 b\u1ea1n.<\/li>\n<\/ul>\n<h3>Ma\u0301y hu\u0301t mu\u0300i \u0111o\u0301n \u0111\u00e2\u0300u c\u00f4ng ngh\u00ea\u0323<\/h3>\n<p>Ngo\u00e0i ch\u1ee9c n\u0103ng\u00a0<strong>kh\u1eed m\u00f9i d\u1ea7u m\u1ee1<\/strong>\u00a0m\u1eafm mu\u1ed1i trong qu\u00e1 tr\u00ecnh \u0111un n\u1ea5u\u00a0<strong>m\u00e1y h\u00fat m\u00f9i Bosch DFT63AC50<\/strong>co\u0300n tr\u1ea3 l\u1ea1i kh\u00f4ng kh\u00ed s\u1ea1ch cho ph\u00f2ng b\u1ebfp la\u0300 sa\u0309n ph\u00e2\u0309m \u0111\u01b0\u01a1\u0323c ca\u0301c chi\u0323 em tin du\u0300ng hi\u00ea\u0323n nay.<\/p>\n<p><img title=\"may-hut-mui-bosch-dft63ac50\" src=\"https:\/\/bepvuson.vn\/Data\/upload\/images\/M%C3%A1y%20h%C3%BAt%20m%C3%B9i\/may-hut-mui-bosch.png\" alt=\"may-hut-mui-bosch-dft63ac50\" \/><\/p>\n<ul>\n<li>M\u00e1y c\u00f3\u00a0<strong>2 ch\u1ebf \u0111\u1ed9 h\u00fat<\/strong>\u00a0b\u1eb1ng\u00a0<strong>than ho\u1ea1t t\u00ednh<\/strong>\u00a0v\u00e0 b\u1eb1ng\u00a0<strong>\u0111\u01b0\u1eddng \u1ed1ng tho\u00e1t<\/strong>, n\u00ean kh\u1ea3 n\u0103ng ho\u1ea1t \u0111\u1ed9ng t\u1ed1t trong m\u1ecdi \u0111i\u1ec1u ki\u1ec7n.<br \/>\nKhi kh\u1edfi \u0111\u1ed9ng m\u00e1y h\u00fat m\u00f9i\u00a0<strong>Bosch DFT63AC50<\/strong>, h\u1ec7 th\u1ed1ng th\u1ed5i s\u1ebd k\u00e9o kh\u00f4ng kh\u00ed c\u00f3 ch\u1ee9a h\u01a1i gas, kh\u00f3i, m\u00f9i v\u00e0 d\u1ea7u m\u1ee1 kh\u1ecfi khu v\u1ef1c n\u1ea5u b\u1ebfp. Trong khi c\u00e1c th\u00e0nh ph\u1ea7n n\u00e0y b\u1ed1c l\u00ean m\u1ed9t c\u00e1ch t\u1ef1 nhi\u00ean, qu\u1ea1t s\u1ebd k\u00e9o ch\u00fang ra ngo\u00e0i \u0111\u1ec3 khu v\u1ef1c n\u1ea5u th\u00f4ng tho\u00e1ng nh\u1ea5t. M\u1ed9t khi b\u1ecb thu v\u00e0o h\u1ec7 th\u1ed1ng, kh\u00f4ng kh\u00ed \u0111i qua c\u00e1c b\u1ed9 l\u1ecdc \u0111\u1ec3 gi\u1eef l\u1ea1i d\u1ea7u m\u1ee1. H\u1ec7 th\u1ed1ng sau \u0111\u00f3 s\u1ebd h\u01b0\u1edbng c\u00e1c kh\u00ed th\u1ea3i ra kh\u1ecfi b\u1ebfp th\u00f4ng qua \u0111\u01b0\u1eddng \u1ed1ng g\u1eafn tr\u00ean t\u01b0\u1eddng ho\u1eb7c tr\u1ea7n nh\u00e0. Nh\u1eefng m\u00e1y h\u00fat m\u00f9i kh\u00f4ng c\u00f3 \u0111\u01b0\u1eddng \u1ed1ng s\u1ebd \u0111\u1ea9y kh\u00f4ng kh\u00ed qua b\u1ed9 l\u1ecdc, sau \u0111\u00f3 t\u00e1i ch\u1ebf n\u00f3 v\u00e0 tr\u1ea3 tr\u1edf l\u1ea1i b\u1ea7u kh\u00f4ng kh\u00ed trong l\u00e0nh.<\/li>\n<\/ul>\n<\/div>\n<\/div>\n","protected":false},"excerpt":{"rendered":"<p>T\u1ed5ng quan chung M\u00e1y h\u00fat m\u00f9i Bosch DFT63AC50 M\u00e1y h\u00fat m\u00f9i Bosch DFT63AC50\u00a0ti\u00ea\u0301t ki\u00ea\u0323m \u0111i\u00ea\u0323n n\u0103ng tuy\u00ea\u0323t \u0111\u00f4\u0301i \u0111\u01b0\u1ee3c nh\u1eadp &hellip; <a class=\"link-more\" href=\"http:\/\/maudep.com.vn\/chuyengiadienmay\/?product=may-hut-mui-bosch-dft63ac50\" class=\"more-link\">\u0110\u1ecdc th\u00eam &raquo;<span class=\"screen-reader-text\"> &#8220;M\u00e1y h\u00fat m\u00f9i Bosch DFT63AC50&#8221;<\/span><\/a><\/p>\n","protected":false},"featured_media":2441,"comment_status":"open","ping_status":"closed","template":"","meta":[],"_links":{"self":[{"href":"http:\/\/maudep.com.vn\/chuyengiadienmay\/index.php?rest_route=\/wp\/v2\/product\/2440"}],"collection":[{"href":"http:\/\/maudep.com.vn\/chuyengiadienmay\/index.php?rest_route=\/wp\/v2\/product"}],"about":[{"href":"http:\/\/maudep.com.vn\/chuyengiadienmay\/index.php?rest_route=\/wp\/v2\/types\/product"}],"replies":[{"embeddable":true,"href":"http:\/\/maudep.com.vn\/chuyengiadienmay\/index.php?rest_route=%2Fwp%2Fv2%2Fcomments&post=2440"}],"wp:featuredmedia":[{"embeddable":true,"href":"http:\/\/maudep.com.vn\/chuyengiadienmay\/index.php?rest_route=\/wp\/v2\/media\/2441"}],"wp:attachment":[{"href":"http:\/\/maudep.com.vn\/chuyengiadienmay\/index.php?rest_route=%2Fwp%2Fv2%2Fmedia&parent=2440"}],"curies":[{"name":"wp","href":"https:\/\/api.w.org\/{rel}","templated":true}]}}