{"id":2442,"date":"2019-01-07T14:15:39","date_gmt":"2019-01-07T07:15:39","guid":{"rendered":"http:\/\/maudep.com.vn\/chuyengiadienmay\/?post_type=product&#038;p=2442"},"modified":"2019-01-07T14:59:26","modified_gmt":"2019-01-07T07:59:26","slug":"may-hut-mui-elica-glide","status":"publish","type":"product","link":"http:\/\/maudep.com.vn\/chuyengiadienmay\/?product=may-hut-mui-elica-glide","title":{"rendered":"M\u00e1y h\u00fat m\u00f9i ELICA GLIDE"},"content":{"rendered":"","protected":false},"excerpt":{"rendered":"","protected":false},"featured_media":2443,"comment_status":"open","ping_status":"closed","template":"","meta":[],"_links":{"self":[{"href":"http:\/\/maudep.com.vn\/chuyengiadienmay\/index.php?rest_route=\/wp\/v2\/product\/2442"}],"collection":[{"href":"http:\/\/maudep.com.vn\/chuyengiadienmay\/index.php?rest_route=\/wp\/v2\/product"}],"about":[{"href":"http:\/\/maudep.com.vn\/chuyengiadienmay\/index.php?rest_route=\/wp\/v2\/types\/product"}],"replies":[{"embeddable":true,"href":"http:\/\/maudep.com.vn\/chuyengiadienmay\/index.php?rest_route=%2Fwp%2Fv2%2Fcomments&post=2442"}],"wp:featuredmedia":[{"embeddable":true,"href":"http:\/\/maudep.com.vn\/chuyengiadienmay\/index.php?rest_route=\/wp\/v2\/media\/2443"}],"wp:attachment":[{"href":"http:\/\/maudep.com.vn\/chuyengiadienmay\/index.php?rest_route=%2Fwp%2Fv2%2Fmedia&parent=2442"}],"curies":[{"name":"wp","href":"https:\/\/api.w.org\/{rel}","templated":true}]}}