{"id":2447,"date":"2019-01-07T15:02:06","date_gmt":"2019-01-07T08:02:06","guid":{"rendered":"http:\/\/maudep.com.vn\/chuyengiadienmay\/?post_type=product&#038;p=2447"},"modified":"2019-01-07T15:02:06","modified_gmt":"2019-01-07T08:02:06","slug":"may-hut-mui-bosch-dfl063w50","status":"publish","type":"product","link":"http:\/\/maudep.com.vn\/chuyengiadienmay\/?product=may-hut-mui-bosch-dfl063w50","title":{"rendered":"M\u00e1y h\u00fat m\u00f9i Bosch DFL063W50"},"content":{"rendered":"<h3 class=\"title\">T\u1ed5ng quan chung M\u00e1y h\u00fat m\u00f9i Bosch DFL063W50<\/h3>\n<div class=\"article-content\">\n<div class=\"js-content\">\n<h2>M\u00e1y h\u00fat m\u00f9i Bosch DFL063W50 k\u00edch th\u01b0\u1edbc 60cm nh\u1eadp kh\u1ea9u t\u1eeb \u0110\u1ee9c ch\u1ea5t l\u01b0\u1ee3ng cao, ki\u1ec3u d\u00e1ng m\u00e1y h\u00fat m\u00f9i \u00e2m t\u1ee7 ch\u1ea5t li\u1ec7u th\u00e9p kh\u00f4ng g\u1ec9 \u0111ang la\u0300 sa\u0309n ph\u00e2\u0309m \u0111\u01b0\u01a1\u0323c \u0111\u00f4ng \u0111a\u0309o chi\u0323 em ti\u0300m ki\u00ea\u0301m hi\u00ea\u0323n nay.\u00a0Ngo\u00e0i ch\u1ee9c n\u0103ng kh\u1eed m\u00f9i d\u1ea7u m\u1ee1 m\u1eafm mu\u1ed1i trong qu\u00e1 tr\u00ecnh \u0111un n\u1ea5u ma\u0301y hu\u0301t mu\u0300i\u00a0co\u0300n tr\u1ea3 l\u1ea1i kh\u00f4ng kh\u00ed trong la\u0300nh\u00a0cho ph\u00f2ng b\u1ebfp nha\u0300 ba\u0323n.<\/h2>\n<h3>Ma\u0301y hu\u0301t mu\u0300i \u00e2m tu\u0309 cao c\u00e2\u0301p<\/h3>\n<p><strong>M\u00e1y h\u00fat m\u00f9i\u00a0<\/strong><strong>Bosch DFL063W50<\/strong>\u00a0cao c\u1ea5p \u0111\u01b0\u1ee3c trang b\u1ecb b\u1ea3ng \u0111i\u1ec1u khi\u1ec3n c\u01a1 hi\u1ec3n th\u1ecb g\u1ed3m 3 t\u1ed1c \u0111\u1ed9 h\u00fat th\u01b0\u1eddng l\u1ef1a ch\u1ecdn m\u1ee9c \u0111\u1ed9 h\u00fat ph\u00f9 h\u1ee3p v\u1edbi l\u01b0\u1ee3ng m\u00f9i v\u00e0 kh\u00f3i khi n\u1ea5u \u0103n \u0111\u1ec3 \u0111\u1ea3m b\u1ea3o s\u1ea1ch m\u00f9i cho kh\u00f4ng gian b\u1ebfp nh\u00e0 b\u1ea1n.\u00a0\u0110\u1ed3ng th\u1eddi b\u1ea1n c\u00f3 th\u1ec3 ch\u1ecdn b\u1ea5m n\u00fat \u0111\u00e8n chi\u1ebfu s\u00e1ng \u0111\u1ec3 quan s\u00e1t khi n\u1ea5u \u0103n \u0111\u01b0\u1ee3c d\u1ec5 d\u00e0ng h\u01a1n.<\/p>\n<p><img title=\"may-hut-mui-bosch-dfl063w50\" src=\"https:\/\/bepvuson.vn\/Data\/upload\/images\/M%C3%A1y%20h%C3%BAt%20m%C3%B9i\/hai-den-may-hut-mui-bosch.jpg\" alt=\"may-hut-mui-bosch-dfl063w50\" \/><\/p>\n<ul>\n<li>H\u1ec7 th\u1ed1ng chi\u1ebfu s\u00e1ng b\u1eb1ng \u0111\u00e8n halogen c\u1ee7a m\u00e1y h\u00fat m\u00f9i\u00a0<strong>Bosch DFL063W50<\/strong>\u00a0gi\u00fap chi\u1ebfu s\u00e1ng b\u1ebfp khi n\u1ea5u \u0103n \u0111\u01b0\u1ee3c ti\u1ec7n l\u1ee3i.<\/li>\n<li>B\u1ed9 l\u1ecdc b\u1eb1ng nh\u00f4m nhi\u1ec1u l\u1edbp ng\u0103n kh\u00f4ng cho d\u1ea7u m\u1ee1 \u0111i v\u00e0o m\u00e1y gi\u00fap m\u00e1y ho\u1ea1t \u0111\u1ed9ng t\u1ed1t v\u00e0 b\u1ec1n h\u01a1n, b\u1ed9 l\u1ecdc sau th\u1eddi gian s\u1eed d\u1ee5ng c\u1ea7n \u0111\u01b0\u1ee3c l\u00e0m s\u1ea1ch (b\u1ed9 l\u1ecdc c\u00f3 th\u1ec3 r\u1eeda \u0111\u01b0\u1ee3c trong m\u00e1y r\u1eeda b\u00e1t ti\u1ec7n l\u1ee3i) \u0111\u1ea3m b\u1ea3o kh\u1ea3 n\u0103ng h\u00fat hi\u1ec7u qu\u1ea3 nh\u1ea5t.<\/li>\n<li>C\u1eeda k\u00ednh tho\u00e1t kh\u00ed ra ngo\u00e0i m\u00e1y h\u00fat m\u00f9i\u00a0<strong>Bosch DFL063W50\u00a0<\/strong>c\u00f3 \u0111\u01b0\u1eddng k\u00ednh 150\/120mm khi l\u1eafp \u0111\u1eb7t s\u1ebd \u0111\u01b0\u1ee3c n\u1ed1i v\u1edbi \u1ed1ng d\u1eabn kh\u00ed ra m\u00f4i tr\u01b0\u1eddng b\u00ean ngo\u00e0i \u0111\u1ea3m b\u1ea3o nh\u1eefng m\u00f9i th\u1ee9c \u0103n d\u1ea7u m\u1ee1 kh\u00f3 ch\u1ecbu \u0111\u01b0\u1ee3c h\u00fat x\u1ea3 qua \u0111\u01b0\u1ee3c d\u1ec5 d\u00e0ng nh\u1ea5t.<\/li>\n<\/ul>\n<p><img title=\"may-hut-mui-bosch-dfl063w50\" src=\"https:\/\/bepvuson.vn\/Data\/upload\/images\/M%C3%A1y%20h%C3%BAt%20m%C3%B9i\/bosch-dfl063w50.jpg\" alt=\"may-hut-mui-bosch-dfl063w50\" \/><\/p>\n<ul>\n<li>M\u00e1y h\u00fat m\u00f9i\u00a0<strong>Bosch DFL063W50\u00a0\u00a0<\/strong>v\u1edbi c\u00f4ng su\u00e2\u0301t\u00a0l\u1edbn nh\u1ea5t 340m\u00b3\/h (theo ti\u00eau chu\u1ea9n UNE\/EN 61591), v\u1edbi \u0111\u1ed9 \u1ed3n 64 dB\u00a0<strong>kh\u00f4ng g\u00e2y ti\u1ebfng \u1ed3n<\/strong>\u00a0\u1ea3nh h\u01b0\u1edfng \u0111\u1ebfn xung quanh.<br \/>\nTh\u01b0\u1eddng th\u00ec c\u00f4ng su\u1ea5t h\u00fat l\u1edbn s\u1ebd li\u00ean quan \u0111\u1ebfn \u0111\u1ed9 \u1ed3n, nh\u01b0ng nh\u00e0 s\u1ea3n xu\u1ea5t \u0111\u00e3 l\u00e0m kh\u00e1 t\u1ed1t \u0111i\u1ec1u n\u00e0y khi v\u1eeba \u0111\u1ea3m b\u1ea3o m\u1ee9c c\u00f4ng su\u1ea5t t\u1ed1i \u01b0u m\u00e0 \u0111\u1ed9 \u1ed3n v\u1eabn \u0111\u1ea1t \u1edf m\u1ee9c cho ph\u00e9p.\u00a0B\u1ea1n c\u00f3 th\u1ec3 ho\u00e0n to\u00e0n y\u00ean t\u00e2m v\u00ec d\u00f2ng ma\u0301y h\u00fat m\u00f9i\u00a0<strong>Bosch DFL063W50<\/strong>\u00a0r\u1ea5t kh\u1ecfe, v\u1eadn h\u00e0nh \u00eam \u00e1i, v\u00e0 c\u00f3\u00a0<strong>\u0111\u1ed9 b\u1ec1n cao<\/strong>.<\/li>\n<\/ul>\n<h3>Ma\u0301y hu\u0301t mu\u0300i an toa\u0300n, ti\u00ea\u0301t ki\u00ea\u0323m<\/h3>\n<p>Ca\u0301c sa\u0309n ph\u00e2\u0309m cu\u0309a ha\u0303ng Bosch lu\u00f4n ti\u00ean phong trong c\u00f4ng ngh\u00ea\u0323 n\u0103ng l\u01b0\u01a1\u0323ng xanh giu\u0301p cho ma\u0301y hu\u0301t mu\u0300i\u00a0<strong>Bosch DFL063W50<\/strong>\u00a0ti\u00eau hao i\u0301t n\u0103ng l\u01b0\u01a1\u0323ng, gia\u0309m \u0111\u00f4\u0323 \u00f4\u0300n va\u0300 \u0111\u0103\u0323c bi\u00ea\u0323t tra\u0309 la\u0323i kh\u00f4ng gian thoa\u0301ng \u0111a\u0303ng cho c\u0103n b\u00ea\u0301p cu\u0309a ba\u0323n.<\/p>\n<p><img title=\"may-hut-mui-bosch-dfl063w50\" src=\"https:\/\/bepvuson.vn\/Data\/upload\/images\/M%C3%A1y%20h%C3%BAt%20m%C3%B9i\/may-hut-mui-bosch.png\" alt=\"may-hut-mui-bosch-dfl063w50\" \/><\/p>\n<p><strong>M\u00e1y h\u00fat m\u00f9i Bosch DFL063W50\u00a0<\/strong>ho\u1ea1t \u0111\u1ed9ng \u0111\u01a1n gi\u1ea3n n\u00ean kh\u00f4ng ti\u00eau t\u00f4\u0301n \u0111i\u00ea\u0323n nh\u01b0 ba\u0323n v\u00e2\u0303n nghi\u0303. C\u00e1c lo\u1ea1i kh\u00ed \u0111\u1ed9c h\u1ea1i v\u00e0 m\u00f9i th\u1ee9c \u0103n \u0111\u01b0\u1ee3c m\u00e1y h\u00fat l\u00ean b\u1eb1ng qu\u1ea1t v\u00e0 chuy\u1ec3n ra ngo\u00e0i c\u00f2n b\u1ee5i b\u1ea9n v\u00e0 c\u00e1c l\u01b0\u1ee3ng d\u1ea7u m\u1ee1 d\u01b0 bay l\u00ean s\u1ebd b\u00e1m v\u00e0o l\u01b0\u1edbi l\u1ecdc m\u1ee1 c\u00f3 th\u1ec3 d\u1ec5 d\u00e0ng th\u00e1o ra \u0111\u1ec3 v\u1ec7 sinh.<\/p>\n<p>L\u01b0u y\u0301: N\u00ean th\u01b0\u1eddng xuy\u00ean lau ch\u00f9i, v\u1ec7 sinh ma\u0301y hu\u0301t mu\u0300i (\u0111\u1ecbnh k\u1ef3 1 th\u00e1ng\/ 2 l\u1ea7n) gi\u00fap m\u00e1y ho\u1ea1t \u0111\u1ed9ng tr\u01a1n tru, kh\u00f4ng b\u1ecb kh\u00f3i b\u1ee5i, d\u1ea7u m\u1ee1 \u1ea3nh h\u01b0\u1edfng \u0111\u1ebfn qu\u00e1 tr\u00ecnh ho\u1ea1t \u0111\u1ed9ng.<\/p>\n<\/div>\n<\/div>\n","protected":false},"excerpt":{"rendered":"<p>T\u1ed5ng quan chung M\u00e1y h\u00fat m\u00f9i Bosch DFL063W50 M\u00e1y h\u00fat m\u00f9i Bosch DFL063W50 k\u00edch th\u01b0\u1edbc 60cm nh\u1eadp kh\u1ea9u t\u1eeb \u0110\u1ee9c &hellip; <a class=\"link-more\" href=\"http:\/\/maudep.com.vn\/chuyengiadienmay\/?product=may-hut-mui-bosch-dfl063w50\" class=\"more-link\">\u0110\u1ecdc th\u00eam &raquo;<span class=\"screen-reader-text\"> &#8220;M\u00e1y h\u00fat m\u00f9i Bosch DFL063W50&#8221;<\/span><\/a><\/p>\n","protected":false},"featured_media":2448,"comment_status":"open","ping_status":"closed","template":"","meta":[],"_links":{"self":[{"href":"http:\/\/maudep.com.vn\/chuyengiadienmay\/index.php?rest_route=\/wp\/v2\/product\/2447"}],"collection":[{"href":"http:\/\/maudep.com.vn\/chuyengiadienmay\/index.php?rest_route=\/wp\/v2\/product"}],"about":[{"href":"http:\/\/maudep.com.vn\/chuyengiadienmay\/index.php?rest_route=\/wp\/v2\/types\/product"}],"replies":[{"embeddable":true,"href":"http:\/\/maudep.com.vn\/chuyengiadienmay\/index.php?rest_route=%2Fwp%2Fv2%2Fcomments&post=2447"}],"wp:featuredmedia":[{"embeddable":true,"href":"http:\/\/maudep.com.vn\/chuyengiadienmay\/index.php?rest_route=\/wp\/v2\/media\/2448"}],"wp:attachment":[{"href":"http:\/\/maudep.com.vn\/chuyengiadienmay\/index.php?rest_route=%2Fwp%2Fv2%2Fmedia&parent=2447"}],"curies":[{"name":"wp","href":"https:\/\/api.w.org\/{rel}","templated":true}]}}