{"id":2451,"date":"2019-01-07T15:20:32","date_gmt":"2019-01-07T08:20:32","guid":{"rendered":"http:\/\/maudep.com.vn\/chuyengiadienmay\/?post_type=product&#038;p=2451"},"modified":"2019-01-07T15:20:32","modified_gmt":"2019-01-07T08:20:32","slug":"may-hut-mui-bosch-dfm064w50","status":"publish","type":"product","link":"http:\/\/maudep.com.vn\/chuyengiadienmay\/?product=may-hut-mui-bosch-dfm064w50","title":{"rendered":"M\u00e1y h\u00fat m\u00f9i Bosch DFM064W50"},"content":{"rendered":"<h3 class=\"title\">T\u1ed5ng quan chung M\u00e1y h\u00fat m\u00f9i Bosch DFM064W50<\/h3>\n<div class=\"article-content\">\n<div class=\"js-content\">\n<h2>M\u00e1y h\u00fat m\u00f9i BOSCH DFM064W50 thao t\u00e1c s\u1eed d\u1ee5ng \u0111\u01a1n gi\u1ea3n d\u1ec5 d\u00e0ng ch\u1ec9 c\u1ea7n k\u00e9o ra l\u00e0 m\u00e1y ho\u1ea1t \u0111\u1ed9ng h\u00fat s\u1ea1ch m\u00f9i hi\u1ec7u qu\u1ea3. Do\u0300ng sa\u0309n ph\u00e2\u0309m th\u01b0\u01a1ng hi\u00ea\u0323u Ch\u00e2u \u00c2u na\u0300y \u0111ang \u0111\u01b0\u01a1\u0323c ca\u0301c chi\u0323 em kh\u0103\u0301p ca\u0301c\u00a0 n\u01b0\u01a1\u0301c tin du\u0300ng l\u01b0\u0323a cho\u0323n cho gian b\u00ea\u0301p cu\u0309a mi\u0300nh th\u00eam sa\u0323ch se\u0303 va\u0300 \u0111e\u0323p m\u0103\u0301t, la\u0323i c\u01b0\u0323c ki\u0300 an toa\u0300n.<\/h2>\n<h3>\u0110\u1eb7c \u0111i\u1ec3m n\u1ed5i b\u1eadt\u00a0Bosch DFM064W50<\/h3>\n<p><strong>M\u00e1y h\u00fat m\u00f9i BOSCH DFM064W50<\/strong>\u00a0thi\u1ebft l\u1eadp m\u1ee9c c\u00f4ng su\u1ea5t ch\u00ednh x\u00e1c v\u1edbi m\u1ed9t l\u1ea7n ch\u1ea1m duy nh\u1ea5t nh\u1edd\u00a0<strong>TouchControl v\u00e0 DirectSelect.<\/strong><\/p>\n<p><img title=\"may-hut-mui-bosch-dfm064w50\" src=\"https:\/\/bepvuson.vn\/Data\/upload\/images\/M%C3%A1y%20h%C3%BAt%20m%C3%B9i\/mayhutmuiamtu.jpg\" alt=\"may-hut-mui-bosch-dfm064w50\" \/><\/p>\n<ul>\n<li>B\u1ed9 l\u1ecdc b\u1eb1ng nh\u00f4m nhi\u1ec1u l\u1edbp ng\u0103n kh\u00f4ng cho d\u1ea7u m\u1ee1 \u0111i v\u00e0o m\u00e1y gi\u00fap m\u00e1y ho\u1ea1t \u0111\u1ed9ng t\u1ed1t v\u00e0 b\u1ec1n h\u01a1n.\u00a0Khi b\u1ed9 l\u1ecdc c\u1ea7n v\u1ec7 sinh, \u0111\u00e8n t\u00edn hi\u1ec7u m\u00e1y h\u00fat m\u00f9i\u00a0<strong>BOSCH DFM064W50\u00a0<\/strong>s\u1ebd ph\u00e1t s\u00e1ng khi b\u1ed9 l\u1ecdc c\u1ea7n \u0111\u01b0\u1ee3c v\u1ec7 sinh, \u0111\u1ec3 \u0111\u1ea3m b\u1ea3o duy tr\u00ec hi\u1ec7u qu\u1ea3 c\u1ee7a m\u00e1y h\u00fat m\u00f9i.<\/li>\n<li>B\u00e0n ph\u00edm b\u1ea5m tr\u1ef1c quan g\u1ed3m 3 t\u1ed1c \u0111\u1ed9 h\u00fat l\u1ef1a ch\u1ecdn m\u1ee9c \u0111\u1ed9 h\u00fat ph\u00f9 h\u1ee3p v\u1edbi l\u01b0\u1ee3ng m\u00f9i v\u00e0 kh\u00f3i khi n\u1ea5u \u0103n \u0111\u1ec3 \u0111\u1ea3m b\u1ea3o s\u1ea1ch m\u00f9i<\/li>\n<li>T\u1ed1c \u0111\u1ed9 khai th\u00e1c\u00a0<strong>\u1ea5n t\u01b0\u1ee3ng<\/strong>\u00a0400 m3 \/ h \u0111\u1ea3m b\u1ea3o\u00a0gi\u00fap<strong>\u00a0lo\u1ea1i b\u1ecf m\u1ecdi m\u00f9i kh\u00f3 ch\u1ecbu<\/strong>\u00a0cho c\u0103n b\u1ebfp c\u1ee7a b\u1ea1n trong th\u1eddi gian ng\u1eafn nh\u00e2\u0301t v\u01a1\u0301i\u00a0m\u00e1y h\u00fat m\u00f9i\u00a0<strong>BOSCH DFM064W50.<\/strong><\/li>\n<li><strong>\u0110\u00e8n LED\u00a0<\/strong>c\u00f3 t\u00ednh n\u0103ng\u00a0<strong>ti\u1ebft ki\u1ec7m n\u0103ng l\u01b0\u1ee3ng<\/strong>\u00a0cao v\u00e0 cung c\u1ea5p \u00e1nh s\u00e1ng h\u1ea5p d\u1eabn, tr\u1eafng v\u00e0 th\u1eadm ch\u00ed c\u1ea3 \u00e1nh s\u00e1ng cho khu v\u1ef1c b\u1ebfp n\u1ea5u.<\/li>\n<\/ul>\n<p><img title=\"may-hut-mui-bosch-dfm064w50\" src=\"https:\/\/bepvuson.vn\/Data\/upload\/images\/M%C3%A1y%20h%C3%BAt%20m%C3%B9i\/may-hut-mui1.jpeg\" alt=\"may-hut-mui-bosch-dfm064w50\" \/><\/p>\n<ul>\n<li>M\u00e1y h\u00fat m\u00f9i\u00a0<strong>BOSCH\u00a0DFM064W50<\/strong>\u00a0v\u01a1\u0301i 3 m\u1ee9c c\u00f4ng su\u1ea5t v\u00e0 2 thi\u1ebft l\u1eadp chuy\u00ean s\u00e2u ti\u00ea\u0323n du\u0323ng.<\/li>\n<li>C\u00e1c ch\u1ee9c n\u0103ng c\u1ee7a m\u00e1y \u0111\u01b0\u1ee3c thi\u1ebft l\u1eadp kh\u00f3a tr\u1ebb em, t\u1ef1 \u0111\u1ed9ng t\u1eaft khi tr\u01b0\u1ee3t v\u00e0o, nh\u1eb1m \u0111\u1ea3m b\u1ea3o s\u1ef1 an to\u00e0n cho ng\u01b0\u1eddi ti\u00eau d\u00f9ng.<\/li>\n<li>\u0110\u1eb7c bi\u1ec7t y\u00ean t\u0129nh: M\u00e1y h\u00fat m\u00f9i\u00a0<strong>BOSCH DFM064W50\u00a0<\/strong>hi\u1ec7u su\u1ea5t cao ch\u1ec9 v\u1edbi 59 dB\u00a0kh\u00f4ng t\u1ea1o c\u1ea3m gi\u00e1c kh\u00f3 ch\u1ecbu cho ng\u01b0\u1eddi s\u1eed d\u1ee5ng.<\/li>\n<li>Th\u00e9p kh\u00f4ng r\u1ec9 v\u00e0 b\u1ea3ng \u0111en m\u1edd v\u1edbi bi\u1ec3u tr\u01b0ng c\u1ee7a Bosch,\u00a0V\u1ecf l\u1ecdc b\u1eb1ng th\u00e9p tha\u0301ch th\u01b0\u0301c th\u01a1\u0300i gian.<\/li>\n<\/ul>\n<h3>Th\u00f4ng s\u1ed1 k\u0129 thu\u1eadt M\u00e1y H\u00fat Kh\u00f3i Kh\u1eed M\u00f9i Bosch DFM064W50<\/h3>\n<p><strong>M\u00e1y h\u00fat m\u00f9i Bosch DFM064W50<\/strong>\u00a0c\u00f3 thi\u1ebft k\u1ebf \u00e2m t\u1ee7 nh\u1ecf g\u1ecdn, tinh t\u1ebf, \u0111em l\u1ea1i kh\u00f4ng gian sang tr\u1ecdng cho c\u0103n b\u1ebfp hi\u1ec7n \u0111\u1ea1i.\u00a0Ma\u0301y co\u0301 k\u00edch th\u01b0\u1edbc 203 x 598 x 290 mm da\u0323ng ph\u0103\u0309ng r\u00e2\u0301t go\u0323n, ti\u00ea\u0301t ki\u00ea\u0323m di\u00ea\u0323n ti\u0301ch cho kh\u00f4ng gian b\u00ea\u0301p cu\u0309a ba\u0323n.<\/p>\n<p><img title=\"may-hut-mui-bosch-dfm064w50\" src=\"https:\/\/bepvuson.vn\/Data\/upload\/images\/B%E1%BA%BFp%20t%E1%BB%AB\/BOSCH-DFM064W50.jpg\" alt=\"may-hut-mui-bosch-dfm064w50\" \/><\/p>\n<p>L\u01b0u y\u0301: N\u00ean l\u1eafp \u0111\u1eb7t m\u00e1y h\u00fat m\u00f9i\u00a0<strong>BOSCH DFM064W50\u00a0<\/strong>\u1edf n\u01a1i kh\u00f4 r\u00e1o, tho\u00e1ng m\u00e1t, d\u1ec5 t\u1ea3n nhi\u1ec7t, tr\u00e1nh nh\u1eefng n\u01a1i qua\u0301 g\u1ea7n b\u1ebfp ho\u1eb7c g\u1ea7n b\u1ed3n \u0111\u1ef1ng n\u01b0\u1edbc\u00a0s\u1ebd gi\u00fap b\u1ea1n s\u1eed d\u1ee5ng s\u1ea3n ph\u1ea9m \u0111\u01b0\u1ee3c l\u00e2u d\u00e0i, \u00edt h\u01b0 h\u1ecfng.<\/p>\n<p>S\u1ea3n ph\u1ea9m c\u00f3 gi\u00e1 c\u1ea3 kh\u00f4ng qu\u00e1 cao, ph\u00f9 h\u1ee3p v\u1edbi nhi\u1ec1u gia \u0111\u00ecnh Vi\u00ea\u0323t. N\u1ebfu gia \u0111\u00ecnh c\u00f3 kh\u00f4ng gian b\u1ebfp r\u1ed9ng v\u00e0 nhu c\u1ea7u n\u1ea5u n\u01b0\u1edbng cao th\u00ec m\u00e1y h\u00fat m\u00f9i\u00a0<strong>BOSCH\u00a0DFM064W50<\/strong>\u00a0x\u1ee9ng \u0111\u00e1ng l\u00e0 s\u1ef1 l\u1ef1a ch\u1ecdn ho\u00e0n h\u1ea3o.<\/p>\n<\/div>\n<\/div>\n","protected":false},"excerpt":{"rendered":"<p>T\u1ed5ng quan chung M\u00e1y h\u00fat m\u00f9i Bosch DFM064W50 M\u00e1y h\u00fat m\u00f9i BOSCH DFM064W50 thao t\u00e1c s\u1eed d\u1ee5ng \u0111\u01a1n gi\u1ea3n d\u1ec5 &hellip; <a class=\"link-more\" href=\"http:\/\/maudep.com.vn\/chuyengiadienmay\/?product=may-hut-mui-bosch-dfm064w50\" class=\"more-link\">\u0110\u1ecdc th\u00eam &raquo;<span class=\"screen-reader-text\"> &#8220;M\u00e1y h\u00fat m\u00f9i Bosch DFM064W50&#8221;<\/span><\/a><\/p>\n","protected":false},"featured_media":2452,"comment_status":"open","ping_status":"closed","template":"","meta":[],"_links":{"self":[{"href":"http:\/\/maudep.com.vn\/chuyengiadienmay\/index.php?rest_route=\/wp\/v2\/product\/2451"}],"collection":[{"href":"http:\/\/maudep.com.vn\/chuyengiadienmay\/index.php?rest_route=\/wp\/v2\/product"}],"about":[{"href":"http:\/\/maudep.com.vn\/chuyengiadienmay\/index.php?rest_route=\/wp\/v2\/types\/product"}],"replies":[{"embeddable":true,"href":"http:\/\/maudep.com.vn\/chuyengiadienmay\/index.php?rest_route=%2Fwp%2Fv2%2Fcomments&post=2451"}],"wp:featuredmedia":[{"embeddable":true,"href":"http:\/\/maudep.com.vn\/chuyengiadienmay\/index.php?rest_route=\/wp\/v2\/media\/2452"}],"wp:attachment":[{"href":"http:\/\/maudep.com.vn\/chuyengiadienmay\/index.php?rest_route=%2Fwp%2Fv2%2Fmedia&parent=2451"}],"curies":[{"name":"wp","href":"https:\/\/api.w.org\/{rel}","templated":true}]}}