{"id":2454,"date":"2019-01-07T15:24:55","date_gmt":"2019-01-07T08:24:55","guid":{"rendered":"http:\/\/maudep.com.vn\/chuyengiadienmay\/?post_type=product&#038;p=2454"},"modified":"2019-01-07T15:24:55","modified_gmt":"2019-01-07T08:24:55","slug":"may-hut-mui-bosch-dhi625r","status":"publish","type":"product","link":"http:\/\/maudep.com.vn\/chuyengiadienmay\/?product=may-hut-mui-bosch-dhi625r","title":{"rendered":"M\u00e1y h\u00fat m\u00f9i Bosch DHI625R"},"content":{"rendered":"<div class=\"col-md-7\">\n<div class=\"post-entry\">\n<h3 class=\"title\">T\u1ed5ng quan chung M\u00e1y h\u00fat m\u00f9i Bosch DHI625R<\/h3>\n<div class=\"article-content\">\n<div class=\"js-content\">\n<h2>M\u00e1y H\u00fat M\u00f9i BOSCH DHI625R nh\u1eadp kh\u1ea9u nguy\u00ean chi\u1ebfc t\u1eeb ch\u00e2u \u00c2u c\u00f3 ch\u1ea5t l\u01b0\u1ee3ng cao v\u1edbi c\u00f4ng su\u1ea5t h\u00fat l\u1edbn v\u00e0 \u0111\u1ed9 \u1ed3n si\u00eau \u00eam. Thi\u1ebft k\u1ebf l\u1eafp \u00e2m h\u1eb3n v\u00e0o trong t\u1ee7 b\u1ebfp, b\u1ec1 m\u1eb7t m\u00e1y ph\u1eb3ng v\u1edbi t\u1ee7 b\u1ebfp tr\u00ean n\u00ean r\u1ea5t g\u1ecdn ti\u1ebft ki\u1ec7m di\u1ec7n t\u00edch\u00a0ph\u00f9 h\u1ee3p v\u1edbi nh\u1eefng kh\u00f4ng gian b\u1ebfp di\u1ec7n t\u00edch nh\u1ecf.<\/h2>\n<h3>\u0110\u1eb7c \u0111i\u1ec3m n\u1ed5i b\u1eadt\u00a0Bosch DHI625R<\/h3>\n<p><strong>M\u00e1y h\u00fat m\u00f9i BOSCH DHI625R<\/strong>\u00a0b\u1ed9 l\u1ecdc m\u1ee1 b\u1eb1ng kim lo\u1ea1i gi\u00fap l\u1ecdc d\u1ea7u m\u1ee1 v\u00e0 c\u00e1c h\u1ea1t r\u1eafn kh\u00e1c ra kh\u1ecfi kh\u00f4ng kh\u00ed\u00a0v\u00e0 \u0111\u1eb7c bi\u1ec7t c\u00f3 th\u1ec3 th\u00e1o r\u1eddi v\u00e0 d\u1ec5 d\u00e0ng v\u1ec7 sinh.<\/p>\n<p><img title=\"may-hut-mui-bosch-dhi625r\" src=\"https:\/\/bepvuson.vn\/Data\/upload\/images\/M%C3%A1y%20h%C3%BAt%20m%C3%B9i\/mayhutmuiamtu.jpg\" alt=\"may-hut-mui-bosch-dhi625r\" \/><\/p>\n<ul>\n<li>Ma\u0301y thi\u1ebft l\u1eadp m\u1ee9c c\u00f4ng su\u1ea5t ch\u00ednh x\u00e1c v\u1edbi m\u1ed9t l\u1ea7n ch\u1ea1m duy nh\u1ea5t nh\u1edd\u00a0<strong>TouchControl v\u00e0 DirectSelect.<\/strong><\/li>\n<li>M\u00e1y h\u00fat m\u00f9i\u00a0<strong>BOSCH DHI625R<\/strong>\u00a0v\u1edbi 1 tuabin\u00a0co\u0301 t\u1ed5ng c\u00f4ng su\u1ea5t \u0111\u1ed9ng c\u01a1: 186 W kh\u00f4ng g\u00e2y kho\u0301 chi\u0323u cho ng\u01b0\u01a1\u0300i s\u01b0\u0309 du\u0323ng.<\/li>\n<li>T\u1ed1c \u0111\u1ed9 khai th\u00e1c<strong>\u00a0\u1ea5n t\u01b0\u1ee3ng<\/strong>\u00a0530 m3\/h \u0111\u1ea3m b\u1ea3o\u00a0gi\u00fap<strong>\u00a0lo\u1ea1i b\u1ecf m\u1ecdi m\u00f9i kh\u00f3 ch\u1ecbu<\/strong>\u00a0cho c\u0103n b\u1ebfp c\u1ee7a b\u1ea1n trong th\u1eddi gian ng\u1eafn nh\u00e2\u0301t.<\/li>\n<li><strong>\u0110\u00e8n LED\u00a0<\/strong>c\u00f3 t\u00ednh n\u0103ng\u00a0<strong>ti\u1ebft ki\u1ec7m n\u0103ng l\u01b0\u1ee3ng<\/strong>\u00a0cao v\u00e0 cung c\u1ea5p \u00e1nh s\u00e1ng h\u1ea5p d\u1eabn, tr\u1eafng v\u00e0 th\u1eadm ch\u00ed c\u1ea3 \u00e1nh s\u00e1ng cho khu v\u1ef1c b\u1ebfp n\u1ea5u.<\/li>\n<\/ul>\n<p><img title=\"may-hut-mui-bosch-dhi625r\" src=\"https:\/\/bepvuson.vn\/Data\/upload\/images\/M%C3%A1y%20h%C3%BAt%20m%C3%B9i\/may-hut-mui1.jpeg\" alt=\"may-hut-mui-bosch-dhi625r\" \/><\/p>\n<ul>\n<li>M\u00e1y h\u00fat m\u00f9i\u00a0<strong>BOSCH DHI625R<\/strong>\u00a0\u0111i\u1ec1u khi\u1ec3n b\u1eb1ng c\u01a1 c\u00f3 3 t\u1ed1c \u0111\u1ed9 h\u00fat ti\u00ea\u0323n l\u01a1\u0323i cho ng\u01b0\u01a1\u0300i s\u01b0\u0309 du\u0323ng.<\/li>\n<li>C\u00e1c ch\u1ee9c n\u0103ng c\u1ee7a m\u00e1y \u0111\u01b0\u1ee3c thi\u1ebft l\u1eadp kh\u00f3a tr\u1ebb em, t\u1ef1 \u0111\u1ed9ng t\u1eaft khi tr\u01b0\u1ee3t v\u00e0o, nh\u1eb1m \u0111\u1ea3m b\u1ea3o s\u1ef1 an to\u00e0n cho ng\u01b0\u1eddi ti\u00eau d\u00f9ng.<\/li>\n<li>C\u1eeda k\u00ednh tho\u00e1t kh\u00ed ra ngo\u00e0i \u0111\u1ea3m b\u1ea3o nh\u1eefng m\u00f9i th\u1ee9c \u0103n d\u1ea7u m\u1ee1 kh\u00f3 ch\u1ecbu \u0111\u01b0\u1ee3c h\u00fat x\u1ea3 qua \u0111\u01b0\u1ee3c d\u1ec5 d\u00e0ng nh\u1ea5t.<\/li>\n<li>\u0110\u1eb7c bi\u1ec7t y\u00ean t\u0129nh: M\u00e1y h\u00fat m\u00f9i\u00a0<strong>BOSCH DHI625R\u00a0<\/strong>hi\u1ec7u su\u1ea5t cao ch\u1ec9 v\u1edbi 64 dB\u00a0kh\u00f4ng t\u1ea1o c\u1ea3m gi\u00e1c kh\u00f3 ch\u1ecbu cho ng\u01b0\u1eddi s\u1eed d\u1ee5ng.<\/li>\n<li>Ch\u00e2\u0301t li\u00ea\u0323u th\u00e9p kh\u00f4ng r\u1ec9 v\u00e0 b\u1ea3ng \u0111en m\u1edd v\u1edbi bi\u1ec3u tr\u01b0ng c\u1ee7a Bosch,\u00a0v\u1ecf l\u1ecdc b\u1eb1ng th\u00e9p tha\u0301ch th\u01b0\u0301c th\u01a1\u0300i gian.<\/li>\n<\/ul>\n<h3>Thi\u00ea\u0301t k\u00ea\u0301 cu\u0309a ma\u0301y hu\u0301t mu\u0300i \u00e2m tu\u0309\u00a0<strong>DHI625R<\/strong><\/h3>\n<p><strong>M\u00e1y h\u00fat m\u00f9i Bosch DHI625R<\/strong>\u00a0k\u00edch th\u01b0\u1edbc l\u1eafp \u0111\u1eb7t: 140mm x 550mm x 280mm thi\u1ebft k\u1ebf l\u1eafp \u00e2m h\u1eb3n v\u00e0o trong t\u1ee7 b\u1ebfp, b\u1ec1 m\u1eb7t m\u00e1y ph\u1eb3ng v\u1edbi t\u1ee7 b\u1ebfp tr\u00ean n\u00ean r\u1ea5t g\u1ecdn ti\u1ebft ki\u1ec7m di\u1ec7n t\u00edch , ph\u00f9 h\u1ee3p v\u1edbi nh\u1eefng kh\u00f4ng gian b\u1ebfp di\u1ec7n t\u00edch nh\u1ecf.<\/p>\n<p><img title=\"may-hut-mui-bosch-dhi625r\" src=\"https:\/\/bepvuson.vn\/Data\/upload\/images\/B%E1%BA%BFp%20t%E1%BB%AB\/may-bosch-dhi625r.jpg\" alt=\"may-hut-mui-bosch-dhi625r\" \/><\/p>\n<p>L\u01b0u y\u0301: N\u00ean l\u1eafp \u0111\u1eb7t m\u00e1y h\u00fat m\u00f9i\u00a0<strong>BOSCH DHI625R\u00a0<\/strong>\u1edf n\u01a1i kh\u00f4 r\u00e1o, tho\u00e1ng m\u00e1t, d\u1ec5 t\u1ea3n nhi\u1ec7t, tr\u00e1nh nh\u1eefng n\u01a1i qua\u0301 g\u1ea7n b\u1ebfp ho\u1eb7c g\u1ea7n b\u1ed3n \u0111\u1ef1ng n\u01b0\u1edbc\u00a0s\u1ebd gi\u00fap b\u1ea1n s\u1eed d\u1ee5ng s\u1ea3n ph\u1ea9m \u0111\u01b0\u1ee3c l\u00e2u d\u00e0i, \u00edt h\u01b0 h\u1ecfng.<\/p>\n<p>S\u1ea3n ph\u1ea9m c\u00f3 gi\u00e1 c\u1ea3 kh\u00f4ng qu\u00e1 cao, ph\u00f9 h\u1ee3p v\u1edbi nhi\u1ec1u gia \u0111\u00ecnh Vi\u00ea\u0323t. N\u1ebfu gia \u0111\u00ecnh c\u00f3 kh\u00f4ng gian b\u1ebfp nho\u0309 v\u00e0 nhu c\u1ea7u n\u1ea5u n\u01b0\u1edbng kh\u00f4ng cao th\u00ec m\u00e1y h\u00fat m\u00f9i\u00a0<strong>BOSCH DHI625R<\/strong>\u00a0x\u1ee9ng \u0111\u00e1ng l\u00e0 s\u1ef1 l\u1ef1a ch\u1ecdn ho\u00e0n h\u1ea3o.<\/p>\n<\/div>\n<\/div>\n<\/div>\n<\/div>\n","protected":false},"excerpt":{"rendered":"<p>T\u1ed5ng quan chung M\u00e1y h\u00fat m\u00f9i Bosch DHI625R M\u00e1y H\u00fat M\u00f9i BOSCH DHI625R nh\u1eadp kh\u1ea9u nguy\u00ean chi\u1ebfc t\u1eeb ch\u00e2u \u00c2u &hellip; <a class=\"link-more\" href=\"http:\/\/maudep.com.vn\/chuyengiadienmay\/?product=may-hut-mui-bosch-dhi625r\" class=\"more-link\">\u0110\u1ecdc th\u00eam &raquo;<span class=\"screen-reader-text\"> &#8220;M\u00e1y h\u00fat m\u00f9i Bosch DHI625R&#8221;<\/span><\/a><\/p>\n","protected":false},"featured_media":2455,"comment_status":"open","ping_status":"closed","template":"","meta":[],"_links":{"self":[{"href":"http:\/\/maudep.com.vn\/chuyengiadienmay\/index.php?rest_route=\/wp\/v2\/product\/2454"}],"collection":[{"href":"http:\/\/maudep.com.vn\/chuyengiadienmay\/index.php?rest_route=\/wp\/v2\/product"}],"about":[{"href":"http:\/\/maudep.com.vn\/chuyengiadienmay\/index.php?rest_route=\/wp\/v2\/types\/product"}],"replies":[{"embeddable":true,"href":"http:\/\/maudep.com.vn\/chuyengiadienmay\/index.php?rest_route=%2Fwp%2Fv2%2Fcomments&post=2454"}],"wp:featuredmedia":[{"embeddable":true,"href":"http:\/\/maudep.com.vn\/chuyengiadienmay\/index.php?rest_route=\/wp\/v2\/media\/2455"}],"wp:attachment":[{"href":"http:\/\/maudep.com.vn\/chuyengiadienmay\/index.php?rest_route=%2Fwp%2Fv2%2Fmedia&parent=2454"}],"curies":[{"name":"wp","href":"https:\/\/api.w.org\/{rel}","templated":true}]}}