{"id":2457,"date":"2019-01-07T15:51:17","date_gmt":"2019-01-07T08:51:17","guid":{"rendered":"http:\/\/maudep.com.vn\/chuyengiadienmay\/?post_type=product&#038;p=2457"},"modified":"2019-01-07T15:51:17","modified_gmt":"2019-01-07T08:51:17","slug":"may-hut-mui-hafele-hh-ig90b","status":"publish","type":"product","link":"http:\/\/maudep.com.vn\/chuyengiadienmay\/?product=may-hut-mui-hafele-hh-ig90b","title":{"rendered":"M\u00e1y h\u00fat m\u00f9i Hafele HH-IG90B"},"content":{"rendered":"<h3 class=\"title\">T\u1ed5ng quan chung M\u00e1y h\u00fat m\u00f9i Hafele HH-IG90B<\/h3>\n<div class=\"article-content\">\n<div class=\"js-content\">\n<h2>M\u00e1y h\u00fat m\u00f9i Hafele HH-IG90B (539.81.775) l\u00e0 gi\u1ea3i ph\u00e1p \u0111\u01a1n gi\u1ea3n \u0111\u1ec3 b\u1ea1n lo\u1ea1i b\u1ecf nh\u1eefng m\u00f9i h\u00f4i kh\u00f3 ch\u1ecbu trong nh\u00e0 b\u1ebfp m\u1ed9t c\u00e1ch nhanh ch\u00f3ng. Kh\u00f4ng nh\u1eefng th\u1ebf s\u1ea3n ph\u1ea9m m\u00e1y h\u00fat m\u00f9i Hafele c\u00f2n chinh ph\u1ee5c kh\u00e1ch h\u00e0ng b\u1eb1ng thi\u1ebft k\u1ebf \u0111\u1eb9p m\u1eaft v\u00e0 sang trong t\u00f4n l\u00ean v\u1ebb \u0111\u1eb9p ri\u00eang cho c\u0103n b\u1ebfp c\u1ee7a gia \u0111\u00ecnh b\u1ea1n.<\/h2>\n<h3>\u0110\u0103\u0323c ti\u0301nh sa\u0309n ph\u00e2\u0309m ma\u0301y hu\u0301t mu\u0300i HH-IG90B<\/h3>\n<p>M\u00e1y h\u00fat m\u00f9i Hafele HH-IG90B\u00a0c\u00f3 thi\u1ebft k\u1ebf hi\u1ec7n \u0111\u1ea1i v\u00e0 sang tr\u1ecdng, ki\u1ec3u d\u00e1ng d\u1ec5 h\u00f2a h\u1ee3p v\u1edbi nhi\u1ec1u kh\u00f4ng gian b\u1ebfp kh\u00e1c nhau, \u0111em l\u1ea1i s\u1ef1 n\u1ed5i b\u1eadt trong s\u1ef1 ti\u1ec7n nghi.<\/p>\n<p><img title=\"may-hut-mui-hafele-hh-ig90b\" src=\"https:\/\/bepvuson.vn\/Data\/upload\/images\/may_hut_mui\/nha-bep-dep-10h1-600x375.jpg\" alt=\"may-hut-mui-hafele-hh-ig90b\" \/><\/p>\n<ul>\n<li>M\u0103\u0323t ki\u0301nh k\u1ebft h\u1ee3p inox<\/li>\n<li>H\u1ec7 th\u1ed1ng h\u00fat x\u1ea3: tu\u1ea7n ho\u00e0n ho\u0103\u0323c th\u00f4ng gi\u00f3<\/li>\n<li>\u0110i\u1ec1u khi\u1ec3n b\u0103\u0300ng nu\u0301t nh\u00e2\u0301n \u0111i\u1ec7n t\u01b0\u0309<\/li>\n<li>M\u00e0n h\u00ecnh hi\u1ec3n th\u1ecb LCD<\/li>\n<li>3 c\u00e2\u0301p \u0111\u00f4\u0323 hu\u0301t + 1 c\u00e2\u0301p \u0111\u00f4\u0323 hu\u0301t t\u0103ng c\u01b0\u01a1\u0300ng<\/li>\n<li>Ch\u1ebf \u0111\u00f4\u0323 he\u0323n gi\u01a1\u0300 t\u0103\u0301t va\u0300 c\u00f4ng ngh\u1ec7 \u0111i\u1ec1u khi\u1ec3n b\u0103\u0300ng c\u1ea3m bi\u1ebfn<\/li>\n<li>L\u01b0\u1edbi lo\u0323c b\u0103\u0300ng nh\u00f4m co\u0301 th\u1ec3 tha\u0301o r\u01a1\u0300i<\/li>\n<li>Ph\u1ee5 ki\u1ec7n \u0111i k\u00e8m: than ho\u1ea1t t\u00ednh<\/li>\n<\/ul>\n<p><strong>Th\u00f4ng s\u00f4\u0301 ky\u0303 thu\u00e2\u0323t<\/strong><\/p>\n<ul>\n<li>C\u00f4ng su\u00e2\u0301t hu\u0301t t\u1ed1i \u0111a: 1000 m\u00b3\/h<\/li>\n<li>C\u00f4ng su\u00e2\u0301t hu\u0301t theo ti\u00eau chu\u00e2\u0309n Ch\u00e2u \u00c2u DIN\/EN 61591: 603 m\u00b3\/h<\/li>\n<li>\u0110\u00f4\u0323 \u00f4\u0300n: 42 \u2013 62 dB<\/li>\n<li>Chi\u1ebfu sa\u0301ng: \u0111\u00e8n LED 2 x 2.5W<\/li>\n<li>C\u00f4ng su\u00e2\u0301t ti\u00eau th\u1ee5: 265 W<\/li>\n<li>Hi\u1ec7u \u0111i\u1ec7n th\u1ebf: 230 \u2013 240 V<\/li>\n<li>T\u1ea7n s\u1ed1: 50 Hz<\/li>\n<li>Ki\u0301ch th\u01b0\u1edbc s\u1ea3n ph\u00e2\u0309m: 898R x 598S x 680-985C mm<\/li>\n<\/ul>\n<h3>Ma\u0301y hu\u0301t mu\u0300i HH-IG90B th\u00f4ng minh , ti\u00ea\u0323n nghi<\/h3>\n<p>M\u00e1y h\u00fat m\u00f9i Hafele HH-IG90B\u00a0s\u1eed d\u1ee5ng c\u00f4ng ngh\u1ec7 x\u1eed l\u00fd m\u00f9i h\u00f4i, kh\u00f3i b\u1eb1ng than ho\u1ea1t t\u00ednh, gi\u00fap nh\u00e0 b\u1ebfp c\u1ee7a b\u1ea1n kh\u00f4ng b\u1ecb kh\u00f3i v\u00e0 m\u00f9i th\u1ef1c ph\u1ea9m \u0111\u1ecdng l\u1ea1i l\u00e0m \u1ea3nh h\u01b0\u1edfng \u0111\u1ebfn s\u1ee9c kh\u1ecfe.<\/p>\n<p><img title=\"may-hut-mui-hafele-hh-ig90b-01\" src=\"https:\/\/bepvuson.vn\/Data\/upload\/images\/M%C3%A1y%20h%C3%BAt%20m%C3%B9i\/_8CR4523.jpg\" alt=\"may-hut-mui-hafele-hh-ig90b-01\" \/><\/p>\n<ul>\n<li>M\u00e1y h\u00fat mu\u0300i Hafele\u00a0c\u00f2n mang l\u1ea1i kh\u1ea3 n\u0103ng ti\u1ebft ki\u1ec7m \u0111i\u1ec7n n\u0103ng ti\u00eau th\u1ee5, nh\u1edd v\u1eady s\u1ebd c\u00f3 th\u1ec3 g\u00f3p ph\u1ea7n b\u1ea3o v\u1ec7 kinh t\u1ebf gia \u0111\u00ecnh v\u00e0 chung tay b\u1ea3o v\u1ec7 m\u00f4i tr\u01b0\u1eddng.<\/li>\n<li>\u0110\u01b0\u01a1\u0323c\u00a0s\u1ea3n xu\u1ea5t tr\u00ean d\u00e2y chuy\u1ec1n c\u00f4ng ngh\u1ec7 hi\u1ec7n \u0111\u1ea1i c\u1ee7a \u00dd, ma\u0301y hu\u0301t mu\u0300i Hafele HH-IG90B\u00a0mang \u0111\u1ebfn m\u1ed9t s\u1ea3n ph\u1ea9m ch\u1ea5t l\u01b0\u1ee3ng cao, ho\u1ea1t \u0111\u1ed9ng b\u1ec1n b\u1ec9, ph\u1ee5c v\u1ee5 l\u00e2u d\u00e0i.<\/li>\n<li>C\u00f3 th\u1ec3 \u0111i\u1ec1u ch\u1ec9nh \u0111\u01b0\u1ee3c qu\u00e1 tr\u00ecnh ho\u1ea1t \u0111\u1ed9ng c\u0169ng nh\u01b0 ti\u1ebfng \u1ed3n c\u1ee7a m\u00e1y hu\u0301t mu\u0300i,\u00a0khi\u1ebfn cho c\u0103n b\u1ebfp tr\u1edf n\u00ean hi\u1ec7n \u0111\u1ea1i h\u01a1n, ti\u1ec7n nghi v\u00e0 th\u00f4ng tho\u00e1ng h\u01a1n.<\/li>\n<li>V\u1edbi c\u00f4ng su\u1ea5t 603m3\/h b\u1ea1n c\u00f3 th\u1ec3 ho\u00e0n to\u00e0n y\u00ean t\u00e2m v\u1ec1 s\u1ee9c h\u00fat c\u1ee7a m\u00e1y. B\u1ea1n ch\u1ec9 c\u1ea7n b\u1eadt m\u00e1y hu\u0301t mu\u0300i Hafele khi b\u1eaft \u0111\u1ea7u n\u1ea5u \u0103n v\u00e0 t\u1eaft m\u00e1y sau khi ng\u01b0ng vi\u1ec7c n\u1ea5u n\u01b0\u1edbng. B\u1ea1n s\u1ebd th\u1ea5y kh\u00f4ng gian b\u1ebfp tr\u1edf l\u00ean trong s\u1ea1ch ,tho\u00e1ng m\u00e1t.<\/li>\n<\/ul>\n<p><img title=\"may-hut-mui-hafele-hh-ig90b-02\" src=\"https:\/\/bepvuson.vn\/Data\/upload\/images\/M%C3%A1y%20h%C3%BAt%20m%C3%B9i\/may-hut-mui-am-tu.jpg\" alt=\"may-hut-mui-hafele-hh-ig90b-02\" \/><\/p>\n<p>S\u1ea3n ph\u1ea9m c\u00f3 gi\u00e1 c\u1ea3 kh\u00f4ng qu\u00e1 cao, ph\u00f9 h\u1ee3p v\u1edbi nhi\u1ec1u gia \u0111\u00ecnh Vi\u00ea\u0323t. N\u1ebfu gia \u0111\u00ecnh c\u00f3 kh\u00f4ng gian b\u1ebfp r\u1ed9ng v\u00e0 nhu c\u1ea7u n\u1ea5u n\u01b0\u1edbng cao th\u00ec m\u00e1y h\u00fat m\u00f9i Hafele HH-IG90B\u00a0x\u1ee9ng \u0111\u00e1ng l\u00e0 s\u1ef1 l\u1ef1a ch\u1ecdn ho\u00e0n h\u1ea3o.<\/p>\n<\/div>\n<\/div>\n<p>&nbsp;<\/p>\n<p>&nbsp;<\/p>\n<p>&nbsp;<\/p>\n","protected":false},"excerpt":{"rendered":"<p>T\u1ed5ng quan chung M\u00e1y h\u00fat m\u00f9i Hafele HH-IG90B M\u00e1y h\u00fat m\u00f9i Hafele HH-IG90B (539.81.775) l\u00e0 gi\u1ea3i ph\u00e1p \u0111\u01a1n gi\u1ea3n \u0111\u1ec3 &hellip; <a class=\"link-more\" href=\"http:\/\/maudep.com.vn\/chuyengiadienmay\/?product=may-hut-mui-hafele-hh-ig90b\" class=\"more-link\">\u0110\u1ecdc th\u00eam &raquo;<span class=\"screen-reader-text\"> &#8220;M\u00e1y h\u00fat m\u00f9i Hafele HH-IG90B&#8221;<\/span><\/a><\/p>\n","protected":false},"featured_media":2458,"comment_status":"open","ping_status":"closed","template":"","meta":[],"_links":{"self":[{"href":"http:\/\/maudep.com.vn\/chuyengiadienmay\/index.php?rest_route=\/wp\/v2\/product\/2457"}],"collection":[{"href":"http:\/\/maudep.com.vn\/chuyengiadienmay\/index.php?rest_route=\/wp\/v2\/product"}],"about":[{"href":"http:\/\/maudep.com.vn\/chuyengiadienmay\/index.php?rest_route=\/wp\/v2\/types\/product"}],"replies":[{"embeddable":true,"href":"http:\/\/maudep.com.vn\/chuyengiadienmay\/index.php?rest_route=%2Fwp%2Fv2%2Fcomments&post=2457"}],"wp:featuredmedia":[{"embeddable":true,"href":"http:\/\/maudep.com.vn\/chuyengiadienmay\/index.php?rest_route=\/wp\/v2\/media\/2458"}],"wp:attachment":[{"href":"http:\/\/maudep.com.vn\/chuyengiadienmay\/index.php?rest_route=%2Fwp%2Fv2%2Fmedia&parent=2457"}],"curies":[{"name":"wp","href":"https:\/\/api.w.org\/{rel}","templated":true}]}}