{"id":2459,"date":"2019-01-07T15:58:14","date_gmt":"2019-01-07T08:58:14","guid":{"rendered":"http:\/\/maudep.com.vn\/chuyengiadienmay\/?post_type=product&#038;p=2459"},"modified":"2019-01-07T15:58:15","modified_gmt":"2019-01-07T08:58:15","slug":"may-hut-mui-hafele-hh-mi40a","status":"publish","type":"product","link":"http:\/\/maudep.com.vn\/chuyengiadienmay\/?product=may-hut-mui-hafele-hh-mi40a","title":{"rendered":"M\u00e1y h\u00fat m\u00f9i Hafele HH-MI40A"},"content":{"rendered":"<h3 class=\"title\">T\u1ed5ng quan chung M\u00e1y h\u00fat m\u00f9i Hafele HH-MI40A<\/h3>\n<div class=\"article-content\">\n<div class=\"js-content\">\n<h2>M\u1ed9t c\u1ea3m gi\u00e1c g\u00e2y kh\u00f3 ch\u1ecbu cho ng\u01b0\u1eddi n\u1ed9i tr\u1ee3 \u0111\u00f3 l\u00e0 khi b\u1ea1n v\u00e0o b\u1ebfp n\u1ea5u n\u01b0\u1edbng ch\u1ebf bi\u1ebfn th\u1ee9c \u0103n b\u1ea1n lu\u00f4n ph\u1ea3i ng\u1eedi nh\u1eefng m\u00f9i kh\u00f3i, ma\u0301y hu\u0301t mu\u0300i Hafele HH-MI40A se\u0303 giu\u0301p ba\u0323n loa\u0323i bo\u0309 t\u00e2\u0301t ca\u0309 kho\u0301i mu\u0300i kho\u0301 chi\u0323u.\u00a0\u00a0V\u1edbi kho\u1ea3ng ch\u1ed1ng b\u00ean tr\u00ean c\u1ee7a m\u00e1y b\u1ea1n v\u1eabn c\u00f3 th\u1ec3 \u0111\u1eb7t t\u1ee7 b\u1ebfp v\u1eeba ti\u1ec7n l\u1ee3i cho vi\u1ec7c n\u1ea5u n\u01b0\u1edbng, v\u1eeba ti\u1ebft ki\u1ec7m \u0111\u01b0\u1ee3c di\u1ec7n t\u00edch.<\/h2>\n<h3>Th\u00f4ng s\u00f4\u0301 ky\u0303 thu\u00e2\u0323t cu\u0309a ma\u0301y hu\u0301t mu\u0300i HH-MI40A<\/h3>\n<p>M\u00e1y h\u00fat m\u00f9i Hafele HH-MI40A\u00a0c\u00f3 t\u00e1c d\u1ee5ng r\u1ea5t t\u1ed1t trong vi\u1ec7c l\u00e0m s\u1ea1ch kh\u00f4ng kh\u00ed, lo\u1ea1i b\u1ecf kh\u00ed \u0111\u1ed9c t\u1ea1o kh\u00f4ng gian d\u1ec5 ch\u1ecbu, tho\u00e1ng m\u00e1t v\u00e0 s\u1ea1ch s\u1ebd cho c\u0103n b\u1ebfp c\u1ee7a b\u1ea1n.<\/p>\n<p><img title=\"may-hut-mui-hafele-hh-mi40a\" src=\"https:\/\/bepvuson.vn\/Data\/upload\/images\/M%C3%A1y%20h%C3%BAt%20m%C3%B9i\/hut-mui-kinh-cong.jpg\" alt=\"may-hut-mui-hafele-hh-mi40a\" \/><\/p>\n<ul>\n<li>C\u00f4ng su\u1ea5t h\u00fat t\u1ed1i \u0111a: 1100 m\u00b3\/h<\/li>\n<li>C\u00f4ng su\u1ea5t h\u00fat theo ti\u00eau chu\u1ea9n Ch\u00e2u \u00c2u\u00a0: 735 m\u00b3\/h<\/li>\n<li>\u0110\u1ed9 \u1ed3n: 59 \u2013 69 dB<\/li>\n<li>Chi\u1ebfu s\u00e1ng: \u0111\u00e8n LED 2 x 2.5 W<\/li>\n<li>C\u00f4ng su\u1ea5t ti\u00eau th\u1ee5: 255 W<\/li>\n<li>Hi\u1ec7u \u0111i\u1ec7n th\u1ebf: 230 \u2013 240 V<\/li>\n<li>T\u1ea7n s\u1ed1: 50 Hz<\/li>\n<li>K\u00edch th\u01b0\u1edbc s\u1ea3n ph\u1ea9m: 400R x 400S x 750-1600C mm<\/li>\n<\/ul>\n<p><strong>\u0110\u1eb7c t\u00ednh s\u1ea3n ph\u1ea9m<\/strong><\/p>\n<ul>\n<li>B\u1ec1 m\u1eb7t th\u00e9p kh\u00f4ng g\u1ec9 s\u01a1n m\u00e0u \u0111en<\/li>\n<li>H\u1ec7 th\u1ed1ng h\u00fat x\u1ea3: tu\u1ea7n ho\u00e0n<\/li>\n<li>\u0110i\u1ec1u khi\u1ec3n b\u1eb1ng n\u00fat nh\u1ea5n \u0111i\u1ec7n t\u1eed<\/li>\n<li>3 c\u1ea5p \u0111\u1ed9 h\u00fat + 1 c\u1ea5p \u0111\u1ed9 h\u00fat t\u0103ng c\u01b0\u1eddng<\/li>\n<li>Ch\u1ebf \u0111\u1ed9 h\u1eb9n gi\u1edd t\u1eaft<\/li>\n<li>L\u01b0\u1edbi l\u1ecdc b\u1eb1ng nh\u00f4m c\u00f3 th\u1ec3 th\u00e1o r\u1eddi<\/li>\n<li>Ph\u1ee5 ki\u1ec7n \u0111i k\u00e8m: than ho\u1ea1t t\u00ednh<\/li>\n<\/ul>\n<h3>HH-MI40A co\u0301 ti\u0301nh n\u0103ng gi\u0300 thu hu\u0301t kha\u0301ch ha\u0300ng?<\/h3>\n<p>M\u00e1y h\u00fat m\u00f9i Hafele HH-MI40A\u00a0\u0111\u01b0\u1ee3c trang b\u1ecb \u0111\u1ee7 \u0111\u00e8n chi\u1ebfu s\u00e1ng b\u1eb1ng \u0111\u00e8n halogen \u0111\u1ea3m b\u1ea3o \u0111\u1ee7 \u00e1nh s\u00e1ng cho vi\u1ec7c \u0111un n\u1ea5u ngo\u00e0i ra m\u00e1y c\u00f2n c\u00f3 th\u00eam \u0111\u00e8n c\u1ea3nh b\u00e1o v\u1ec7 sinh phin l\u1ecdc m\u1ee1 gi\u00fap b\u1ea1n ch\u1ee7 \u0111\u1ed9ng trong vi\u1ec7c v\u1ec7 sinh m\u00e1y.<\/p>\n<p><img title=\"may-hut-mui-hafele-hh-mi40a-01\" src=\"https:\/\/bepvuson.vn\/Data\/upload\/images\/M%C3%A1y%20h%C3%BAt%20m%C3%B9i\/may-hut-mui1.jpeg\" alt=\"may-hut-mui-hafele-hh-mi40a-01\" \/><\/p>\n<ul>\n<li>\u0110\u01b0\u1ee3c trang b\u1ecb \u0111\u1ee7 \u0111\u00e8n chi\u1ebfu s\u00e1ng b\u1eb1ng \u0111\u00e8n halogen \u0111\u1ea3m b\u1ea3o \u0111\u1ee7 \u00e1nh s\u00e1ng cho vi\u1ec7c \u0111un n\u1ea5u ngo\u00e0i ra m\u00e1y hu\u0301t mu\u0300i Hafele\u00a0c\u00f2n c\u00f3 th\u00eam \u0111\u00e8n c\u1ea3nh b\u00e1o v\u1ec7 sinh phin l\u1ecdc m\u1ee1 gi\u00fap b\u1ea1n ch\u1ee7 \u0111\u1ed9ng trong vi\u1ec7c v\u1ec7 sinh m\u00e1y.<\/li>\n<li>M\u00e1y hu\u0301t mu\u0300i HH-MI40A\u00a0c\u00f3 \u0111a\u00a0m\u1ee9c h\u00fat si\u00eau t\u1ed1c \u0111\u1ed9 c\u00f3 th\u1ec3 \u0111i\u1ec1u ch\u1ec9nh c\u00e1c t\u1ed1c \u0111\u1ed9 h\u00fat n\u00e0y th\u00f4ng qua b\u00e0n ph\u00edm \u0111i\u1ec1u khi\u1ec3n c\u1ea3m \u1ee9ng si\u00eau nh\u1ea1y, v\u1edbi t\u1eebng m\u00f3n n\u1ea5u v\u00e0 kh\u1ed1i l\u01b0\u1ee3ng kh\u00f3i m\u00f9i kh\u00e1c nhau m\u00e0 b\u1ea1n c\u00f3 th\u1ec3 ch\u1ecdn c\u00f4ng su\u1ea5t h\u00fat c\u1ee7a m\u00e1y cho ph\u00f9 h\u1ee3p nh\u1eb1m ph\u00e1t huy t\u1ed1i \u0111a hi\u1ec7u su\u1ea5t s\u1eed d\u1ee5ng c\u1ee7a m\u00e1y.<\/li>\n<li>C\u00e1c t\u1ed1c \u0111\u1ed9 h\u00fat c\u1ee7a m\u00e1y khi s\u1eed d\u1ee5ng \u0111\u1ec1u \u0111\u01b0\u1ee3c hi\u1ec3n th\u1ecb qua m\u00e0n h\u00ecnh Led hi\u1ec7n \u0111\u1ea1i , ti\u1ec7n l\u1ee3i cho vi\u1ec7c s\u1eed d\u1ee5ng.<\/li>\n<\/ul>\n<p><img title=\"may-hut-mui-hafele-hh-mi40a-02\" src=\"https:\/\/bepvuson.vn\/Data\/upload\/images\/M%C3%A1y%20h%C3%BAt%20m%C3%B9i\/may-hut-mui.jpg\" alt=\"may-hut-mui-hafele-hh-mi40a-02\" \/><\/p>\n<p>S\u1ea3n ph\u1ea9m c\u00f3 gi\u00e1 c\u1ea3 kh\u00f4ng qu\u00e1 cao, ph\u00f9 h\u1ee3p v\u1edbi nhi\u1ec1u gia \u0111\u00ecnh Vi\u00ea\u0323t. N\u1ebfu gia \u0111\u00ecnh c\u00f3 kh\u00f4ng gian b\u1ebfp r\u1ed9ng v\u00e0 nhu c\u1ea7u n\u1ea5u n\u01b0\u1edbng cao th\u00ec m\u00e1y h\u00fat m\u00f9i Hafele HH-MI40A\u00a0x\u1ee9ng \u0111\u00e1ng l\u00e0 s\u1ef1 l\u1ef1a ch\u1ecdn ho\u00e0n h\u1ea3o.<\/p>\n<\/div>\n<\/div>\n","protected":false},"excerpt":{"rendered":"<p>T\u1ed5ng quan chung M\u00e1y h\u00fat m\u00f9i Hafele HH-MI40A M\u1ed9t c\u1ea3m gi\u00e1c g\u00e2y kh\u00f3 ch\u1ecbu cho ng\u01b0\u1eddi n\u1ed9i tr\u1ee3 \u0111\u00f3 l\u00e0 &hellip; <a class=\"link-more\" href=\"http:\/\/maudep.com.vn\/chuyengiadienmay\/?product=may-hut-mui-hafele-hh-mi40a\" class=\"more-link\">\u0110\u1ecdc th\u00eam &raquo;<span class=\"screen-reader-text\"> &#8220;M\u00e1y h\u00fat m\u00f9i Hafele HH-MI40A&#8221;<\/span><\/a><\/p>\n","protected":false},"featured_media":2460,"comment_status":"open","ping_status":"closed","template":"","meta":[],"_links":{"self":[{"href":"http:\/\/maudep.com.vn\/chuyengiadienmay\/index.php?rest_route=\/wp\/v2\/product\/2459"}],"collection":[{"href":"http:\/\/maudep.com.vn\/chuyengiadienmay\/index.php?rest_route=\/wp\/v2\/product"}],"about":[{"href":"http:\/\/maudep.com.vn\/chuyengiadienmay\/index.php?rest_route=\/wp\/v2\/types\/product"}],"replies":[{"embeddable":true,"href":"http:\/\/maudep.com.vn\/chuyengiadienmay\/index.php?rest_route=%2Fwp%2Fv2%2Fcomments&post=2459"}],"wp:featuredmedia":[{"embeddable":true,"href":"http:\/\/maudep.com.vn\/chuyengiadienmay\/index.php?rest_route=\/wp\/v2\/media\/2460"}],"wp:attachment":[{"href":"http:\/\/maudep.com.vn\/chuyengiadienmay\/index.php?rest_route=%2Fwp%2Fv2%2Fmedia&parent=2459"}],"curies":[{"name":"wp","href":"https:\/\/api.w.org\/{rel}","templated":true}]}}