{"id":2461,"date":"2019-01-07T16:03:03","date_gmt":"2019-01-07T09:03:03","guid":{"rendered":"http:\/\/maudep.com.vn\/chuyengiadienmay\/?post_type=product&#038;p=2461"},"modified":"2019-01-07T16:03:03","modified_gmt":"2019-01-07T09:03:03","slug":"may-hut-mui-hafele-hh-wvg90b","status":"publish","type":"product","link":"http:\/\/maudep.com.vn\/chuyengiadienmay\/?product=may-hut-mui-hafele-hh-wvg90b","title":{"rendered":"M\u00e1y h\u00fat m\u00f9i Hafele HH-WVG90B"},"content":{"rendered":"<h3 class=\"title\">T\u1ed5ng quan chung M\u00e1y h\u00fat m\u00f9i Hafele HH-WVG90B<\/h3>\n<div class=\"article-content\">\n<div class=\"js-content\">\n<h2>Ma\u0301y hu\u0301t mu\u0300i Hafele HH-WVG90B\u00a0\u0111\u01b0\u1ee3c s\u1ea3n xu\u1ea5t ra \u0111\u1ec1u d\u1ef1a tr\u00ean s\u1ef1 k\u1ebft h\u1ee3p gi\u1eefa c\u00f4ng ngh\u1ec7 tr\u1ef1c quan v\u00e0 k\u1ef9 thu\u1eadt mang t\u00ednh \u1ee9ng d\u1ee5ng cao, v\u1edbi thi\u1ebft k\u1ebf hi\u1ec7n \u0111\u1ea1i nh\u1eb1m \u0111em \u0111\u1ebfn cho ng\u01b0\u1eddi s\u1eed d\u1ee5ng s\u1ef1 tin t\u01b0\u1eddng v\u00e0 h\u00e0i l\u00f2ng tuy\u1ec7t \u0111\u1ed1i nh\u1ea5t. S\u1ef1 \u0111a dang v\u1ec1 m\u1eabu m\u00e3 v\u00e0 k\u00edch th\u01b0\u1edbc c\u0169ng l\u00e0 l\u1ee3i th\u1ebf c\u1ee7a d\u00f2ng s\u1ea3n ph\u1ea9m n\u00e0y.<\/h2>\n<h3><strong>Hafele HH-WVG90B phu\u0300 h\u01a1\u0323p v\u01a1\u0301i \u0111a s\u00f4\u0301 c\u0103n b\u00ea\u0301p gia \u0111i\u0300nh<\/strong><\/h3>\n<p>D\u01b0\u1edbi\u00a0m\u00e1y h\u00fat m\u00f9i Hafele HH-WVG90B c\u00f3 thi\u1ebft k\u1ebf 2 t\u1ea5m l\u01b0\u1edbi l\u1ecdc m\u1ee1 b\u1eb1ng h\u1ee3p kim c\u00f3 thi\u1ebft k\u1ebf l\u01b0\u1edbi g\u00e0i c\u00f3 kh\u1ea3 n\u0103ng ng\u0103n b\u1ee5i m\u00f9i m\u1ed9t c\u00e1ch tri\u1ec7t \u0111\u1ec3 , t\u1ea5m l\u01b0\u1edbi n\u00e0y c\u00f3 th\u1ec3 th\u00e1o r\u1eddi \u0111\u1ec3 v\u1ec7 sinh m\u1ed9t c\u00e1ch d\u1ec5 d\u00e0ng.<\/p>\n<p><img title=\"may-hut-mui-hafele-hh-wvg90b\" src=\"https:\/\/bepvuson.vn\/Data\/upload\/images\/M%C3%A1y%20h%C3%BAt%20m%C3%B9i\/_8CR4523.jpg\" alt=\"may-hut-mui-hafele-hh-wvg90b\" \/><\/p>\n<ul>\n<li>\u0110\u1ed9 \u1ed3n c\u1ee7a m\u00e1y h\u00fat m\u00f9i Hafele n\u00e0y l\u00e0 67\u00a0Db, \u1edf m\u1ee9c \u0111\u1ed9 \u1ed3n t\u1ed1i \u0111a n\u00e0y m\u00e1y h\u00fat kh\u00f4ng h\u1ec1 l\u00e0m \u1ea3nh h\u01b0\u1edfng \u0111\u1ebfn sinh ho\u1ea1t.<\/li>\n<li>\u0110\u00e8n halogen ti\u1ebft ki\u1ec7m \u0111i\u1ec7n n\u0103ng cung c\u1ea5p \u0111\u1ee7 \u00e1nh s\u00e1ng cho khu v\u1ef1c n\u1ea5u. L\u01b0\u1edbi l\u1ecdc b\u1eb1ng inox Stainless Steel d\u1ec5 th\u00e1o l\u1eafp v\u00e0 v\u1ec7 sinh.<\/li>\n<li>M\u00e1y h\u00fat m\u00f9i Hafele HH &#8211; WVG90B\u00a0c\u00f3 chi\u1ec1u d\u00e0i 90 cm th\u00edch h\u1ee3p v\u1edbi nh\u1eefng kh\u00f4ng gian b\u1ebfp r\u1ed9ng c\u1ee7a gia \u0111\u00ecnh, b\u1edfi ti\u1ebfng \u1ed3n n\u00e0y ch\u1ec9 ngang v\u1edbi ti\u1ebfng \u0111\u1ed9ng c\u01a1 xe c\u01a1 gi\u1edbi ta v\u1eabn nghe h\u00e0ng ng\u00e0y.<\/li>\n<li>M\u00e1y h\u00fat m\u00f9i Hafele v\u1edbi giao di\u1ec7n thi\u1ebft k\u1ebf m\u1edbi c\u00f3 b\u1ea3ng \u0111i\u1ec1u khi\u1ec3n c\u1ea3m \u1ee9ng d\u1ec5 d\u00e0ng s\u1eed d\u1ee5ng, thu\u1eadn ti\u1ec7n cho \u0111i\u1ec1u ch\u1ec9nh, \u0111\u1ed9 b\u1ec1 cao. B\u1ea3ng \u0111i\u1ec1u khi\u1ec3n b\u1ec1 m\u1eb7t ph\u1eb3ng gi\u00fap lau ch\u00f9i d\u1ec5 d\u00e0ng h\u01a1n.<\/li>\n<\/ul>\n<p><img title=\"may-hut-mui-hafele-hh-wvg90b-01\" src=\"https:\/\/bepvuson.vn\/Data\/upload\/images\/M%C3%A1y%20h%C3%BAt%20m%C3%B9i\/hut-khoi.jpg\" alt=\"may-hut-mui-hafele-hh-wvg90b-01\" \/><\/p>\n<ul>\n<li>L\u01b0\u1edbi l\u1ecdc cu\u0309a ma\u0301y hu\u0301t mu\u0300i Hafele HH-WVG90B b\u1ec1n ch\u1eafc c\u00f3 th\u1ec3 v\u1ec7 sinh b\u1eb1ng m\u00e1y r\u1eeda b\u00e1t \u0111\u1ecbnh k\u1ef3 nh\u01b0ng v\u1eabn s\u1eed d\u1ee5ng \u0111\u01b0\u1ee3c nhi\u1ec1u l\u1ea7n. T\u1ea5t c\u1ea3 c\u00e1c m\u00e1y h\u00fat m\u00f9i Fagor \u0111\u1ec1u c\u00f3 t\u00ednh n\u0103ng \u0111i\u1ec1u ch\u1ec9nh c\u00f4ng su\u1ea5t linh ho\u1ea1t, \u0111\u01b0\u1ee3c thi\u1ebft l\u1eadp \u0111\u1ec3 lo\u1ea1i b\u1ecf m\u00f9i h\u00f4i, kh\u00f3i v\u00e0 \u0111\u1ed9 \u1ea9m t\u1ea1o ra trong qu\u00e1 tr\u00ecnh n\u1ea5u \u0103n trong khu v\u1ef1c b\u1ebfp m\u1ed9t c\u00e1ch hi\u1ec7u qu\u1ea3 nh\u1ea5t.<\/li>\n<li>Khi b\u1ea1n s\u1edf h\u1eefu d\u00f2ng s\u1ea3n ph\u1ea9m m\u00e1y h\u00fat m\u00f9i Hafele HH-WVG90B\u00a0b\u1ea1n s\u1ebd kh\u00f4ng c\u1ea7n ph\u1ea3i b\u01b0\u1edbc ra ngo\u00e0i \u0111\u1ec3 c\u00f3 kh\u00f4ng kh\u00ed trong l\u00e0nh. M\u00e1y ho\u1ea1t \u0111\u1ed9ng \u0111\u1ea1t hi\u1ec7u qu\u1ea3, th\u00f4ng gi\u00f3 t\u1ed1t, b\u1ea1n c\u00f3 th\u1ec3 l\u00e0m s\u1ea1ch kh\u00f4ng kh\u00ed m\u1ed9t c\u00e1ch nhanh ch\u00f3ng. M\u00e1y h\u00fat m\u00f9i c\u00f3 kh\u1ea3 n\u0103ng h\u00fat x\u1ea3 l\u00ean \u0111\u1ebfn 861m3\/h, ch\u00fang s\u1ebd nhanh ch\u00f3ng lo\u1ea1i b\u1ecf h\u01a1i n\u01b0\u1edbc, m\u00f9i h\u00f4i, d\u1ea7u m\u1ee1 v\u00e0 kh\u00f3i t\u1ea1o ra trong khi n\u1ea5u n\u01b0\u1edbng.<\/li>\n<\/ul>\n<p><img title=\"may-hut-mui-hafele-hh-wvg90b-02\" src=\"https:\/\/bepvuson.vn\/Data\/upload\/images\/M%C3%A1y%20h%C3%BAt%20m%C3%B9i\/may-hut-mui-am-tu.jpg\" alt=\"may-hut-mui-hafele-hh-wvg90b-02\" \/><\/p>\n<p>S\u1ea3n ph\u1ea9m c\u00f3 gi\u00e1 c\u1ea3 kh\u00f4ng qu\u00e1 cao, ph\u00f9 h\u1ee3p v\u1edbi nhi\u1ec1u gia \u0111\u00ecnh Vi\u00ea\u0323t. N\u1ebfu gia \u0111\u00ecnh c\u00f3 kh\u00f4ng gian b\u1ebfp r\u1ed9ng v\u00e0 nhu c\u1ea7u n\u1ea5u n\u01b0\u1edbng cao th\u00ec m\u00e1y h\u00fat m\u00f9i Hafele HH-WVG90B\u00a0 x\u1ee9ng \u0111\u00e1ng l\u00e0 s\u1ef1 l\u1ef1a ch\u1ecdn ho\u00e0n h\u1ea3o.<\/p>\n<\/div>\n<\/div>\n","protected":false},"excerpt":{"rendered":"<p>T\u1ed5ng quan chung M\u00e1y h\u00fat m\u00f9i Hafele HH-WVG90B Ma\u0301y hu\u0301t mu\u0300i Hafele HH-WVG90B\u00a0\u0111\u01b0\u1ee3c s\u1ea3n xu\u1ea5t ra \u0111\u1ec1u d\u1ef1a tr\u00ean s\u1ef1 &hellip; <a class=\"link-more\" href=\"http:\/\/maudep.com.vn\/chuyengiadienmay\/?product=may-hut-mui-hafele-hh-wvg90b\" class=\"more-link\">\u0110\u1ecdc th\u00eam &raquo;<span class=\"screen-reader-text\"> &#8220;M\u00e1y h\u00fat m\u00f9i Hafele HH-WVG90B&#8221;<\/span><\/a><\/p>\n","protected":false},"featured_media":2462,"comment_status":"open","ping_status":"closed","template":"","meta":[],"_links":{"self":[{"href":"http:\/\/maudep.com.vn\/chuyengiadienmay\/index.php?rest_route=\/wp\/v2\/product\/2461"}],"collection":[{"href":"http:\/\/maudep.com.vn\/chuyengiadienmay\/index.php?rest_route=\/wp\/v2\/product"}],"about":[{"href":"http:\/\/maudep.com.vn\/chuyengiadienmay\/index.php?rest_route=\/wp\/v2\/types\/product"}],"replies":[{"embeddable":true,"href":"http:\/\/maudep.com.vn\/chuyengiadienmay\/index.php?rest_route=%2Fwp%2Fv2%2Fcomments&post=2461"}],"wp:featuredmedia":[{"embeddable":true,"href":"http:\/\/maudep.com.vn\/chuyengiadienmay\/index.php?rest_route=\/wp\/v2\/media\/2462"}],"wp:attachment":[{"href":"http:\/\/maudep.com.vn\/chuyengiadienmay\/index.php?rest_route=%2Fwp%2Fv2%2Fmedia&parent=2461"}],"curies":[{"name":"wp","href":"https:\/\/api.w.org\/{rel}","templated":true}]}}