{"id":2463,"date":"2019-01-07T16:07:26","date_gmt":"2019-01-07T09:07:26","guid":{"rendered":"http:\/\/maudep.com.vn\/chuyengiadienmay\/?post_type=product&#038;p=2463"},"modified":"2019-01-07T16:07:26","modified_gmt":"2019-01-07T09:07:26","slug":"may-hut-mui-chefs-eh-r302e6","status":"publish","type":"product","link":"http:\/\/maudep.com.vn\/chuyengiadienmay\/?product=may-hut-mui-chefs-eh-r302e6","title":{"rendered":"M\u00e1y h\u00fat m\u00f9i Chefs EH-R302E6"},"content":{"rendered":"<h3 class=\"title\">T\u1ed5ng quan chung M\u00e1y h\u00fat m\u00f9i Chefs EH-R302E6<\/h3>\n<div class=\"article-content\">\n<div class=\"js-content\">\n<h2>M\u00e1y h\u00fat m\u00f9i Chefs EH-R302E6 \u0111\u01b0\u1ee3c s\u1ea3n xu\u1ea5t tr\u00ean d\u00e2y truy\u1ec1n c\u00f4ng ngh\u1ec7 hi\u1ec7n \u0111\u1ea1i ti\u00ean ti\u00ea\u0301n cu\u0309a Ch\u00e2u \u00c2u n\u00ean ch\u1ea5t l\u01b0\u1ee3ng m\u00e1y lu\u00f4n \u0111\u1ea3m b\u1ea3o v\u01a1\u0301i ng\u01b0\u01a1\u0300i du\u0300ng. M\u00e1y h\u00fat m\u00f9i nh\u1eadp kh\u1ea9u Chefs EH R302E6 l\u00e0 model \u0111ang \u0111\u01b0\u1ee3c nhi\u1ec1u kh\u00e1ch h\u00e0ng \u01b0a chu\u1ed9ng hi\u1ec7n nay.<\/h2>\n<h3><strong>Thi\u00ea\u0301t k\u00ea\u0301 \u0111\u00f4\u0323c \u0111a\u0301o cu\u0309a\u00a0Chefs EH-R302E6\u00a0<\/strong><\/h3>\n<p><strong>M\u00e1y h\u00fat m\u00f9i Chefs EH-R302E6<\/strong>\u00a0thu\u1ed9c m\u1eabu m\u00e1y h\u00fat m\u00f9i c\u1ed5 \u0111i\u1ec3n, k\u00edch th\u01b0\u1edbc 60cm ph\u00f9 h\u1ee3p v\u1edbi gia \u0111\u00ecnh c\u00f3 kh\u00f4ng gian b\u1ebfp nh\u1ecf.<\/p>\n<p><img src=\"https:\/\/bepvuson.vn\/Data\/upload\/images\/M%C3%A1y%20h%C3%BAt%20m%C3%B9i\/%C4%91a%CC%89o%201.jpg\" alt=\"may-hut-mui-chefs-eh-r302e6\" longdesc=\"https:\/\/bepvuson.vn\/may-hut-mui-chefs-eh-r302e6\" \/><\/p>\n<ul>\n<li><em>Th\u00e2n m\u00e1y \u0111\u01b0\u1ee3c s\u1eed d\u1ee5ng ch\u1ea5t li\u1ec7u inox cao c\u00e2\u0301p 430\u00a0ch\u1ed1ng l\u1ea1i qu\u00e1 tr\u00ecnh oxi h\u00f3a, t\u0103ng \u0111\u1ed9 b\u00ean cho m\u00e1y v\u00e0 b\u1ea3o v\u1ec7 an to\u00e0n cho ng\u01b0\u1eddi s\u1eed d\u1ee5ng.<\/em><\/li>\n<li><em>M\u00e1y h\u00fat m\u00f9i Chefs EH R302E6 l\u00e0 model c\u00f3 thi\u1ebft k\u1ebf \u1ed1ng kh\u00f3i gi\u00fap ti\u1ebft ki\u1ec7m kh\u00f4ng gian b\u1ebfp, hi\u1ec7u su\u1ea5t kh\u1eed m\u00f9i cao.<\/em><\/li>\n<li><em>L\u01b0\u1edbi l\u1ecdc ki\u1ec3u baffle inox ng\u0103n ng\u1eeba d\u1ea7u m\u1ee1 b\u00e1m b\u1ea9n v\u00e0o \u0111\u1ed9ng c\u01a1 b\u00ean trong v\u00e0 d\u1ec5 v\u1ec7 sinh.<\/em><\/li>\n<li><em>H\u00fat m\u00f9i Chefs EH-R302E6\u00a0\u0111\u01b0\u1ee3c thi\u1ebft k\u1ebf v\u1edbi k\u00edch th\u01b0\u1edbc r\u1ed9ng 655\u00a0x s\u00e2u 560 x cao t\u1eeb 645 &#8211; 320mm.<\/em><\/li>\n<li><em>M\u00e1y s\u1eed d\u1ee5ng ph\u00edm \u0111i\u1ec1u khi\u1ec3n d\u1ea1ng c\u01a1 m\u1ec1m v\u1edbi 3 c\u1ea5p \u0111\u1ed9 gi\u00fap b\u1ea1n c\u00f3 th\u1ec3 d\u1ec5 d\u00e0ng ch\u1ecdn l\u1ef1a \u0111\u01b0\u1ee3c m\u1ee9c c\u00f4ng su\u1ea5t mong mu\u1ed1n v\u00e0 t\u1ed1c \u0111\u1ed9 h\u00fat ph\u00f9 h\u1ee3p v\u1edbi t\u1eebng m\u00f3n n\u1ea5u.\u00a0<\/em><\/li>\n<li><em>\u0110\u1ed9ng c\u01a1 h\u1ed9p k\u00edn si\u00eau b\u1ec1n, 210W<\/em><\/li>\n<li><em>Thi\u1ebft k\u1ebf v\u1edbi hai \u0111\u00e8n halogen (2 x 20W)c\u1ee7a m\u00e1y \u0111\u01b0\u1ee3c thi\u1ebft k\u1ebf c\u00f3 t\u00e1c d\u1ee5ng chi\u1ebfu s\u00e1ng khu v\u1ef1c n\u1ea5u \u0103n. gi\u00fap cho c\u00f4ng vi\u1ec7c n\u1ea5u n\u01b0\u1edbng<br \/>\nNgoa\u0300i ra, vi\u00ea\u0323c b\u00e2\u0323t \u0111e\u0300n th\u01b0\u01a1\u0300ng xuy\u00ean cu\u0309a ma\u0301y hu\u0301t mu\u0300i r\u00e2\u0301t c\u00e2\u0300n thi\u00ea\u0301t vi\u0300 nhi\u1ec7t n\u0103ng c\u1ee7a b\u00f3ng \u0111\u00e8n s\u1ebd l\u00e0m kh\u00f4ng kh\u00ed trong m\u00e1y n\u00f3ng v\u00e0 gi\u1ea3m \u0111\u01b0\u1ee3c \u0111\u1ed9 \u1ea9m c\u1ee7a kh\u00f4ng kh\u00ed (\u0111\u1ed9 \u1ea9m \u1ea3nh h\u01b0\u1edfng \u0111\u1ebfn tu\u1ed5i th\u1ecd c\u1ee7a motor).<\/em><\/li>\n<\/ul>\n<p><img title=\"may-hut-mui-chefs-eh-r302e6-02\" src=\"https:\/\/bepvuson.vn\/Data\/upload\/images\/ma%CC%81y%20hu%CC%81t%20mu%CC%80i%20chefs\/hut-mui-chefs-eh-r302e6.jpg\" alt=\"may-hut-mui-chefs-eh-r302e6-02\" \/><\/p>\n<h3><strong>Chefs EH-R611E6 &#8211; ma\u0301y hu\u0301t mu\u0300i va\u0300 nh\u01b0\u0303ng ti\u0301nh n\u0103ng v\u01b0\u01a1\u0323t tr\u00f4\u0323i<\/strong><\/h3>\n<p>Ti\u0301ch h\u01a1\u0323p nhi\u00ea\u0300u ti\u0301nh n\u0103ng\u00a0<strong>m\u00e1y h\u00fat m\u00f9i Chefs EH-R302E6<\/strong>\u00a0lu\u00f4n \u0111\u01b0\u0301ng \u0111\u00e2\u0300u danh sa\u0301ch ti\u0300m ki\u00ea\u0301m cu\u0309a ca\u0301c ba\u0300 n\u00f4\u0323i tr\u01a1\u0323.<\/p>\n<p><img src=\"https:\/\/bepvuson.vn\/Data\/upload\/images\/M%C3%A1y%20h%C3%BAt%20m%C3%B9i\/302e6.jpg\" alt=\"may-hut-mui-chefs-eh-r302e6\" longdesc=\"https:\/\/bepvuson.vn\/may-hut-mui-chefs-eh-r302e6\" \/><\/p>\n<ul>\n<li><em>Chefs EH-R302E6 c\u00f4ng su\u1ea5t h\u00fat l\u1edbn 750m3\/h. \u0110\u1ed9 \u1ed3n t\u1ed1i \u0111a &lt; 56Db v\u1edbi trong qu\u00e1 tr\u00ecnh ho\u1ea1t \u0111\u1ed9ng m\u00e1y kh\u00f4ng g\u00e2y ra ti\u1ebfng \u1ed3n, kh\u00f4ng t\u1ea1o c\u1ea3m gi\u00e1c kh\u00f3 ch\u1ecbu cho ng\u01b0\u1eddi s\u1eed d\u1ee5ng.<\/em><\/li>\n<li><em><strong>M\u00e1y h\u00fat m\u00f9i Chefs EH-R302E6<\/strong>\u00a0s\u1eed d\u1ee5ng\u00a0t\u00ednh n\u0103ng kh\u01b0\u0309 mu\u0300i tu\u00e2\u0300n hoa\u0300n, v\u01a1\u0301i ti\u0301nh n\u0103ng na\u0300y\u00a0kh\u00ed kh\u00f4ng \u0111\u01b0\u1ee3c d\u1eabn ra ngo\u00e0i m\u00e0 \u0111\u01b0\u1ee3c \u0111\u01b0a ng\u01b0\u1ee3c l\u1ea1i v\u00e0o nh\u00e0 th\u00f4ng qua b\u1ed9 l\u1ecdc than ho\u1ea1t t\u00ednh \u0111\u01b0\u1ee3c l\u1eafp \u0111\u1eb7t b\u00ean trong m\u00e1y, b\u1ed9 l\u1ecdc than n\u00e0y s\u1ebd l\u1ecdc l\u1ea1i c\u00e1c m\u00f9i kh\u00f3 ch\u1ecbu, d\u1ea7u m\u1edf v\u00e0 th\u1ea3i ra kh\u00f4ng kh\u00ed trong l\u00e0nh.<\/em><\/li>\n<\/ul>\n<\/div>\n<\/div>\n","protected":false},"excerpt":{"rendered":"<p>T\u1ed5ng quan chung M\u00e1y h\u00fat m\u00f9i Chefs EH-R302E6 M\u00e1y h\u00fat m\u00f9i Chefs EH-R302E6 \u0111\u01b0\u1ee3c s\u1ea3n xu\u1ea5t tr\u00ean d\u00e2y truy\u1ec1n c\u00f4ng &hellip; <a class=\"link-more\" href=\"http:\/\/maudep.com.vn\/chuyengiadienmay\/?product=may-hut-mui-chefs-eh-r302e6\" class=\"more-link\">\u0110\u1ecdc th\u00eam &raquo;<span class=\"screen-reader-text\"> &#8220;M\u00e1y h\u00fat m\u00f9i Chefs EH-R302E6&#8221;<\/span><\/a><\/p>\n","protected":false},"featured_media":2464,"comment_status":"open","ping_status":"closed","template":"","meta":[],"_links":{"self":[{"href":"http:\/\/maudep.com.vn\/chuyengiadienmay\/index.php?rest_route=\/wp\/v2\/product\/2463"}],"collection":[{"href":"http:\/\/maudep.com.vn\/chuyengiadienmay\/index.php?rest_route=\/wp\/v2\/product"}],"about":[{"href":"http:\/\/maudep.com.vn\/chuyengiadienmay\/index.php?rest_route=\/wp\/v2\/types\/product"}],"replies":[{"embeddable":true,"href":"http:\/\/maudep.com.vn\/chuyengiadienmay\/index.php?rest_route=%2Fwp%2Fv2%2Fcomments&post=2463"}],"wp:featuredmedia":[{"embeddable":true,"href":"http:\/\/maudep.com.vn\/chuyengiadienmay\/index.php?rest_route=\/wp\/v2\/media\/2464"}],"wp:attachment":[{"href":"http:\/\/maudep.com.vn\/chuyengiadienmay\/index.php?rest_route=%2Fwp%2Fv2%2Fmedia&parent=2463"}],"curies":[{"name":"wp","href":"https:\/\/api.w.org\/{rel}","templated":true}]}}