{"id":2472,"date":"2019-01-07T16:33:37","date_gmt":"2019-01-07T09:33:37","guid":{"rendered":"http:\/\/maudep.com.vn\/chuyengiadienmay\/?post_type=product&#038;p=2472"},"modified":"2019-01-07T16:33:37","modified_gmt":"2019-01-07T09:33:37","slug":"may-hut-mui-bosch-dib091e51","status":"publish","type":"product","link":"http:\/\/maudep.com.vn\/chuyengiadienmay\/?product=may-hut-mui-bosch-dib091e51","title":{"rendered":"M\u00e1y h\u00fat m\u00f9i Bosch DIB091E51"},"content":{"rendered":"<h3 class=\"title\">T\u1ed5ng quan chung M\u00e1y h\u00fat m\u00f9i Bosch DIB091E51<\/h3>\n<div class=\"article-content\">\n<div class=\"js-content\">\n<h2>Ma\u0301y hu\u0301t mu\u0300i Bosch DIB091E51 hi\u00ea\u0323n \u0111ang la\u0300 do\u0300ng sa\u0309n ph\u00e2\u0309m n\u00f4\u0309i b\u00e2\u0323t nh\u00e2\u0301t hi\u00ea\u0323n nay, thi\u00ea\u0301t bi\u0323 na\u0300y\u00a0t\u1eadn d\u1ee5ng r\u1ea5t t\u1ed1t \u01b0u th\u1ebf v\u1ec1 h\u00ecnh d\u00e1ng t\u1ea1o cho nh\u00e0 b\u1ebfp n\u00e9t c\u1ed5 k\u00ednh \u0111\u1ed3ng th\u1eddi nh\u1edd thi\u1ebft k\u1ebf d\u1ea1ng \u1ed1ng kh\u00f3i n\u00ean vi\u1ec7c h\u00fat c\u1ee7a c\u1ee7a m\u00e1y kh\u00e1 d\u1ec5 d\u00e0ng. B\u00ea\u0301p Vu\u0303 S\u01a1n xin chia se\u0309 nh\u01b0\u0303ng th\u00f4ng tin v\u00ea\u0300 sa\u0309n ph\u00e2\u0309m giu\u0301p ba\u0323n \u0111a\u0301nh gia\u0301 kha\u0301ch quan nh\u00e2\u0301t.<\/h2>\n<h3><strong>Bosch DIB091E51 thi\u00ea\u0301t k\u00ea\u0301 b\u0103\u0301t m\u0103\u0301t<\/strong><\/h3>\n<p><strong>M\u00e1y h\u00fat m\u00f9i Bosch\u00a0DIB091E51<\/strong>\u00a0\u2013 H\u00fat m\u00f9i cao c\u1ea5p c\u1ee7a h\u00e3ng\u00a0\u0111\u01b0\u1ee3c nh\u1eadp ch\u00ednh h\u00e3ng t\u1eeb\u00a0<strong>\u0110\u1ee9c<\/strong>, \u0111\u1ea3m b\u1ea3o ch\u1ea5t l\u01b0\u1ee3ng. V\u1edbi thi\u1ebft k\u1ebf hi\u1ec7n \u0111\u1ea1i t\u00ednh t\u1ebf v\u00e0 ki\u1ec3u d\u00e1ng sang tr\u1ecdng, d\u00f2ng m\u00e1y n\u00e0y ch\u1eafc ch\u1eafn \u0111em l\u1ea1i s\u1ef1 sang tr\u1ecdng cho c\u0103n b\u1ebfp gia \u0111\u00ecnh b\u1ea1n.<\/p>\n<p><img title=\"may-hut-mui-bosch-dib091e51\" src=\"https:\/\/bepvuson.vn\/Data\/upload\/images\/may_hut_mui\/mcsa00661336_dib091e51_def_1.jpg\" alt=\"may-hut-mui-bosch-dib091e51\" \/><\/p>\n<ul>\n<li><em><strong>Ma\u0301y hu\u0301t mu\u0300i DIB091E51<\/strong>\u00a0c\u00f3 thi\u1ebft k\u1ebf v\u1edbi ch\u1ea5t li\u1ec7u v\u1ecf b\u00ean ngo\u00e0i \u0111\u01b0\u1ee3c l\u00e0m t\u1eeb\u00a0<strong>th\u00e9p kh\u00f4ng g\u1ec9<\/strong>,\u00a0<strong>ch\u1ed1ng oxy h\u00f3a<\/strong>\u00a0t\u1ed1t nh\u1ea5t hi\u1ec7n nay t\u1ea1o n\u00ean v\u1ebb sang tr\u1ecdng nh\u01b0ng c\u0169ng kh\u00f4ng k\u00e9m ph\u1ea7n hi\u1ec7n \u0111\u1ea1i cho gian b\u1ebfp nh\u00e0 b\u1ea1n.<\/em><\/li>\n<li><em>B\u1ed9 l\u01b0\u1edbi l\u1ecdc ma\u0301y hu\u0301t mu\u0300i Bosch\u00a0\u0111\u01b0\u1ee3c c\u1ea5u t\u1ea1o b\u1eb1ng\u00a0<strong>nh\u00f4m l\u1ecdc m\u1ee1<\/strong>,\u00a0<strong>kh\u1eed m\u00f9i b\u1eb1ng than ho\u1ea1t t\u00ednh<\/strong>, \u0111\u1ea3m b\u1ea3o l\u1ecdc h\u1ebft lu\u1ed3ng kh\u00ed l\u1eabn t\u1ea1p ch\u1ea5t v\u00e0 \u0111\u1ea9y ra ngo\u00e0i qua \u1ed1ng h\u00fat kh\u00ed.<\/em><\/li>\n<li><em>Ma\u0301y hu\u0301t mu\u0300i Bosch co\u0301\u00a0<strong>b\u1ed9 l\u1ecdc \u0111i\u1ec7n t\u1eed<\/strong>\u00a0hi\u1ec7n ch\u1ec9 s\u1ed1 b\u00e3o h\u00f2a m\u1ee1 v\u00e0 than cho ph\u00e9p ng\u01b0\u1eddi d\u00f9ng bi\u1ebft \u0111\u01b0\u1ee3c kho\u1ea3ng th\u1eddi gian c\u1ea7n v\u1ec7 sinh hay thay th\u1ebf. C\u00f4ng su\u1ea5t h\u00fat \u0111\u01b0\u1ee3c chia th\u00e0nh\u00a0<strong>3 m\u1ee9c c\u00f4ng su\u1ea5t<\/strong>\u00a0ph\u00f9 h\u1ee3p v\u1edbi nhi\u1ec1u m\u1ee5c \u0111\u00edch n\u1ea5u \u0103n gi\u00fap ti\u1ebft ki\u1ec7m n\u0103ng l\u01b0\u1ee3ng, v\u1edbi c\u00f4ng su\u1ea5t h\u00fat l\u1edbn gi\u00fap cho kh\u00f4ng kh\u00ed gian b\u1ebfp nh\u00e0 b\u1ea1n s\u1ea1ch h\u01a1n.<\/em><\/li>\n<\/ul>\n<p><em><img title=\"may-hut-mui-bosch-dib091e51-01\" src=\"https:\/\/bepvuson.vn\/Data\/upload\/images\/may_hut_mui\/539_86_343-1-1.jpg\" alt=\"may-hut-mui-bosch-dib091e51-01\" \/><\/em><\/p>\n<ul>\n<li><em>C\u00f4ng su\u1ea5t h\u00fat l\u1edbn\u00a0<strong>1000\u00a0m3\/h<\/strong>. \u0110\u1ed9 \u1ed3n t\u1ed1i \u0111a\u00a0<strong>&lt; 60Db\u00a0<\/strong>v\u1edbi trong qu\u00e1 tr\u00ecnh ho\u1ea1t \u0111\u1ed9ng m\u00e1y kh\u00f4ng g\u00e2y ra ti\u1ebfng \u1ed3n, kh\u00f4ng t\u1ea1o c\u1ea3m gi\u00e1c kh\u00f3 ch\u1ecbu cho ng\u01b0\u1eddi s\u1eed d\u1ee5ng.<\/em><\/li>\n<\/ul>\n<h3><strong>Ma\u0301y hu\u0301t mu\u0300i Bosch ti\u00ea\u0301t ki\u00ea\u0323m \u0111i\u00ea\u0323n n\u0103ng<\/strong><\/h3>\n<p>B\u1ea1n \u0111ang lo l\u1eafng\u00a0<strong>m\u00e1y h\u00fat m\u00f9i Bosch DIB091E51<\/strong>\u00a0s\u1ebd t\u1ed1n \u0111i\u1ec7n, nh\u01b0ng c\u00f3 m\u1ed9t \u0111i\u1ec1u \u0111\u00e1ng n\u00f3i l\u00e0 t\u1ea5t c\u1ea3 c\u00e1c lo\u1ea1i m\u00e1y h\u00fat m\u00f9i gi\u00e1 r\u1ebb, cao c\u1ea5p, hi\u1ec7n \u0111\u1ea1i th\u00ec \u0111\u1ec1u c\u00f3 chung m\u1ed9t nguy\u00ean l\u00fd ho\u1ea1t \u0111\u1ed9ng \u0111\u01a1n gi\u1ea3n, n\u00ean akh\u00f4ng h\u1ec1 t\u1ed1n \u0111i\u1ec7n.<\/p>\n<p><img title=\"may-hut-mui-bosch-dib091e51-02\" src=\"https:\/\/bepvuson.vn\/Data\/upload\/images\/may_hut_mui\/may-hut-mui-dao-bosch-dib091e51_1503050475.png\" alt=\"may-hut-mui-bosch-dib091e51-02\" \/><\/p>\n<ul>\n<li><em>M\u00e1y \u0111\u01b0\u1ee3c trang b\u1ecb\u00a0<strong>\u0111\u1ed9ng c\u01a1 EcoSilence<\/strong>\u00a0v\u1edbi\u00a0<strong>c\u00f4ng su\u1ea5t 220W<\/strong>\u00a0c\u00f9ng h\u1ec7 th\u1ed1ng\u00a0<strong>EcoSensor<\/strong>\u00a0ho\u1ea1t \u0111\u1ed9ng t\u1ef1 \u0111\u1ed9ng.\u00a0<strong>\u0110\u00e8n LED chi\u1ebfu s\u00e1ng<\/strong>\u00a0cung c\u1ea5p \u0111\u1ee7 \u00e1nh s\u00e1ng khi n\u1ea5u n\u01b0\u1edbng,\u00a0<strong>ti\u1ebft ki\u1ec7m n\u0103ng l\u01b0\u1ee3ng<\/strong>\u00a0nh\u01b0ng v\u1eabn mang \u0111\u1ebfn hi\u1ec7u qu\u1ea3 cao.<\/em><\/li>\n<li><em>Ma\u0301y hu\u0301t mu\u0300i Bosch co\u0301 3<strong>\u00a0t\u1ed1c \u0111\u1ed9 h\u00fat<\/strong>\u00a0v\u1edbi v\u1ecb tr\u00ed chuy\u00ean s\u00e2u h\u00fat t\u1ef1 \u0111\u1ed9ng giu\u0301p ba\u0323n d\u00ea\u0303 da\u0300ng cho\u0323n l\u01b0\u0323a m\u01b0\u0301c \u0111\u00f4\u0323 phu\u0300 h\u01a1\u0323p.<\/em><\/li>\n<li><em>Ki\u0301ch th\u01b0\u01a1\u0301c m\u00e1y h\u00fat m\u00f9i Bosch DIB091E51\u00a0la\u0300 90cm\u00a0<strong>phu\u0300 h\u01a1\u0323p<\/strong>\u00a0v\u01a1\u0301i \u0111a s\u00f4\u0301 kh\u00f4ng gian b\u00ea\u0301p gia \u0111i\u0300nh Vi\u00ea\u0323t.<\/em><\/li>\n<\/ul>\n<p>V\u01a1\u0301i nh\u01b0\u0303ng \u01b0u \u0111i\u00ea\u0309m tr\u00ean\u00a0<strong>m\u00e1y h\u00fat m\u00f9i Bosch DIB091E51<\/strong>\u00a0x\u1ee9ng \u0111\u00e1ng l\u00e0 s\u1ef1 l\u1ef1a ch\u1ecdn ho\u00e0n h\u1ea3o cho gian b\u00ea\u0301p nha\u0300 ba\u0323n.<\/p>\n<\/div>\n<\/div>\n","protected":false},"excerpt":{"rendered":"<p>T\u1ed5ng quan chung M\u00e1y h\u00fat m\u00f9i Bosch DIB091E51 Ma\u0301y hu\u0301t mu\u0300i Bosch DIB091E51 hi\u00ea\u0323n \u0111ang la\u0300 do\u0300ng sa\u0309n ph\u00e2\u0309m n\u00f4\u0309i &hellip; <a class=\"link-more\" href=\"http:\/\/maudep.com.vn\/chuyengiadienmay\/?product=may-hut-mui-bosch-dib091e51\" class=\"more-link\">\u0110\u1ecdc th\u00eam &raquo;<span class=\"screen-reader-text\"> &#8220;M\u00e1y h\u00fat m\u00f9i Bosch DIB091E51&#8221;<\/span><\/a><\/p>\n","protected":false},"featured_media":2473,"comment_status":"open","ping_status":"closed","template":"","meta":[],"_links":{"self":[{"href":"http:\/\/maudep.com.vn\/chuyengiadienmay\/index.php?rest_route=\/wp\/v2\/product\/2472"}],"collection":[{"href":"http:\/\/maudep.com.vn\/chuyengiadienmay\/index.php?rest_route=\/wp\/v2\/product"}],"about":[{"href":"http:\/\/maudep.com.vn\/chuyengiadienmay\/index.php?rest_route=\/wp\/v2\/types\/product"}],"replies":[{"embeddable":true,"href":"http:\/\/maudep.com.vn\/chuyengiadienmay\/index.php?rest_route=%2Fwp%2Fv2%2Fcomments&post=2472"}],"wp:featuredmedia":[{"embeddable":true,"href":"http:\/\/maudep.com.vn\/chuyengiadienmay\/index.php?rest_route=\/wp\/v2\/media\/2473"}],"wp:attachment":[{"href":"http:\/\/maudep.com.vn\/chuyengiadienmay\/index.php?rest_route=%2Fwp%2Fv2%2Fmedia&parent=2472"}],"curies":[{"name":"wp","href":"https:\/\/api.w.org\/{rel}","templated":true}]}}