{"id":2480,"date":"2019-01-07T17:00:50","date_gmt":"2019-01-07T10:00:50","guid":{"rendered":"http:\/\/maudep.com.vn\/chuyengiadienmay\/?post_type=product&#038;p=2480"},"modified":"2019-01-07T17:00:50","modified_gmt":"2019-01-07T10:00:50","slug":"may-hut-mui-chefs-eh-r611e6","status":"publish","type":"product","link":"http:\/\/maudep.com.vn\/chuyengiadienmay\/?product=may-hut-mui-chefs-eh-r611e6","title":{"rendered":"M\u00e1y h\u00fat m\u00f9i Chefs EH-R611E6"},"content":{"rendered":"<h3 class=\"title\">T\u1ed5ng quan chung M\u00e1y h\u00fat m\u00f9i Chefs EH-R611E6<\/h3>\n<div class=\"article-content\">\n<div class=\"js-content\">\n<h2>M\u00e1y h\u00fat m\u00f9i Chefs EH R611E6 \u0111\u01b0\u1ee3c s\u1ea3n xu\u1ea5t tr\u00ean d\u00e2y truy\u1ec1n c\u00f4ng ngh\u1ec7 hi\u1ec7n \u0111\u1ea1i ti\u00ean ti\u00ea\u0301n cu\u0309a Ch\u00e2u \u00c2u n\u00ean ch\u1ea5t l\u01b0\u1ee3ng m\u00e1y lu\u00f4n \u0111\u1ea3m b\u1ea3o v\u01a1\u0301i ng\u01b0\u01a1\u0300i du\u0300ng. Chefs la\u0300 th\u01b0\u01a1ng hi\u00ea\u0323u ha\u0300ng \u0111\u00e2\u0300u \u0111\u01b0\u01a1\u0323c ng\u01b0\u01a1\u0300i ti\u00eau du\u0300ng tin t\u01b0\u01a1\u0309ng l\u01b0\u0323a cho\u0323n v\u01a1\u0301i thi\u00ea\u0301t k\u00ea\u0301 \u0111\u00f4\u0323c \u0111a\u0301o va\u0300 ca\u0301c ch\u01b0\u0301c n\u0103ng n\u00f4\u0309i b\u00e2\u0323t\u00a0cho gia \u0111i\u0300nh.<\/h2>\n<h3>Thi\u00ea\u0301t k\u00ea\u0301 \u0111\u00f4\u0323c \u0111a\u0301o cu\u0309a\u00a0Chefs EH-R611E6<\/h3>\n<p>Nh\u1eefng chi\u1ebfc m\u00e1y h\u00fat m\u00f9i c\u1ed5 \u0111i\u1ec3n kh\u00f4ng co\u0300n\u00a0l\u00e0 l\u1ef1a ch\u1ecdn c\u1ee7a nhi\u1ec1u gia \u0111\u00ecnh\u00a0m\u00e0 thay v\u00e0o \u0111\u00f3 l\u00e0 nh\u1eefng chi\u1ebfc m\u00e1y h\u00fat m\u00f9i \u00f4\u0301ng kho\u0301i\u00a0v\u1edbi ki\u1ec1u d\u00e1ng k\u00ednh th\u1eb3ng nh\u01b0\u00a0<strong>M\u00e1y h\u00fat m\u00f9i Chefs EH-R611E6.<\/strong><\/p>\n<p><img title=\"may-hut-mui-chefs-eh-r611e6\" src=\"https:\/\/bepvuson.vn\/Data\/upload\/images\/ma%CC%81y%20hu%CC%81t%20mu%CC%80i%20chefs\/8235_hut-mui-chefs-eh-r611e6.jpg\" alt=\"may-hut-mui-chefs-eh-r611e6\" \/><\/p>\n<ul>\n<li>Th\u00e2n m\u00e1y \u0111\u01b0\u1ee3c s\u1eed d\u1ee5ng ch\u1ea5t li\u1ec7u th\u00e9p ch\u1ed1ng r\u1ec9 v\u00e0 k\u00ednh c\u01b0\u1eddng l\u1ef1c d\u00e0y 8mm \u0111\u1ec3 ch\u1ed1ng l\u1ea1i qu\u00e1 tr\u00ecnh oxi h\u00f3a, t\u0103ng \u0111\u1ed9 b\u00ean cho m\u00e1y v\u00e0 b\u1ea3o v\u1ec7 an to\u00e0n cho ng\u01b0\u1eddi s\u1eed d\u1ee5ng.<\/li>\n<li>M\u00e1y h\u00fat m\u00f9i \u1ed1ng kh\u00f3i Chefs EH R611E6 c\u00f3 thi\u1ebft k\u1ebf d\u1ea1ng k\u00ednh ph\u1eb3ng t\u1ea1o s\u1ef1 \u0111\u1ed9ng \u0111\u00e1o cho kh\u00f4ng gian b\u1ebfp gia \u0111\u00ecnh b\u1ea1n.<\/li>\n<li>H\u00fat m\u00f9i Chefs EH-R611E6 s\u1eed d\u1ee5ng ch\u1ea5t li\u1ec7u Inox cao c\u1ea5p 430 v\u00e0 \u0111\u01b0\u1ee3c thi\u1ebft k\u1ebf v\u1edbi k\u00edch th\u01b0\u1edbc r\u1ed9ng 600 x s\u00e2u 500 x cao t\u1eeb 645 &#8211; 1000mm.<\/li>\n<li>Phi\u0301m b\u00e2\u0301m \u0111i\u00ea\u0300u khi\u00ea\u0309n 3 t\u00f4\u0301c \u0111\u00f4\u0323 d\u00ea\u0303 da\u0300ng s\u01b0\u0309 du\u0323ng<\/li>\n<li>K\u00ednh c\u01b0\u1eddng l\u1ef1c ch\u1ecbu nhi\u1ec7t t\u1ed1t d\u1ec5 v\u1ec7 sinh<\/li>\n<\/ul>\n<h3>Chefs EH-R611E6 &#8211; ma\u0301y hu\u0301t mu\u0300i va\u0300 nh\u01b0\u0303ng ti\u0301nh n\u0103ng v\u01b0\u01a1\u0323t tr\u00f4\u0323i<\/h3>\n<p>Ti\u0301ch h\u01a1\u0323p nhi\u00ea\u0300u ti\u0301nh n\u0103ng m\u00e1y h\u00fat m\u00f9i Chefs\u00a0<strong>\u00a0EH-R611E6<\/strong>\u00a0lu\u00f4n \u0111\u01b0\u0301ng \u0111\u00e2\u0300u danh sa\u0301ch ti\u0300m ki\u00ea\u0301m cu\u0309a ca\u0301c ba\u0300 n\u00f4\u0323i tr\u01a1\u0323.<\/p>\n<p><img title=\"may-hut-mui-chefs-eh-r611e6-01\" src=\"https:\/\/bepvuson.vn\/Data\/upload\/images\/ma%CC%81y%20hu%CC%81t%20mu%CC%80i%20chefs\/1bbdc2c7-e969-419d-8e4a-407b3b4b536b.jpg\" alt=\"may-hut-mui-chefs-eh-r611e6-01\" \/><\/p>\n<ul>\n<li>Chefs EH-R611E6 c\u00f4ng su\u1ea5t h\u00fat l\u1edbn 960m3\/h. \u0110\u1ed9 \u1ed3n t\u1ed1i \u0111a &lt; 56Db v\u1edbi trong qu\u00e1 tr\u00ecnh ho\u1ea1t \u0111\u1ed9ng m\u00e1y kh\u00f4ng g\u00e2y ra ti\u1ebfng \u1ed3n, kh\u00f4ng t\u1ea1o c\u1ea3m gi\u00e1c kh\u00f3 ch\u1ecbu cho ng\u01b0\u1eddi s\u1eed d\u1ee5ng.<\/li>\n<li>H\u1ec7 th\u1ed1ng \u0111\u00e8n Led 2 x 20W gi\u00fap ng\u01b0\u1eddi d\u00f9ng c\u00f3 th\u1ec3 thu\u1eadn ti\u1ec7n quan s\u00e1t trong su\u1ea5t qu\u00e1 tr\u00ecnh n\u1ea5u \u0103n.<\/li>\n<\/ul>\n<p>Ngoa\u0300i ra, vi\u00ea\u0323c b\u00e2\u0323t \u0111e\u0300n th\u01b0\u01a1\u0300ng xuy\u00ean cu\u0309a ma\u0301y hu\u0301t mu\u0300i r\u00e2\u0301t c\u00e2\u0300n thi\u00ea\u0301t vi\u0300 nhi\u1ec7t n\u0103ng c\u1ee7a b\u00f3ng \u0111\u00e8n s\u1ebd l\u00e0m kh\u00f4ng kh\u00ed trong m\u00e1y n\u00f3ng v\u00e0 gi\u1ea3m \u0111\u01b0\u1ee3c \u0111\u1ed9 \u1ea9m c\u1ee7a kh\u00f4ng kh\u00ed (\u0111\u1ed9 \u1ea9m \u1ea3nh h\u01b0\u1edfng \u0111\u1ebfn tu\u1ed5i th\u1ecd c\u1ee7a motor).<\/p>\n<ul>\n<li>L\u01b0\u1edbi l\u1ecdc ki\u1ec3u baffle inox ng\u0103n ng\u1eeba d\u1ea7u m\u1ee1 b\u00e1m b\u1ea9n v\u00e0o \u0111\u1ed9ng c\u01a1 b\u00ean trong v\u00e0 d\u1ec5 v\u1ec7 sinh.<\/li>\n<li><strong>M\u00e1y h\u00fat m\u00f9i Chefs EH R611E6\u00a0<\/strong>c\u00f3 th\u1ec3 s\u1eed d\u1ee5ng hai t\u00ednh n\u0103ng kh\u1eed m\u00f9i, \u0111\u00f3 l\u00e0 kh\u1eed m\u00f9i tr\u1ef1c ti\u1ebfp v\u00e0 kh\u1eed m\u00f9i tu\u1ea7n ho\u00e0n. T\u00f9y t\u1eebng kh\u00f4ng gian b\u1ebfp m\u00e0 b\u1ea1n c\u00f3 th\u1ec3 ch\u1ecdn t\u00ednh n\u0103ng kh\u1eed m\u00f9i th\u00edch h\u1ee3p cho b\u1ebfp.<\/li>\n<\/ul>\n<p>Kh\u01b0\u0309 mu\u0300i tu\u00e2\u0300n hoa\u0300n la\u0300 ki\u00ea\u0309u\u00a0h\u00fat m\u00f9i kh\u00f4ng c\u1ea7n \u1ed1ng tho\u00e1t, v\u1edbi m\u00e1y h\u00fat m\u00f9i lo\u1ea1i n\u00e0y, kh\u00ed kh\u00f4ng \u0111\u01b0\u1ee3c d\u1eabn ra ngo\u00e0i m\u00e0 \u0111\u01b0\u1ee3c \u0111\u01b0a ng\u01b0\u1ee3c l\u1ea1i v\u00e0o nh\u00e0 th\u00f4ng qua b\u1ed9 l\u1ecdc than ho\u1ea1t t\u00ednh \u0111\u01b0\u1ee3c l\u1eafp \u0111\u1eb7t b\u00ean trong m\u00e1y, b\u1ed9 l\u1ecdc than n\u00e0y s\u1ebd l\u1ecdc l\u1ea1i c\u00e1c m\u00f9i kh\u00f3 ch\u1ecbu, d\u1ea7u m\u1edf v\u00e0 th\u1ea3i ra kh\u00f4ng kh\u00ed trong l\u00e0nh.<\/p>\n<p><img title=\"may-hut-mui-chefs-eh-r611e6-02\" src=\"https:\/\/bepvuson.vn\/Data\/upload\/images\/ma%CC%81y%20hu%CC%81t%20mu%CC%80i%20chefs\/webviet_EH_R611E61x800x800x4.jpg\" alt=\"may-hut-mui-chefs-eh-r611e6-02\" \/><\/p>\n<p>Kh\u01b0\u0309 mu\u0300i tr\u01b0\u0323c ti\u00ea\u0301p la\u0300 hi\u0300nh th\u01b0\u0301c\u00a0h\u00fat \u0111\u1ea9y ra ngo\u00e0i qua \u0111\u01b0\u1eddng \u1ed1ng,\u00a0v\u1edbi ph\u01b0\u01a1ng ph\u00e1p n\u00e0y th\u00ec qu\u00e1 tr\u00ecnh h\u00fat kh\u1eed mu\u0300i s\u1ebd \u0111\u01b0\u1ee3c tri\u1ec7t \u0111\u00ea\u0309, m\u00f9i th\u1ee9c \u0103n trong qu\u00e1 tr\u00ecnh n\u1ea5u s\u1ebd \u0111\u01b0\u1ee3c \u0111\u1ea9y to\u00e0n b\u1ed9 ra b\u00ean ngo\u00e0i theo \u0111\u01b0\u1eddng \u1ed1ng tho\u00e1t.<\/p>\n<\/div>\n<\/div>\n","protected":false},"excerpt":{"rendered":"<p>T\u1ed5ng quan chung M\u00e1y h\u00fat m\u00f9i Chefs EH-R611E6 M\u00e1y h\u00fat m\u00f9i Chefs EH R611E6 \u0111\u01b0\u1ee3c s\u1ea3n xu\u1ea5t tr\u00ean d\u00e2y truy\u1ec1n &hellip; <a class=\"link-more\" href=\"http:\/\/maudep.com.vn\/chuyengiadienmay\/?product=may-hut-mui-chefs-eh-r611e6\" class=\"more-link\">\u0110\u1ecdc th\u00eam &raquo;<span class=\"screen-reader-text\"> &#8220;M\u00e1y h\u00fat m\u00f9i Chefs EH-R611E6&#8221;<\/span><\/a><\/p>\n","protected":false},"featured_media":2481,"comment_status":"open","ping_status":"closed","template":"","meta":[],"_links":{"self":[{"href":"http:\/\/maudep.com.vn\/chuyengiadienmay\/index.php?rest_route=\/wp\/v2\/product\/2480"}],"collection":[{"href":"http:\/\/maudep.com.vn\/chuyengiadienmay\/index.php?rest_route=\/wp\/v2\/product"}],"about":[{"href":"http:\/\/maudep.com.vn\/chuyengiadienmay\/index.php?rest_route=\/wp\/v2\/types\/product"}],"replies":[{"embeddable":true,"href":"http:\/\/maudep.com.vn\/chuyengiadienmay\/index.php?rest_route=%2Fwp%2Fv2%2Fcomments&post=2480"}],"wp:featuredmedia":[{"embeddable":true,"href":"http:\/\/maudep.com.vn\/chuyengiadienmay\/index.php?rest_route=\/wp\/v2\/media\/2481"}],"wp:attachment":[{"href":"http:\/\/maudep.com.vn\/chuyengiadienmay\/index.php?rest_route=%2Fwp%2Fv2%2Fmedia&parent=2480"}],"curies":[{"name":"wp","href":"https:\/\/api.w.org\/{rel}","templated":true}]}}