{"id":2482,"date":"2019-01-07T17:04:59","date_gmt":"2019-01-07T10:04:59","guid":{"rendered":"http:\/\/maudep.com.vn\/chuyengiadienmay\/?post_type=product&#038;p=2482"},"modified":"2019-01-07T17:05:00","modified_gmt":"2019-01-07T10:05:00","slug":"may-hut-mui-chefs-eh-r106e9-2","status":"publish","type":"product","link":"http:\/\/maudep.com.vn\/chuyengiadienmay\/?product=may-hut-mui-chefs-eh-r106e9-2","title":{"rendered":"M\u00e1y h\u00fat m\u00f9i Chefs EH-R106E9"},"content":{"rendered":"<h3 class=\"title\">T\u1ed5ng quan chung M\u00e1y h\u00fat m\u00f9i Chefs EH-R106E9<\/h3>\n<div class=\"article-content\">\n<div class=\"js-content\">\n<h2>M\u00e1y h\u00fat m\u00f9i Chefs EH-R106E9 giu\u0301p cho kh\u00f4ng gian b\u00ea\u0301p cu\u0309a ba\u0323n sa\u0323ch se\u0303 v\u01a1\u0301i kh\u00f4ng khi\u0301 trong la\u0300nh h\u01a1n. Ch\u0103\u0301c h\u0103\u0309n ba\u0300 n\u00f4\u0323i tr\u01a1\u0323 na\u0300o cu\u0303ng mong mu\u00f4\u0301n gian b\u00ea\u0301p cu\u0309a mi\u0300nh \u0111e\u0323p \u0111e\u0303 go\u0323n ga\u0300ng\u00a0kh\u00f4ng co\u0300n ng\u00e2\u0323p mu\u0300i d\u00e2\u0300u m\u01a1\u0303, th\u01b0\u0301c \u0103n kho\u0301 chi\u0323u &#8211; ma\u0301y hu\u0301t mu\u0300i chefs ch\u0103\u0301c\u00a0ch\u0103\u0301n se\u0303 la\u0300m ha\u0300i lo\u0300ng ba\u0323n.<\/h2>\n<h3><strong>Thi\u00ea\u0301t k\u00ea\u0301 \u0111\u00f4\u0323c \u0111a\u0301o cu\u0309a\u00a0Chefs EH-R106E9<\/strong><\/h3>\n<p>Nh\u1eefng chi\u1ebfc m\u00e1y h\u00fat m\u00f9i c\u1ed5 \u0111i\u1ec3n kh\u00f4ng co\u0300n\u00a0l\u00e0 l\u1ef1a ch\u1ecdn c\u1ee7a nhi\u1ec1u gia \u0111\u00ecnh\u00a0m\u00e0 thay v\u00e0o \u0111\u00f3 l\u00e0 nh\u1eefng chi\u1ebfc m\u00e1y h\u00fat m\u00f9i \u00f4\u0301ng kho\u0301i\u00a0v\u1edbi ki\u1ec1u d\u00e1ng k\u00ednh th\u1eb3ng nh\u01b0\u00a0<strong>M\u00e1y h\u00fat m\u00f9i Chefs EH-R106E9.<\/strong><\/p>\n<p><img title=\"may-hut-mui-chefs-eh-r106e9\" src=\"https:\/\/bepvuson.vn\/Data\/upload\/images\/M%C3%A1y%20h%C3%BAt%20m%C3%B9i\/may%20hut%20mui%202.jpg\" alt=\"may-hut-mui-chefs-eh-r106e9\" \/><\/p>\n<ul>\n<li><em>Kh\u1eed m\u00f9i ch\u1eef T, k\u00edch th\u01b0\u1edbc 90cm<\/em><\/li>\n<li><em>Ch\u1ea5t li\u1ec7u ch\u00ednh c\u1ee7a m\u00e1y hu\u0301t mu\u0300i\u00a0<strong>Chefs EH-R106E9<\/strong>\u00a0l\u00e0 inox 430 kh\u00f4ng han g\u1ec9, b\u1ec1n b\u1ec9 v\u00e0 d\u1ec5 d\u00e0ng v\u1ec7 sinh.\u00a0<\/em><\/li>\n<li><em>T\u1ea5m l\u01b0\u1edbi l\u1ecdc d\u1ea7u m\u1ee1 ki\u1ec3u baffla inox gi\u00fap kh\u00f3i m\u00f9i th\u1ee9c \u0103n nhanh ch\u00f3ng \u0111\u01b0\u1ee3c tho\u00e1t qua t\u1ea5m l\u1ecdc n\u00e0y v\u00e0 \u0111\u1eb7c bi\u1ec7t c\u00f3 th\u1ec3 th\u00e1o r\u1eddi v\u00e0 d\u1ec5 d\u00e0ng v\u1ec7 sinh.<\/em><\/li>\n<li><em>Phi\u0301m b\u00e2\u0301m \u0111i\u00ea\u0300u khi\u00ea\u0309n ca\u0309m \u01b0\u0301ng 3 t\u00f4\u0301c \u0111\u00f4\u0323 d\u00ea\u0303 da\u0300ng s\u01b0\u0309 du\u0323ng<\/em><\/li>\n<li><em>M\u00e1y hu\u0301t mu\u0300i\u00a0<strong>Chefs EH-R106E9<\/strong>\u00a0\u0111\u01b0\u1ee3c thi\u1ebft k\u1ebf m\u00e0n h\u00ecnh Led hi\u1ec3n th\u1ecb c\u00f9ng 3 t\u1ed1c \u0111\u1ed9 h\u00fat \u0111i\u1ec1u khi\u1ec3n b\u1eb1ng n\u00fat c\u1ea3m \u1ee9ng \u0111i\u1ec7n t\u1eed d\u1ec5 s\u1eed d\u1ee5ng, cho ph\u00e9p ng\u01b0\u1eddi d\u00f9ng linh ho\u1ea1t \u0111i\u1ec1u ch\u1ec9nh t\u1ed1c \u0111\u1ed9 cho ph\u00f9 h\u1ee3p v\u1edbi nhu c\u1ea7u.<\/em><\/li>\n<\/ul>\n<p><img title=\"may-hut-mui-chefs-eh-r106e9\" src=\"https:\/\/bepvuson.vn\/Data\/upload\/images\/M%C3%A1y%20h%C3%BAt%20m%C3%B9i\/107e7.png\" alt=\"may-hut-mui-chefs-eh-r106e9\" \/><\/p>\n<p><strong>ChefsEH-R106E9 &#8211; ma\u0301y hu\u0301t mu\u0300i va\u0300 nh\u01b0\u0303ng ti\u0301nh n\u0103ng v\u01b0\u01a1\u0323t tr\u00f4\u0323i<\/strong><\/p>\n<p>Ti\u0301ch h\u01a1\u0323p nhi\u00ea\u0300u ti\u0301nh n\u0103ng\u00a0<strong>m\u00e1y h\u00fat m\u00f9i Chefs EH-R106E9<\/strong>\u00a0\u00a0ph\u00f9 h\u1ee3p v\u1edbi kh\u00f4ng gian b\u1ebfp r\u1ed9ng, h\u1ee9a h\u1eb9n mang l\u1ea1i s\u1ef1 ti\u1ec7n nghi, sang tr\u1ecdng, hi\u1ec7n \u0111\u1ea1i cho kh\u00f4ng gian b\u1ebfp.<\/p>\n<ul>\n<li><em>\u0110\u1ed9 \u1ed3n t\u1ed1i \u0111a &lt; 56Db v\u1edbi trong qu\u00e1 tr\u00ecnh ho\u1ea1t \u0111\u1ed9ng m\u00e1y kh\u00f4ng g\u00e2y ra ti\u1ebfng \u1ed3n, kh\u00f4ng t\u1ea1o c\u1ea3m gi\u00e1c kh\u00f3 ch\u1ecbu cho ng\u01b0\u1eddi s\u1eed d\u1ee5ng.<\/em><\/li>\n<li><em>Ma\u0301y hu\u0301t mu\u0300i Chefs EH-R106E9 c\u00f4ng su\u1ea5t h\u00fat l\u1edbn 750 m3\/h, nhanh ch\u00f3ng mang l\u1ea1i kh\u00f4ng kh\u00ed tho\u00e1ng m\u00e1t cho ph\u00f2ng b\u1ebfp v\u01a1\u0301i k\u00edch th\u01b0\u1edbc \u1ed1ng h\u00fat \u00d8150mm \/ d\u00e0i 2m<\/em><\/li>\n<\/ul>\n<p><img title=\"may-hut-mui-chefs-eh-r106e9\" src=\"https:\/\/bepvuson.vn\/Data\/upload\/images\/M%C3%A1y%20h%C3%BAt%20m%C3%B9i\/Lap-dat-EH-DIH866.jpg\" alt=\"may-hut-mui-chefs-eh-r106e9\" \/><\/p>\n<ul>\n<li><em>\u00a0M\u00e1y c\u00f3 th\u00eam 2 b\u00f3ng \u0111\u00e8n Led chi\u1ebfu s\u00e1ng v\u00f9ng n\u1ea5u gi\u00fap qu\u00e1 tr\u00ecnh n\u1ea5u n\u01b0\u1edbng tr\u1edf n\u00ean thu\u1eadn ti\u1ec7n h\u01a1n.<\/em><br \/>\nNgoa\u0300i ra, vi\u00ea\u0323c b\u00e2\u0323t \u0111e\u0300n th\u01b0\u01a1\u0300ng xuy\u00ean cu\u0309a ma\u0301y hu\u0301t mu\u0300i r\u00e2\u0301t c\u00e2\u0300n thi\u00ea\u0301t vi\u0300 nhi\u1ec7t n\u0103ng c\u1ee7a b\u00f3ng \u0111\u00e8n s\u1ebd l\u00e0m kh\u00f4ng kh\u00ed trong m\u00e1y n\u00f3ng v\u00e0 gi\u1ea3m \u0111\u01b0\u1ee3c \u0111\u1ed9 \u1ea9m c\u1ee7a kh\u00f4ng kh\u00ed (\u0111\u1ed9 \u1ea9m \u1ea3nh h\u01b0\u1edfng \u0111\u1ebfn tu\u1ed5i th\u1ecd c\u1ee7a motor).<\/li>\n<li><em><strong>M\u00e1y h\u00fat m\u00f9i Chefs EH-R106E9\u00a0<\/strong>c\u00f3 th\u1ec3 s\u1eed d\u1ee5ng hai t\u00ednh n\u0103ng kh\u1eed m\u00f9i, \u0111\u00f3 l\u00e0 kh\u1eed m\u00f9i tr\u1ef1c ti\u1ebfp v\u00e0 kh\u1eed m\u00f9i tu\u1ea7n ho\u00e0n.\u00a0<\/em>T\u00f9y t\u1eebng kh\u00f4ng gian b\u1ebfp m\u00e0 b\u1ea1n c\u00f3 th\u1ec3 ch\u1ecdn t\u00ednh n\u0103ng kh\u1eed m\u00f9i th\u00edch h\u1ee3p cho b\u1ebfp.<\/li>\n<li><em>L\u01b0\u1edbi l\u1ecdc ki\u1ec3u baffle inox ng\u0103n ng\u1eeba d\u1ea7u m\u1ee1 b\u00e1m b\u1ea9n v\u00e0o \u0111\u1ed9ng c\u01a1 b\u00ean trong v\u00e0 d\u1ec5 v\u1ec7 sinh.<\/em><\/li>\n<\/ul>\n<p>S\u1ea3n ph\u1ea9m c\u00f3 gi\u00e1 c\u1ea3 kh\u00f4ng qu\u00e1 cao, ph\u00f9 h\u1ee3p v\u1edbi nhi\u1ec1u gia \u0111\u00ecnh Vi\u00ea\u0323t. N\u1ebfu gia \u0111\u00ecnh c\u00f3 kh\u00f4ng gian b\u1ebfp r\u1ed9ng v\u00e0 nhu c\u1ea7u n\u1ea5u n\u01b0\u1edbng cao th\u00ec m\u00e1y h\u00fat m\u00f9i\u00a0<strong>Chefs\u00a0EH-R106E9<\/strong>\u00a0x\u1ee9ng \u0111\u00e1ng l\u00e0 s\u1ef1 l\u1ef1a ch\u1ecdn ho\u00e0n h\u1ea3o.<\/p>\n<\/div>\n<\/div>\n","protected":false},"excerpt":{"rendered":"<p>T\u1ed5ng quan chung M\u00e1y h\u00fat m\u00f9i Chefs EH-R106E9 M\u00e1y h\u00fat m\u00f9i Chefs EH-R106E9 giu\u0301p cho kh\u00f4ng gian b\u00ea\u0301p cu\u0309a ba\u0323n &hellip; <a class=\"link-more\" href=\"http:\/\/maudep.com.vn\/chuyengiadienmay\/?product=may-hut-mui-chefs-eh-r106e9-2\" class=\"more-link\">\u0110\u1ecdc th\u00eam &raquo;<span class=\"screen-reader-text\"> &#8220;M\u00e1y h\u00fat m\u00f9i Chefs EH-R106E9&#8221;<\/span><\/a><\/p>\n","protected":false},"featured_media":2483,"comment_status":"open","ping_status":"closed","template":"","meta":[],"_links":{"self":[{"href":"http:\/\/maudep.com.vn\/chuyengiadienmay\/index.php?rest_route=\/wp\/v2\/product\/2482"}],"collection":[{"href":"http:\/\/maudep.com.vn\/chuyengiadienmay\/index.php?rest_route=\/wp\/v2\/product"}],"about":[{"href":"http:\/\/maudep.com.vn\/chuyengiadienmay\/index.php?rest_route=\/wp\/v2\/types\/product"}],"replies":[{"embeddable":true,"href":"http:\/\/maudep.com.vn\/chuyengiadienmay\/index.php?rest_route=%2Fwp%2Fv2%2Fcomments&post=2482"}],"wp:featuredmedia":[{"embeddable":true,"href":"http:\/\/maudep.com.vn\/chuyengiadienmay\/index.php?rest_route=\/wp\/v2\/media\/2483"}],"wp:attachment":[{"href":"http:\/\/maudep.com.vn\/chuyengiadienmay\/index.php?rest_route=%2Fwp%2Fv2%2Fmedia&parent=2482"}],"curies":[{"name":"wp","href":"https:\/\/api.w.org\/{rel}","templated":true}]}}