{"id":2484,"date":"2019-01-07T17:11:05","date_gmt":"2019-01-07T10:11:05","guid":{"rendered":"http:\/\/maudep.com.vn\/chuyengiadienmay\/?post_type=product&#038;p=2484"},"modified":"2019-01-07T17:11:05","modified_gmt":"2019-01-07T10:11:05","slug":"may-hut-mui-elica-joy-white","status":"publish","type":"product","link":"http:\/\/maudep.com.vn\/chuyengiadienmay\/?product=may-hut-mui-elica-joy-white","title":{"rendered":"M\u00e1y h\u00fat m\u00f9i Elica JOY WHITE"},"content":{"rendered":"<h3 class=\"title\">T\u1ed5ng quan chung M\u00e1y h\u00fat m\u00f9i Elica JOY WHITE<\/h3>\n<div class=\"article-content\">\n<div class=\"js-content\">\n<p>\u00a0M\u00e1y h\u00fat m\u00f9i Elica JOY WHITE d\u00f2ng s\u1ea3n ph\u1ea9m nh\u1eadp kh\u1ea9u nguy\u00ean chi\u1ebfc t\u1ea1i Ba Lan, v\u1edbi ki\u1ec3u d\u00e1ng sang tr\u1ecdng b\u1eaft m\u1eaft hi\u1ec7n \u0111ang thu h\u00fat \u0111\u01b0\u1ee3c s\u1ef1 quan t\u00e2m c\u1ee7a nhi\u1ec1u ng\u01b0\u1eddi ti\u00eau d\u00f9ng. M\u00e1y h\u00fat m\u00f9i Elica JOY WHITE \u0111\u1ea1t ti\u00eau chu\u1ea9n Ch\u00e2u \u00c2u v\u1ec1 ch\u1ea5t l\u01b0\u1ee3ng, ti\u00eau chu\u1ea9n k\u1ef9 thu\u1eadt l\u1eabn \u0111\u1ed9 an to\u00e0n b\u1edfi c\u00e1c chuy\u00ean gia h\u00e0ng \u0111\u1ea7u tr\u01b0\u1edbc khi \u0111\u01b0\u1ee3c \u0111\u01b0a ra th\u1ecb tr\u01b0\u1eddng.<\/p>\n<p>S\u1eed d\u1ee5ng ch\u1ea5t li\u1ec7u inox cao c\u1ea5p c\u00f9ng k\u00ednh c\u01b0\u1eddng l\u1ef1c m\u00e0u tr\u1eafng khi\u1ebfn s\u1ea3n ph\u1ea9m mang \u0111\u1ebfn cho c\u0103n b\u1ebfp s\u1ef1 sang tr\u1ecdng t\u1ed9t b\u1eadc.<\/p>\n<p>C\u00f4ng su\u1ea5t \u0111\u1ea1t 350-1000m3\/h m\u00e0 \u0111\u1ed9 \u1ed3n ch\u1ec9 d\u1eebng l\u1ea1i \u1edf m\u1ee9c 45-53dB l\u00e0 b\u1edfi m\u00e1y s\u1eed d\u1ee5ng \u0111\u1ed9ng c\u01a1 turbin \u0111\u00f4i, h\u00fat si\u00eau kh\u1ecfe \u0111\u1ed9 \u1ed3n si\u00eau \u00eam, gi\u00fap b\u1ea1n lo\u1ea1i b\u1ecf m\u00f9i kh\u00f3 ch\u1ecbu tron gian b\u1ebfp m\u00e0 kh\u00f4ng \u1ea3nh h\u01b0\u1edfng \u0111\u1ebfn ng\u01b0\u1eddi d\u00f9ng.<\/p>\n<p>B\u1ea3ng \u0111i\u1ec1u khi\u1ec3n d\u1ea1ng c\u1ea3m \u1ee9ng d\u1ec5 d\u00e0ng t\u00f9y ch\u1ec9nh c\u00e1c c\u1ea5p \u0111\u1ed9 h\u00fat c\u1ee7a m\u00e1y cho ph\u00f9 h\u1ee3p v\u1edbi t\u1eebng m\u00f3n n\u1ea5u 2 \u0111\u00e8n halogen gi\u00fap \u0111\u1ea3m b\u1ea3o \u0111\u1ed9 s\u00e1ng cho khu v\u1ef1c n\u1ea5u c\u1ee7a gia \u0111\u00ecnh b\u1ea1n trong c\u1ea3 qu\u00e1 tr\u00ecnh n\u1ea5u.<br \/>\nL\u01b0\u1edbi l\u1ecdc b\u00ean d\u01b0\u1edbi m\u00e1y h\u00fat m\u00f9i nh\u00e0 b\u1ebfp Elica JOY WHITE d\u1ec5 d\u00e0ng th\u00e1o l\u1eafp gi\u00fap v\u1ec7 sinh \u0111\u01a1n gi\u1ea3n v\u00e0 nhanh ch\u00f3ng h\u01a1n. B\u1ea1n c\u1ea7n ng\u00e2m n\u01b0\u1edbc n\u00f3ng cho tan b\u1edbt c\u00e1c b\u1ee5i b\u1ea9n, d\u1ea7u m\u1ee1 r\u1ed3i m\u1edbi v\u1ec7 sinh b\u1eb1ng c\u00e1c dung d\u1ecbch t\u1ea9y r\u1eeda th\u00f4ng th\u01b0\u1eddng.<\/p>\n<p>M\u00e1y c\u00f3 2 ch\u1ebf \u0111\u1ed9 h\u00fat : h\u00fat \u0111\u1ea9y tr\u1ef1c ti\u1ebfp ra b\u00ean ngo\u00e0i, h\u00fat kh\u1eed b\u1eb1ng than ho\u1ea1t t\u00ednh.<br \/>\n&#8211; Gian b\u1ebfp c\u00f3 \u0111\u01b0\u1eddng tho\u00e1t b\u1ea1n n\u00ean d\u00f9ng ch\u1ebf \u0111\u1ed9 h\u00fat \u0111\u1ea9y ra b\u00ean ngo\u00e0i. Kh\u00f4ng kh\u00ed \u0111\u01b0a ra b\u00ean ngo\u00e0i c\u00f3 ch\u1ee9a l\u01b0\u1ee3ng l\u1edbn b\u1ee5i b\u1ea9n d\u1ea7u m\u1ee1, khi\u1ebfn m\u00f9i kh\u00f3 ch\u1ecbu trong gian b\u1ebfp \u0111\u01b0\u1ee3c lo\u1ea1i b\u1ecf ho\u00e0n to\u00e0n \u0111\u1ed3ng th\u1eddi c\u00f2n gi\u00fap gi\u1ea3m \u0111\u1ed9 \u1ed3n, \u0111\u1ea9y c\u00f4ng su\u1ea5t h\u00fat l\u00ean cao nh\u1ea5t, ti\u1ebft ki\u1ec7m chi ph\u00ed s\u1eed d\u1ee5ng.<br \/>\n&#8211; Gian b\u1ebfp kh\u00f4ng c\u00f3 chu\u1ea9n b\u1ecb \u0111\u01b0\u1eddng tho\u00e1t b\u1ea1n \u00e1p d\u1ee5ng ch\u1ebf \u0111\u1ed9 kh\u1eed b\u1eb1ng than ho\u1ea1t t\u00ednh. Kh\u00f4ng kh\u00ed ch\u1ee9a l\u01b0\u1ee3ng l\u1edbn b\u1ee5i b\u1ea9n, d\u1ea7u m\u1ee1 \u0111\u01b0\u1ee3c l\u1ecdc t\u1ea1i than ho\u1ea1t t\u00ednh v\u00e0 tr\u1ea3 l\u1ea1i kh\u00f4ng kh\u00ed trong l\u00e0nh cho gian b\u1ebfp. Sau 5-6 th\u00e1ng b\u1ea1n c\u1ea7n thay than 1 l\u1ea7n \u0111\u1ec3 tr\u00e1nh c\u00f4ng su\u1ea5t h\u00fat gi\u1ea3m xu\u1ed1ng.<br \/>\nT\u00f9y v\u00e0o thi\u1ebft k\u1ebf gian b\u1ebfp \u0111\u1ec3 b\u1ea1n ch\u1ecdn l\u1ef1a ch\u1ebf \u0111\u1ed9 h\u00fat cho ph\u00f9 h\u1ee3p.<\/p>\n<\/div>\n<\/div>\n","protected":false},"excerpt":{"rendered":"<p>T\u1ed5ng quan chung M\u00e1y h\u00fat m\u00f9i Elica JOY WHITE \u00a0M\u00e1y h\u00fat m\u00f9i Elica JOY WHITE d\u00f2ng s\u1ea3n ph\u1ea9m nh\u1eadp kh\u1ea9u &hellip; <a class=\"link-more\" href=\"http:\/\/maudep.com.vn\/chuyengiadienmay\/?product=may-hut-mui-elica-joy-white\" class=\"more-link\">\u0110\u1ecdc th\u00eam &raquo;<span class=\"screen-reader-text\"> &#8220;M\u00e1y h\u00fat m\u00f9i Elica JOY WHITE&#8221;<\/span><\/a><\/p>\n","protected":false},"featured_media":2485,"comment_status":"open","ping_status":"closed","template":"","meta":[],"_links":{"self":[{"href":"http:\/\/maudep.com.vn\/chuyengiadienmay\/index.php?rest_route=\/wp\/v2\/product\/2484"}],"collection":[{"href":"http:\/\/maudep.com.vn\/chuyengiadienmay\/index.php?rest_route=\/wp\/v2\/product"}],"about":[{"href":"http:\/\/maudep.com.vn\/chuyengiadienmay\/index.php?rest_route=\/wp\/v2\/types\/product"}],"replies":[{"embeddable":true,"href":"http:\/\/maudep.com.vn\/chuyengiadienmay\/index.php?rest_route=%2Fwp%2Fv2%2Fcomments&post=2484"}],"wp:featuredmedia":[{"embeddable":true,"href":"http:\/\/maudep.com.vn\/chuyengiadienmay\/index.php?rest_route=\/wp\/v2\/media\/2485"}],"wp:attachment":[{"href":"http:\/\/maudep.com.vn\/chuyengiadienmay\/index.php?rest_route=%2Fwp%2Fv2%2Fmedia&parent=2484"}],"curies":[{"name":"wp","href":"https:\/\/api.w.org\/{rel}","templated":true}]}}