{"id":2490,"date":"2019-01-07T17:21:20","date_gmt":"2019-01-07T10:21:20","guid":{"rendered":"http:\/\/maudep.com.vn\/chuyengiadienmay\/?post_type=product&#038;p=2490"},"modified":"2019-01-07T17:21:21","modified_gmt":"2019-01-07T10:21:21","slug":"may-hut-mui-ong-khoi-bosch-dwk06g660","status":"publish","type":"product","link":"http:\/\/maudep.com.vn\/chuyengiadienmay\/?product=may-hut-mui-ong-khoi-bosch-dwk06g660","title":{"rendered":"M\u00e1y h\u00fat m\u00f9i \u1ed1ng kh\u00f3i Bosch DWK06G660"},"content":{"rendered":"<h3 class=\"title\">T\u1ed5ng quan chung M\u00e1y h\u00fat m\u00f9i \u1ed1ng kh\u00f3i Bosch DWK06G660<\/h3>\n<div class=\"article-content\">\n<div class=\"js-content\">\n<h2>M\u00e1y h\u00fat m\u00f9i \u1ed1ng kh\u00f3i Bosch DWK06G660 nh\u1eadp kh\u1ea9u nguy\u00ean chi\u1ebfc t\u1eeb Ch\u00e2u \u00c2u, m\u00e1y \u0111\u01b0\u1ee3c s\u1ea3n xu\u1ea5t tr\u00ean d\u00e2y chuy\u1ec1n c\u00f4ng ngh\u1ec7 hi\u1ec7n \u0111\u1ea1i c\u1ee7a Ch\u00e2u \u00c2u v\u00e0 \u0111\u01b0\u1ee3c ki\u1ec3m nghi\u1ec7m ch\u1eb7t ch\u1ebd tr\u01b0\u1edbc khi \u0111\u01b0a ra ngo\u00e0i th\u1ecb tr\u01b0\u1eddng. M\u00e1y c\u00f3 k\u00edch th\u01b0\u1edbc: 687 x 900 x 500 mm \u0111\u01b0\u1ee3c l\u1eafp s\u00e1t t\u01b0\u1eddng, th\u00edch h\u1ee3p v\u1edbi nh\u1eefng kh\u00f4ng gian b\u1ebfp l\u1edbn v\u00e0 c\u00e1c lo\u1ea1i b\u1ebfp c\u00f3 k\u00edch th\u01b0\u1edbc b\u1ec1 m\u1eb7t l\u1edbn.<\/h2>\n<h3>Ma\u0301y hu\u0301t mu\u0300i\u00a0\u00f4\u0301ng kho\u0301i\u00a0hoa\u0300n ha\u0309o<\/h3>\n<p>M\u00e1y h\u00fat m\u00f9i \u1ed1ng kh\u00f3i\u00a0<strong>Bosch DWK06G660\u00a0<\/strong>la\u0300 s\u01b0\u0323 l\u01b0\u0323a cho\u0323n cu\u0309a nhi\u00ea\u0300u gia \u0111i\u0300nh thay cho nh\u1eefng chi\u1ebfc m\u00e1y h\u00fat m\u00f9i c\u1ed5 \u0111i\u1ec3n ta\u0323o s\u01b0\u0323 sang tro\u0323ng cho gian b\u00ea\u0301p cu\u0309a ba\u0323n.<\/p>\n<p><img title=\"may-hut-mui-ong-khoi-bosch-dwk06g660\" src=\"https:\/\/bepvuson.vn\/Data\/upload\/images\/M%C3%A1y%20h%C3%BAt%20m%C3%B9i\/may-hut-mui-ong-khoi-bosch-dwk06g660.jpg\" alt=\"may-hut-mui-ong-khoi-bosch-dwk06g660\" \/><\/p>\n<ul>\n<li>Phi\u0301m \u0111i\u00ea\u0300u khi\u00ea\u0309n ca\u0309m u\u0301ng\u00a03 t\u00f4\u0301c \u0111\u00f4\u0323 ma\u0301y h\u00fat m\u00f9i \u1ed1ng kh\u00f3i\u00a0<strong>Bosch DWK06G660\u00a0<\/strong>d\u00ea\u0303 da\u0300ng s\u01b0\u0309 du\u0323ng.<\/li>\n<li>M\u00e1y s\u1eed d\u1ee5ng ch\u1ea5t li\u1ec7u ch\u00ednh l\u00e0 Inox ch\u1ed1ng g\u1ec9 s\u00e9t, d\u1ec5 d\u00e0ng lau ch\u00f9i v\u00e0 v\u1ec7 sinh sau khi s\u1eed d\u1ee5ng.<\/li>\n<li>H\u1ec7 th\u1ed1ng \u0111\u00e8n Led 2 x 2W gi\u00fap ng\u01b0\u1eddi d\u00f9ng c\u00f3 th\u1ec3 thu\u1eadn ti\u1ec7n quan s\u00e1t trong su\u1ea5t qu\u00e1 tr\u00ecnh n\u1ea5u \u0103n.<br \/>\nNgoa\u0300i ra, vi\u00ea\u0323c b\u00e2\u0323t \u0111e\u0300n th\u01b0\u01a1\u0300ng xuy\u00ean cu\u0309a ma\u0301y hu\u0301t mu\u0300i \u00f4\u0301ng kho\u0301i\u00a0<strong>Bosch DWK06G660<\/strong>\u00a0r\u00e2\u0301t c\u00e2\u0300n thi\u00ea\u0301t vi\u0300 nhi\u1ec7t n\u0103ng c\u1ee7a b\u00f3ng \u0111\u00e8n s\u1ebd l\u00e0m kh\u00f4ng kh\u00ed trong m\u00e1y n\u00f3ng v\u00e0 gi\u1ea3m \u0111\u01b0\u1ee3c \u0111\u1ed9 \u1ea9m c\u1ee7a kh\u00f4ng kh\u00ed (\u0111\u1ed9 \u1ea9m \u1ea3nh h\u01b0\u1edfng \u0111\u1ebfn tu\u1ed5i th\u1ecd c\u1ee7a motor).<\/li>\n<\/ul>\n<p><img title=\"may-hut-mui-ong-khoi-bosch-dwk06g660\" src=\"https:\/\/bepvuson.vn\/Data\/upload\/images\/M%C3%A1y%20h%C3%BAt%20m%C3%B9i\/luoi-loc-may-hut.jpg\" alt=\"may-hut-mui-ong-khoi-bosch-dwk06g660\" \/><\/p>\n<p>&nbsp;<\/p>\n<ul>\n<li>L\u01b0\u1edbi l\u1ecdc ki\u1ec3u baffle inox ma\u0301y\u00a0h\u00fat m\u00f9i \u1ed1ng kh\u00f3i\u00a0<strong>Bosch DWK06G660\u00a0<\/strong>ng\u0103n ng\u1eeba d\u1ea7u m\u1ee1 b\u00e1m b\u1ea9n v\u00e0o \u0111\u1ed9ng c\u01a1 b\u00ean trong v\u00e0 d\u1ec5 v\u1ec7 sinh.<\/li>\n<li>Ma\u0301y co\u0301\u00a0ch\u1ebf \u0111\u1ed9 h\u1eb9n gi\u1edd th\u00f4ng minh. Khi \u0111\u1ebfn th\u1eddi gian \u0111\u00e3 \u0111\u1eb7t m\u00e1y s\u1ebd t\u1ef1 \u0111\u1ed9ng ho\u1ea1t \u0111\u1ed9ng h\u00fat kh\u00f3i kh\u1eed m\u00f9i c\u0103n b\u1ebfp c\u1ee7a b\u1ea1n.<\/li>\n<\/ul>\n<h3>Ma\u0301y hu\u0301t mu\u0300i nhi\u00ea\u0300u ch\u01b0\u0301c n\u0103ng th\u00f4ng minh<\/h3>\n<p><strong>M\u00e1y h\u00fat m\u00f9i \u1ed1ng kh\u00f3i Bosch DWK06G660\u00a0<\/strong>\u0111\u01b0\u1ee3c s\u1ea3n xu\u1ea5t tr\u00ean d\u00e2y chuy\u1ec1n c\u00f4ng ngh\u1ec7 hi\u1ec7n \u0111\u1ea1i c\u1ee7a Ch\u00e2u \u00c2u v\u00e0 \u0111\u01b0\u1ee3c ki\u1ec3m nghi\u1ec7m ch\u1eb7t ch\u1ebd tr\u01b0\u1edbc khi \u0111\u01b0a ra ngo\u00e0i th\u1ecb tr\u01b0\u1eddng. M\u00e1y c\u00f3 k\u00edch th\u01b0\u1edbc: 687 x 900 x 500 mm \u0111\u01b0\u1ee3c l\u1eafp s\u00e1t t\u01b0\u1eddng, th\u00edch h\u1ee3p v\u1edbi nh\u1eefng kh\u00f4ng gian b\u1ebfp l\u1edbn v\u00e0 c\u00e1c lo\u1ea1i b\u1ebfp c\u00f3 k\u00edch th\u01b0\u1edbc b\u1ec1 m\u1eb7t l\u1edbn.<\/p>\n<p><img title=\"may-hut-mui-ong-khoi-bosch-dwk06g660\" src=\"https:\/\/bepvuson.vn\/Data\/upload\/images\/M%C3%A1y%20h%C3%BAt%20m%C3%B9i\/kich-thuoc.jpg\" alt=\"may-hut-mui-ong-khoi-bosch-dwk06g660\" \/><\/p>\n<ul>\n<li>M\u00e1y h\u00fat m\u00f9i \u1ed1ng kh\u00f3i\u00a0<strong>Bosch DWK06G660\u00a0<\/strong>c\u00f4ng su\u1ea5t h\u00fat l\u1edbn 660m3\/h. \u0110\u1ed9 \u1ed3n t\u1ed1i \u0111a &lt; 48Db v\u1edbi trong qu\u00e1 tr\u00ecnh ho\u1ea1t \u0111\u1ed9ng m\u00e1y kh\u00f4ng g\u00e2y ra ti\u1ebfng \u1ed3n, kh\u00f4ng t\u1ea1o c\u1ea3m gi\u00e1c kh\u00f3 ch\u1ecbu cho ng\u01b0\u1eddi s\u1eed d\u1ee5ng.<\/li>\n<li>M\u00e1y c\u00f3 th\u1ec3 s\u1eed d\u1ee5ng hai t\u00ednh n\u0103ng kh\u1eed m\u00f9i, \u0111\u00f3 l\u00e0 kh\u1eed m\u00f9i tr\u1ef1c ti\u1ebfp v\u00e0 kh\u1eed m\u00f9i tu\u1ea7n ho\u00e0n. T\u00f9y t\u1eebng kh\u00f4ng gian b\u1ebfp m\u00e0 b\u1ea1n c\u00f3 th\u1ec3 ch\u1ecdn t\u00ednh n\u0103ng kh\u1eed m\u00f9i cu\u0309a ma\u0301y h\u00fat m\u00f9i \u1ed1ng kh\u00f3i\u00a0<strong>Bosch DWK06G660\u00a0<\/strong>th\u00edch h\u1ee3p cho b\u1ebfp.<br \/>\nKh\u01b0\u0309 mu\u0300i tu\u00e2\u0300n hoa\u0300n la\u0300 ki\u00ea\u0309u\u00a0h\u00fat m\u00f9i kh\u00f4ng c\u1ea7n \u1ed1ng tho\u00e1t.V\u1edbi m\u00e1y h\u00fat m\u00f9i lo\u1ea1i n\u00e0y, kh\u00ed kh\u00f4ng \u0111\u01b0\u1ee3c d\u1eabn ra ngo\u00e0i m\u00e0 \u0111\u01b0\u1ee3c \u0111\u01b0a ng\u01b0\u1ee3c l\u1ea1i v\u00e0o nh\u00e0 th\u00f4ng qua b\u1ed9 l\u1ecdc than ho\u1ea1t t\u00ednh \u0111\u01b0\u1ee3c l\u1eafp \u0111\u1eb7t b\u00ean trong m\u00e1y, b\u1ed9 l\u1ecdc than n\u00e0y s\u1ebd l\u1ecdc l\u1ea1i c\u00e1c m\u00f9i kh\u00f3 ch\u1ecbu, d\u1ea7u m\u1edf v\u00e0 th\u1ea3i ra kh\u00f4ng kh\u00ed trong l\u00e0nh.<br \/>\nKh\u01b0\u0309 mu\u0300i tr\u01b0\u0323c ti\u00ea\u0301p la\u0300 hi\u0300nh th\u01b0\u0301c\u00a0h\u00fat \u0111\u1ea9y ra ngo\u00e0i qua \u0111\u01b0\u1eddng \u1ed1ng: V\u1edbi ph\u01b0\u01a1ng ph\u00e1p n\u00e0y th\u00ec qu\u00e1 tr\u00ecnh h\u00fat kh\u1eed mu\u0300i s\u1ebd \u0111\u01b0\u1ee3c tri\u1ec7t \u0111\u00ea\u0309, m\u00f9i th\u1ee9c \u0103n trong qu\u00e1 tr\u00ecnh n\u1ea5u s\u1ebd \u0111\u01b0\u1ee3c \u0111\u1ea9y to\u00e0n b\u1ed9 ra b\u00ean ngo\u00e0i theo \u0111\u01b0\u1eddng \u1ed1ng tho\u00e1t.<\/li>\n<\/ul>\n<\/div>\n<\/div>\n","protected":false},"excerpt":{"rendered":"<p>T\u1ed5ng quan chung M\u00e1y h\u00fat m\u00f9i \u1ed1ng kh\u00f3i Bosch DWK06G660 M\u00e1y h\u00fat m\u00f9i \u1ed1ng kh\u00f3i Bosch DWK06G660 nh\u1eadp kh\u1ea9u nguy\u00ean &hellip; <a class=\"link-more\" href=\"http:\/\/maudep.com.vn\/chuyengiadienmay\/?product=may-hut-mui-ong-khoi-bosch-dwk06g660\" class=\"more-link\">\u0110\u1ecdc th\u00eam &raquo;<span class=\"screen-reader-text\"> &#8220;M\u00e1y h\u00fat m\u00f9i \u1ed1ng kh\u00f3i Bosch DWK06G660&#8221;<\/span><\/a><\/p>\n","protected":false},"featured_media":2491,"comment_status":"open","ping_status":"closed","template":"","meta":[],"_links":{"self":[{"href":"http:\/\/maudep.com.vn\/chuyengiadienmay\/index.php?rest_route=\/wp\/v2\/product\/2490"}],"collection":[{"href":"http:\/\/maudep.com.vn\/chuyengiadienmay\/index.php?rest_route=\/wp\/v2\/product"}],"about":[{"href":"http:\/\/maudep.com.vn\/chuyengiadienmay\/index.php?rest_route=\/wp\/v2\/types\/product"}],"replies":[{"embeddable":true,"href":"http:\/\/maudep.com.vn\/chuyengiadienmay\/index.php?rest_route=%2Fwp%2Fv2%2Fcomments&post=2490"}],"wp:featuredmedia":[{"embeddable":true,"href":"http:\/\/maudep.com.vn\/chuyengiadienmay\/index.php?rest_route=\/wp\/v2\/media\/2491"}],"wp:attachment":[{"href":"http:\/\/maudep.com.vn\/chuyengiadienmay\/index.php?rest_route=%2Fwp%2Fv2%2Fmedia&parent=2490"}],"curies":[{"name":"wp","href":"https:\/\/api.w.org\/{rel}","templated":true}]}}