{"id":2496,"date":"2019-01-07T17:40:44","date_gmt":"2019-01-07T10:40:44","guid":{"rendered":"http:\/\/maudep.com.vn\/chuyengiadienmay\/?post_type=product&#038;p=2496"},"modified":"2019-01-07T17:40:45","modified_gmt":"2019-01-07T10:40:45","slug":"may-hut-mui-ong-khoi-hafele-hh-wit60a","status":"publish","type":"product","link":"http:\/\/maudep.com.vn\/chuyengiadienmay\/?product=may-hut-mui-ong-khoi-hafele-hh-wit60a","title":{"rendered":"M\u00e1y h\u00fat m\u00f9i \u1ed1ng kh\u00f3i Hafele HH-WIT60A"},"content":{"rendered":"<h3 class=\"title\">T\u1ed5ng quan chung M\u00e1y h\u00fat m\u00f9i \u1ed1ng kh\u00f3i Hafele HH-WIT60A<\/h3>\n<div class=\"article-content\">\n<div class=\"js-content\">\n<h2>M\u00e1y h\u00fat m\u00f9i \u1ed1ng kh\u00f3i Hafele HH-WIT60A\u00a0 \u0111\u01b0\u1ee3c cho l\u00e0 x\u1ee9ng t\u1ea7m v\u1edbi c\u00e1c thi\u1ebft b\u1ecb hi\u1ec7n \u0111\u1ea1i kh\u00e1c mang phong c\u00e1ch ch\u00e2u \u00e2u mang l\u1ea1i s\u1ef1 sang tr\u1ecdng cho ph\u00f2ng b\u1ebfp nh\u00e0 b\u1ea1n. C\u00f4ng su\u1ea5t h\u00fat t\u1ed1i \u0111a \u0111\u1ea1t 861 m3\/h n\u00ean \u0111\u01b0\u1ee3c \u0111\u00e1nh gi\u00e1 l\u00e0 m\u00e1y h\u00fat m\u00f9i c\u00f3 c\u00f4ng su\u1ea5t kh\u1ecfe, mang l\u1ea1i kh\u00f4ng gian b\u1ebfp trong l\u00e0nh cho c\u0103n b\u1ebfp gia \u0111\u00ecnh.<\/h2>\n<h3>Ma\u0301y hu\u0301t mu\u0300i HH-WIT60A hi\u00ea\u0323n \u0111a\u0323i, ti\u00ea\u0323n nghi<\/h3>\n<p>M\u00e1y h\u00fat m\u00f9i \u1ed1ng kh\u00f3i Hafele HH &#8211; WIT60A c\u00f3 \u0111\u1ed9 \u1ed3ng ch\u01b0a \u0111\u1ea1t 61db n\u00ean th\u00e2n thi\u1ec7n v\u1edbi ng\u01b0\u1eddi s\u1eed d\u1ee5ng, do \u0111\u00f3 khi m\u00e1y ho\u1ea1t \u0111\u1ed9ng \u0111\u1ed9 \u1ed3n c\u1ee7a m\u00e1y kh\u00f4ng l\u00e0m \u1ea3nh h\u01b0\u1edfng \u0111\u1ebfn sinh ho\u1ea1t c\u1ee7a gia \u0111\u00ecnh.<\/p>\n<p><img title=\"may-hut-mui-ong-khoi-hafele-hh-wit60a\" src=\"https:\/\/bepvuson.vn\/Data\/upload\/images\/may_hut_mui\/nha-bep-dep-10h1-600x375.jpg\" alt=\"may-hut-mui-ong-khoi-hafele-hh-wit60a\" \/><\/p>\n<ul>\n<li>M\u00e1y h\u00fat m\u00f9i \u1ed1ng kh\u00f3i Hafele HH-WIT60A\u00a0 c\u00f3 h\u1ec7 th\u1ed1ng tu\u1ea7n ho\u00e0n ho\u1eb7c th\u00f4ng gi\u00f3, c\u00f3 ph\u1ee5 ki\u1ec7n \u0111i k\u00e8m l\u00e0 than ho\u1ea1t t\u00ednh v\u1eeba c\u00f3 th\u1ec3 h\u00fat v\u00e0 \u0111\u1ea9y m\u00f9i ra ngo\u00e0i v\u1eeba c\u00f3 th\u1ec3 linh ho\u1ea1t s\u1eed d\u1ee5ng than ho\u1ea1t t\u00ednh \u0111\u1ec3 kh\u1eed m\u00f9i t\u1ea1i ch\u1ed7.<\/li>\n<li>M\u00e1y h\u00fat m\u00f9i Hafele \u0111i\u1ec1u khi\u1ec3n b\u1eb1ng c\u1ea3m \u1ee9ng 3 t\u1ed1c \u0111\u1ed9 h\u00fat sang tr\u1ecdng, \u0111\u1ed9 b\u1ec1n cao v\u00e0 b\u1ec1n b\u1ec9 v\u1edbi th\u1eddi gian. V\u1edbi \u0111\u00e8n Hallogen 2 x 20W c\u00f3 t\u00e1c d\u1ee5ng cung c\u1ea5p \u0111\u1ee7 \u00e1nh s\u00e1ng cho v\u00f9ng n\u1ea5u gi\u00fap b\u1ea1n d\u1ec5 d\u00e0ng n\u1ea5u \u0103n, c\u00f3 th\u1ec3 tr\u00e1nh \u0111\u01b0\u1ee3c nh\u1eefng tai n\u1ea1n nh\u1ecf do d\u1ea7u m\u1ee1 b\u1eafn v\u00e0o ng\u01b0\u1eddi.<\/li>\n<\/ul>\n<p><img title=\"may-hut-mui-ong-khoi-hafele-hh-wit60a-01\" src=\"https:\/\/bepvuson.vn\/Data\/upload\/images\/may_hut_mui\/1601_may-hut-mui-am-tu-la-gi-3-Copy.jpg\" alt=\"may-hut-mui-ong-khoi-hafele-hh-wit60a-01\" \/><\/p>\n<ul>\n<li>K\u00edch th\u01b0\u1edbc l\u00e0 600 mm ph\u00f9 h\u1ee3p v\u1edbi nhi\u1ec1u kh\u00f4ng gian t\u1ee7 b\u1ebfp do \u0111\u01b0\u1ee3c thi\u1ebft k\u1ebf t\u01b0\u01a1ng \u0111\u01b0\u01a1ng v\u1edbi chi\u1ec1u d\u00e0i c\u1ee7a m\u1eb7t b\u1ebfp n\u1ea5u. V\u1edbi ki\u1ec3u d\u00e1ng nh\u1ecf g\u1ecdn c\u1ee7a m\u00e1y, b\u1ea1n c\u00f3 th\u1ec3 t\u1eadn d\u1ee5ng\u00a0 kh\u00f4ng gian tr\u1ed1ng b\u00ean tr\u00ean t\u1ee7 b\u1ebfp \u0111\u1ec3 \u0111\u00f3ng th\u00eam ng\u0103n t\u1ee7 \u0111\u1ef1ng \u0111\u1ed3 gi\u00fap cho kh\u00f4ng gian b\u1ebfp ng\u0103n n\u1eafp v\u00e0 g\u1ecdn g\u00e0ng h\u01a1n. M\u00e1y h\u00fat m\u00f9i cao c\u1ea5p mang l\u1ea1i kh\u00f4ng gian trong l\u00e0nh, b\u1ea3o v\u1ec7 s\u1ee9c kh\u1ecfe ng\u01b0\u1eddi ti\u00eau d\u00f9ng.<\/li>\n<li>M\u00e1y h\u00fat m\u00f9i Hafele HH-WIT60A\u00a0s\u1eed d\u1ee5ng t\u00ednh n\u0103ng kh\u01b0\u0309 mu\u0300i tu\u00e2\u0300n hoa\u0300n, v\u01a1\u0301i ti\u0301nh n\u0103ng na\u0300y kh\u00ed kh\u00f4ng \u0111\u01b0\u1ee3c d\u1eabn ra ngo\u00e0i m\u00e0 \u0111\u01b0\u1ee3c \u0111\u01b0a ng\u01b0\u1ee3c l\u1ea1i v\u00e0o nh\u00e0 th\u00f4ng qua b\u1ed9 l\u1ecdc than ho\u1ea1t t\u00ednh \u0111\u01b0\u1ee3c l\u1eafp \u0111\u1eb7t b\u00ean trong m\u00e1y, b\u1ed9 l\u1ecdc than n\u00e0y s\u1ebd l\u1ecdc l\u1ea1i c\u00e1c m\u00f9i kh\u00f3 ch\u1ecbu, d\u1ea7u m\u1edf v\u00e0 th\u1ea3i ra kh\u00f4ng kh\u00ed trong l\u00e0nh.<\/li>\n<\/ul>\n<p><img title=\"may-hut-mui-ong-khoi-hafele-hh-wit60a-02\" src=\"https:\/\/bepvuson.vn\/Data\/upload\/images\/may_hut_mui\/may-hut-mui-huu-thang-2.jpg\" alt=\"may-hut-mui-ong-khoi-hafele-hh-wit60a-02\" \/><\/p>\n<p>S\u1ea3n ph\u1ea9m c\u00f3 gi\u00e1 c\u1ea3 kh\u00f4ng qu\u00e1 cao, ph\u00f9 h\u1ee3p v\u1edbi nhi\u1ec1u gia \u0111\u00ecnh Vi\u00ea\u0323t. N\u1ebfu gia \u0111\u00ecnh c\u00f3 kh\u00f4ng gian b\u1ebfp r\u1ed9ng v\u00e0 nhu c\u1ea7u n\u1ea5u n\u01b0\u1edbng cao th\u00ec m\u00e1y h\u00fat m\u00f9i Hafele HH-WIT60A\u00a0 x\u1ee9ng \u0111\u00e1ng l\u00e0 s\u1ef1 l\u1ef1a ch\u1ecdn ho\u00e0n h\u1ea3o.<\/p>\n<\/div>\n<\/div>\n","protected":false},"excerpt":{"rendered":"<p>T\u1ed5ng quan chung M\u00e1y h\u00fat m\u00f9i \u1ed1ng kh\u00f3i Hafele HH-WIT60A M\u00e1y h\u00fat m\u00f9i \u1ed1ng kh\u00f3i Hafele HH-WIT60A\u00a0 \u0111\u01b0\u1ee3c cho l\u00e0 &hellip; <a class=\"link-more\" href=\"http:\/\/maudep.com.vn\/chuyengiadienmay\/?product=may-hut-mui-ong-khoi-hafele-hh-wit60a\" class=\"more-link\">\u0110\u1ecdc th\u00eam &raquo;<span class=\"screen-reader-text\"> &#8220;M\u00e1y h\u00fat m\u00f9i \u1ed1ng kh\u00f3i Hafele HH-WIT60A&#8221;<\/span><\/a><\/p>\n","protected":false},"featured_media":2497,"comment_status":"open","ping_status":"closed","template":"","meta":[],"_links":{"self":[{"href":"http:\/\/maudep.com.vn\/chuyengiadienmay\/index.php?rest_route=\/wp\/v2\/product\/2496"}],"collection":[{"href":"http:\/\/maudep.com.vn\/chuyengiadienmay\/index.php?rest_route=\/wp\/v2\/product"}],"about":[{"href":"http:\/\/maudep.com.vn\/chuyengiadienmay\/index.php?rest_route=\/wp\/v2\/types\/product"}],"replies":[{"embeddable":true,"href":"http:\/\/maudep.com.vn\/chuyengiadienmay\/index.php?rest_route=%2Fwp%2Fv2%2Fcomments&post=2496"}],"wp:featuredmedia":[{"embeddable":true,"href":"http:\/\/maudep.com.vn\/chuyengiadienmay\/index.php?rest_route=\/wp\/v2\/media\/2497"}],"wp:attachment":[{"href":"http:\/\/maudep.com.vn\/chuyengiadienmay\/index.php?rest_route=%2Fwp%2Fv2%2Fmedia&parent=2496"}],"curies":[{"name":"wp","href":"https:\/\/api.w.org\/{rel}","templated":true}]}}