{"id":2500,"date":"2019-01-07T18:00:28","date_gmt":"2019-01-07T11:00:28","guid":{"rendered":"http:\/\/maudep.com.vn\/chuyengiadienmay\/?post_type=product&#038;p=2500"},"modified":"2019-01-07T18:00:28","modified_gmt":"2019-01-07T11:00:28","slug":"may-hut-mui-ong-khoi-hafele-hh-wis60a","status":"publish","type":"product","link":"http:\/\/maudep.com.vn\/chuyengiadienmay\/?product=may-hut-mui-ong-khoi-hafele-hh-wis60a","title":{"rendered":"M\u00e1y h\u00fat m\u00f9i \u1ed1ng kh\u00f3i Hafele HH-WIS60A"},"content":{"rendered":"<h3 class=\"title\">T\u1ed5ng quan chung M\u00e1y h\u00fat m\u00f9i \u1ed1ng kh\u00f3i Hafele HH-WIS60A<\/h3>\n<div class=\"article-content\">\n<div class=\"js-content\">\n<h2>M\u00e1y h\u00fat m\u00f9i \u1ed1ng kh\u00f3i Hafele HH &#8211; WIS60A, \u0111\u01b0\u1ee3c s\u1ea3n xu\u1ea5t v\u00e0 l\u1eafp r\u00e1p tr\u00ean d\u00e2y chuy\u1ec1n c\u00f4ng ngh\u1ec7 hi\u1ec7n \u0111\u1ea1i c\u1ee7a Ch\u00e2u \u00c2u. S\u1ea3n ph\u1ea9m m\u00e1y h\u00fat m\u00f9i Canzy c\u00f3 nhi\u1ec1u c\u1ea3i ti\u1ebfn mang t\u00ednh ch\u1ea5t \u0111\u1ed9t ph\u00e1 t\u1eeb ki\u1ec3u d\u00e1ng cho t\u1edbi t\u00ednh n\u0103ng n\u1ed5i b\u1eadt gi\u00fap lo\u1ea1i b\u1ecf nh\u1eefng m\u00f9i h\u00f4i kh\u00f3 ch\u1ecbu trong nh\u00e0 b\u1ebfp.<\/h2>\n<h3>Ma\u0301y hu\u0301t mu\u0300i \u00f4\u0301ng kho\u0301i HH-WIS60A phu\u0300 h\u01a1\u0323p v\u01a1\u0301i nhi\u00ea\u0300u gia \u0111i\u0300nh<\/h3>\n<p>C\u00f3 thi\u1ebft k\u1ebf kh\u1ecfe kho\u1eafn v\u1edbi ki\u1ec3u d\u00e1ng \u0111\u00e1y ph\u1eb3ng kh\u00f4ng c\u00f3 k\u00ednh \u0111i k\u00e8m. To\u00e0n b\u1ed9 th\u00e2n\u00a0m\u00e1y h\u00fat m\u00f9i \u1ed1ng kh\u00f3i Hafele HH &#8211; WIS60A \u0111\u01b0\u1ee3c l\u00e0m b\u1eb1ng inox cao c\u1ea5p, s\u00e1ng b\u00f3ng, kh\u00f4ng b\u1ecb oxy h\u00f3a khi ti\u1ebfp x\u00fac v\u1edbi m\u00f4i tr\u01b0\u1eddng b\u00ean ngo\u00e0i.<\/p>\n<p><img title=\"may-hut-mui-ong-khoi-hafele-hh-wis60a\" src=\"https:\/\/bepvuson.vn\/Data\/upload\/images\/may_hut_mui\/hut-mui-am-tu-2.jpg\" alt=\"may-hut-mui-ong-khoi-hafele-hh-wis60a\" \/><\/p>\n<ul>\n<li>M\u1eb7t ngo\u00e0i m\u00e1y h\u00fat m\u00f9i \u0111\u01b0\u1ee3c trang b\u1ecb k\u00ednh \u0111en v\u00e0 h\u1ec7 th\u1ed1ng \u0111i\u1ec1u khi\u1ec3n b\u1eb1ng c\u1ea3m \u1ee9ng v\u1edbi 3 m\u1ee9c \u0111i\u1ec1u ch\u1ec9nh t\u1ed1c \u0111\u1ed9 l\u00e0m t\u00f4n l\u00ean v\u1ebb sang tr\u1ecdng hi\u1ec7n \u0111\u1ea1i cho kh\u00f4ng gian b\u1ebfp c\u1ee7a gia \u0111\u00ecnh b\u1ea1n.<\/li>\n<li>Thi\u1ebft k\u1ebf m\u1ed9t \u0111\u00e8n Led d\u1ea3i d\u00e0i gi\u00fap kh\u00f4ng gian b\u1ebfp c\u1ee7a b\u1ea1n s\u00e1ng b\u1eebng m\u1ed7i khi n\u1ea5u \u0103n, b\u1ea1n s\u1ebd kh\u00f4ng ph\u1ea3i s\u1eed d\u1ee5ng th\u00eam nh\u1eefng thi\u1ebft b\u1ecb chi\u1ebfu s\u00e1ng kh\u00e1c. \u00c1nh s\u00e1ng \u0111\u00e8n Led si\u00eau s\u00e1ng v\u00e0 \u0111\u1eb9p m\u1eaft l\u00e0m t\u00f4n l\u00ean v\u1ebb \u0111\u1eb9p, s\u1ef1 h\u1ea5p d\u1eabn cho ng\u00f4i nh\u00e0 c\u1ee7a b\u1ea1n.<\/li>\n<li>C\u00f4ng su\u1ea5t l\u1edbn 861m3\/h l\u00e0 nh\u1edd c\u00f3 turbin \u0111\u00f4i c\u00f3 ch\u1ee9c n\u0103ng c\u1ea3i thi\u1ec7n s\u1ef1 ho\u1ea1t \u0111\u1ed9ng c\u1ee7a m\u00e1y. C\u00f4ng su\u1ea5t h\u00fat l\u1edbn nh\u01b0ng \u0111\u1ed9 \u1ed3n c\u1ee7a m\u00e1y h\u00fat m\u00f9i \u1ed1ng kh\u00f3i Hafele HH &#8211; WIS60A l\u1ea1i \u1edf m\u1ee9c 61 db, m\u00e1y ho\u1ea1t \u0111\u1ed9ng y\u00ean t\u0129nh, kh\u00f4ng g\u00e2y \u1ea3nh h\u01b0\u1edfng t\u1edbi nh\u1eefng ho\u1ea1t \u0111\u1ed9ng cung quanh n\u00ean b\u1ea1n c\u00f3 th\u1ec3 an t\u00e2m s\u1eed d\u1ee5ng.<\/li>\n<\/ul>\n<p><img title=\"may-hut-mui-ong-khoi-hafele-hh-wis60a-01\" src=\"https:\/\/bepvuson.vn\/Data\/upload\/images\/may_hut_mui\/1488597274_may-hut-mui019.png\" alt=\"may-hut-mui-ong-khoi-hafele-hh-wis60a-01\" \/><\/p>\n<h3>Ma\u0301y hu\u0301t mu\u0300i Hafele HH-WIS60A lo\u0323c sa\u0323ch kho\u0301i mu\u0300i kho\u0301 chi\u0323u<\/h3>\n<p>M\u00e1y h\u00fat m\u00f9i Hafele HH &#8211; WIS60A c\u00f3 2\/3 l\u01b0\u1edbi l\u1ecdc m\u1ee1 b\u1eb1ng nh\u00f4m 5 l\u1edbp \u0111\u1ea3m nhi\u1ec7m vai tr\u00f2 b\u1ea3o v\u1ec7 \u0111\u1ed9ng c\u01a1 b\u00ean trong m\u00e1y, l\u01b0\u1edbi l\u1ecdc s\u1ebd ng\u0103n ch\u1eb7n to\u00e0n b\u1ed9 d\u1ea7u m\u1ee1, b\u1ee5i b\u1ea9n mang l\u1ea1i s\u1ef1 ho\u1ea1t \u0111\u1ed9ng tr\u01a1n tru, \u1ed5n \u0111\u1ecbnh cho m\u00e1y.<\/p>\n<p><img title=\"may-hut-mui-ong-khoi-hafele-hh-wis60a-02\" src=\"https:\/\/bepvuson.vn\/Data\/upload\/images\/may_hut_mui\/kh%C3%B4ng-gian-b%E1%BA%BFp-%C4%91%E1%BA%B9p-1.jpg\" alt=\"may-hut-mui-ong-khoi-hafele-hh-wis60a-02\" \/><\/p>\n<ul>\n<li>Ch\u1ebf \u0111\u1ed9 kh\u1eed m\u00f9i b\u1eb1ng than ho\u1ea1t t\u00ednh s\u1ebd gi\u00fap kh\u00f4ng kh\u00f4ng kh\u00ed \u0111\u01b0\u1ee3c l\u1ecdc s\u1ea1ch h\u01a1n, m\u00e1t h\u01a1n khi \u0111i ng\u01b0\u1ee3c ra b\u00ean ngo\u00e0i. Ngo\u00e0i ra, c\u00f3 ch\u1ebf \u0111\u1ed9 kh\u1eed tr\u1ef1c ti\u1ebfp ra b\u00ean ngo\u00e0i, r\u1ea5t thu\u1eadn ti\u1ec7n n\u1ebfu gia \u0111\u00ecnh b\u1ea1n c\u00f3 l\u1ed1i d\u1eabn \u0111\u01b0\u1eddng \u1ed1ng.<\/li>\n<li>Khi b\u1ea1n s\u1edf h\u1eefu d\u00f2ng s\u1ea3n ph\u1ea9m m\u00e1y h\u00fat m\u00f9i Hafele HH-WIS60A\u00a0b\u1ea1n s\u1ebd kh\u00f4ng c\u1ea7n ph\u1ea3i b\u01b0\u1edbc ra ngo\u00e0i \u0111\u1ec3 c\u00f3 kh\u00f4ng kh\u00ed trong l\u00e0nh. M\u00e1y ho\u1ea1t \u0111\u1ed9ng \u0111\u1ea1t hi\u1ec7u qu\u1ea3, th\u00f4ng gi\u00f3 t\u1ed1t, b\u1ea1n c\u00f3 th\u1ec3 l\u00e0m s\u1ea1ch kh\u00f4ng kh\u00ed m\u1ed9t c\u00e1ch nhanh ch\u00f3ng. M\u00e1y h\u00fat m\u00f9i c\u00f3 kh\u1ea3 n\u0103ng h\u00fat x\u1ea3 l\u00ean \u0111\u1ebfn 861m3\/h, ch\u00fang s\u1ebd nhanh ch\u00f3ng lo\u1ea1i b\u1ecf h\u01a1i n\u01b0\u1edbc, m\u00f9i h\u00f4i, d\u1ea7u m\u1ee1 v\u00e0 kh\u00f3i t\u1ea1o ra trong khi n\u1ea5u n\u01b0\u1edbng.<\/li>\n<\/ul>\n<p>S\u1ea3n ph\u1ea9m c\u00f3 gi\u00e1 c\u1ea3 kh\u00f4ng qu\u00e1 cao, ph\u00f9 h\u1ee3p v\u1edbi nhi\u1ec1u gia \u0111\u00ecnh Vi\u00ea\u0323t. N\u1ebfu gia \u0111\u00ecnh c\u00f3 kh\u00f4ng gian b\u1ebfp r\u1ed9ng v\u00e0 nhu c\u1ea7u n\u1ea5u n\u01b0\u1edbng cao th\u00ec m\u00e1y h\u00fat m\u00f9i \u00f4\u0301ng kho\u0301i Hafele HH-WIS60A\u00a0 x\u1ee9ng \u0111\u00e1ng l\u00e0 s\u1ef1 l\u1ef1a ch\u1ecdn ho\u00e0n h\u1ea3o<\/p>\n<\/div>\n<\/div>\n","protected":false},"excerpt":{"rendered":"<p>T\u1ed5ng quan chung M\u00e1y h\u00fat m\u00f9i \u1ed1ng kh\u00f3i Hafele HH-WIS60A M\u00e1y h\u00fat m\u00f9i \u1ed1ng kh\u00f3i Hafele HH &#8211; WIS60A, \u0111\u01b0\u1ee3c &hellip; <a class=\"link-more\" href=\"http:\/\/maudep.com.vn\/chuyengiadienmay\/?product=may-hut-mui-ong-khoi-hafele-hh-wis60a\" class=\"more-link\">\u0110\u1ecdc th\u00eam &raquo;<span class=\"screen-reader-text\"> &#8220;M\u00e1y h\u00fat m\u00f9i \u1ed1ng kh\u00f3i Hafele HH-WIS60A&#8221;<\/span><\/a><\/p>\n","protected":false},"featured_media":2501,"comment_status":"open","ping_status":"closed","template":"","meta":[],"_links":{"self":[{"href":"http:\/\/maudep.com.vn\/chuyengiadienmay\/index.php?rest_route=\/wp\/v2\/product\/2500"}],"collection":[{"href":"http:\/\/maudep.com.vn\/chuyengiadienmay\/index.php?rest_route=\/wp\/v2\/product"}],"about":[{"href":"http:\/\/maudep.com.vn\/chuyengiadienmay\/index.php?rest_route=\/wp\/v2\/types\/product"}],"replies":[{"embeddable":true,"href":"http:\/\/maudep.com.vn\/chuyengiadienmay\/index.php?rest_route=%2Fwp%2Fv2%2Fcomments&post=2500"}],"wp:featuredmedia":[{"embeddable":true,"href":"http:\/\/maudep.com.vn\/chuyengiadienmay\/index.php?rest_route=\/wp\/v2\/media\/2501"}],"wp:attachment":[{"href":"http:\/\/maudep.com.vn\/chuyengiadienmay\/index.php?rest_route=%2Fwp%2Fv2%2Fmedia&parent=2500"}],"curies":[{"name":"wp","href":"https:\/\/api.w.org\/{rel}","templated":true}]}}