{"id":2502,"date":"2019-01-07T18:05:26","date_gmt":"2019-01-07T11:05:26","guid":{"rendered":"http:\/\/maudep.com.vn\/chuyengiadienmay\/?post_type=product&#038;p=2502"},"modified":"2019-01-07T18:05:26","modified_gmt":"2019-01-07T11:05:26","slug":"may-hut-mui-chefs-eh-r404e7","status":"publish","type":"product","link":"http:\/\/maudep.com.vn\/chuyengiadienmay\/?product=may-hut-mui-chefs-eh-r404e7","title":{"rendered":"M\u00e1y h\u00fat m\u00f9i Chefs EH-R404E7"},"content":{"rendered":"<h3 class=\"title\">T\u1ed5ng quan chung M\u00e1y h\u00fat m\u00f9i Chefs EH-R404E7<\/h3>\n<div class=\"article-content\">\n<div class=\"js-content\">\n<h2>M\u00e1y h\u00fat m\u00f9i Chefs EH-R404E7 thi\u00ea\u0301t k\u00ea\u0301 ki\u0301nh cong tinh t\u00ea\u0301 la\u0300m ha\u0300i lo\u0300ng nh\u01b0\u0303ng ng\u01b0\u01a1\u0300i du\u0300ng kho\u0301 ti\u0301nh nh\u00e2\u0301t. Th\u01b0\u01a1ng hi\u00ea\u0323u Chesf n\u00f4\u0309i ti\u00ea\u0301ng th\u00ea\u0301 gi\u01a1\u0301i v\u01a1\u0301i nh\u01b0\u0303ng sa\u0309n ph\u00e2\u0309m lu\u00f4n \u0111i \u0111\u00e2\u0300u v\u00ea\u0300 ch\u00e2\u0301t l\u01b0\u01a1\u0323ng t\u01b0\u0300 b\u00ea\u0300 ngoa\u0300i \u0111\u00ea\u0301n ca\u0301c linh ki\u00ea\u0323n nho\u0309 b\u00ean trong. sa\u0309n ph\u00e2\u0309m na\u0300y cu\u0309a Chefs cu\u0303ng kh\u00f4ng ngoa\u0323i l\u00ea\u0323.<\/h2>\n<h3>EH-R404E7 co\u0301 thi\u00ea\u0301t k\u00ea\u0301 \u0111\u00f4\u0323c \u0111a\u0301o, hi\u00ea\u0323n \u0111a\u0323i<\/h3>\n<p>Nh\u1eefng chi\u1ebfc m\u00e1y h\u00fat m\u00f9i c\u1ed5 \u0111i\u1ec3n kh\u00f4ng co\u0300n\u00a0l\u00e0 l\u1ef1a ch\u1ecdn c\u1ee7a nhi\u1ec1u gia \u0111\u00ecnh\u00a0m\u00e0 thay v\u00e0o \u0111\u00f3 l\u00e0 nh\u1eefng chi\u1ebfc m\u00e1y h\u00fat m\u00f9i \u00f4\u0301ng kho\u0301i\u00a0v\u1edbi ki\u1ec1u d\u00e1ng k\u00ednh cong\u00a0nh\u01b0\u00a0<strong>M\u00e1y h\u00fat m\u00f9i ChefsEH-R404E7.<\/strong><\/p>\n<p><img title=\"may-hut-mui-chefs-eh-r404e7\" src=\"https:\/\/bepvuson.vn\/Data\/upload\/images\/M%C3%A1y%20h%C3%BAt%20m%C3%B9i\/900.jpg\" alt=\"may-hut-mui-chefs-eh-r404e7\" \/><\/p>\n<ul>\n<li><em>M\u00e1y \u0111\u01b0\u1ee3c trang b\u1ecb m\u1ed9t \u0111\u1ed9ng c\u01a1 ho\u1ea1t \u0111\u1ed9ng v\u1edbi c\u00f4ng su\u1ea5t 200W\u00a0mang \u0111\u1ebfn kh\u1ea3 n\u0103ng ho\u1ea1t \u0111\u1ed9ng m\u1ea1nh m\u1ebd, hi\u1ec7u qu\u1ea3 trong l\u00fac l\u00e0m vi\u1ec7c<\/em><\/li>\n<li><em>Th\u00e2n m\u00e1y h\u00fat m\u00f9i Chefs \u0111\u01b0\u1ee3c l\u00e0m b\u1eb1ng inox c\u00f3 \u0111\u1ed9 b\u1ec1n v\u00e0 kh\u1ea3 n\u0103ng ch\u1ed1ng oxy h\u00f3a cao.<\/em><\/li>\n<li><em>M\u1eb7t k\u00ednh cong 70cm ch\u1ecbu l\u1ef1c, ch\u1ecbu nhi\u1ec7t t\u1ed1t v\u00e0 c\u00f3 t\u00ednh th\u1ea9m m\u0129 cao.<\/em><\/li>\n<li><em>H\u1ec7 th\u1ed1ng \u0111i\u1ec1u khi\u1ec3n l\u00e0 ph\u00edm nh\u1ea5n, gi\u00fap ng\u01b0\u1eddi d\u00f9ng ho\u1ea1t \u0111\u1ed9ng m\u00e1y m\u1ed9t c\u00e1ch d\u1ec5 d\u00e0ng.<\/em><\/li>\n<li><em>B\u1ed9 l\u1ecdc m\u1ee1 g\u1ed3m l\u01b0\u1edbi l\u1ecdc h\u1ee3p kim 3 l\u1edbp, gi\u1eef l\u1ea1i l\u01b0\u1ee3ng d\u1ea7u m\u1ee1 khi n\u1ea5u \u0103n bay ra, gi\u00fap ng\u01b0\u1eddi d\u00f9ng v\u1ec7 sinh d\u1ec5 d\u00e0ng.<\/em><\/li>\n<li><em>Thi\u00ea\u0301t k\u00ea\u0301 tinh t\u00ea\u0301 \u0111e\u0323p m\u0103\u0301t v\u01a1\u0301i khi\u0301ch th\u01b0\u01a1\u0301c 895x480x850mm<\/em><\/li>\n<\/ul>\n<h3><strong>Chefs EH-R404E7 &#8211; ma\u0301y hu\u0301t mu\u0300i va\u0300 nh\u01b0\u0303ng ti\u0301nh n\u0103ng v\u01b0\u01a1\u0323t tr\u00f4\u0323i<\/strong><\/h3>\n<p>Ti\u0301ch h\u01a1\u0323p nhi\u00ea\u0300u ti\u0301nh n\u0103ng\u00a0<strong>m\u00e1y h\u00fat m\u00f9i Chefs EH-R404E7\u00a0<\/strong>\u00a0ph\u00f9 h\u1ee3p v\u1edbi kh\u00f4ng gian b\u1ebfp Vi\u00ea\u0323t, h\u1ee9a h\u1eb9n mang l\u1ea1i s\u1ef1 ti\u1ec7n nghi, sang tr\u1ecdng, hi\u1ec7n \u0111\u1ea1i cho kh\u00f4ng gian b\u1ebfp.<\/p>\n<p><img title=\"may-hut-mui-chefs-eh-r404e7\" src=\"https:\/\/bepvuson.vn\/Data\/upload\/images\/M%C3%A1y%20h%C3%BAt%20m%C3%B9i\/kinh%20cong%201.jpg\" alt=\"may-hut-mui-chefs-eh-r404e7\" \/><\/p>\n<ul>\n<li><em>Chefs EH-R404E7\u00a0\u0111\u01b0\u1ee3c trang b\u1ecb m\u1ed9t \u0111\u1ed9ng c\u01a1 ho\u1ea1t \u0111\u1ed9ng v\u01a1\u0301i\u00a0c\u00f4ng su\u1ea5t h\u00fat l\u00ean \u0111\u1ebfn 960 m3\/h, hoa\u0323t \u0111\u00f4\u0323ng ma\u0323nh me\u0303, h\u00fat s\u1ea1ch m\u00f9i kh\u00f3i ch\u1ecbu, m\u00f9i th\u1ee9c \u0103n, nhanh ch\u00f3ng mang l\u1ea1i kh\u00f4ng kh\u00ed tho\u00e1ng m\u00e1t cho ph\u00f2ng b\u1ebfp\u00a0cu\u0309a ba\u0323n.<\/em><\/li>\n<li><em>\u0110\u1ed9 \u1ed3n t\u1ed1i \u0111a &lt; 46Db\u00a0trong qu\u00e1 tr\u00ecnh ho\u1ea1t \u0111\u1ed9ng m\u00e1y kh\u00f4ng g\u00e2y ra ti\u1ebfng \u1ed3n, kh\u00f4ng t\u1ea1o c\u1ea3m gi\u00e1c kh\u00f3 ch\u1ecbu cho ng\u01b0\u1eddi s\u1eed d\u1ee5ng.<\/em><\/li>\n<li><em>M\u00e1y c\u00f3 \u00a0\u0111\u00e8n chi\u1ebfu s\u00e1ng, gi\u00fap cho kh\u00f4ng gian n\u1ea5u \u0103n c\u1ee7a b\u1ea1n lu\u00f4n c\u00f3 \u0111\u1ee7 \u00e1nh s\u00e1ng c\u1ea7n thi\u1ebft, ti\u1ec7n l\u1ee3i cho c\u00f4ng vi\u1ec7c n\u1ea5u \u0103n h\u00e0ng ng\u00e0y.<\/em><\/li>\n<\/ul>\n<p>Ngoa\u0300i ra, vi\u00ea\u0323c b\u00e2\u0323t \u0111e\u0300n th\u01b0\u01a1\u0300ng xuy\u00ean cu\u0309a ma\u0301y hu\u0301t mu\u0300i r\u00e2\u0301t c\u00e2\u0300n thi\u00ea\u0301t vi\u0300 nhi\u1ec7t n\u0103ng c\u1ee7a b\u00f3ng \u0111\u00e8n s\u1ebd l\u00e0m kh\u00f4ng kh\u00ed trong m\u00e1y n\u00f3ng v\u00e0 gi\u1ea3m \u0111\u01b0\u1ee3c \u0111\u1ed9 \u1ea9m c\u1ee7a kh\u00f4ng kh\u00ed (\u0111\u1ed9 \u1ea9m \u1ea3nh h\u01b0\u1edfng \u0111\u1ebfn tu\u1ed5i th\u1ecd c\u1ee7a motor).<\/p>\n<p><img title=\"may-hut-mui-chefs-eh-r404e7-02\" src=\"https:\/\/bepvuson.vn\/Data\/upload\/images\/ma%CC%81y%20hu%CC%81t%20mu%CC%80i%20chefs\/khong-gian-may-hut-mui-chefs.jpg\" alt=\"may-hut-mui-chefs-eh-r404e7-02\" \/><\/p>\n<ul>\n<li><em><strong>M\u00e1y h\u00fat m\u00f9i Chefs EH-R404E7\u00a0\u00a0<\/strong>c\u00f3 th\u1ec3 s\u1eed d\u1ee5ng hai t\u00ednh n\u0103ng kh\u1eed m\u00f9i, \u0111\u00f3 l\u00e0 kh\u1eed m\u00f9i tr\u1ef1c ti\u1ebfp v\u00e0 kh\u1eed m\u00f9i tu\u1ea7n ho\u00e0n. T\u00f9y t\u1eebng kh\u00f4ng gian b\u1ebfp m\u00e0 b\u1ea1n c\u00f3 th\u1ec3 ch\u1ecdn t\u00ednh n\u0103ng kh\u1eed m\u00f9i th\u00edch h\u1ee3p cho b\u1ebfp.<\/em><\/li>\n<\/ul>\n<p>S\u1ea3n ph\u1ea9m c\u00f3 gi\u00e1 c\u1ea3 kh\u00f4ng qu\u00e1 cao, ph\u00f9 h\u1ee3p v\u1edbi nhi\u1ec1u gia \u0111\u00ecnh Vi\u00ea\u0323t. N\u1ebfu gia \u0111\u00ecnh c\u00f3 kh\u00f4ng gian b\u1ebfp r\u1ed9ng v\u00e0 nhu c\u1ea7u n\u1ea5u n\u01b0\u1edbng cao th\u00ec\u00a0<strong>m\u00e1y h\u00fat m\u00f9i\u00a0EH-R404E7<\/strong>\u00a0 x\u1ee9ng \u0111\u00e1ng l\u00e0 s\u1ef1 l\u1ef1a ch\u1ecdn ho\u00e0n h\u1ea3o.<\/p>\n<\/div>\n<\/div>\n","protected":false},"excerpt":{"rendered":"<p>T\u1ed5ng quan chung M\u00e1y h\u00fat m\u00f9i Chefs EH-R404E7 M\u00e1y h\u00fat m\u00f9i Chefs EH-R404E7 thi\u00ea\u0301t k\u00ea\u0301 ki\u0301nh cong tinh t\u00ea\u0301 la\u0300m &hellip; <a class=\"link-more\" href=\"http:\/\/maudep.com.vn\/chuyengiadienmay\/?product=may-hut-mui-chefs-eh-r404e7\" class=\"more-link\">\u0110\u1ecdc th\u00eam &raquo;<span class=\"screen-reader-text\"> &#8220;M\u00e1y h\u00fat m\u00f9i Chefs EH-R404E7&#8221;<\/span><\/a><\/p>\n","protected":false},"featured_media":2503,"comment_status":"open","ping_status":"closed","template":"","meta":[],"_links":{"self":[{"href":"http:\/\/maudep.com.vn\/chuyengiadienmay\/index.php?rest_route=\/wp\/v2\/product\/2502"}],"collection":[{"href":"http:\/\/maudep.com.vn\/chuyengiadienmay\/index.php?rest_route=\/wp\/v2\/product"}],"about":[{"href":"http:\/\/maudep.com.vn\/chuyengiadienmay\/index.php?rest_route=\/wp\/v2\/types\/product"}],"replies":[{"embeddable":true,"href":"http:\/\/maudep.com.vn\/chuyengiadienmay\/index.php?rest_route=%2Fwp%2Fv2%2Fcomments&post=2502"}],"wp:featuredmedia":[{"embeddable":true,"href":"http:\/\/maudep.com.vn\/chuyengiadienmay\/index.php?rest_route=\/wp\/v2\/media\/2503"}],"wp:attachment":[{"href":"http:\/\/maudep.com.vn\/chuyengiadienmay\/index.php?rest_route=%2Fwp%2Fv2%2Fmedia&parent=2502"}],"curies":[{"name":"wp","href":"https:\/\/api.w.org\/{rel}","templated":true}]}}