{"id":2504,"date":"2019-01-07T18:09:04","date_gmt":"2019-01-07T11:09:04","guid":{"rendered":"http:\/\/maudep.com.vn\/chuyengiadienmay\/?post_type=product&#038;p=2504"},"modified":"2019-01-07T18:09:04","modified_gmt":"2019-01-07T11:09:04","slug":"may-hut-mui-chefs-eh-r403e7","status":"publish","type":"product","link":"http:\/\/maudep.com.vn\/chuyengiadienmay\/?product=may-hut-mui-chefs-eh-r403e7","title":{"rendered":"M\u00e1y h\u00fat m\u00f9i Chefs EH-R403E7"},"content":{"rendered":"<h3 class=\"title\">T\u1ed5ng quan chung M\u00e1y h\u00fat m\u00f9i Chefs EH-R403E7<\/h3>\n<div class=\"article-content\">\n<div class=\"js-content\">\n<h2>M\u00e1y h\u00fat m\u00f9i Chefs EH-R403E7 la\u0300\u00a0m\u1ed9t thi\u1ebft b\u1ecb nh\u00e0 b\u1ebfp cao c\u1ea5p, th\u1ef1c hi\u1ec7n c\u00f4ng vi\u1ec7c h\u00fat m\u00f9i tri\u1ec7t \u0111\u1ec3 cho kh\u00f4ng gian b\u1ebfp.\u00a0Sau khi n\u1ea5u \u0103n m\u00f9i th\u1ee9c \u0103n s\u1ebd c\u00f2n l\u01b0u l\u1ea1i, b\u00e1m v\u00e0o v\u1eadt d\u1ee5ng trong b\u1ebfp g\u00e2y kh\u00f3 ch\u1ecbu v\u00e0 nhi\u1ec1u ch\u1ea5t g\u00e2y h\u1ea1i cho s\u1ee9c kh\u1ecfe &#8211; M\u00e1y h\u00fat m\u00f9i ch\u00ednh l\u00e0 phao c\u1ee9u sinh cho c\u0103n b\u1ebfp nha\u0300 ba\u0323n.<\/h2>\n<h3><strong>Thi\u00ea\u0301t k\u00ea\u0301 \u0111\u00f4\u0323c \u0111a\u0301o cu\u0309a\u00a0EH-R403E7<\/strong><\/h3>\n<p><strong>M\u00e1y h\u00fat m\u00f9i ChefsEH-R404E7\u00a0<\/strong>\u0111\u01b0\u1ee3c thi\u1ebft k\u1ebf v\u1edbi ki\u1ec3u d\u00e1ng k\u00ednh cong, l\u1eafp treo t\u01b0\u1eddng n\u00ean th\u00edch h\u1ee3p v\u1edbi m\u1ecdi kh\u00f4ng gian b\u1ebfp Vi\u1ec7t v\u00e0 c\u00e1c lo\u1ea1i b\u1ebfp c\u00f3 k\u00edch th\u01b0\u1edbc b\u1ec1 m\u1eb7t kh\u00e1c nhau.<\/p>\n<p><img title=\"may-hut-mui-chefs-eh-r403e7\" src=\"https:\/\/bepvuson.vn\/Data\/upload\/images\/ma%CC%81y%20hu%CC%81t%20mu%CC%80i%20chefs\/403e7.jpg\" alt=\"may-hut-mui-chefs-eh-r403e7\" \/><\/p>\n<ul>\n<li><em>M\u00e1y \u0111\u01b0\u1ee3c trang b\u1ecb m\u1ed9t \u0111\u1ed9ng c\u01a1 ho\u1ea1t \u0111\u1ed9ng v\u1edbi c\u00f4ng su\u1ea5t 1000m3\/h mang \u0111\u1ebfn kh\u1ea3 n\u0103ng ho\u1ea1t \u0111\u1ed9ng m\u1ea1nh m\u1ebd, hi\u1ec7u qu\u1ea3 trong l\u00fac l\u00e0m vi\u1ec7c.<\/em><\/li>\n<li><em>Th\u00e2n ma\u0301y co\u0301\u00a0ch\u1ea5t li\u1ec7u ch\u00ednh l\u00e0 Inox cao c\u1ea5p 430 v\u00e0 k\u00ednh c\u01b0\u1eddng l\u1ef1c ch\u1ed1ng b\u00e1m b\u1ea9n, d\u1ec5 d\u00e0ng v\u1ec7 sinh sau khi s\u1eed d\u1ee5ng.<\/em><\/li>\n<li><em>M\u1eb7t k\u00ednh cong 70cm ch\u1ecbu l\u1ef1c, ch\u1ecbu nhi\u1ec7t t\u1ed1t v\u00e0 c\u00f3 t\u00ednh th\u1ea9m m\u0129 cao.<\/em><\/li>\n<li><em>H\u1ec7 th\u1ed1ng \u0111i\u1ec1u khi\u1ec3n l\u00e0 ph\u00edm nh\u1ea5n, gi\u00fap ng\u01b0\u1eddi d\u00f9ng ho\u1ea1t \u0111\u1ed9ng m\u00e1y m\u1ed9t c\u00e1ch d\u1ec5 d\u00e0ng.<\/em><\/li>\n<li><em>B\u1ed9 l\u1ecdc m\u1ee1 g\u1ed3m l\u01b0\u1edbi l\u1ecdc h\u1ee3p kim 5\u00a0l\u1edbp, gi\u1eef l\u1ea1i l\u01b0\u1ee3ng d\u1ea7u m\u1ee1 khi n\u1ea5u \u0103n bay ra, gi\u00fap ng\u01b0\u1eddi d\u00f9ng v\u1ec7 sinh d\u1ec5 d\u00e0ng. L\u01b0\u1edbi l\u1ecdc m\u1ee1 n\u00e0y c\u1ee7a m\u00e1y c\u00f3 t\u00e1c d\u1ee5ng ng\u0103n c\u1ea3n d\u1ea7u m\u1ee1 b\u00e1m v\u00e0o \u0111\u1ed9ng c\u01a1 b\u00ean trong gi\u00fap cho m\u00e1y ho\u1ea1t \u0111\u1ed9ng hi\u1ec7u qu\u1ea3 nh\u1ea5t.<\/em><\/li>\n<\/ul>\n<h3><strong>Chefs EH-R403E7 &#8211; ma\u0301y hu\u0301t mu\u0300i va\u0300 nh\u01b0\u0303ng ti\u0301nh n\u0103ng v\u01b0\u01a1\u0323t tr\u00f4\u0323i<\/strong><\/h3>\n<p>Ti\u0301ch h\u01a1\u0323p nhi\u00ea\u0300u ti\u0301nh n\u0103ng\u00a0<strong>m\u00e1y h\u00fat m\u00f9i Chefs EH-R403E7\u00a0<\/strong>\u00a0ph\u00f9 h\u1ee3p v\u1edbi kh\u00f4ng gian b\u1ebfp Vi\u00ea\u0323t, h\u1ee9a h\u1eb9n mang l\u1ea1i s\u1ef1 ti\u1ec7n nghi, sang tr\u1ecdng, hi\u1ec7n \u0111\u1ea1i cho kh\u00f4ng gian b\u1ebfp.<\/p>\n<p><img title=\"may-hut-mui-chefs-eh-r403e7-01\" src=\"https:\/\/bepvuson.vn\/Data\/upload\/images\/ma%CC%81y%20hu%CC%81t%20mu%CC%80i%20chefs\/09910006012375-2l.jpg\" alt=\"may-hut-mui-chefs-eh-r403e7-01\" \/><\/p>\n<ul>\n<li><em>\u0110\u1ed9 \u1ed3n t\u1ed1i \u0111a &lt; 46Db\u00a0trong qu\u00e1 tr\u00ecnh ho\u1ea1t \u0111\u1ed9ng m\u00e1y kh\u00f4ng g\u00e2y ra ti\u1ebfng \u1ed3n, kh\u00f4ng t\u1ea1o c\u1ea3m gi\u00e1c kh\u00f3 ch\u1ecbu cho ng\u01b0\u1eddi s\u1eed d\u1ee5ng.<\/em><\/li>\n<li><em>\u00a0M\u00e1y \u0111\u01b0\u1ee3c trang b\u1ecb 2 \u0111\u00e8n led chi\u1ebfu s\u00e1ng v\u1edbi c\u00f4ng su\u1ea5t 2 x 1,5 W gi\u00fap ti\u1ebft ki\u1ec7m \u0111i\u1ec7n m\u00e0 v\u1eabn \u0111\u1ea3m b\u1ea3o \u0111\u1ee7 \u00e1nh s\u00e1ng cho vi\u1ec7c \u0111un n\u1ea5u.<\/em><\/li>\n<\/ul>\n<p>Ngoa\u0300i ra, vi\u00ea\u0323c b\u00e2\u0323t \u0111e\u0300n th\u01b0\u01a1\u0300ng xuy\u00ean cu\u0309a ma\u0301y hu\u0301t mu\u0300i r\u00e2\u0301t c\u00e2\u0300n thi\u00ea\u0301t vi\u0300 nhi\u1ec7t n\u0103ng c\u1ee7a b\u00f3ng \u0111\u00e8n s\u1ebd l\u00e0m kh\u00f4ng kh\u00ed trong m\u00e1y n\u00f3ng v\u00e0 gi\u1ea3m \u0111\u01b0\u1ee3c \u0111\u1ed9 \u1ea9m c\u1ee7a kh\u00f4ng kh\u00ed (\u0111\u1ed9 \u1ea9m \u1ea3nh h\u01b0\u1edfng \u0111\u1ebfn tu\u1ed5i th\u1ecd c\u1ee7a motor).<\/p>\n<ul>\n<li><em><strong>M\u00e1y h\u00fat m\u00f9i Chefs EH-R404E7\u00a0\u00a0<\/strong>ch\u1ec9 c\u00f3 m\u1ed9t ch\u1ebf \u0111\u1ed9 h\u00fat kh\u1eed m\u00f9i \u0111\u00f3 l\u00e0 ch\u1ebf \u0111\u1ed9 h\u00fat \u0111\u1ea9y tr\u1ef1c ti\u1ebfp ra ngo\u00e0i th\u00f4ng qua h\u1ec7 th\u1ed1ng \u1ed1ng d\u1eabn v\u1edbi k\u00edch th\u01b0\u1edbc \u0111\u01b0\u1eddng \u1ed1ng l\u00e0 \u00d8150mm.<\/em><\/li>\n<\/ul>\n<p><em>\u200b<img title=\"may-hut-mui-chefs-eh-r403e7-02\" src=\"https:\/\/bepvuson.vn\/Data\/upload\/images\/ma%CC%81y%20hu%CC%81t%20mu%CC%80i%20chefs\/khong-gian-may-hut-mui-chefs.jpg\" alt=\"may-hut-mui-chefs-eh-r403e7-02\" \/><\/em><\/p>\n<p>S\u1ea3n ph\u1ea9m c\u00f3 gi\u00e1 c\u1ea3 kh\u00f4ng qu\u00e1 cao, ph\u00f9 h\u1ee3p v\u1edbi nhi\u1ec1u gia \u0111\u00ecnh Vi\u00ea\u0323t.N\u1ebfu gia \u0111\u00ecnh c\u00f3 kh\u00f4ng gian b\u1ebfp v\u00e0 nhu c\u1ea7u n\u1ea5u n\u01b0\u1edbng cao th\u00ec\u00a0<strong>m\u00e1y h\u00fat m\u00f9i\u00a0EH-R404E7<\/strong>\u00a0 x\u1ee9ng \u0111\u00e1ng l\u00e0 s\u1ef1 l\u1ef1a ch\u1ecdn ho\u00e0n h\u1ea3o.<\/p>\n<\/div>\n<\/div>\n","protected":false},"excerpt":{"rendered":"<p>T\u1ed5ng quan chung M\u00e1y h\u00fat m\u00f9i Chefs EH-R403E7 M\u00e1y h\u00fat m\u00f9i Chefs EH-R403E7 la\u0300\u00a0m\u1ed9t thi\u1ebft b\u1ecb nh\u00e0 b\u1ebfp cao c\u1ea5p, &hellip; <a class=\"link-more\" href=\"http:\/\/maudep.com.vn\/chuyengiadienmay\/?product=may-hut-mui-chefs-eh-r403e7\" class=\"more-link\">\u0110\u1ecdc th\u00eam &raquo;<span class=\"screen-reader-text\"> &#8220;M\u00e1y h\u00fat m\u00f9i Chefs EH-R403E7&#8221;<\/span><\/a><\/p>\n","protected":false},"featured_media":2503,"comment_status":"open","ping_status":"closed","template":"","meta":[],"_links":{"self":[{"href":"http:\/\/maudep.com.vn\/chuyengiadienmay\/index.php?rest_route=\/wp\/v2\/product\/2504"}],"collection":[{"href":"http:\/\/maudep.com.vn\/chuyengiadienmay\/index.php?rest_route=\/wp\/v2\/product"}],"about":[{"href":"http:\/\/maudep.com.vn\/chuyengiadienmay\/index.php?rest_route=\/wp\/v2\/types\/product"}],"replies":[{"embeddable":true,"href":"http:\/\/maudep.com.vn\/chuyengiadienmay\/index.php?rest_route=%2Fwp%2Fv2%2Fcomments&post=2504"}],"wp:featuredmedia":[{"embeddable":true,"href":"http:\/\/maudep.com.vn\/chuyengiadienmay\/index.php?rest_route=\/wp\/v2\/media\/2503"}],"wp:attachment":[{"href":"http:\/\/maudep.com.vn\/chuyengiadienmay\/index.php?rest_route=%2Fwp%2Fv2%2Fmedia&parent=2504"}],"curies":[{"name":"wp","href":"https:\/\/api.w.org\/{rel}","templated":true}]}}