{"id":2513,"date":"2019-01-08T09:45:15","date_gmt":"2019-01-08T02:45:15","guid":{"rendered":"http:\/\/maudep.com.vn\/chuyengiadienmay\/?post_type=product&#038;p=2513"},"modified":"2019-01-15T17:31:42","modified_gmt":"2019-01-15T10:31:42","slug":"lo-nuong-bosch-hbn211e2m","status":"publish","type":"product","link":"http:\/\/maudep.com.vn\/chuyengiadienmay\/?product=lo-nuong-bosch-hbn211e2m","title":{"rendered":"L\u00f2 n\u01b0\u1edbng Bosch HBN211E2M"},"content":{"rendered":"<h3 class=\"title\">T\u1ed5ng quan chung L\u00f2 n\u01b0\u1edbng Bosch HBN211E2M<\/h3>\n<div class=\"article-content\">\n<div class=\"js-content\">\n<h2>L\u00f2 vi s\u00f3ng Bosch HBN211E2M\u00a0gi\u1edd \u0111\u00e2y \u0111\u00e3 tr\u1edf th\u00e0nh thi\u1ebft b\u1ecb nh\u00e0 b\u1ebfp ph\u1ed5 bi\u1ebfn trong nh\u1eefng c\u0103n b\u1ebfp Vi\u1ec7t, gi\u00fap n\u1ea5u n\u01b0\u1edbng, h\u00e2m n\u00f3ng th\u1ee9c \u0103n v\u00f4 c\u00f9ng ti\u1ec7n l\u1ee3i\u00a0v\u00e0 nhanh ch\u00f3ng trong mua \u0111\u00f4ng gi\u00e1 l\u1ea1nh. Tuy nhi\u00ean, v\u1eabn kh\u00f4ng \u00edt ng\u01b0\u1eddi v\u1eabn ch\u01b0a th\u1ef1c s\u1ef1 hi\u1ec3u h\u1ebft \u0111\u01b0\u1ee3c nh\u1eefng th\u00f4ng tin c\u01a1 b\u1ea3n v\u1ec1 thi\u1ebft b\u1ecb h\u1eefu \u00edch n\u00e0y, B\u00ea\u0301p Vu\u0303 S\u01a1n xin chia se\u0309 nh\u01b0\u0303ng th\u00f4ng tin v\u00ea\u0300 sa\u0309n ph\u00e2\u0309m giu\u0301p ba\u0323n nhi\u0300n nh\u00e2\u0323n kha\u0301ch quan nh\u00e2\u0301t.<\/h2>\n<h3><strong>\u0110a\u0301nh gia\u0301 chi ti\u00ea\u0301t sa\u0309n ph\u00e2\u0309m lo\u0300 n\u01b0\u01a1\u0301ng HBN211E2M<\/strong><\/h3>\n<p><strong>L\u00f2 n\u01b0\u1edbng Bosch HBN211E2M<\/strong>\u00a0l\u00e0 m\u1ed9t trong nh\u1eefng d\u00f2ng s\u1ea3n ph\u1ea9m l\u00f2 n\u01b0\u1edbng ki\u1ec3u \u0111a n\u0103ng c\u1ee7a BOSCH, v\u00ec th\u1ebf thi\u1ebft b\u1ecb t\u00edch h\u1ee3p nhi\u1ec1u ch\u01b0\u01a1ng tr\u00ecnh n\u01b0\u1edbng t\u1eeb \u0111\u01a1n gi\u1ea3n nh\u1ea5t \u0111\u1ebfn ph\u1ee9c t\u1ea1p, ph\u00f9 h\u1ee3p v\u1edbi m\u1ecdi lo\u1ea1i nguy\u00ean li\u1ec7u n\u01b0\u1edbng kh\u00e1c nhau.<\/p>\n<p><img title=\"lo-nuong-bosch-hbn211e2m\" src=\"https:\/\/bepvuson.vn\/Data\/upload\/images\/lo%CC%80%20n%C6%B0%C6%A1%CC%81ng\/MCSA00895371_529991_1A_HNG6764S1_def.jpg\" alt=\"lo-nuong-bosch-hbn211e2m\" \/><\/p>\n<ul>\n<li><em>Khoang l\u00f2 n\u01b0\u1edbng Bosch \u0111\u01b0\u01a1\u0323c\u00a0tr\u00e1ng men \u0111\u1eb7c bi\u1ec7t gi\u00fap d\u1ec5 d\u00e0ng v\u1ec7 sinh h\u01a1n m\u1ed7i khi s\u1eed d\u1ee5ng xong.<\/em><\/li>\n<li><em>L\u00f2 n\u01b0\u1edbng \u0111a n\u0103ng Bosch HBN211E2M\u00a0c\u00f2n c\u00f3 h\u1ec7 th\u1ed1ng tho\u00e1t h\u01a1i n\u01b0\u1edbc \u0111\u1eb7c bi\u1ec7t, v\u1eeba gi\u00fap th\u1ef1c ph\u1ea9m n\u01b0\u1edbng ch\u00edn t\u1ed1t h\u01a1n l\u1ea1i c\u00f3 l\u1ee3i trong vi\u1ec7c l\u00e0m t\u0103ng tu\u1ed5i th\u1ecd l\u00e2u d\u00e0i.<\/em><\/li>\n<li><em>Th\u1eddi gian s\u1eed d\u1ee5ng l\u00f2 n\u01b0\u1edbng Bosch c\u00f3 th\u1ec3 l\u00ean \u0111\u1ebfn h\u00e0ng ch\u1ee5c n\u0103m m\u00e0 kh\u00f4ng g\u1eb7p tr\u1ee5c tr\u1eb7c, mi\u1ec5n l\u00e0 b\u1ea1n \u0111\u00e3 tu\u00e2n theo quy tr\u00ecnh s\u1eed d\u1ee5ng theo h\u01b0\u1edbng d\u1eabn c\u1ee7a h\u00e3ng s\u1ea3n xu\u1ea5t.<\/em><\/li>\n<\/ul>\n<p><em>\u200b<img title=\"lo-nuong-bosch-hbn211e2m-01\" src=\"https:\/\/bepvuson.vn\/Data\/upload\/images\/lo%CC%80%20n%C6%B0%C6%A1%CC%81ng\/lo-nuong-am-tu-mua-o-dau.jpg\" alt=\"lo-nuong-bosch-hbn211e2m-01\" \/><\/em><\/p>\n<ul>\n<li><em>\u0110i\u1ec1u khi\u1ec3n b\u1eb1ng n\u00fat c\u01a1 \u0111\u01a1n gi\u1ea3n v\u00e0 th\u00f4ng d\u1ee5ng khi\u1ebfn ng\u01b0\u1eddi l\u1edbn tu\u1ed5i c\u0169ng c\u00f3 th\u1ec3 l\u00e0m quen v\u00e0 s\u1eed d\u1ee5ng l\u00f2 n\u01b0\u1edbng \u00e2m t\u1ee7 Bosch HBN211E2M gi\u00e1 r\u1ebb nhanh ch\u00f3ng.<\/em><\/li>\n<li><em>Ch\u1ebf \u0111\u1ed9 h\u1eb9n gi\u1edd n\u01b0\u1edbng cho t\u1eebng lo\u1ea1i \u0111\u1ed3 \u0103n ch\u1ec9 c\u1ea7n k\u00edch ho\u1ea1t ch\u1ebf \u0111\u1ed9 n\u00e0y \u0111\u1ec3 l\u00f2 n\u01b0\u01a1\u0301ng\u00a0t\u1ef1 th\u1ef1c hi\u1ec7n ch\u1ee9c n\u0103ng c\u1ee7a m\u00ecnh v\u00e0 b\u1ea1n c\u00f3 th\u1ec3 r\u1ea3nh tay ngh\u1ec9 ng\u01a1i hay l\u00e0m m\u1ed9t s\u1ed1 c\u00f4ng vi\u1ec7c kh\u00e1c.<\/em><\/li>\n<li><em>B\u00ean c\u1ea1nh \u0111\u00f3, ch\u1ee9c n\u0103ng kh\u00f3a an to\u00e0n tr\u1ebb em v\u00f4 hi\u1ec7u h\u00f3a b\u1ea3ng \u0111i\u1ec1u khi\u1ec3n c\u1ee7a l\u00f2 n\u01b0\u1edbng khi b\u1eadt nh\u1eb1m tr\u00e1nh tr\u01b0\u1eddng h\u1ee3p tr\u1ebb em \u0111\u1ee5ng v\u00e0o g\u00e2y \u1ea3nh h\u01b0\u1edfng \u0111\u1ebfn ch\u1ee9c n\u0103ng n\u01b0\u1edbng c\u1ee7a s\u1ea3n ph\u1ea9m.<\/em><\/li>\n<li><em>C\u1eeda k\u00ednh l\u00f2 n\u01b0\u1edbng HBN211E2M g\u1ed3m 3 l\u1edbp c\u00e1ch nhi\u1ec7t ho\u00e0n h\u1ea3o, tr\u00e1nh c\u00e1c tai n\u1ea1n do b\u1ecfng nhi\u1ec7t \u0111\u1ed3ng th\u1eddi gi\u00fap b\u1ea1n quan s\u00e1t t\u00ecnh tr\u1ea1ng th\u1ee9c \u0103n b\u00ean trong.<\/em><\/li>\n<\/ul>\n<p><em>\u200b<img title=\"lo-nuong-bosch-hbn211e2m-02\" src=\"https:\/\/bepvuson.vn\/Data\/upload\/images\/lo%CC%80%20n%C6%B0%C6%A1%CC%81ng\/cai-dat-lo-nuong-bosch-bepdongduong.jpg\" alt=\"lo-nuong-bosch-hbn211e2m-02\" \/><\/em><\/p>\n<ul>\n<li><em>Lo\u0300 n\u01b0\u01a1\u0301ng Bosch\u00a0\u0111\u01b0\u1ee3c trang b\u1ecb hai l\u1edbp k\u00ednh c\u01b0\u1eddng l\u1ef1c \u0111\u1ec3 gi\u1eef nhi\u1ec7t t\u1ed1t h\u01a1n v\u00e0 c\u0169ng gi\u00fap b\u1ea1n d\u1ec5 d\u00e0ng quan s\u00e1t th\u1ee9c \u0103n \u0111\u01b0\u1ee3c n\u01b0\u1edbng ch\u00edn \u1edf trong l\u00f2.<\/em><\/li>\n<li><em>Tay n\u1eafm inox \u0111\u01b0\u1ee3c \u0111\u1eb7t \u1edf ph\u00eda tr\u00ean v\u00e0 b\u1ea1n k\u00e9o xu\u1ed1ng ph\u00eda d\u01b0\u1edbi \u0111\u1ec3 m\u1edf c\u1eeda l\u00f2 ti\u1ec7n l\u1ee3i h\u01a1n c\u1eeda tay ngang. B\u1ea1n c\u00f2n c\u00f3 th\u1ec3 t\u00f9y ch\u1ec9nh ch\u1ebf \u0111\u1ed9 n\u01b0\u1edbng cho t\u1eebng lo\u1ea1i th\u1ee9c \u0103n, ho\u1eb7c n\u1ebfu qu\u00e1 b\u1eadn r\u1ed9n b\u1ea1n c\u0169ng c\u00f3 th\u1ec3 c\u00e0i \u0111\u1eb7t ch\u1ebf \u0111\u1ed9 n\u01b0\u1edbng t\u1ef1 \u0111\u1ed9ng \u0111\u01b0\u01a1\u0323c ti\u0301ch h\u01a1\u0323p trong lo\u0300 n\u01b0\u01a1\u0301ng Bosch.<\/em><\/li>\n<\/ul>\n<p>S\u1ea3n ph\u1ea9m c\u00f3 gi\u00e1 c\u1ea3 kh\u00f4ng qu\u00e1 cao, ph\u00f9 h\u1ee3p v\u1edbi nhi\u1ec1u gia \u0111\u00ecnh Vi\u00ea\u0323t. N\u1ebfu gia \u0111\u00ecnh c\u00f3 kh\u00f4ng gian b\u1ebfp r\u1ed9ng v\u00e0 nhu c\u1ea7u n\u1ea5u n\u01b0\u1edbng cao th\u00ec<strong>\u00a0l\u00f2 n\u01b0\u1edbng Bosch HBN211E2M<\/strong>\u00a0x\u1ee9ng \u0111\u00e1ng l\u00e0 s\u1ef1 l\u1ef1a ch\u1ecdn ho\u00e0n h\u1ea3o.<\/p>\n<\/div>\n<\/div>\n","protected":false},"excerpt":{"rendered":"<p>T\u1ed5ng quan chung L\u00f2 n\u01b0\u1edbng Bosch HBN211E2M L\u00f2 vi s\u00f3ng Bosch HBN211E2M\u00a0gi\u1edd \u0111\u00e2y \u0111\u00e3 tr\u1edf th\u00e0nh thi\u1ebft b\u1ecb nh\u00e0 b\u1ebfp &hellip; <a class=\"link-more\" href=\"http:\/\/maudep.com.vn\/chuyengiadienmay\/?product=lo-nuong-bosch-hbn211e2m\" class=\"more-link\">\u0110\u1ecdc th\u00eam &raquo;<span class=\"screen-reader-text\"> &#8220;L\u00f2 n\u01b0\u1edbng Bosch HBN211E2M&#8221;<\/span><\/a><\/p>\n","protected":false},"featured_media":2514,"comment_status":"open","ping_status":"closed","template":"","meta":[],"_links":{"self":[{"href":"http:\/\/maudep.com.vn\/chuyengiadienmay\/index.php?rest_route=\/wp\/v2\/product\/2513"}],"collection":[{"href":"http:\/\/maudep.com.vn\/chuyengiadienmay\/index.php?rest_route=\/wp\/v2\/product"}],"about":[{"href":"http:\/\/maudep.com.vn\/chuyengiadienmay\/index.php?rest_route=\/wp\/v2\/types\/product"}],"replies":[{"embeddable":true,"href":"http:\/\/maudep.com.vn\/chuyengiadienmay\/index.php?rest_route=%2Fwp%2Fv2%2Fcomments&post=2513"}],"wp:featuredmedia":[{"embeddable":true,"href":"http:\/\/maudep.com.vn\/chuyengiadienmay\/index.php?rest_route=\/wp\/v2\/media\/2514"}],"wp:attachment":[{"href":"http:\/\/maudep.com.vn\/chuyengiadienmay\/index.php?rest_route=%2Fwp%2Fv2%2Fmedia&parent=2513"}],"curies":[{"name":"wp","href":"https:\/\/api.w.org\/{rel}","templated":true}]}}