{"id":2515,"date":"2019-01-08T09:49:25","date_gmt":"2019-01-08T02:49:25","guid":{"rendered":"http:\/\/maudep.com.vn\/chuyengiadienmay\/?post_type=product&#038;p=2515"},"modified":"2019-01-15T17:32:17","modified_gmt":"2019-01-15T10:32:17","slug":"lo-nuong-bosch-hbn231e2","status":"publish","type":"product","link":"http:\/\/maudep.com.vn\/chuyengiadienmay\/?product=lo-nuong-bosch-hbn231e2","title":{"rendered":"L\u00f2 n\u01b0\u1edbng Bosch HBN231E2"},"content":{"rendered":"<h3 class=\"title\">T\u1ed5ng quan chung L\u00f2 n\u01b0\u1edbng Bosch HBN231E2<\/h3>\n<div class=\"article-content\">\n<div class=\"js-content\">\n<h2>Lo\u0300 n\u01b0\u01a1\u0301ng Bosch HBN231E2 \u0111\u01b0\u01a1\u0323c thi\u00ea\u0301t k\u00ea\u0301 v\u01a1\u0301i m\u0103\u0323t ki\u0301nh \u0111en \u0111\u00e2\u0300y sang tro\u0323ng,\u00a0ph\u1ed1i v\u1edbi inox \u0111em l\u1ea1i s\u1ef1 ch\u1eafc ch\u1eafn cho l\u00f2 n\u01b0\u1edbng ngay t\u1eeb v\u1ebb b\u1ec1 ngo\u00e0i. Lo\u0300 s\u01b0\u0309 du\u0323ng c\u00f4ng ngh\u00ea\u0323 qua\u0323t\u00a0\u0111\u1ed1i l\u01b0u t\u1ef1 \u0111\u1ed9ng, qu\u00e1 tr\u00ecnh ph\u00e2n chia lu\u1ed3ng nhi\u1ec7t \u0111\u1ec1u kh\u1eafp l\u00f2 n\u01b0\u1edbng, gi\u00fap qu\u00e1 tr\u00ecnh l\u00e0m ch\u00edn th\u1ef1c ph\u1ea9m \u0111\u01b0\u1ee3c r\u00fat ng\u1eafn v\u00e0 ch\u00edn \u0111\u1ec1u.<\/h2>\n<h3><strong>Lo\u0300 n\u01b0\u01a1\u0301ng HBN231E2 \u0111\u01b0\u01a1\u0323c trang bi\u0323 nh\u01b0\u0303ng ti\u0301nh n\u0103ng gi\u0300?<\/strong><\/h3>\n<p><strong>\u00a0L\u00f2 n\u01b0\u1edbng Bosch HBN231E2<\/strong>\u00a0la\u0300 thi\u00ea\u0301t bi\u0323 \u0111\u01b0\u01a1\u0323c nha\u0300 sa\u0309n xu\u00e2\u0301t ti\u0301ch h\u01a1\u0323p r\u00e2\u0301t nhi\u00ea\u0300u ti\u0301nh n\u0103ng \u0111\u0103\u0323c bi\u00ea\u0323t, trong \u0111o\u0301 co\u0301\u00a0ch\u1ee9c n\u0103ng StayWarm gi\u1eef cho nhi\u1ec7t \u0111\u1ed9 th\u1ee9c \u0103n lu\u00f4n kh\u00f4ng \u0111\u1ed5i t\u1ea1i 70\u02daC cho \u0111\u1ebfn khi \u0111\u01b0\u1ee3c mang ra ph\u1ee5c v\u1ee5. Th\u1ee9c \u0103n s\u1ebd v\u1eabn gi\u1eef \u0111\u01b0\u1ee3c \u0111\u1ed9 n\u00f3ng v\u00e0 h\u01b0\u01a1ng v\u1ecb ban \u0111\u1ea7u.<\/p>\n<p><img title=\"lo-nuong-bosch-hbn231e2\" src=\"https:\/\/bepvuson.vn\/Data\/upload\/images\/lo%CC%80%20n%C6%B0%C6%A1%CC%81ng\/HBG76S651E%20l%C3%B2%20n%C6%B0%E1%BB%9Bng%20-%20b%C3%A1nh.JPG\" alt=\"lo-nuong-bosch-hbn231e2\" \/><\/p>\n<ul>\n<li><em>V\u1edbi 6 ch\u1ee9c n\u0103ng n\u01b0\u1edbng cu\u0309a lo\u0300 n\u01b0\u01a1\u0301ng Bosch nh\u01b0 n\u01b0\u01a1\u0301ng tr\u00ean\u00a0d\u01b0\u01a1\u0301i k\u00ea\u0301t h\u01a1\u0323p, n\u01b0\u01a1\u0301ng tr\u00ean n\u01b0\u01a1\u0301ng d\u01b0\u01a1\u0301i co\u0301 qua\u0323t, n\u01b0\u01a1\u0301ng d\u01b0\u01a1\u0301i kh\u00f4ng qua\u0323t, n\u01b0\u01a1\u0301ng tr\u00ean co\u0301 qua\u0323t, n\u01b0\u01a1\u0301ng tr\u00ean, n\u01b0\u01a1\u0301ng tr\u00ean c\u00f4ng su\u00e2\u0301t be\u0301.<\/em><\/li>\n<li><em>C\u00f3 h\u1ec7 th\u1ed1ng \u0111\u00e8n chi\u1ebfu s\u00e1ng b\u00ean trong khoang l\u00f2<\/em><\/li>\n<li><em>Ch\u1ee9c n\u0103ng h\u1eb9n gi\u1edd n\u1ea5u ti\u1ec7n l\u1ee3i cu\u0309a lo\u0300 n\u01b0\u01a1\u0301ng Bosch\u00a0v\u1edbi nhi\u1ec1u ch\u1ee9c n\u0103ng h\u1eb9n gi\u1edd kh\u00e1c nhau<\/em><\/li>\n<li><em>Lo\u0300 n\u01b0\u01a1\u0301ng co\u0301\u00a0ch\u1ee9c n\u0103ng kh\u00f3a an to\u00e0n tr\u1ebb em \u0111\u1ec3 tr\u00e1nh c\u00e1c tai n\u1ea1n \u0111\u00e1ng ti\u1ebfc c\u00f3 th\u1ec3 x\u1ea3y ra.<\/em><\/li>\n<li><em>L\u00f2 N\u01b0\u1edbng Bosch\u00a0v\u1edbi h\u1ec7 th\u1ed1ng t\u00edch h\u1ee3p qu\u1ea1t gi\u00f3 n\u01b0\u1edbng v\u00e0 th\u00f4ng kh\u00ed. Khoang l\u00f2 c\u00f3 dung t\u00edch l\u1edbn 67 l\u00edt gi\u00fap n\u01b0\u1edbng \u0111\u01b0\u1ee3c nhi\u1ec1u th\u1ef1c ph\u1ea9m trong 1 l\u1ea7n n\u01b0\u1edbng \u0111\u1ea3m b\u1ea3o t\u1ea5t c\u1ea3 ch\u00edn \u0111\u1ec1u ho\u00e0n h\u1ea3o.<\/em><\/li>\n<\/ul>\n<p><em><img title=\"lo-nuong-bosch-hbn231e2-01\" src=\"https:\/\/bepvuson.vn\/Data\/upload\/images\/lo%CC%80%20n%C6%B0%C6%A1%CC%81ng\/1538399414041_9395663.png\" alt=\"lo-nuong-bosch-hbn231e2-01\" \/><\/em><\/p>\n<ul>\n<li><em>\u0110\u1eb7c bi\u1ec7t b\u00ean trong khoang l\u00f2 n\u01b0\u01a1\u0301ng \u0111\u01b0\u1ee3c tr\u00e1ng l\u1edbp men c\u00f3 kh\u1ea3 n\u0103ng ch\u1ed1ng tr\u1ea7y x\u01b0\u1edbc ch\u1ecbu \u0111\u01b0\u1ee3c \u1edf nhi\u1ec7t \u0111\u1ed9 cao.<\/em><\/li>\n<li><em>L\u00f2 n\u01b0\u1edbng Bosch\u00a0\u00a0c\u00f3 trang b\u1ecb h\u1ec7 th\u1ed1ng t\u1ea3n nhi\u1ec7t hi\u1ec7u qu\u1ea3 gi\u00fap qu\u00e1 tr\u00ecnh n\u01b0\u1edbng \u0111\u1ea1t hi\u1ec7u qu\u1ea3 cao, ngo\u00e0i ra c\u00f2n gi\u00fap l\u00f2 n\u01b0\u1edbng b\u1ec1n l\u00e2u v\u1edbi th\u1eddi gian h\u01a1n.<\/em><\/li>\n<li><em>PerfectBake c\u1ea3m bi\u1ebfn v\u00e0 PerfectRoast cu\u0309a lo\u0300 n\u01b0\u01a1\u0301ng Bosch\u00a0\u0111\u01a1n gi\u1ea3n \u0111\u1ec3 ho\u00e0n thi\u1ec7n c\u00e1c m\u00f3n b\u00e1nh n\u01b0\u1edbng h\u1ea5p v\u1edbi k\u1ebft qu\u1ea3 ho\u00e0n h\u1ea3o.<\/em><\/li>\n<li><em>C\u00f4ng su\u1ea5t t\u1ed1i \u0111a cu\u0309a lo\u0300 n\u01b0\u01a1\u0301ng Bosch la\u0300 : 2,900 W v\u1edbi ngu\u1ed3n \u0111i\u1ec7n 220V-240 V v\u00e0 t\u1ea7n s\u1ed1 50\/60 HZ.<\/em><\/li>\n<li><em>K\u00edch th\u01b0\u1edbc s\u1ea3n ph\u1ea9m (C x R x S):\u00a0\u00a0595 x 595 x 548 mm.<\/em><\/li>\n<li><em>K\u00edch th\u01b0\u1edbc l\u1eafp \u0111\u1eb7t :\u00a0\u00a0575-597 x 560 x 550 mm.<\/em><\/li>\n<li><em>Ch\u00ednh s\u00e1ch b\u1ea3o h\u00e0nh l\u00f2 n\u01b0\u1edbng Bosch \u0111\u01b0\u1ee3c b\u1ea3o h\u00e0nh 2 n\u0103m ch\u00ednh h\u00e3ng t\u1ea1i c\u1eeda h\u00e0ng B\u00ea\u0301p Vu\u0303 S\u01a1n , kh\u00e1ch h\u00e0ng kh\u00f4ng c\u1ea7n ph\u1ea3i mang thi\u1ebft b\u1ecb \u0111\u1ebfn t\u1eadn c\u1eeda h\u00e0ng m\u00e0 ch\u00fang t\u00f4i v\u1edbi nh\u1eefng \u0111\u1ed9i ng\u0169 b\u1ea3o h\u00e0nh chuy\u00ean nghi\u1ec7p s\u1ebd \u0111\u1ebfn v\u00e0 b\u1ea3o h\u00e0nh cho gia \u0111\u00ecnh nh\u00e0 b\u1ea1n.<\/em><\/li>\n<\/ul>\n<p><em>\u200b<img title=\"lo-nuong-bosch-hbn231e2-02\" src=\"https:\/\/bepvuson.vn\/Data\/upload\/images\/lo%CC%80%20n%C6%B0%C6%A1%CC%81ng\/MCSA02295435_405_HBA533BS0_FullSizeOven_Bosch_PGA3_def(1).jpg\" alt=\"lo-nuong-bosch-hbn231e2-02\" \/><\/em><\/p>\n<p>S\u1ea3n ph\u1ea9m c\u00f3 gi\u00e1 c\u1ea3 kh\u00f4ng qu\u00e1 cao, ph\u00f9 h\u1ee3p v\u1edbi nhi\u1ec1u gia \u0111\u00ecnh Vi\u00ea\u0323t. N\u1ebfu gia \u0111\u00ecnh c\u00f3 kh\u00f4ng gian b\u1ebfp r\u1ed9ng v\u00e0 nhu c\u1ea7u n\u1ea5u n\u01b0\u1edbng cao th\u00ec<strong>\u00a0l\u00f2 n\u01b0\u1edbng BoschHBN231E2<\/strong>\u00a0x\u1ee9ng \u0111\u00e1ng l\u00e0 s\u1ef1 l\u1ef1a ch\u1ecdn ho\u00e0n h\u1ea3o.<\/p>\n<\/div>\n<\/div>\n","protected":false},"excerpt":{"rendered":"<p>T\u1ed5ng quan chung L\u00f2 n\u01b0\u1edbng Bosch HBN231E2 Lo\u0300 n\u01b0\u01a1\u0301ng Bosch HBN231E2 \u0111\u01b0\u01a1\u0323c thi\u00ea\u0301t k\u00ea\u0301 v\u01a1\u0301i m\u0103\u0323t ki\u0301nh \u0111en \u0111\u00e2\u0300y sang &hellip; <a class=\"link-more\" href=\"http:\/\/maudep.com.vn\/chuyengiadienmay\/?product=lo-nuong-bosch-hbn231e2\" class=\"more-link\">\u0110\u1ecdc th\u00eam &raquo;<span class=\"screen-reader-text\"> &#8220;L\u00f2 n\u01b0\u1edbng Bosch HBN231E2&#8221;<\/span><\/a><\/p>\n","protected":false},"featured_media":2516,"comment_status":"open","ping_status":"closed","template":"","meta":[],"_links":{"self":[{"href":"http:\/\/maudep.com.vn\/chuyengiadienmay\/index.php?rest_route=\/wp\/v2\/product\/2515"}],"collection":[{"href":"http:\/\/maudep.com.vn\/chuyengiadienmay\/index.php?rest_route=\/wp\/v2\/product"}],"about":[{"href":"http:\/\/maudep.com.vn\/chuyengiadienmay\/index.php?rest_route=\/wp\/v2\/types\/product"}],"replies":[{"embeddable":true,"href":"http:\/\/maudep.com.vn\/chuyengiadienmay\/index.php?rest_route=%2Fwp%2Fv2%2Fcomments&post=2515"}],"wp:featuredmedia":[{"embeddable":true,"href":"http:\/\/maudep.com.vn\/chuyengiadienmay\/index.php?rest_route=\/wp\/v2\/media\/2516"}],"wp:attachment":[{"href":"http:\/\/maudep.com.vn\/chuyengiadienmay\/index.php?rest_route=%2Fwp%2Fv2%2Fmedia&parent=2515"}],"curies":[{"name":"wp","href":"https:\/\/api.w.org\/{rel}","templated":true}]}}