{"id":2517,"date":"2019-01-08T09:52:57","date_gmt":"2019-01-08T02:52:57","guid":{"rendered":"http:\/\/maudep.com.vn\/chuyengiadienmay\/?post_type=product&#038;p=2517"},"modified":"2019-01-15T17:32:48","modified_gmt":"2019-01-15T10:32:48","slug":"lo-nuong-bosch-hbn331e1k","status":"publish","type":"product","link":"http:\/\/maudep.com.vn\/chuyengiadienmay\/?product=lo-nuong-bosch-hbn331e1k","title":{"rendered":"L\u00f2 n\u01b0\u1edbng Bosch HBN331E1K"},"content":{"rendered":"<h3 class=\"title\">T\u1ed5ng quan chung L\u00f2 n\u01b0\u1edbng Bosch HBN331E1K<\/h3>\n<div class=\"article-content\">\n<div class=\"js-content\">\n<h2>L\u00f2 n\u01b0\u1edbng Bosch HBN331E1K l\u00e0 d\u00f2ng s\u1ea3n ph\u1ea9m l\u00f2 n\u01b0\u1edbng hi\u1ec7n \u0111\u1ea1i th\u01b0\u01a1ng hi\u1ec7u Bosch. V\u1edbi nhi\u1ec1u ch\u1ee9c n\u0103ng v\u01b0\u1ee3t tr\u1ed9i c\u00f9ng v\u1edbi thi\u1ebft k\u1ebf hi\u1ec7n \u0111\u1ea1i v\u00e0 th\u00e2n thi\u1ec7n v\u1edbi m\u00f4i tr\u01b0\u1eddng, Bosch HBN331E1K ng\u00e0y c\u00e0ng c\u00f3 nhi\u1ec1u ng\u01b0\u1eddi ti\u00eau d\u00f9ng l\u1ef1a ch\u1ecdn, ha\u0303y cu\u0300ng B\u00ea\u0301p Vu\u0303 S\u01a1n ti\u0300m hi\u00ea\u0309u sa\u0309n ph\u00e2\u0309m na\u0300y nhe\u0301.<\/h2>\n<h3><strong>Ti\u0301nh n\u0103ng hi\u00ea\u0323n \u0111a\u0323i cu\u0309a lo\u0300 n\u01b0\u01a1\u0301ng HBN331E1K<\/strong><\/h3>\n<p><strong>L\u00f2 n\u01b0\u1edbng Bosch\u00a0HBN331E1K<\/strong>\u00a0c\u00f3 5 ch\u1ee9c n\u0103ng n\u01b0\u1edbng \u0111\u00e3 \u0111\u01b0\u1ee3c l\u1eadp tr\u00ecnh s\u1eb5n gi\u00fap ng\u01b0\u1eddi d\u00f9ng ti\u1ec7n l\u1ee3i m\u00e0 kh\u00f4ng c\u1ea7n m\u1ea5t nhi\u1ec1u th\u1eddi gian t\u00ecm hi\u1ec3u.<\/p>\n<p><img title=\"lo-nuong-bosch-hbn331e1k\" src=\"https:\/\/bepvuson.vn\/Data\/upload\/images\/lo%CC%80%20n%C6%B0%C6%A1%CC%81ng\/1538399414041_9395663(1).png\" alt=\"lo-nuong-bosch-hbn331e1k\" \/><\/p>\n<ul>\n<li><em>H\u1ec7 th\u1ed1ng t\u1ef1 \u0111\u1ed9ng v\u1ec7 sinh l\u00f2 n\u01b0\u01a1\u0301ng Bosch\u00a0c\u1ef1c hi\u1ec7n \u0111\u1ea1i b\u1eb1ng ph\u01b0\u01a1ng ph\u00e1p nhi\u1ec7t ph\u00e2n gi\u00fap m\u1ed9t ph\u1ea7n v\u1ec7 sinh s\u1ea1ch s\u1ebd l\u00f2 m\u00e0 kh\u00f4ng c\u1ea7n t\u1ed1n nhi\u1ec1u th\u1eddi gian. Nhi\u1ec7t l\u01b0\u1ee3ng n\u01b0\u1edbng dao \u0111\u1ed9ng trong kho\u1ea3ng 30-270 \u0111\u1ed9 C c\u00f3 th\u1ec3 n\u01b0\u1edbng nhi\u1ec1u lo\u1ea1i m\u00f3n \u0103n kh\u00e1c nhau t\u1eeb th\u1ecbt l\u1ee3n, g\u00e0, b\u00e1nh, pizza..\u00a0<\/em><\/li>\n<li><em>Sau khi n\u1ea5u n\u01b0\u1edbng, l\u00f2 n\u01b0\u1edbng Bosch cao c\u00e2\u0301p HBN331E1K\u00a0s\u1ebd t\u1ef1 \u0111o l\u01b0\u1eddng \u0111\u1ed9 b\u1ea9n c\u1ee7a l\u00f2 v\u00e0 k\u00edch ho\u1ea1t l\u01b0\u1ee3ng nhi\u1ec7t \u0111\u1ed9, c\u0169ng nh\u01b0 th\u1eddi gian t\u01b0\u01a1ng \u1ee9ng \u0111\u1ec3 ph\u00e2n h\u1ee7y c\u00e1c ch\u1ea5t b\u1ea9n, d\u1ea7u m\u1ee1 th\u00e0nh tro. Khi \u0111\u00f3, ch\u1ec9 v\u1edbi m\u1ed9t chi\u1ebfc kh\u0103n \u1ea9m, b\u1ea1n c\u00f3 th\u1ec3 nh\u1eb9 nh\u00e0ng lau s\u1ea1ch c\u00e1c v\u1ebft b\u1ea9n.<\/em><\/li>\n<li><em>N\u00fat \u0111i\u1ec1u khi\u1ec3n \u201cSilence Mode\u201d cu\u0309a lo\u0300 n\u01b0\u01a1\u0301ng Bosch cho ph\u00e9p b\u1ea1n t\u1eaft \u00e2m thanh c\u1ee7a chu\u00f4ng c\u1ea3nh b\u00e1o. Khi b\u1eadt ch\u1ebf \u0111\u1ed9 n\u00e0y, l\u00f2 n\u01b0\u1edbng \u0111i\u1ec7n Rosieres s\u1ebd im l\u1eb7ng ngay c\u1ea3 khi v\u1eadn h\u00e0nh cho \u0111\u1ebfn khi k\u1ebft th\u00fac qu\u00e1 tr\u00ecnh n\u1ea5u n\u01b0\u1edbng.<\/em><\/li>\n<li><em>M\u1ed9t \u0111\u1eb7c \u0111i\u1ec3m n\u1ed5i b\u1eadt c\u1ee7a lo\u0300 n\u01b0\u01a1\u0301ng Bosch\u00a0n\u00e0y \u0111\u00f3 l\u00e0 \u0111\u01b0\u1ee3c trang b\u1ecb h\u1ec7 th\u1ed1ng qu\u1ea1t t\u1ef1 l\u00e0m m\u00e1t l\u00f2 gi\u00fap ch\u1ed1ng qu\u00e1 t\u1ea3i nhi\u1ec7t, \u0111\u1ea3m b\u1ea3o an to\u00e0n cho ng\u01b0\u1eddi d\u00f9ng trong qu\u00e1 tr\u00ecnh s\u1eed d\u1ee5ng. Kh\u00f4ng nh\u1eefng v\u1eady, h\u1ec7 th\u1ed1ng n\u00e0y c\u00f2n gi\u00fap l\u00f2 v\u1eadn h\u00e0nh \u1ed5n \u0111\u1ecbnh, duy tr\u00ec \u0111\u01b0\u1ee3c \u0111\u1ed9 b\u1ec1n, tu\u1ed5i th\u1ecd cao h\u01a1n.<\/em><\/li>\n<\/ul>\n<p><em>\u200b<img title=\"lo-nuong-bosch-hbn331e1k-01\" src=\"https:\/\/bepvuson.vn\/Data\/upload\/images\/lo%CC%80%20n%C6%B0%C6%A1%CC%81ng\/lo-nuongHBN231E2-4.jpg\" alt=\"lo-nuong-bosch-hbn331e1k-01\" \/><\/em><\/p>\n<h3><strong>\u0110a\u0301nh gia\u0301 thi\u00ea\u0301t k\u00ea\u0301 lo\u0300 n\u01b0\u01a1\u0301ng Bosch cao c\u00e2\u0301p HBN331E1K<\/strong><\/h3>\n<p><strong>L\u00f2 n\u01b0\u1edbng Bosch HBN331E1K<\/strong>\u00a0c\u00f3 dung t\u00edch 67 li\u0301t\u00a0th\u00edch h\u1ee3p cho nh\u1eefng gia \u0111\u00ecnh c\u00f3 t\u1eeb 5-6 th\u00e0nh vi\u00ean s\u1eed d\u1ee5ng. \u0110\u00e2y c\u0169ng l\u00e0 d\u00f2ng s\u1ea3n ph\u1ea9m m\u00e0 c\u00e1c nh\u00e0 h\u00e0ng, qu\u00e1n n\u01b0\u1edbng d\u00f9ng \u0111\u1ec3 l\u00e0m m\u00f3n n\u01b0\u1edbng cho kh\u00e1ch h\u00e0ng.<\/p>\n<p><img title=\"lo-nuong-bosch-hbn331e1k-02\" src=\"https:\/\/bepvuson.vn\/Data\/upload\/images\/lo%CC%80%20n%C6%B0%C6%A1%CC%81ng\/2e9edebe-0d6d-45c8-9e70-f879d445c868.jpg\" alt=\"lo-nuong-bosch-hbn331e1k-02\" \/><\/p>\n<ul>\n<li><em>C\u1eeda k\u00ednh Bosch HBN331E1K \u0111\u01b0\u1ee3c thi\u1ebft k\u1ebf hi\u1ec7n \u0111\u1ea1i v\u1edbi hai l\u1edbp k\u00ednh c\u00e1ch nhi\u1ec7t cao c\u1ea5p mang l\u1ea1i s\u1ef1 an to\u00e0n cho b\u1ea1n. Khung b\u00ean trong l\u00f2 l\u00e0m t\u1eeb lo\u1ea1i th\u00e9p kh\u00f4ng g\u1ec9 v\u00e0 b\u1ec1n.<\/em><\/li>\n<li><em>L\u00f2 n\u01b0\u1edbng Bosch\u00a0\u0111\u1ea1t ti\u00eau chu\u1ea9n ti\u1ebft ki\u1ec7m n\u0103ng l\u01b0\u1ee3ng h\u1ea1ng A++ ch\u00e2u \u00c2u. B\u1ea3ng \u0111i\u1ec1u khi\u1ec3u HBN331E1K th\u00f4ng minh hi\u1ec3n th\u1ecb th\u1eddi gian gi\u00fap ng\u01b0\u1eddi d\u00f9ng d\u1ec5 d\u00e0ng quan s\u00e1t.<\/em><\/li>\n<li><em>S\u1ea3n ph\u1ea9m l\u00f2 n\u01b0\u1edbng Bosch\u00a0n\u00e0y c\u00f3 h\u1ec7 th\u1ed1ng \u0111i\u1ec1u khi\u1ec3n c\u1ea3m \u1ee9ng c\u00e0i \u0111\u1eb7t s\u1eb5n d\u1ec5 s\u1eed d\u1ee5ng. Ch\u1ec9 c\u1ea7n nh\u1eefng c\u00e1i ch\u1ea1m l\u00e0 b\u1ea1n c\u00f3 th\u1ec3 l\u1ef1a ch\u1ecdn ch\u1ebf \u0111\u1ed9 n\u01b0\u1edbng th\u1ee9c \u0103n theo mong mu\u1ed1n v\u00e0 nhanh ch\u00f3ng c\u00f3 m\u00f3n \u0103n th\u1eadt ngon, \u0111\u1eadm \u0111\u00e0, h\u1ea5p d\u1eabn v\u00e0 \u0111\u1ee7 dinh d\u01b0\u1ee1ng cho c\u1ea3 gia \u0111\u00ecnh.<\/em><\/li>\n<\/ul>\n<p>S\u1ea3n ph\u1ea9m c\u00f3 gi\u00e1 c\u1ea3 kh\u00f4ng qu\u00e1 cao, ph\u00f9 h\u1ee3p v\u1edbi nhi\u1ec1u gia \u0111\u00ecnh Vi\u00ea\u0323t. N\u1ebfu gia \u0111\u00ecnh c\u00f3 kh\u00f4ng gian b\u1ebfp r\u1ed9ng v\u00e0 nhu c\u1ea7u n\u1ea5u n\u01b0\u1edbng cao th\u00ec\u00a0<strong>lo\u0300 n\u01b0\u01a1\u0301ng Bosch HBN331E1K<\/strong>\u00a0x\u1ee9ng \u0111\u00e1ng l\u00e0 s\u1ef1 l\u1ef1a ch\u1ecdn ho\u00e0n h\u1ea3o.<\/p>\n<\/div>\n<\/div>\n","protected":false},"excerpt":{"rendered":"<p>T\u1ed5ng quan chung L\u00f2 n\u01b0\u1edbng Bosch HBN331E1K L\u00f2 n\u01b0\u1edbng Bosch HBN331E1K l\u00e0 d\u00f2ng s\u1ea3n ph\u1ea9m l\u00f2 n\u01b0\u1edbng hi\u1ec7n \u0111\u1ea1i th\u01b0\u01a1ng &hellip; <a class=\"link-more\" href=\"http:\/\/maudep.com.vn\/chuyengiadienmay\/?product=lo-nuong-bosch-hbn331e1k\" class=\"more-link\">\u0110\u1ecdc th\u00eam &raquo;<span class=\"screen-reader-text\"> &#8220;L\u00f2 n\u01b0\u1edbng Bosch HBN331E1K&#8221;<\/span><\/a><\/p>\n","protected":false},"featured_media":2518,"comment_status":"open","ping_status":"closed","template":"","meta":[],"_links":{"self":[{"href":"http:\/\/maudep.com.vn\/chuyengiadienmay\/index.php?rest_route=\/wp\/v2\/product\/2517"}],"collection":[{"href":"http:\/\/maudep.com.vn\/chuyengiadienmay\/index.php?rest_route=\/wp\/v2\/product"}],"about":[{"href":"http:\/\/maudep.com.vn\/chuyengiadienmay\/index.php?rest_route=\/wp\/v2\/types\/product"}],"replies":[{"embeddable":true,"href":"http:\/\/maudep.com.vn\/chuyengiadienmay\/index.php?rest_route=%2Fwp%2Fv2%2Fcomments&post=2517"}],"wp:featuredmedia":[{"embeddable":true,"href":"http:\/\/maudep.com.vn\/chuyengiadienmay\/index.php?rest_route=\/wp\/v2\/media\/2518"}],"wp:attachment":[{"href":"http:\/\/maudep.com.vn\/chuyengiadienmay\/index.php?rest_route=%2Fwp%2Fv2%2Fmedia&parent=2517"}],"curies":[{"name":"wp","href":"https:\/\/api.w.org\/{rel}","templated":true}]}}