{"id":2522,"date":"2019-01-08T09:59:59","date_gmt":"2019-01-08T02:59:59","guid":{"rendered":"http:\/\/maudep.com.vn\/chuyengiadienmay\/?post_type=product&#038;p=2522"},"modified":"2019-01-15T17:36:02","modified_gmt":"2019-01-15T10:36:02","slug":"lo-nuong-bosch-hmh-hbn559e1m","status":"publish","type":"product","link":"http:\/\/maudep.com.vn\/chuyengiadienmay\/?product=lo-nuong-bosch-hmh-hbn559e1m","title":{"rendered":"L\u00f2 N\u01b0\u1edbng BOSCH HMH HBN559E1M"},"content":{"rendered":"<h3 class=\"title\">T\u1ed5ng quan chung L\u00f2 N\u01b0\u1edbng BOSCH HMH HBN559E1M<\/h3>\n<div class=\"article-content\">\n<div class=\"js-content\">\n<div><\/div>\n<h2>Lo\u0300 n\u01b0\u01a1\u0301ng Bosch HMH HBN559E1M la\u0300 sa\u0309n ph\u00e2\u0309m\u00a0nh\u1eadp kh\u1ea9u nguy\u00ean chi\u1ebfc t\u1eeb Ph\u00e1p v\u1edbi thi\u1ebft k\u1ebf d\u1ea1ng \u0111\u1ee9ng \u0111\u1ed9c l\u1eadp k\u1ebft h\u1ee3p b\u1ebfp t\u1eeb v\u00e0 l\u00f2 n\u01b0\u1edbng \u0111a n\u0103ng ti\u1ec7n d\u1ee5ng, gi\u00fap vi\u1ec7c n\u1ea5u \u0103n tr\u1edf n\u00ean \u0111\u01a1n gi\u1ea3n v\u00e0 d\u1ec5 d\u00e0ng h\u01a1n. Lo\u0300 co\u0301 dung ti\u0301ch 61 li\u0301t phu\u0300 h\u01a1\u0323p v\u01a1\u0301i nh\u01b0\u0303ng gia \u0111i\u0300nh t\u01b0\u0300 4 &#8211; 6 tha\u0300nh vi\u00ean.<\/h2>\n<h3><strong>Th\u00f4ng tin chi ti\u00ea\u0301t lo\u0300 n\u01b0\u01a1\u0301ng Bosch HBN559E1M<\/strong><\/h3>\n<p>Nh\u01b0\u0303ng th\u00f4ng tin chi ti\u00ea\u0301t\u00a0<strong>l\u00f2 n\u01b0\u1edbng Bosch HMH HBN559E1M<\/strong>\u00a0se\u0303 giu\u0301p ba\u0323n \u0111a\u0301nh gia\u0301 kha\u0301ch quan nh\u00e2\u0301t v\u00ea\u0300 sa\u0309n ph\u00e2\u0309m na\u0300y.<\/p>\n<p><img title=\"lo-nuong-bosch-hmh-hbn559e1m\" src=\"https:\/\/bepvuson.vn\/Data\/upload\/images\/lo%CC%80%20n%C6%B0%C6%A1%CC%81ng\/MCSA00753491_399788_HBN331E1J_defav(2).jpg\" alt=\"lo-nuong-bosch-hmh-hbn559e1m\" \/><\/p>\n<ul>\n<li><em>9 ch\u01b0\u01a1ng tr\u00ecnh n\u01b0\u1edbng<\/em><\/li>\n<li><em>T\u1ed5ng t\u1ea3i \u0111i\u1ec7n k\u1ebft n\u1ed1i: 2,9 KW<\/em><\/li>\n<li><em>K\u00edch th\u01b0\u1edbc thi\u1ebft b\u1ecb (hxwxd): 595 mm x 595 mm x 548 mm<\/em><\/li>\n<li><em>Ti\u00eau th\u1ee5 n\u0103ng l\u01b0\u1ee3ng tr\u00ean m\u1ed9t chu k\u1ef3 trong ch\u1ebf \u0111\u1ed9 th\u00f4ng th\u01b0\u1eddng: 0,98 kwh<\/em><\/li>\n<li><em>Ti\u00eau th\u1ee5 n\u0103ng l\u01b0\u1ee3ng tr\u00ean m\u1ed9t chu k\u1ef3 trong ch\u1ebf \u0111\u1ed9 \u0111\u1ed1i l\u01b0u qu\u1ea1t: 0,82 kwh<\/em><\/li>\n<li><em>S\u1ed1 khoang lo\u0300 n\u01b0\u01a1\u0301ng : 1<\/em><\/li>\n<li><em>Ngu\u1ed3n nhi\u1ec7t: \u0110i\u1ec7n<\/em><\/li>\n<li><em>Th\u1ec3 t\u00edch khoang: 66 l<\/em><\/li>\n<li><em>V\u1eadt li\u1ec7u lo\u0300 n\u01b0\u01a1\u0301ng Bosch : Th\u00e9p kh\u00f4ng g\u1ec9<\/em><\/li>\n<li><em>Tr\u1ecdng l\u01b0\u1ee3ng t\u1ecbnh \/ kg): 32,0 kg<\/em><\/li>\n<li><em>Chi\u1ec1u d\u00e0i d\u00e2y cung c\u1ea5p \u0111i\u1ec7n (cm): 100<\/em><\/li>\n<li><em>\u0110i\u1ec7n \u00e1p (V): 220-240 V<\/em><\/li>\n<\/ul>\n<h3>\u0110\u0103\u0323c \u0111i\u00ea\u0309m n\u00f4\u0309i b\u00e2\u0323t cu\u0309a lo\u0300 n\u01b0\u01a1\u0301ng Bosch HBN559E1M<\/h3>\n<p>Khi ba\u0323n cho th\u01b0\u0323c ph\u00e2\u0309m va\u0300o\u00a0<strong>l\u00f2 n\u01b0\u1edbng Bosch HMH HBN559E1M<\/strong>\u00a0se\u0303 kh\u00f4ng bao gi\u01a1\u0300 bi\u0323 cha\u0301y ho\u0103\u0323c di\u0301nh va\u0300o b\u00ea\u0300 m\u0103\u0323t du\u0323ng cu\u0323 n\u00e2\u0301u n\u01b0\u01a1\u0301ng, t\u00e2\u0301t ca\u0309 nh\u01b0\u0303ng gi\u0300 ba\u0323n c\u00e2\u0300n chi\u0309 la\u0300 la\u0300m sa\u0323ch la\u0323i b\u0103\u0300ng n\u01b0\u01a1\u0301c.<\/p>\n<p><img title=\"lo-nuong-bosch-hmh-hbn559e1m-01\" src=\"https:\/\/bepvuson.vn\/Data\/upload\/images\/lo%CC%80%20n%C6%B0%C6%A1%CC%81ng\/MCSA02295435_405_HBA533BS0_FullSizeOven_Bosch_PGA3_def(1).jpg\" alt=\"lo-nuong-bosch-hmh-hbn559e1m-01\" \/><\/p>\n<ul>\n<li><em>Khi b\u1ea1n s\u1eed d\u1ee5ng ngu\u1ed3n \u0111i\u1ec7n kh\u00f4ng ph\u00f9 h\u1ee3p s\u1ebd c\u00f3 c\u1ea3nh b\u00e1o gi\u00fap b\u1ea1n c\u00f3 th\u1ec3 b\u1ea3o v\u1ec7 l\u00f2 n\u01b0\u1edbng. Ph\u00eda b\u00ean trong l\u00f2 c\u00f3 m\u1ed9t b\u00f3ng \u0111\u00e8n gi\u00fap ng\u01b0\u1eddi d\u00f9ng c\u00f3 th\u1ec3 quan s\u00e1t m\u1ed9t c\u00e1ch nhanh ch\u00f3ng c\u0169ng nh\u01b0 d\u1ec5 d\u00e0ng h\u01a1n bao gi\u1edd h\u1ebft.\u00a0<\/em><\/li>\n<li><em>Lo\u0300 n\u01b0\u01a1\u0301ng HMH HBN559E1M co\u0301 ca\u0301c\u00a0ch\u01b0\u01a1ng tr\u00ecnh n\u01b0\u01a1\u0301ng nh\u01b0 : N\u01b0\u1edbng \u0111\u1ed1i l\u01b0u, n\u01b0\u1edbng truy\u1ec1n th\u1ed1ng ti\u1ebft ki\u1ec7m, n\u01b0\u1edbng ng\u1eaft qu\u00e3ng, n\u01b0\u1edbng m\u1eb7t d\u01b0\u1edbi, n\u01b0\u1edbng n\u1eeda khay , n\u01b0\u1edbng nguy\u00ean khay, gi\u1eef no\u0301ng,&#8230; ba\u0323n co\u0301 th\u00ea\u0309 d\u00ea\u0303 da\u0300ng l\u01b0\u0323a cho\u0323n ch\u00ea\u0301 \u0111\u00f4\u0323 phu\u0300 h\u01a1\u0323p.<\/em><\/li>\n<li><em>M\u1ed9t h\u1ec7 th\u1ed1ng l\u00e0m m\u00e1t hi\u1ec7u qu\u1ea3 cao cu\u0309a lo\u0300 n\u01b0\u01a1\u0301ng Bosch\u00a0\u0111\u01b0\u1ee3c thi\u1ebft k\u1ebf \u0111\u1ec3 gi\u1eef cho nhi\u1ec7t \u0111\u1ed9 c\u1ee7a v\u00e1ch l\u00f2 gi\u1ea3m xu\u1ed1ng trong su\u1ed1t qu\u00e1 tr\u00ecnh n\u01b0\u1edbng (DC) c\u0169ng nh\u01b0 sau \u0111\u00f3 (DC+)\u0111\u1ec3 \u0111\u1ea3m b\u1ea3o cho m\u1eb7t ngo\u00e0i c\u1ee7a v\u00e1ch l\u00f2 lu\u00f4n m\u00e1t h\u01a1n \u0111\u00e1ng k\u1ec3.<\/em><\/li>\n<\/ul>\n<p><em>\u200b<img title=\"lo-nuong-bosch-hmh-hbn559e1m-02\" src=\"https:\/\/bepvuson.vn\/Data\/upload\/images\/lo%CC%80%20n%C6%B0%C6%A1%CC%81ng\/large_624_tu-lanh-bosch-premium-kad62p91(20).jpg\" alt=\"lo-nuong-bosch-hmh-hbn559e1m-02\" \/><\/em><\/p>\n<p><strong>Ch\u01b0\u0301c n\u0103ng lo\u0300 n\u01b0\u01a1\u0301ng HBN559E1M<\/strong><\/p>\n<ul>\n<li>L\u00f2 c\u00f3 ch\u1ee9c n\u0103ng s\u1ea5y n\u00f3ng \u0111\u1eb7c bi\u1ec7t: b\u1ea1n c\u00f3 th\u1ec3 n\u01b0\u1edbng ho\u00e0n h\u1ea3o l\u00ean \u0111\u1ebfn hai c\u1ea5p \u0111\u1ed9 \u0111\u1ed3ng th\u1eddi.<\/li>\n<li>C\u1eeda l\u1eadt thu\u1eadn ti\u1ec7n cho vi\u1ec7c m\u1edf v\u00e0 \u0111\u00f3ng c\u1eeda l\u00f2.<\/li>\n<li>C\u1ea5p hi\u1ec7u qu\u1ea3 n\u0103ng l\u01b0\u1ee3ng A: K\u1ebft qu\u1ea3 n\u01b0\u1edbng t\u1ed1t nh\u1ea5t v\u1edbi m\u1ee9c ti\u00eau hao n\u0103ng l\u01b0\u1ee3ng th\u1ea5p<\/li>\n<li>H\u1ec7 th\u1ed1ng s\u01b0\u1edfi \u1ea5m \u0111a ch\u1ee9c n\u0103ng (8 ch\u1ebf \u0111\u1ed9 l\u00e0m n\u00f3ng: C\u00e0i \u0111\u1eb7t Defrost, Nhi\u1ec7t \u0111\u00e1y \/ D\u01b0\u1edbi, C\u00e0i \u0111\u1eb7t Pizza, Nhi\u1ec7t \u0111\u00e1y, L\u00f2 n\u01b0\u1edbng kh\u00f4ng kh\u00ed n\u00f3ng, 3D n\u00f3ng,<\/li>\n<li>An to\u00e0n v\u1edbi kh\u00f3a tr\u1ebb em<\/li>\n<li>Khoang tr\u00e1ng men (m\u00e0u n\u00e2u)<\/li>\n<li>Ph\u1ee5 ki\u1ec7n: 1 x khay n\u01b0\u1edbng men, 1 x l\u01b0\u1edbi k\u1ebft h\u1ee3p, 1 x pan ph\u1ed5 d\u1ee5ng<\/li>\n<li>Qu\u1ea1t l\u00e0m m\u00e1t t\u00edch h\u1ee3p<\/li>\n<li>C\u1eeda l\u00f2 n\u01b0\u1edbng c\u00f3 th\u1ec3 th\u00e1o r\u1eddi d\u1ec5 d\u00e0ng lau ch\u00f9i<\/li>\n<\/ul>\n<p>S\u1ea3n ph\u1ea9m c\u00f3 gi\u00e1 c\u1ea3 kh\u00f4ng qu\u00e1 cao, ph\u00f9 h\u1ee3p v\u1edbi nhi\u1ec1u gia \u0111\u00ecnh Vi\u00ea\u0323t. N\u1ebfu gia \u0111\u00ecnh c\u00f3 kh\u00f4ng gian b\u1ebfp r\u1ed9ng v\u00e0 nhu c\u1ea7u n\u1ea5u n\u01b0\u1edbng cao th\u00ec\u00a0<strong>lo\u0300 n\u01b0\u01a1\u0301ng Bosch HMH HBN559E1M<\/strong>\u00a0x\u1ee9ng \u0111\u00e1ng l\u00e0 s\u1ef1 l\u1ef1a ch\u1ecdn ho\u00e0n h\u1ea3o.<\/p>\n<\/div>\n<\/div>\n","protected":false},"excerpt":{"rendered":"<p>T\u1ed5ng quan chung L\u00f2 N\u01b0\u1edbng BOSCH HMH HBN559E1M Lo\u0300 n\u01b0\u01a1\u0301ng Bosch HMH HBN559E1M la\u0300 sa\u0309n ph\u00e2\u0309m\u00a0nh\u1eadp kh\u1ea9u nguy\u00ean chi\u1ebfc t\u1eeb &hellip; <a class=\"link-more\" href=\"http:\/\/maudep.com.vn\/chuyengiadienmay\/?product=lo-nuong-bosch-hmh-hbn559e1m\" class=\"more-link\">\u0110\u1ecdc th\u00eam &raquo;<span class=\"screen-reader-text\"> &#8220;L\u00f2 N\u01b0\u1edbng BOSCH HMH HBN559E1M&#8221;<\/span><\/a><\/p>\n","protected":false},"featured_media":2523,"comment_status":"open","ping_status":"closed","template":"","meta":[],"_links":{"self":[{"href":"http:\/\/maudep.com.vn\/chuyengiadienmay\/index.php?rest_route=\/wp\/v2\/product\/2522"}],"collection":[{"href":"http:\/\/maudep.com.vn\/chuyengiadienmay\/index.php?rest_route=\/wp\/v2\/product"}],"about":[{"href":"http:\/\/maudep.com.vn\/chuyengiadienmay\/index.php?rest_route=\/wp\/v2\/types\/product"}],"replies":[{"embeddable":true,"href":"http:\/\/maudep.com.vn\/chuyengiadienmay\/index.php?rest_route=%2Fwp%2Fv2%2Fcomments&post=2522"}],"wp:featuredmedia":[{"embeddable":true,"href":"http:\/\/maudep.com.vn\/chuyengiadienmay\/index.php?rest_route=\/wp\/v2\/media\/2523"}],"wp:attachment":[{"href":"http:\/\/maudep.com.vn\/chuyengiadienmay\/index.php?rest_route=%2Fwp%2Fv2%2Fmedia&parent=2522"}],"curies":[{"name":"wp","href":"https:\/\/api.w.org\/{rel}","templated":true}]}}