{"id":2524,"date":"2019-01-08T10:03:49","date_gmt":"2019-01-08T03:03:49","guid":{"rendered":"http:\/\/maudep.com.vn\/chuyengiadienmay\/?post_type=product&#038;p=2524"},"modified":"2019-01-15T17:33:21","modified_gmt":"2019-01-15T10:33:21","slug":"lo-nuong-bosch-hbn531e1f","status":"publish","type":"product","link":"http:\/\/maudep.com.vn\/chuyengiadienmay\/?product=lo-nuong-bosch-hbn531e1f","title":{"rendered":"L\u00f2 n\u01b0\u1edbng Bosch HBN531E1F"},"content":{"rendered":"<h3 class=\"title\">T\u1ed5ng quan chung L\u00f2 n\u01b0\u1edbng Bosch HBN531E1F<\/h3>\n<div class=\"article-content\">\n<div class=\"js-content\">\n<h2>L\u00f2 n\u01b0\u1edbng Bosch HBN531E1F l\u00e0 lo\u1ea1i l\u00f2 n\u01b0\u1edbng \u0111\u1ed1i l\u01b0u l\u1eafp \u00e2m t\u1ee7 v\u1edbi thi\u1ebft k\u1ebf m\u00e0u inox k\u1ebft h\u1ee3p m\u1eb7t k\u00ednh \u0111en v\u00f4 c\u00f9ng sang tr\u1ecdng. L\u00f2 c\u00f3 8 ch\u1ee9c n\u0103ng n\u01b0\u1edbng chuy\u00ean nghi\u1ec7p v\u00e0 ch\u1ebf \u0111\u1ed9 ra nhi\u1ec7t chu\u1ea9n gi\u00fap b\u1ea1n c\u00f3 th\u1ec3 n\u01b0\u1edbng c\u00e1c m\u00f3n \u0103n th\u01a1m ngon v\u00e0 gi\u1eef \u0111\u00fang h\u01b0\u01a1ng v\u1ecb c\u1ee7a n\u00f3.<\/h2>\n<h3><strong>Dung t\u00edch lo\u0300 n\u01b0\u01a1\u0301ng HBN531E1F\u00a0l\u1edbn gi\u00fap n\u01b0\u1edbng \u0111\u01b0\u1ee3c nhi\u1ec1u \u0111\u1ed3 \u0103n c\u00f9ng l\u00fac<\/strong><\/h3>\n<p><strong>L\u00f2 n\u01b0\u1edbng Bosch HBN531E1F<\/strong>\u00a0co\u0301 dung ti\u0301ch 66 li\u0301t &#8211; ba\u0323n co\u0301 th\u00ea\u0309\u00a0s\u1eed d\u1ee5ng to\u00e0n b\u1ed9 chi\u1ec1u r\u1ed9ng v\u00e0 dung t\u00edch l\u1edbn c\u1ee7a l\u00f2.\u00a0S\u1ebd c\u00f3 th\u00eam nhi\u1ec1u kh\u00f4ng gian tr\u00ean m\u1ed7i khay n\u01b0\u1edbng v\u00e0 c\u00f4ng ngh\u1ec7 cao c\u1ea5p s\u1ebd \u0111\u1ea3m b\u1ea3o th\u1ee9c \u0103n \u0111\u01b0\u1ee3c n\u01b0\u1edbng ch\u00edn \u0111\u1ec1u tr\u00ean t\u1ea5t c\u1ea3 c\u00e1c m\u1ee9c \u0111\u00f3.<\/p>\n<p><img title=\"lo-nuong-bosch-hbn531e1f\" src=\"https:\/\/bepvuson.vn\/Data\/upload\/images\/lo%CC%80%20n%C6%B0%C6%A1%CC%81ng\/pRmKNrM1e1D_.jpg\" alt=\"lo-nuong-bosch-hbn531e1f\" \/><\/p>\n<ul>\n<li><em>L\u00f2 n\u01b0\u01a1\u0301ng c\u00f3 thi\u1ebft k\u1ebf tay n\u1eafm m\u1edf ra ph\u00eda tr\u01b0\u1edbc d\u1ec5 d\u00e0ng v\u00e0 ti\u1ec7n l\u1ee3i. Khoang l\u00f2 c\u00f3 dung t\u00edch l\u1edbn l\u00ean \u0111\u1ebfn 66L, gi\u00fap b\u1ea1n c\u00f3 th\u1ec3 n\u01b0\u1edbng \u0111\u01b0\u1ee3c nhi\u1ec1u \u0111\u1ed3 \u0103n c\u00f9ng l\u00fac.<\/em><\/li>\n<li><em>C\u1eeda l\u00f2 n\u01b0\u1edbng \u0111\u01b0\u1ee3c c\u00e1ch nhi\u1ec7t ho\u00e0n h\u1ea3o \u0111\u1ea3m b\u1ea3o ch\u1ea5t l\u01b0\u1ee3ng t\u1ed1i \u0111a cho vi\u1ec7c n\u1ea5u n\u01b0\u1edbng, hi\u1ec7u qu\u1ea3 t\u1ef1 l\u00e0m s\u1ea1ch c\u0169ng nh\u01b0 ti\u1ebft ki\u1ec7m \u0111i\u1ec7n n\u0103ng, do \u0111\u00f3 h\u1ea1n ch\u1ebf vi\u1ec7c t\u1ed5n th\u1ea5t nhi\u1ec7t l\u01b0\u1ee3ng.<\/em><\/li>\n<li><em>Nh\u1edd v\u00e0o h\u1ec7 th\u1ed1ng c\u1eeda g\u1ed3m nhi\u1ec1u l\u1edbp k\u00ednh c\u00e1ch nhi\u1ec7t, m\u00e1t l\u1ea1nh, lo\u0300 n\u01b0\u01a1\u0301ng Bosch\u00a0mang \u0111\u1ebfn s\u1ef1 an to\u00e0n, tr\u00e1nh b\u1ecb b\u1ecfng khi ch\u1ea1m v\u00e0o c\u00e1nh c\u1eeda.<\/em><\/li>\n<\/ul>\n<p><em>\u200b<img title=\"lo-nuong-bosch-hbn531e1f-01\" src=\"https:\/\/bepvuson.vn\/Data\/upload\/images\/lo%CC%80%20n%C6%B0%C6%A1%CC%81ng\/lo-nuongHBN231E2-4.jpg\" alt=\"lo-nuong-bosch-hbn531e1f-01\" \/><\/em><\/p>\n<h3><strong>Lo\u0300 n\u01b0\u01a1\u0301ng HBN531E1F co\u0301\u00a0nhi\u1ec1u ch\u1ee9c n\u0103ng n\u01b0\u1edbng cho b\u1ea1n tho\u1ea3i m\u00e1i l\u1ef1a ch\u1ecdn<\/strong><\/h3>\n<p><strong>L\u00f2 n\u01b0\u1edbng Bosch HBN531E1F<\/strong>\u00a0co\u0301\u00a0ch\u1ee9c n\u0103ng StayWarm gi\u1eef cho nhi\u1ec7t \u0111\u1ed9 th\u1ee9c \u0103n lu\u00f4n kh\u00f4ng \u0111\u1ed5i t\u1ea1i 70\u02daC cho \u0111\u1ebfn khi \u0111\u01b0\u1ee3c mang ra ph\u1ee5c v\u1ee5. Th\u1ee9c \u0103n s\u1ebd v\u1eabn gi\u1eef \u0111\u01b0\u1ee3c \u0111\u1ed9 n\u00f3ng v\u00e0 h\u01b0\u01a1ng v\u1ecb ban \u0111\u1ea7u.<\/p>\n<p><img title=\"lo-nuong-bosch-hbn531e1f-02\" src=\"https:\/\/bepvuson.vn\/Data\/upload\/images\/lo%CC%80%20n%C6%B0%C6%A1%CC%81ng\/lo-nuong-am-tu-bosch-hbn531e1f-bang-dieu-khien.jpg\" alt=\"lo-nuong-bosch-hbn531e1f-02\" \/><\/p>\n<ul>\n<li><em>H\u1ec7 th\u1ed1ng b\u1ea3ng \u0111i\u1ec1u khi\u1ec3n c\u01a1 l\u1ef1a ch\u1ecdn ch\u1ee9c n\u0103ng n\u01b0\u1edbng v\u00e0 nhi\u1ec7t \u0111\u1ed9 d\u1ec5 d\u00e0ng ch\u00ednh x\u00e1c, c\u00e1c n\u00fat \u0111i\u1ec1u khi\u1ec3n cu\u0309a lo\u0300 n\u01b0\u01a1\u0301ng Bosch\u00a0k\u00ea\u0301t h\u01a1\u0323p v\u1edbi m\u00e0n h\u00ecnh LCD c\u00f3 \u0111\u00e8n hi\u1ec3n th\u1ecb ch\u1ee9c n\u0103ng, th\u1eddi gian v\u00e0 c\u00f4ng su\u1ea5t.<\/em><\/li>\n<li><em>Lo\u0300 n\u01b0\u01a1\u0301ng Bosch\u00a0v\u1edbi 8 ch\u1ee9c n\u0103ng n\u01b0\u1edbng: n\u01b0\u01a1\u0301ng tr\u00ean n\u01b0\u01a1\u0301ng d\u01b0\u01a1\u0301i k\u00ea\u0301t h\u01a1\u0323p, n\u01b0\u01a1\u0301ng tr\u00ean n\u01b0\u01a1\u0301ng d\u01b0\u01a1\u0301i co\u0301 qua\u0323t, n\u01b0\u01a1\u0301ng d\u01b0\u01a1\u0301i kh\u00f4ng qua\u0323t, n\u01b0\u01a1\u0301ng tr\u00ean co\u0301 qua\u0323t, n\u01b0\u01a1\u0301ng tr\u00ean, n\u01b0\u01a1\u0301ng tr\u00ean c\u00f4ng su\u00e2\u0301t be\u0301.<\/em><\/li>\n<li><em>H\u1ec7 th\u1ed1ng qu\u1ea1t t\u1ea3n nhi\u1ec7t gi\u00fap ph\u00e2n ph\u1ed1i nhi\u1ec7t \u0111\u1ed3ng \u0111\u1ec1u b\u00ean trong l\u00f2 n\u01b0\u01a1\u0301ng\u00a0\u0111\u1ea3m b\u1ea3o qu\u00e1 tr\u00ecnh n\u01b0\u1edbng th\u1ef1c ph\u1ea9m ngon, \u0111\u1eb9p m\u1eaft.<\/em><\/li>\n<li><em>T\u00ednh n\u0103ng h\u1eb9n gi\u1edd \u0111i\u1ec7n t\u1eed \u0111i\u1ec1u khi\u1ec3n b\u1eb1ng c\u1ea3m bi\u1ebfn \u0111\u01b0\u01a1\u0323c ti\u0301ch h\u01a1\u0323p\u00a0trong\u00a0l\u00f2 n\u01b0\u1edbng Bosch HBN531E1F. Vi\u1ec7c \u0111i\u1ec1u khi\u1ec3n b\u1eb1ng c\u1ea3m bi\u1ebfn s\u1ebd cho ph\u00e9p b\u1ea1n thi\u1ebft l\u1eadp th\u1eddi gian n\u01b0\u1edbng v\u00e0 ch\u1ecdn m\u1ee9c nhi\u1ec7t \u0111\u1ed9 th\u00edch h\u1ee3p, \u0111i\u1ec1u n\u00e0y c\u00f3 th\u1ec3 \u0111\u01b0\u1ee3c gi\u00e1m s\u00e1t tr\u00ean m\u00e0n h\u00ecnh \u0111i\u1ec1u khi\u1ec3n trong su\u1ed1t th\u1eddi gian n\u1ea5u n\u01b0\u1edbng.<\/em><\/li>\n<\/ul>\n<p>S\u1ea3n ph\u1ea9m c\u00f3 gi\u00e1 c\u1ea3 kh\u00f4ng qu\u00e1 cao, ph\u00f9 h\u1ee3p v\u1edbi nhi\u1ec1u gia \u0111\u00ecnh Vi\u00ea\u0323t. N\u1ebfu gia \u0111\u00ecnh c\u00f3 kh\u00f4ng gian b\u1ebfp r\u1ed9ng v\u00e0 nhu c\u1ea7u n\u1ea5u n\u01b0\u1edbng cao th\u00ec\u00a0<strong>lo\u0300 n\u01b0\u01a1\u0301ng Bosch HBN531E1F<\/strong>\u00a0x\u1ee9ng \u0111\u00e1ng l\u00e0 s\u1ef1 l\u1ef1a ch\u1ecdn ho\u00e0n h\u1ea3o.<\/p>\n<\/div>\n<\/div>\n","protected":false},"excerpt":{"rendered":"<p>T\u1ed5ng quan chung L\u00f2 n\u01b0\u1edbng Bosch HBN531E1F L\u00f2 n\u01b0\u1edbng Bosch HBN531E1F l\u00e0 lo\u1ea1i l\u00f2 n\u01b0\u1edbng \u0111\u1ed1i l\u01b0u l\u1eafp \u00e2m t\u1ee7 &hellip; <a class=\"link-more\" href=\"http:\/\/maudep.com.vn\/chuyengiadienmay\/?product=lo-nuong-bosch-hbn531e1f\" class=\"more-link\">\u0110\u1ecdc th\u00eam &raquo;<span class=\"screen-reader-text\"> &#8220;L\u00f2 n\u01b0\u1edbng Bosch HBN531E1F&#8221;<\/span><\/a><\/p>\n","protected":false},"featured_media":2525,"comment_status":"open","ping_status":"closed","template":"","meta":[],"_links":{"self":[{"href":"http:\/\/maudep.com.vn\/chuyengiadienmay\/index.php?rest_route=\/wp\/v2\/product\/2524"}],"collection":[{"href":"http:\/\/maudep.com.vn\/chuyengiadienmay\/index.php?rest_route=\/wp\/v2\/product"}],"about":[{"href":"http:\/\/maudep.com.vn\/chuyengiadienmay\/index.php?rest_route=\/wp\/v2\/types\/product"}],"replies":[{"embeddable":true,"href":"http:\/\/maudep.com.vn\/chuyengiadienmay\/index.php?rest_route=%2Fwp%2Fv2%2Fcomments&post=2524"}],"wp:featuredmedia":[{"embeddable":true,"href":"http:\/\/maudep.com.vn\/chuyengiadienmay\/index.php?rest_route=\/wp\/v2\/media\/2525"}],"wp:attachment":[{"href":"http:\/\/maudep.com.vn\/chuyengiadienmay\/index.php?rest_route=%2Fwp%2Fv2%2Fmedia&parent=2524"}],"curies":[{"name":"wp","href":"https:\/\/api.w.org\/{rel}","templated":true}]}}