{"id":2526,"date":"2019-01-08T10:08:14","date_gmt":"2019-01-08T03:08:14","guid":{"rendered":"http:\/\/maudep.com.vn\/chuyengiadienmay\/?post_type=product&#038;p=2526"},"modified":"2019-01-15T17:33:59","modified_gmt":"2019-01-15T10:33:59","slug":"lo-nuong-bosch-hbn532e5","status":"publish","type":"product","link":"http:\/\/maudep.com.vn\/chuyengiadienmay\/?product=lo-nuong-bosch-hbn532e5","title":{"rendered":"L\u00f2 n\u01b0\u1edbng Bosch HBN532E5"},"content":{"rendered":"<h3 class=\"title\">T\u1ed5ng quan chung L\u00f2 n\u01b0\u1edbng Bosch HBN532E5<\/h3>\n<div class=\"article-content\">\n<div class=\"js-content\">\n<h2>Ba\u0323n mu\u00f4\u0301n mua m\u00f4\u0323t chi\u00ea\u0301c lo\u0300 n\u01b0\u01a1\u0301ng gia\u0301 pha\u0309i ch\u0103ng nh\u01b0ng ti\u0301ch h\u01a1\u0323p \u0111u\u0309 ca\u0301c ch\u01b0\u0301c n\u0103ng n\u00e2\u0301u \u0103n, lo\u0300 n\u01b0\u01a1\u0301ng Bosch HBN532E5 se\u0303 th\u01b0\u0323c hi\u00ea\u0323n t\u00e2\u0301t ca\u0309 nh\u01b0\u0303ng y\u00eau c\u00e2\u0300u cu\u0309a ba\u0323n. V\u1edbi 8 ch\u1ee9c n\u0103ng n\u01b0\u1edbng nh\u01b0 n\u01b0\u01a1\u0301ng tr\u00ean n\u01b0\u01a1\u0301ng d\u01b0\u01a1\u0301i k\u00ea\u0301t h\u01a1\u0323p, n\u01b0\u01a1\u0301ng tr\u00ean n\u01b0\u01a1\u0301ng d\u01b0\u01a1\u0301i co\u0301 qua\u0323t, n\u01b0\u01a1\u0301ng d\u01b0\u01a1\u0301i kh\u00f4ng qua\u0323t, n\u01b0\u01a1\u0301ng tr\u00ean co\u0301 qua\u0323t, n\u01b0\u01a1\u0301ng tr\u00ean, n\u01b0\u01a1\u0301ng tr\u00ean c\u00f4ng su\u00e2\u0301t be\u0301 &#8211; co\u0301 th\u00ea\u0309 no\u0301i\u00a0\u0111\u00e2y la\u0300 thi\u00ea\u0301t bi\u0323 kh\u00f4ng th\u00ea\u0309 bo\u0309 qua.<\/h2>\n<h3><strong>Lo\u0300 n\u01b0\u01a1\u0301ng HBN532E5 ch\u00ea\u0301 bi\u00ea\u0301n tha\u0300nh c\u00f4ng ca\u0301c mo\u0301n \u0103n<\/strong><\/h3>\n<p>Ch\u1ec9 v\u1edbi m\u1ed9t l\u1ea7n nh\u1ea5n,<strong> l\u00f2 n\u01b0\u1edbng Bosch HBN532E5<\/strong>\u00a0s\u1ebd t\u1ef1 \u0111\u1ed9ng thi\u1ebft l\u1eadp ch\u1ebf \u0111\u1ed9 n\u1ea5u n\u01b0\u1edbng v\u00e0 nhi\u1ec7t \u0111\u1ed9 ph\u00f9 h\u1ee3p v\u1edbi ch\u1ebf \u0111\u1ed9 n\u01b0\u1edbng Easycook v\u00e0 Assisted Cooking, mang \u0111\u1ebfn cho b\u1ea1n m\u00f3n ngon ho\u00e0n h\u1ea3o t\u1eeb m\u00e0u s\u1eafc \u0111\u1ebfn m\u00f9i v\u1ecb.<\/p>\n<p><img title=\"lo-nuong-bosch-hbn532e5\" src=\"https:\/\/bepvuson.vn\/Data\/upload\/images\/lo%CC%80%20n%C6%B0%C6%A1%CC%81ng\/cai-dat-lo-nuong-bosch-bepdongduong.jpg\" alt=\"lo-nuong-bosch-hbn532e5\" \/><\/p>\n<ul>\n<li><em>Ngoa\u0300i ra, lo\u0300 n\u01b0\u01a1\u0301ng Bosch \u0111a\u0323t t\u01a1\u0301i nhi\u00ea\u0323t \u0111\u00f4\u0323 270 \u0111\u00f4\u0323 C chi\u0309 trong th\u01a1\u0300i gian ng\u0103\u0301n,\u00a0ti\u1ebft ki\u1ec7m t\u1edbi 30% th\u1eddi gian so v\u1edbi b\u00ecnh th\u01b0\u1eddng. \u0110i\u1ec1u n\u00e0y r\u1ea5t c\u00f3 \u00edch \u0111\u1ed1i v\u1edbi c\u00e1c c\u00f4ng th\u1ee9c n\u1ea5u \u0103n c\u1ea7n nhi\u1ec7t \u0111\u1ed9 n\u00f3ng s\u1eb5n. S\u1ebd c\u00f3 \u0111\u00e8n v\u00e0 t\u00edn hi\u1ec7u \u00e2m thanh th\u00f4ng b\u00e1o khi l\u00f2 \u0111\u1ea1t \u0111\u1ebfn nhi\u1ec7t \u0111\u1ed9 y\u00eau c\u1ea7u.<\/em><\/li>\n<li><em>Ch\u01b0\u0301c n\u0103ng gi\u01b0\u0303 \u00e2\u0301m cu\u0309a lo\u0300 n\u01b0\u01a1\u0301ng Bosch se\u0303 giu\u0301p cho vi\u00ea\u0323c n\u00e2\u0301u \u0103n tr\u01a1\u0309 n\u00ean chuy\u00ean nghi\u00ea\u0323p h\u01a1n, ch\u00ea\u0301 \u0111\u00f4\u0323 na\u0300y\u00a0\u00a0s\u1ebd gi\u00fap cho th\u1ee9c \u0103n kh\u00f4ng b\u1ecb m\u1ea5t \u0111i h\u01b0\u01a1ng v\u1ecb v\u1ed1n c\u00f3 c\u1ee7a n\u00f3: t\u1eeb c\u00e1c m\u00f3n s\u00fap, m\u00ec \u1ed1ng, m\u00ec s\u1ee3i \u0111\u1ebfn c\u00e1c c\u00e1c m\u00f3n rau h\u1ea5p.\u00a0<\/em><\/li>\n<li><em>Khay n\u01b0\u1edbng r\u1ed9ng\u00a0c\u00f3 th\u1ec3 s\u1eed d\u1ee5ng to\u00e0n b\u1ed9 chi\u1ec1u r\u1ed9ng v\u00e0 dung t\u00edch l\u1edbn c\u1ee7a l\u00f2 n\u01b0\u01a1\u0301ng . S\u1ebd c\u00f3 th\u00eam nhi\u1ec1u kh\u00f4ng gian tr\u00ean m\u1ed7i khay n\u01b0\u1edbng v\u00e0 c\u00f4ng ngh\u1ec7 cao c\u1ea5p s\u1ebd \u0111\u1ea3m b\u1ea3o th\u1ee9c \u0103n \u0111\u01b0\u1ee3c n\u01b0\u1edbng ch\u00edn \u0111\u1ec1u tr\u00ean t\u1ea5t c\u1ea3 c\u00e1c m\u1ee9c \u0111\u00f3.<\/em><\/li>\n<li><em>C\u00e1c ch\u01b0\u01a1ng tr\u00ecnh m\u1eb7c \u0111\u1ecbnh cu\u0309a lo\u0300 n\u01b0\u01a1\u0301ng Bosch\u00a0s\u1ebd t\u1ef1 \u0111\u1ed9ng thi\u1ebft l\u1eadp nhi\u1ec7t \u0111\u1ed9, th\u1eddi gian v\u00e0 k\u1ebft h\u1ee3p c\u00e1c y\u1ebfu t\u1ed1 nhi\u1ec7t. Nh\u1eefng bi\u1ec3u t\u01b0\u1ee3ng l\u1edbn, d\u1ec5 hi\u1ec3u, gi\u00fap vi\u1ec7c s\u1eed d\u1ee5ng \u0111\u01a1n gi\u1ea3n h\u01a1n, b\u1ea1n c\u00f3 th\u1ec3 t\u1ef1 do thi\u1ebft l\u1eadp t\u1ea5t c\u1ea3 c\u00e1c th\u00f4ng s\u1ed1 (nhi\u1ec7t \u0111\u1ed9, th\u1eddi gian, que th\u0103m th\u1ecbt, y\u1ebfu t\u1ed1 nhi\u1ec7t) theo s\u1edf th\u00edch v\u00e0 kh\u1ea3 n\u0103ng c\u1ee7a b\u1ea1n.<\/em><\/li>\n<li><em>H\u1ec7 th\u1ed1ng qu\u1ea1t t\u1ea3n nhi\u1ec7t gi\u00fap ph\u00e2n ph\u1ed1i nhi\u1ec7t \u0111\u1ed3ng \u0111\u1ec1u b\u00ean trong l\u00f2 \u0111\u1ea3m b\u1ea3o qu\u00e1 tr\u00ecnh n\u01b0\u1edbng \u0111\u01b0\u1ee3c th\u1ef1c ph\u1ea9m \u0111\u01b0\u1ee3c ngon nh\u1ea5t.<\/em><\/li>\n<\/ul>\n<p><em>\u200b<img title=\"lo-nuong-bosch-hbn532e5-01\" src=\"https:\/\/bepvuson.vn\/Data\/upload\/images\/lo%CC%80%20n%C6%B0%C6%A1%CC%81ng\/lo-nuong-am-tu-mua-o-dau.jpg\" alt=\"lo-nuong-bosch-hbn532e5-01\" \/><\/em><\/p>\n<h3><strong>Th\u00f4ng s\u1ed1 k\u0129 thu\u1eadt lo\u0300 n\u01b0\u01a1\u0301ng HBN532E5<\/strong><\/h3>\n<p>D\u01b0\u01a1\u0301i \u0111\u00e2y se\u0303 la\u0300 th\u00f4ng s\u00f4\u0301 ky\u0303 thu\u00e2\u0323t\u00a0<strong>l\u00f2 n\u01b0\u1edbng Bosch HBN532E5<\/strong>, giu\u0301p ba\u0323n hi\u00ea\u0309u chi ti\u00ea\u0301t h\u01a1n v\u00ea\u0300 sa\u0309n ph\u00e2\u0309m cu\u0303ng nh\u01b0 ki\u0301ch th\u01b0\u01a1\u0301c l\u0103\u0301p \u0111\u0103\u0323t \u0111o \u0111a\u0323c chi\u0301nh xa\u0301c nh\u00e2\u0301t cho gian b\u00ea\u0301p gia \u0111i\u0300nh ba\u0323n.<\/p>\n<p><img title=\"lo-nuong-bosch-hbn532e5-02\" src=\"https:\/\/bepvuson.vn\/Data\/upload\/images\/lo%CC%80%20n%C6%B0%C6%A1%CC%81ng\/MCSA00836794_472334_13_HBG632BS1_def.jpg\" alt=\"lo-nuong-bosch-hbn532e5-02\" \/><\/p>\n<ul>\n<li><em>Ch\u01b0\u01a1ng tr\u00ecnh n\u01b0\u1edbng: 8<\/em><\/li>\n<li><em>C\u00f4ng su\u1ea5t c\u1ee7a lo\u0300 n\u01b0\u01a1\u0301ng\u00a0l\u00e0: 2,900 W<\/em><\/li>\n<li><em>Hi\u1ec7u su\u1ea5t n\u0103ng l\u01b0\u1ee3ng : 0,89kW\/h<\/em><\/li>\n<li><em>Dung t\u00edch khoang lo\u0300 n\u01b0\u01a1\u0301ng Bosch : 66 li\u0301t .<\/em><\/li>\n<li><em>K\u00edch th\u01b0\u1edbc s\u1ea3n ph\u1ea9m (C x R x S) :\u00a0\u00a0595 x 595 x 548 mm.<\/em><\/li>\n<li><em>K\u00edch th\u01b0\u1edbc l\u1eafp \u0111\u1eb7t :\u00a0\u00a0575-597 x 560 x 550 mm.<\/em><\/li>\n<\/ul>\n<p>S\u1ea3n ph\u1ea9m c\u00f3 gi\u00e1 c\u1ea3 kh\u00f4ng qu\u00e1 cao, ph\u00f9 h\u1ee3p v\u1edbi nhi\u1ec1u gia \u0111\u00ecnh Vi\u00ea\u0323t. N\u1ebfu gia \u0111\u00ecnh c\u00f3 kh\u00f4ng gian b\u1ebfp r\u1ed9ng v\u00e0 nhu c\u1ea7u n\u1ea5u n\u01b0\u1edbng cao th\u00ec\u00a0<strong>lo\u0300 n\u01b0\u01a1\u0301ng Bosch HBN532E5<\/strong>\u00a0x\u1ee9ng \u0111\u00e1ng l\u00e0 s\u1ef1 l\u1ef1a ch\u1ecdn ho\u00e0n h\u1ea3o.<\/p>\n<\/div>\n<\/div>\n","protected":false},"excerpt":{"rendered":"<p>T\u1ed5ng quan chung L\u00f2 n\u01b0\u1edbng Bosch HBN532E5 Ba\u0323n mu\u00f4\u0301n mua m\u00f4\u0323t chi\u00ea\u0301c lo\u0300 n\u01b0\u01a1\u0301ng gia\u0301 pha\u0309i ch\u0103ng nh\u01b0ng ti\u0301ch h\u01a1\u0323p &hellip; <a class=\"link-more\" href=\"http:\/\/maudep.com.vn\/chuyengiadienmay\/?product=lo-nuong-bosch-hbn532e5\" class=\"more-link\">\u0110\u1ecdc th\u00eam &raquo;<span class=\"screen-reader-text\"> &#8220;L\u00f2 n\u01b0\u1edbng Bosch HBN532E5&#8221;<\/span><\/a><\/p>\n","protected":false},"featured_media":2527,"comment_status":"open","ping_status":"closed","template":"","meta":[],"_links":{"self":[{"href":"http:\/\/maudep.com.vn\/chuyengiadienmay\/index.php?rest_route=\/wp\/v2\/product\/2526"}],"collection":[{"href":"http:\/\/maudep.com.vn\/chuyengiadienmay\/index.php?rest_route=\/wp\/v2\/product"}],"about":[{"href":"http:\/\/maudep.com.vn\/chuyengiadienmay\/index.php?rest_route=\/wp\/v2\/types\/product"}],"replies":[{"embeddable":true,"href":"http:\/\/maudep.com.vn\/chuyengiadienmay\/index.php?rest_route=%2Fwp%2Fv2%2Fcomments&post=2526"}],"wp:featuredmedia":[{"embeddable":true,"href":"http:\/\/maudep.com.vn\/chuyengiadienmay\/index.php?rest_route=\/wp\/v2\/media\/2527"}],"wp:attachment":[{"href":"http:\/\/maudep.com.vn\/chuyengiadienmay\/index.php?rest_route=%2Fwp%2Fv2%2Fmedia&parent=2526"}],"curies":[{"name":"wp","href":"https:\/\/api.w.org\/{rel}","templated":true}]}}