{"id":2528,"date":"2019-01-08T10:16:25","date_gmt":"2019-01-08T03:16:25","guid":{"rendered":"http:\/\/maudep.com.vn\/chuyengiadienmay\/?post_type=product&#038;p=2528"},"modified":"2019-01-15T17:37:37","modified_gmt":"2019-01-15T10:37:37","slug":"lo-nuong-bosch-zelmer-zeo32f5151","status":"publish","type":"product","link":"http:\/\/maudep.com.vn\/chuyengiadienmay\/?product=lo-nuong-bosch-zelmer-zeo32f5151","title":{"rendered":"L\u00f2 n\u01b0\u1edbng Bosch Zelmer ZEO32F5151"},"content":{"rendered":"<h3 class=\"title\">T\u1ed5ng quan chung L\u00f2 n\u01b0\u1edbng Bosch Zelmer ZEO32F5151<\/h3>\n<div class=\"article-content\">\n<div class=\"js-content\">\n<h2>Lo\u0300 n\u01b0\u01a1\u0301ng Bosch\u00a0\u00a0Zelmer ZEO32F5151\u00a0v\u01a1\u0301i\u00a0thi\u1ebft k\u1ebf\u00a0ki\u1ec3u d\u00e1ng hi\u1ec7n \u0111\u1ea1i, m\u00e0u s\u1eafc sang tr\u1ecdng v\u1edbi 6 ch\u1ee9c n\u0103ng n\u01b0\u1edbng \u0111\u1eb7c bi\u1ec7t n\u00fat \u0111i\u1ec1u khi\u1ec3n \u0111\u01b0\u1ee3c thi\u1ebft k\u1ebf POP-UP g\u1ecdn g\u00e0ng ti\u1ec7n l\u1ee3i. C\u00e1nh c\u1eeda \u0111\u01b0\u1ee3c thi\u1ebft k\u1ebf gi\u1ea3m ch\u1ea5n hi\u1ec7n \u0111\u1ea1i cao c\u1ea5p, khoang l\u00f2 \u0111\u01b0\u1ee3c ph\u1ee7 m\u1ed9t l\u1edbp men gi\u00fap l\u00e0m s\u1ea1ch d\u1ec5 d\u00e0ng.<\/h2>\n<h3><strong>\u0110a\u0301nh gia\u0301 chi ti\u00ea\u0301t sa\u0309n ph\u00e2\u0309m lo\u0300 n\u01b0\u01a1\u0301ng Bosch ZEO32F5151<\/strong><\/h3>\n<p><strong>L\u00f2 n\u01b0\u1edbng Bosch Zelmer ZEO32F5151<\/strong>\u00a0l\u00e0 lo\u1ea1i l\u00f2 n\u01b0\u1edbng \u0111\u1ed1i l\u01b0u l\u1eafp \u00e2m t\u1ee7 v\u1edbi thi\u1ebft k\u1ebf m\u00e0u inox k\u1ebft h\u1ee3p m\u1eb7t k\u00ednh \u0111en v\u00f4 c\u00f9ng sang tr\u1ecdng, Ch\u01b0\u01a1ng tr\u00ecnh kh\u00f3a t\u00ednh n\u0103ng th\u00f4ng minh tay n\u1eafm m\u1edf ra ph\u00eda tr\u01b0\u1edbc d\u1ec5 d\u00e0ng v\u00e0 ti\u1ec7n l\u1ee3i.<\/p>\n<p><img title=\"lo-nuong-bosch-zelmer-zeo32f5151\" src=\"https:\/\/bepvuson.vn\/Data\/upload\/images\/lo%CC%80%20n%C6%B0%C6%A1%CC%81ng\/1538399414041_9395663.png\" alt=\"lo-nuong-bosch-zelmer-zeo32f5151\" \/><\/p>\n<ul>\n<li><em>Ba\u0323n\u00a0c\u00f3 th\u1ec3 \u0111i\u1ec1u ch\u1ec9nh ph\u1ea1m vi nhi\u1ec7t \u0111\u1ed9 cu\u0309a lo\u0300 n\u01b0\u01a1\u0301ng t\u1eeb 50 \u00b0 C \u0111\u1ebfn 270 \u00b0 C. \u0110\u1ec3 thu\u1eadn ti\u1ec7n, tr\u00ean l\u00f2 c\u00f3 m\u1ed9t \u0111\u1ed3ng h\u1ed3 \u0111i\u1ec7n t\u1eed, v\u00e0 n\u1ed9i th\u1ea5t \u0111\u01b0\u1ee3c chi\u1ebfu s\u00e1ng b\u1eb1ng \u0111\u00e8n, khoang l\u00f2 \u0111\u01b0\u1ee3c ph\u1ee7 m\u1ed9t l\u1edbp men gi\u00fap l\u00e0m s\u1ea1ch d\u1ec5 d\u00e0ng.<\/em><\/li>\n<li><em>C\u00f3 dung t\u00edch l\u1edbn 66L c\u00f3 th\u1ec3 n\u01b0\u1edbng nhi\u1ec1u \u0111\u1ed3 \u0103n c\u00f9ng l\u00fac. C\u1eeda l\u00f2 n\u01b0\u1edbng \u0111\u01b0\u1ee3c c\u00e1ch nhi\u1ec7t nh\u1edd v\u00e0o h\u1ec7 th\u1ed1ng c\u1eeda g\u1ed3m nhi\u1ec1u l\u1edbp k\u00ednh c\u00e1ch nhi\u1ec7t, m\u00e1t l\u1ea1nh mang \u0111\u1ebfn s\u1ef1 an to\u00e0n, tr\u00e1nh b\u1ecb b\u1ecfng khi ch\u1ea1m v\u00e0o c\u00e1nh c\u1eeda.<\/em><\/li>\n<li><em>Ke\u0301t n\u01b0\u01a1\u0301c cu\u0309a lo\u0300 n\u01b0\u01a1\u0301ng Bosch co\u0301 dung ti\u0301ch l\u01a1\u0301n, b\u1ea1n c\u00f3 th\u1ec3 d\u1ec5 d\u00e0ng th\u00e1o l\u1eafp k\u00e9t n\u01b0\u1edbc ngay c\u1ea3 khi l\u00f2 \u0111ang ho\u1ea1t \u0111\u1ed9ng m\u00e0 kh\u00f4ng h\u1ec1 l\u00e0m gi\u00e1n \u0111o\u1ea1n qu\u00e1 tr\u00ecnh h\u1ea5p.\u00a0Ti\u1ec7n l\u1ee3i h\u01a1n, b\u1ea1n c\u00f3 th\u1ec3 d\u1ec5 d\u00e0ng th\u00e1o ra v\u00e0 l\u00e0m s\u1ea1ch k\u00e9t n\u01b0\u1edbc b\u1eb1ng m\u00e1y r\u1eeda b\u00e1t.<\/em><\/li>\n<li><em>B\u00ean trong lo\u0300 n\u01b0\u01a1\u0301ng Bosch co\u0301\u00a0kh\u00ed n\u00f3ng th\u1ed5i t\u1ef1 do, ph\u00e2n ph\u1ed1i \u0111\u1ec1u kh\u1eafp l\u00f2, ho\u00e0n to\u00e0n bao tr\u00f9m \u0111\u01b0\u1ee3c h\u1ebft th\u1ef1c ph\u1ea9m. \u1ee8ng d\u1ee5ng h\u1ec7 th\u1ed1ng thanh \u0111\u1ed1t 3D v\u1edbi thanh \u0111\u1ed1t l\u1edbn \u1edf v\u00f2ng ph\u00eda ngo\u00e0i, thanh \u0111\u1ed1t nh\u1ecf \u1edf v\u00f2ng trong c\u00f9ng v\u1edbi qu\u1ea1t \u0111\u1ed1i l\u01b0u 360\u00b0, vi\u1ec7c n\u01b0\u1edbng lu\u00f4n \u0111\u01b0\u1ee3c th\u1ef1c hi\u1ec7n m\u1ed9t c\u00e1ch ho\u00e0n h\u1ea3o.<\/em><\/li>\n<\/ul>\n<p><em>\u200b<img title=\"lo-nuong-bosch-zelmer-zeo32f5151-01\" src=\"https:\/\/bepvuson.vn\/Data\/upload\/images\/lo%CC%80%20n%C6%B0%C6%A1%CC%81ng\/11581795336222.jpg\" alt=\"lo-nuong-bosch-zelmer-zeo32f5151-01\" \/><\/em><\/p>\n<h3><strong>\u01afu \u0111i\u00ea\u0309m n\u00f4\u0309i b\u00e2\u0323t cu\u0309a lo\u0300 n\u01b0\u01a1\u0301ng\u00a0Zelmer ZEO32F5151<\/strong><\/h3>\n<p>\u0110\u00ea\u0301n v\u01a1\u0301i\u00a0<strong>l\u00f2 n\u01b0\u1edbng Bosch Zelmer ZEO32F5151<\/strong>\u00a0, c\u00e1c m\u00f3n \u0103n \u0111\u01b0\u1ee3c n\u01b0\u1edbng \u0111\u1ec1u, gi\u00f2n, ru\u1ed9t b\u00e1nh m\u1ef3 m\u1ec1m v\u1edbi l\u1edbp v\u1ecf b\u00ean ngo\u00e0i ho\u00e0n h\u1ea3o, c\u00e1c m\u00f3n \u0103n kh\u00e1c nhau s\u1ebd \u0111\u01b0\u1ee3c n\u01b0\u1edbng b\u1eb1ng nh\u1eefng c\u00e1ch m\u00e0 tr\u01b0\u1edbc \u0111\u00f3 b\u1ea1n ch\u1ec9 c\u00f3 th\u1ec3 ngh\u0129 \u0111\u1ebfn trong m\u01a1.<\/p>\n<p><img title=\"lo-nuong-bosch-zelmer-zeo32f5151-02\" src=\"https:\/\/bepvuson.vn\/Data\/upload\/images\/lo%CC%80%20n%C6%B0%C6%A1%CC%81ng\/MCSA00893236_527722_5_CMG633BS1_def(4).jpg\" alt=\"lo-nuong-bosch-zelmer-zeo32f5151-02\" \/><\/p>\n<ul>\n<li><em>Lo\u0300 n\u01b0\u01a1\u0301ng Bosch\u00a0c\u00f3 h\u1ec7 th\u1ed1ng \u0111i\u1ec1u khi\u1ec3n nhi\u1ec7t \u0111\u1ed9 \u0111i\u1ec7n t\u1eed gi\u00fap ki\u1ec3m so\u00e1t ho\u00e0n h\u1ea3o qu\u00e1 tr\u00ecnh n\u1ea5u \u0103n. C\u00f4ng th\u1ee9c\u00a0l\u00e0 : ki\u1ec3m so\u00e1t nhi\u1ec7t \u0111\u1ed9 ch\u00ednh x\u00e1c, \u0111i\u1ec1u khi\u1ec3n s\u1ef1 l\u01b0u th\u00f4ng c\u00e1c lu\u1ed3ng kh\u00f4ng kh\u00ed b\u00ean trong khoang l\u00f2, \u0111i\u1ec1u n\u00e0y gi\u00fap cho th\u1ee9c \u0103n gi\u1eef \u0111\u01b0\u1ee3c \u0111\u1ed9 m\u1ec1m c\u1ea7n thi\u1ebft, ph\u00e2n ph\u1ed1i nhi\u1ec7t ho\u00e0n h\u1ea3o gi\u00fap th\u1ee9c \u0103n ch\u00edn \u0111\u1ec1u.<\/em><\/li>\n<li><em>Ch\u01b0\u01a1ng tri\u0300nh la\u0300m sa\u0323ch c\u0103\u0323n n\u01b0\u01a1\u0301c cu\u0309a lo\u0300 n\u01b0\u01a1\u0301ng Bosch se\u0303 giu\u0301p c\u00f4ng ta\u0301c v\u00ea\u0323 sinh d\u00ea\u0303 da\u0300ng h\u01a1n, n\u01b0\u1edbc \u0111\u01b0\u1ee3c \u0111un s\u00f4i v\u00e0 h\u00f3a h\u01a1i theo th\u1eddi gian s\u1ebd \u0111\u1ec3 l\u1ea1i m\u1ed9t l\u1edbp c\u1eb7n trong \u0111\u01b0\u1eddng \u1ed1ng (nh\u01b0 trong \u1ea5m \u0111un n\u01b0\u1edbc). Khi c\u1ea7n thi\u1ebft, ch\u01b0\u01a1ng tr\u00ecnh s\u1ebd nh\u1eafc nh\u1edf ng\u01b0\u1eddi d\u00f9ng b\u1eadt ch\u1ee9c n\u0103ng t\u1ef1 \u0111\u1ed9ng l\u00e0m s\u1ea1ch c\u1eb7n b\u1ea9n trong \u1ed1ng d\u1eabn.<\/em><\/li>\n<li><em>Ch\u1ee9c n\u0103ng StayWarm gi\u1eef cho nhi\u1ec7t \u0111\u1ed9 th\u1ee9c \u0103n lu\u00f4n kh\u00f4ng \u0111\u1ed5i t\u1ea1i 70\u02daC cho \u0111\u1ebfn khi \u0111\u01b0\u1ee3c mang ra ph\u1ee5c v\u1ee5. Th\u1ee9c \u0103n trong lo\u0300 n\u01b0\u01a1\u0301ng Bosch s\u1ebd v\u1eabn gi\u1eef \u0111\u01b0\u1ee3c \u0111\u1ed9 n\u00f3ng v\u00e0 h\u01b0\u01a1ng v\u1ecb ban \u0111\u1ea7u.<\/em><\/li>\n<\/ul>\n<p>S\u1ea3n ph\u1ea9m c\u00f3 gi\u00e1 c\u1ea3 kh\u00f4ng qu\u00e1 cao, ph\u00f9 h\u1ee3p v\u1edbi nhi\u1ec1u gia \u0111\u00ecnh Vi\u00ea\u0323t. N\u1ebfu gia \u0111\u00ecnh c\u00f3 kh\u00f4ng gian b\u1ebfp r\u1ed9ng v\u00e0 nhu c\u1ea7u n\u1ea5u n\u01b0\u1edbng cao th\u00ec\u00a0<strong>lo\u0300 n\u01b0\u01a1\u0301ng Bosch \u00a0Zelmer ZEO32F5151<\/strong>\u00a0x\u1ee9ng \u0111\u00e1ng l\u00e0 s\u1ef1 l\u1ef1a ch\u1ecdn ho\u00e0n h\u1ea3o<\/p>\n<\/div>\n<\/div>\n","protected":false},"excerpt":{"rendered":"<p>T\u1ed5ng quan chung L\u00f2 n\u01b0\u1edbng Bosch Zelmer ZEO32F5151 Lo\u0300 n\u01b0\u01a1\u0301ng Bosch\u00a0\u00a0Zelmer ZEO32F5151\u00a0v\u01a1\u0301i\u00a0thi\u1ebft k\u1ebf\u00a0ki\u1ec3u d\u00e1ng hi\u1ec7n \u0111\u1ea1i, m\u00e0u s\u1eafc sang tr\u1ecdng &hellip; <a class=\"link-more\" href=\"http:\/\/maudep.com.vn\/chuyengiadienmay\/?product=lo-nuong-bosch-zelmer-zeo32f5151\" class=\"more-link\">\u0110\u1ecdc th\u00eam &raquo;<span class=\"screen-reader-text\"> &#8220;L\u00f2 n\u01b0\u1edbng Bosch Zelmer ZEO32F5151&#8221;<\/span><\/a><\/p>\n","protected":false},"featured_media":2529,"comment_status":"open","ping_status":"closed","template":"","meta":[],"_links":{"self":[{"href":"http:\/\/maudep.com.vn\/chuyengiadienmay\/index.php?rest_route=\/wp\/v2\/product\/2528"}],"collection":[{"href":"http:\/\/maudep.com.vn\/chuyengiadienmay\/index.php?rest_route=\/wp\/v2\/product"}],"about":[{"href":"http:\/\/maudep.com.vn\/chuyengiadienmay\/index.php?rest_route=\/wp\/v2\/types\/product"}],"replies":[{"embeddable":true,"href":"http:\/\/maudep.com.vn\/chuyengiadienmay\/index.php?rest_route=%2Fwp%2Fv2%2Fcomments&post=2528"}],"wp:featuredmedia":[{"embeddable":true,"href":"http:\/\/maudep.com.vn\/chuyengiadienmay\/index.php?rest_route=\/wp\/v2\/media\/2529"}],"wp:attachment":[{"href":"http:\/\/maudep.com.vn\/chuyengiadienmay\/index.php?rest_route=%2Fwp%2Fv2%2Fmedia&parent=2528"}],"curies":[{"name":"wp","href":"https:\/\/api.w.org\/{rel}","templated":true}]}}