{"id":2530,"date":"2019-01-08T10:20:43","date_gmt":"2019-01-08T03:20:43","guid":{"rendered":"http:\/\/maudep.com.vn\/chuyengiadienmay\/?post_type=product&#038;p=2530"},"modified":"2019-01-15T17:37:05","modified_gmt":"2019-01-15T10:37:05","slug":"lo-nuong-bosch-zelmer-zeo32f3151","status":"publish","type":"product","link":"http:\/\/maudep.com.vn\/chuyengiadienmay\/?product=lo-nuong-bosch-zelmer-zeo32f3151","title":{"rendered":"L\u00f2 n\u01b0\u1edbng Bosch Zelmer ZEO32F3151"},"content":{"rendered":"<h3 class=\"title\">T\u1ed5ng quan chung L\u00f2 n\u01b0\u1edbng Bosch Zelmer ZEO32F3151<\/h3>\n<div class=\"article-content\">\n<div class=\"js-content\">\n<h2>L\u00f2 n\u01b0\u1edbng Bosch\u00a0Zelmer ZEO32C3151 \u0111\u01b0\u1ee3c x\u00e2y d\u1ef1ng trong l\u00f2 v\u1edbi c\u00f4ng su\u1ea5t 66 li\u0301t, c\u00f3 \u0111\u1ebfn 6 ch\u01b0\u01a1ng tr\u00ecnh n\u01b0\u1edbng kh\u00e1c nhau. C\u00f3 th\u1ec3 \u0111i\u1ec1u ch\u1ec9nh ph\u1ea1m vi nhi\u1ec7t \u0111\u1ed9 t\u1eeb 50 \u00b0 C \u0111\u1ebfn 270 \u00b0 C. \u0110\u1ec3 thu\u1eadn ti\u1ec7n, tr\u00ean l\u00f2 c\u00f3 m\u1ed9t \u0111\u1ed3ng h\u1ed3 \u0111i\u1ec7n t\u1eed, v\u00e0 n\u1ed9i th\u1ea5t\u00a0 \u0111\u01b0\u1ee3c chi\u1ebfu s\u00e1ng b\u1eb1ng \u0111\u00e8n, khoang l\u00f2 \u0111\u01b0\u1ee3c ph\u1ee7 m\u1ed9t l\u1edbp men gi\u00fap l\u00e0m s\u1ea1ch d\u1ec5 d\u00e0ng.<\/h2>\n<h3><strong>Lo\u0300 n\u01b0\u01a1\u0301ng Bosch ZEO32C3151 &#8211; s\u01b0\u0323 hoa\u0300n ha\u0309o trong t\u00e2\u0300m tay<\/strong><\/h3>\n<p>N\u1ea5u \u0103n l\u00e0 m\u1ed9t qu\u00e1 tr\u00ecnh r\u1ea5t ph\u1ee9c t\u1ea1p v\u1edbi v\u00f4 s\u1ed1 bi\u1ebfn \u0111\u1ed5i trong qu\u00e1 tr\u00ecnh n\u1ea5u, v\u01a1\u0301i\u00a0<strong>l\u00f2 n\u01b0\u1edbng Bosch Zelmer ZEO32C3151<\/strong>\u00a0c\u00e1c m\u00f3n \u0103n kh\u00f4ng ch\u1ec9 ngon mi\u1ec7ng, nhi\u1ec1u dinh d\u01b0\u1ee1ng, m\u00e0 c\u00f2n ph\u1ea3i gi\u1eef \u0111\u01b0\u1ee3c \u0111\u1ea7y \u0111\u1ee7 c\u00e1c lo\u1ea1i vitamin v\u00e0 kho\u00e1ng ch\u1ea5t c\u0169ng nh\u01b0 h\u01b0\u01a1ng th\u01a1m v\u00e0 v\u1ebb ngo\u00e0i ngon m\u1eaft.<\/p>\n<p><img title=\"lo-nuong-bosch-zelmer-zeo32f3151\" src=\"https:\/\/bepvuson.vn\/Data\/upload\/images\/lo%CC%80%20n%C6%B0%C6%A1%CC%81ng\/lo-nuong-am-tu.jpg\" alt=\"lo-nuong-bosch-zelmer-zeo32f3151\" \/><\/p>\n<ul>\n<li><em>L\u00f2 n\u01b0\u1edbng Bosch\u00a0c\u00f3 ch\u1ee9c n\u0103ng h\u1ea5p\u00a0s\u1ebd mang \u0111\u1ebfn cho b\u1ea1n nh\u1eefng m\u00f3n \u0103n b\u1ed5 d\u01b0\u1ee1ng v\u00e0 t\u1ed1t cho s\u1ee9c kh\u1ecfe, t\u1eadp trung v\u00e0o nhu c\u1ea7u th\u1ef1c t\u1ebf c\u1ee7a c\u01a1 th\u1ec3.<\/em><\/li>\n<li><em>Ch\u01b0\u01a1ng tr\u00ecnh kh\u00f3a t\u00ednh n\u0103ng th\u00f4ng minh cu\u0309a lo\u0300 n\u01b0\u01a1\u0301ng\u00a0\u0111a\u0323t n\u0103ng l\u01b0\u1ee3ng hi\u1ec7u qu\u1ea3 l\u1edbp A. \u0110\u1eb7c bi\u1ec7t n\u00fat \u0111\u01b0\u1ee3c thi\u1ebft k\u1ebf POP-UP g\u1ecdn g\u00e0ng ti\u1ec7n l\u1ee3i.<\/em><\/li>\n<li><em>Qu\u00e1 tr\u00ecnh r\u00e3 \u0111\u00f4ng \u0111\u1eb7c bi\u1ec7t nh\u1eb9 nh\u00e0ng, kh\u00f4ng l\u00e0m \u1ea3nh h\u01b0\u1edfng \u0111\u1ebfu c\u1ea5u tr\u00fac c\u1ee7a th\u1ef1c ph\u1ea9m. V\u00ec v\u1eady, h\u00e2m n\u00f3ng th\u1ee9c \u0103n v\u00e0 r\u00e3 \u0111\u00f4ng th\u1ef1c ph\u1ea9m trong l\u00f2 n\u01b0\u1edbng Bosch\u00a0r\u1ea5t t\u1ed1t cho s\u1ee9c kh\u1ecfe, ti\u00ea\u0301t ki\u00ea\u0323m t\u00f4\u0301i \u0111a th\u01a1\u0300i gian.<\/em><\/li>\n<li><em>M\u1ed9t h\u1ec7 th\u1ed1ng l\u00e0m m\u00e1t hi\u1ec7u qu\u1ea3 cao \u0111\u01b0\u1ee3c thi\u1ebft k\u1ebf trong lo\u0300 n\u01b0\u01a1\u0301ng Bosch\u00a0gi\u1eef cho nhi\u1ec7t \u0111\u1ed9 c\u1ee7a v\u00e1ch l\u00f2 gi\u1ea3m xu\u1ed1ng trong su\u1ed1t qu\u00e1 tr\u00ecnh n\u01b0\u1edbng (DC) c\u0169ng nh\u01b0 sau \u0111\u00f3 (DC+) \u0111\u1ec3 \u0111\u1ea3m b\u1ea3o cho m\u1eb7t ngo\u00e0i c\u1ee7a v\u00e1ch l\u00f2 lu\u00f4n m\u00e1t h\u01a1n \u0111\u00e1ng k\u1ec3. M\u1ed9t qu\u1ea1t s\u1ebd tr\u1ed9n l\u1eabn kh\u00ed m\u00e1t xung quanh v\u1edbi kh\u00ed n\u00f3ng trong l\u00f2, bu\u1ed9c h\u1ed7n h\u1ee3p kh\u00ed \u0111\u00e3 \u0111\u01b0\u1ee3c l\u00e0m m\u00e1t n\u00e0y l\u01b0u th\u00f4ng tu\u1ea7n ho\u00e0n ngay b\u00ean d\u01b0\u1edbi l\u1edbp v\u1ecf ngo\u00e0i c\u1ee7a thi\u1ebft b\u1ecb.<\/em><\/li>\n<li><em>Khay n\u01b0\u1edbng v\u00e0 khoang l\u00f2 n\u01b0\u01a1\u0301ng Bosch\u00a0\u0111\u01b0\u1ee3c tr\u00e1ng men ECO. B\u1ec1 m\u1eb7t c\u1eeda l\u00f2 tr\u01a1n nh\u1eb5n, ch\u1ec9 c\u1ea7n \u0111\u1ed5 1\/2 l\u00edt n\u01b0\u1edbc v\u00e0o khay l\u00e0m b\u00e1nh, \u0111\u1eb7t v\u00e0o trong khoang l\u00f2 v\u00e0 30 ph\u00fat sau k\u1ebft qu\u1ea3 s\u1ebd hi\u1ec7n r\u00f5 tr\u00ean to\u00e0n b\u1ed9 v\u00e1ch l\u00f2 v\u00e0 khay n\u01b0\u1edbng. C\u00e1c v\u1ebft b\u1ea9n v\u00e0 d\u1ea7u m\u1ee1 \u0111\u00e3 \u0111\u01b0\u1ee3c l\u00e0m m\u1ec1m v\u00e0 c\u00f3 th\u1ec3 lau \u0111i th\u1eadt d\u1ec5 d\u00e0ng.<\/em><\/li>\n<\/ul>\n<p><img title=\"lo-nuong-bosch-zelmer-zeo32f315-01\" src=\"https:\/\/bepvuson.vn\/Data\/upload\/images\/lo%CC%80%20n%C6%B0%C6%A1%CC%81ng\/b49746dc94fd986989ab4c0761a3490b.jpg\" alt=\"lo-nuong-bosch-zelmer-zeo32f3151-01\" \/><\/p>\n<p><strong>Th\u00f4ng tin s\u1ea3n ph\u1ea9m lo\u0300 n\u01b0\u01a1\u0301ng\u00a0Zelmer ZEO32F3151<\/strong><\/p>\n<ul>\n<li><em>L\u00f2 n\u01b0\u1edbng Bosch\u00a0\u0111a n\u0103ng<\/em><\/li>\n<li><em>C\u00f3 6 ch\u1ee9c n\u0103ng n\u01b0\u1edbng<\/em><\/li>\n<li><em>Ch\u1ea5t li\u1ec7u th\u00e9p kh\u00f4ng g\u1ec9<\/em><\/li>\n<li><em>Dung t\u00edch 66 l\u00edt<\/em><\/li>\n<li><em>Ma\u0300n hi\u0300nh lo\u0300 n\u01b0\u01a1ng\u00a0hi\u00ea\u0309n\u00a0th\u1ecb LCD ro\u0303 ra\u0300ng<\/em><\/li>\n<li><em>\u0110i\u1ec1u khi\u1ec3n n\u00fam xoay<\/em><\/li>\n<li><em>Nhi\u1ec7t \u0111\u1ed9 l\u1edbn nh\u1ea5t 270 \u0111\u1ed9<\/em><\/li>\n<li><em>K\u00edch th\u01b0\u1edbc (C\/R\/S): 575-597 x 560 x 550 mm<\/em><\/li>\n<\/ul>\n<p><em>\u200b<img title=\"lo-nuong-bosch-zelmer-zeo32f3151-02\" src=\"https:\/\/bepvuson.vn\/Data\/upload\/images\/lo%CC%80%20n%C6%B0%C6%A1%CC%81ng\/1538399414041_9395663(1).png\" alt=\"lo-nuong-bosch-zelmer-zeo32f3151-02\" \/><\/em><\/p>\n<p>S\u1ea3n ph\u1ea9m c\u00f3 gi\u00e1 c\u1ea3 kh\u00f4ng qu\u00e1 cao, ph\u00f9 h\u1ee3p v\u1edbi nhi\u1ec1u gia \u0111\u00ecnh Vi\u00ea\u0323t. N\u1ebfu gia \u0111\u00ecnh c\u00f3 kh\u00f4ng gian b\u1ebfp r\u1ed9ng v\u00e0 nhu c\u1ea7u n\u1ea5u n\u01b0\u1edbng cao th\u00ec\u00a0<strong>l\u00f2 n\u01b0\u1edbng Bosch Zelmer ZEO32F3151<\/strong>\u00a0x\u1ee9ng \u0111\u00e1ng l\u00e0 s\u1ef1 l\u1ef1a ch\u1ecdn ho\u00e0n h\u1ea3o.<\/p>\n<\/div>\n<\/div>\n","protected":false},"excerpt":{"rendered":"<p>T\u1ed5ng quan chung L\u00f2 n\u01b0\u1edbng Bosch Zelmer ZEO32F3151 L\u00f2 n\u01b0\u1edbng Bosch\u00a0Zelmer ZEO32C3151 \u0111\u01b0\u1ee3c x\u00e2y d\u1ef1ng trong l\u00f2 v\u1edbi c\u00f4ng su\u1ea5t &hellip; <a class=\"link-more\" href=\"http:\/\/maudep.com.vn\/chuyengiadienmay\/?product=lo-nuong-bosch-zelmer-zeo32f3151\" class=\"more-link\">\u0110\u1ecdc th\u00eam &raquo;<span class=\"screen-reader-text\"> &#8220;L\u00f2 n\u01b0\u1edbng Bosch Zelmer ZEO32F3151&#8221;<\/span><\/a><\/p>\n","protected":false},"featured_media":2531,"comment_status":"open","ping_status":"closed","template":"","meta":[],"_links":{"self":[{"href":"http:\/\/maudep.com.vn\/chuyengiadienmay\/index.php?rest_route=\/wp\/v2\/product\/2530"}],"collection":[{"href":"http:\/\/maudep.com.vn\/chuyengiadienmay\/index.php?rest_route=\/wp\/v2\/product"}],"about":[{"href":"http:\/\/maudep.com.vn\/chuyengiadienmay\/index.php?rest_route=\/wp\/v2\/types\/product"}],"replies":[{"embeddable":true,"href":"http:\/\/maudep.com.vn\/chuyengiadienmay\/index.php?rest_route=%2Fwp%2Fv2%2Fcomments&post=2530"}],"wp:featuredmedia":[{"embeddable":true,"href":"http:\/\/maudep.com.vn\/chuyengiadienmay\/index.php?rest_route=\/wp\/v2\/media\/2531"}],"wp:attachment":[{"href":"http:\/\/maudep.com.vn\/chuyengiadienmay\/index.php?rest_route=%2Fwp%2Fv2%2Fmedia&parent=2530"}],"curies":[{"name":"wp","href":"https:\/\/api.w.org\/{rel}","templated":true}]}}